{"id":375308,"date":"2024-11-20T22:24:23","date_gmt":"2024-11-20T21:24:23","guid":{"rendered":"https:\/\/www.moskito.cz\/?post_type=product&#038;p=375308"},"modified":"2025-05-07T11:26:30","modified_gmt":"2025-05-07T10:26:30","slug":"zaviraci-nuz-fox-knives-a-l-s-r-49-capricorno-fx-alsr-49","status":"publish","type":"product","link":"https:\/\/www.moskito.cz\/it\/produkt\/zaviraci-nuz-fox-knives-a-l-s-r-49-capricorno-fx-alsr-49\/","title":{"rendered":"Zav\u00edrac\u00ed N\u016f\u017e Fox Knives A.L.S.R. &#8220;49\u00b0 CAPRICORNO&#8221; FX-ALSR-49"},"content":{"rendered":"<p>Zav\u00edrac\u00ed N\u016f\u017e <strong>Fox Knives<\/strong> A.L.S.R. &#8220;49\u00b0 CAPRICORNO&#8221; FX-ALSR-49.<\/p>\n<p>Fox Knives ALSR &#8220;49\u00b0 Capricorno&#8221; FX-ALSR-49 je vysoce v\u00fdkonn\u00fd zav\u00edrac\u00ed n\u016f\u017e navr\u017een\u00fd italskou zna\u010dkou Fox Knives. Tento model, zn\u00e1m\u00fd sv\u00fdm inovativn\u00edm designem a pr\u00e9miovou kvalitou, je sou\u010d\u00e1st\u00ed \u0159ady ALSR (Active Locking System for Reinforcement). Zde je rozpis jeho funkc\u00ed:<\/p>\n<p>Kl\u00ed\u010dov\u00e9 vlastnosti:<br \/>\nMateri\u00e1l \u010depele : \u010cepel je \u010dasto vyrobena z vysoce kvalitn\u00ed oceli, typicky B\u00f6hler N690 nebo M390 . Tyto oceli jsou zn\u00e1m\u00e9 pro svou vynikaj\u00edc\u00ed retenci ost\u0159\u00ed, odolnost proti korozi a trvanlivost.<\/p>\n<p>Styl \u010depele : Tvar \u010depele je navr\u017een pro optim\u00e1ln\u00ed \u0159ezn\u00fd v\u00fdkon, pravd\u011bpodobn\u011b bod spadnut\u00ed nebo upraven\u00fd bod uchycen\u00ed, kter\u00fd poskytuje v\u0161estrannost pro r\u016fzn\u00e9 \u00fakoly \u0159ez\u00e1n\u00ed.<\/p>\n<p>Materi\u00e1l rukojeti : Rukoje\u0165 no\u017e\u016f Fox Knives ALSR &#8220;49\u00b0 Capricorno&#8221; je obvykle vyrobena z G-10 nebo titanu a nab\u00edz\u00ed robustn\u00ed a pohodln\u00fd \u00fachop s p\u0159idan\u00fdmi texturami nebo vzory pro lep\u0161\u00ed manipulaci.<\/p>\n<p>Uzamykac\u00ed mechanismus : Syst\u00e9m ALSR je inovativn\u00ed uzamykac\u00ed mechanismus, kter\u00fd zvy\u0161uje bezpe\u010dnost a spolehlivost no\u017ee. Zaji\u0161\u0165uje, \u017ee \u010depel z\u016fstane bezpe\u010dn\u011b na sv\u00e9m m\u00edst\u011b, kdy\u017e je otev\u0159en\u00e1, a to i p\u0159i intenzivn\u00edm pou\u017e\u00edv\u00e1n\u00ed.<\/p>\n<p>Design a estetika : &#8220;49\u00b0 Capricorno&#8221; m\u00e1 pravd\u011bpodobn\u011b elegantn\u00ed, modern\u00ed design s prvky odr\u00e1\u017eej\u00edc\u00edmi funk\u010dn\u00ed a taktick\u00e9 schopnosti no\u017ee. N\u00e1zev &#8220;Capricorno&#8221; (italsky Kozoroh) nazna\u010duje siln\u00fd, p\u0159esn\u00fd a odoln\u00fd design.<\/p>\n<p>Velikost a hmotnost : Jako kompaktn\u00ed zav\u00edrac\u00ed n\u016f\u017e vyva\u017euje p\u0159enosnost a \u0159eznou s\u00edlu. Je ide\u00e1ln\u00ed pro ka\u017edodenn\u00ed no\u0161en\u00ed (EDC), taktick\u00e9 nebo venkovn\u00ed pou\u017eit\u00ed.<\/p>\n<p>\u00da\u010del:<br \/>\nFox Knives ALSR &#8220;49\u00b0 Capricorno&#8221; je v\u0161estrann\u00fd a vysoce kvalitn\u00ed zav\u00edrac\u00ed n\u016f\u017e, vhodn\u00fd pro \u0161irokou \u0161k\u00e1lu aktivit, jako je kempov\u00e1n\u00ed, taktick\u00e9 pou\u017eit\u00ed a v\u0161eobecn\u00e1 u\u017eitkovost. Jeho odoln\u00fd design a bezpe\u010dnostn\u00ed prvky z n\u011bj d\u011blaj\u00ed vynikaj\u00edc\u00ed n\u00e1stroj pro ty, kte\u0159\u00ed hledaj\u00ed spolehliv\u00fd EDC n\u016f\u017e.<\/p>\n<p>Dejte mi v\u011bd\u011bt, pokud byste cht\u011bli podrobn\u011bj\u0161\u00ed specifikace nebo informace o tom, jak jej z\u00edskat!<\/p>\n<p>Tento popis se zd\u00e1 b\u00fdt pro vysoce kvalitn\u00ed zav\u00edrac\u00ed n\u016f\u017e s n\u00e1sleduj\u00edc\u00edmi specifikacemi:<\/p>\n<p>Materi\u00e1l \u010depele : ocel N690Co, zn\u00e1m\u00e1 svou odolnost\u00ed proti korozi a vynikaj\u00edc\u00edm zachov\u00e1n\u00edm ost\u0159\u00ed. Tvrdost se pohybuje mezi 58-60 HRC , co\u017e ukazuje na dobrou odolnost a ostrost.<br \/>\nPotah \u010depele : Black Idroglider , co\u017e nazna\u010duje vodoodpudiv\u00fd povlak, kter\u00fd pravd\u011bpodobn\u011b pom\u00e1h\u00e1 sn\u00ed\u017eit t\u0159en\u00ed a zvy\u0161uje v\u00fdkon.<br \/>\nRukoje\u0165 : \u010cern\u00e1 FRN\u00ae (Nylon vyztu\u017een\u00fd sklen\u011bn\u00fdmi vl\u00e1kny) , nab\u00edz\u00ed pevn\u00fd, ale lehk\u00fd materi\u00e1l pro \u00fachop.<br \/>\nSpona : Spona je vyrobena z nerezov\u00e9 oceli AISI 420 , pota\u017een\u00e1 stejnou povrchovou \u00fapravou Black Idroglider , d\u00edky \u010demu\u017e je odoln\u00e1 v\u016f\u010di korozi a opot\u0159eben\u00ed.<br \/>\nOboustrann\u00e1 spona : Ano, n\u016f\u017e je vybaven oboustrannou sponou , kter\u00e1 umo\u017e\u0148uje jeho pou\u017eit\u00ed lev\u00e1ky i prav\u00e1ky.<br \/>\n\u0160rouby : Poniklovan\u00e9 \u0161rouby z nerezov\u00e9 oceli, kter\u00e9 jsou trvanliv\u00e9 a odoln\u00e9 proti korozi.<br \/>\nUzamykac\u00ed mechanismus : N\u016f\u017e pou\u017e\u00edv\u00e1 r\u00e1mov\u00fd z\u00e1mek nebo vlo\u017ekov\u00fd z\u00e1mek , co\u017e je bezpe\u010dn\u00fd uzamykac\u00ed mechanismus, tak\u00e9 v \u010dern\u00e9 barv\u011b Idroglider pro konzistenci.<br \/>\nD\u00e9lka \u010depele : 95 mm\u00a0 , nab\u00edz\u00ed dobrou velikost pro v\u0161eobecn\u00e9 pou\u017eit\u00ed.<br \/>\nCelkov\u00e1 d\u00e9lka : 230 mm , co\u017e z n\u011bj d\u011bl\u00e1 st\u0159edn\u011b velk\u00fd zav\u00edrac\u00ed n\u016f\u017e.<br \/>\nTlou\u0161\u0165ka \u010depele : 3,0 mm\u00a0 , co\u017e ukazuje na p\u0159im\u011b\u0159en\u011b silnou \u010depel.<br \/>\nGlass Breaker : Integrovan\u00fd v no\u017ei, je vyroben z oceli N690Co , u\u017eite\u010dn\u00fd v nouzov\u00fdch situac\u00edch.<br \/>\nHmotnost : 230 g (8,11 oz) , o n\u011bco t\u011b\u017e\u0161\u00ed, ale pravd\u011bpodobn\u011b p\u0159isp\u00edv\u00e1 k robustnosti a odolnosti no\u017ee.<br \/>\nVyrobeno v It\u00e1lii , zaji\u0161\u0165uj\u00edc\u00ed vysok\u00e9 v\u00fdrobn\u00ed standardy.<\/p>\n<p>Tento n\u016f\u017e je dob\u0159e vybaven pro r\u016fzn\u00e9 \u00fakoly, zejm\u00e9na p\u0159i p\u0159e\u017eit\u00ed, venkovn\u00edch nebo taktick\u00fdch sc\u00e9n\u00e1\u0159\u00edch. Vyva\u017euje odolnost, design a u\u017eite\u010dnost s promy\u0161len\u00fdmi funkcemi, jako je oboustrann\u00e1 spona a rozb\u00edje\u010d skla.<\/p>\n<p>&nbsp;<\/p>\n<p>&nbsp;<\/p>\n","protected":false},"excerpt":{"rendered":"<p><strong>Fox Knives ALSR &#8220;49\u00b0 Capricorno&#8221; je v\u0161estrann\u00fd a vysoce kvalitn\u00ed zav\u00edrac\u00ed n\u016f\u017e, vhodn\u00fd pro \u0161irokou \u0161k\u00e1lu aktivit, jako je kempov\u00e1n\u00ed, taktick\u00e9 pou\u017eit\u00ed a v\u0161eobecn\u00e1 u\u017eitkovost. Jeho odoln\u00fd design a bezpe\u010dnostn\u00ed prvky z n\u011bj d\u011blaj\u00ed vynikaj\u00edc\u00ed n\u00e1stroj pro ty, kte\u0159\u00ed hledaj\u00ed spolehliv\u00fd EDC n\u016f\u017e.<\/strong><\/p>\n<p><strong>Doprava zdarma.<\/strong><\/p>\n","protected":false},"featured_media":375309,"comment_status":"open","ping_status":"closed","template":"","meta":[],"pwb-brand":[796],"product_brand":[],"product_cat":[22,17],"product_tag":[],"class_list":{"0":"post-375308","1":"product","2":"type-product","3":"status-publish","4":"has-post-thumbnail","6":"pwb-brand-fox-knives","7":"product_cat-zaviraci-noze","8":"product_cat-noze","10":"first","11":"instock","12":"taxable","13":"shipping-taxable","14":"purchasable","15":"product-type-simple"},"brands":[{"id":796,"name":"Fox Knives","slug":"fox-knives"}],"_links":{"self":[{"href":"https:\/\/www.moskito.cz\/it\/wp-json\/wp\/v2\/product\/375308","targetHints":{"allow":["GET"]}}],"collection":[{"href":"https:\/\/www.moskito.cz\/it\/wp-json\/wp\/v2\/product"}],"about":[{"href":"https:\/\/www.moskito.cz\/it\/wp-json\/wp\/v2\/types\/product"}],"replies":[{"embeddable":true,"href":"https:\/\/www.moskito.cz\/it\/wp-json\/wp\/v2\/comments?post=375308"}],"wp:featuredmedia":[{"embeddable":true,"href":"https:\/\/www.moskito.cz\/it\/wp-json\/wp\/v2\/media\/375309"}],"wp:attachment":[{"href":"https:\/\/www.moskito.cz\/it\/wp-json\/wp\/v2\/media?parent=375308"}],"wp:term":[{"taxonomy":"pwb-brand","embeddable":true,"href":"https:\/\/www.moskito.cz\/it\/wp-json\/wp\/v2\/pwb-brand?post=375308"},{"taxonomy":"product_brand","embeddable":true,"href":"https:\/\/www.moskito.cz\/it\/wp-json\/wp\/v2\/product_brand?post=375308"},{"taxonomy":"product_cat","embeddable":true,"href":"https:\/\/www.moskito.cz\/it\/wp-json\/wp\/v2\/product_cat?post=375308"},{"taxonomy":"product_tag","embeddable":true,"href":"https:\/\/www.moskito.cz\/it\/wp-json\/wp\/v2\/product_tag?post=375308"}],"curies":[{"name":"wp","href":"https:\/\/api.w.org\/{rel}","templated":true}]}}