{"id":376764,"date":"2024-11-22T15:01:15","date_gmt":"2024-11-22T14:01:15","guid":{"rendered":"https:\/\/www.moskito.cz\/?post_type=product&#038;p=376764"},"modified":"2025-11-19T09:39:38","modified_gmt":"2025-11-19T08:39:38","slug":"benchmade-bluelube-lubricant","status":"publish","type":"product","link":"https:\/\/www.moskito.cz\/it\/produkt\/benchmade-bluelube-lubricant\/","title":{"rendered":"Benchmade BlueLube Lubricant"},"content":{"rendered":"<p><strong>Benchmade<\/strong> BlueLube Lubricant.<\/p>\n<p>Benchmade BlueLube\u00ae Lubricant je mazivo od renomovan\u00e9 zna\u010dky Benchmade, kter\u00e1 se specializuje na v\u00fdrobu no\u017e\u016f a p\u0159\u00edslu\u0161enstv\u00ed. Tento produkt je navr\u017een speci\u00e1ln\u011b pro \u00fadr\u017ebu a maz\u00e1n\u00ed no\u017e\u016f, p\u0159i\u010dem\u017e zlep\u0161uje jejich v\u00fdkon a \u017eivotnost.Benchmade Bluelube Cleaner je skv\u011bl\u00fdm dopl\u0148kem pro \u00fadr\u017ebu kapesn\u00edch no\u017e\u016f a jin\u00fdch n\u00e1stroj\u016f. S objemem 35 ml nab\u00edz\u00ed dostate\u010dn\u00e9 mno\u017estv\u00ed na dlouhodob\u00e9 pou\u017eit\u00ed.<\/p>\n<p>Kl\u00ed\u010dov\u00e9 vlastnosti BlueLube\u00ae Lubricantu:<\/p>\n<p>Hladk\u00fd chod: Zaji\u0161\u0165uje plynul\u00fd a tich\u00fd pohyb \u010depel\u00ed u zav\u00edrac\u00edch no\u017e\u016f.<br \/>\nOchrana proti korozi: Poskytuje ochranu proti vlhkosti a korozi, co\u017e je d\u016fle\u017eit\u00e9 p\u0159i pou\u017e\u00edv\u00e1n\u00ed no\u017ee v n\u00e1ro\u010dn\u00fdch podm\u00ednk\u00e1ch.<br \/>\nDlouh\u00e1 \u017eivotnost: M\u00e1 dlouhotrvaj\u00edc\u00ed efekt, tak\u017ee nen\u00ed t\u0159eba mazivo aplikovat \u010dasto.<br \/>\nSnadn\u00e9 pou\u017eit\u00ed: Je ve form\u011b kapaliny nebo gelu, co\u017e usnad\u0148uje aplikaci na kl\u00ed\u010dov\u00e9 \u010d\u00e1sti no\u017ee, jako jsou klouby a mechanismy.<\/p>\n<p>Mazivo BlueLube je ide\u00e1ln\u00ed pro v\u0161echny typy no\u017e\u016f, nejen od zna\u010dky Benchmade, a je doporu\u010deno pro ka\u017edodenn\u00ed no\u0161en\u00ed (EDC) i pro outdoorov\u00e9 aktivity. Aplikace je jednoduch\u00e1: sta\u010d\u00ed mal\u00e9 mno\u017estv\u00ed nan\u00e9st na pohybliv\u00e9 \u010d\u00e1sti no\u017ee, aby byl zaji\u0161t\u011bn optim\u00e1ln\u00ed v\u00fdkon.<\/p>\n<p>Pokud hled\u00e1te produkt, kter\u00fd ochr\u00e1n\u00ed v\u00e1\u0161 n\u016f\u017e a udr\u017e\u00ed ho v perfektn\u00edm stavu, BlueLube\u00ae je skv\u011blou volbou.<\/p>\n<p>&nbsp;<\/p>\n<p>&nbsp;<\/p>\n","protected":false},"excerpt":{"rendered":"<p><strong>Benchmade BlueLube\u00ae Lubricant je mazivo od renomovan\u00e9 zna\u010dky Benchmade, kter\u00e1 se specializuje na v\u00fdrobu no\u017e\u016f a p\u0159\u00edslu\u0161enstv\u00ed. Tento produkt je navr\u017een speci\u00e1ln\u011b pro \u00fadr\u017ebu a maz\u00e1n\u00ed no\u017e\u016f, p\u0159i\u010dem\u017e zlep\u0161uje jejich v\u00fdkon a \u017eivotnost.<\/strong><\/p>\n","protected":false},"featured_media":376765,"comment_status":"open","ping_status":"closed","template":"","meta":[],"pwb-brand":[3960],"product_brand":[],"product_cat":[22,2030,17,23,2019],"product_tag":[],"class_list":{"0":"post-376764","1":"product","2":"type-product","3":"status-publish","4":"has-post-thumbnail","6":"pwb-brand-benchmade","7":"product_cat-zaviraci-noze","8":"product_cat-motylky","9":"product_cat-noze","10":"product_cat-pevne-noze","11":"product_cat-vystrelovaci-noze","13":"first","14":"outofstock","15":"taxable","16":"shipping-taxable","17":"purchasable","18":"product-type-simple"},"brands":[{"id":3960,"name":"Benchmade","slug":"benchmade"}],"_links":{"self":[{"href":"https:\/\/www.moskito.cz\/it\/wp-json\/wp\/v2\/product\/376764","targetHints":{"allow":["GET"]}}],"collection":[{"href":"https:\/\/www.moskito.cz\/it\/wp-json\/wp\/v2\/product"}],"about":[{"href":"https:\/\/www.moskito.cz\/it\/wp-json\/wp\/v2\/types\/product"}],"replies":[{"embeddable":true,"href":"https:\/\/www.moskito.cz\/it\/wp-json\/wp\/v2\/comments?post=376764"}],"wp:featuredmedia":[{"embeddable":true,"href":"https:\/\/www.moskito.cz\/it\/wp-json\/wp\/v2\/media\/376765"}],"wp:attachment":[{"href":"https:\/\/www.moskito.cz\/it\/wp-json\/wp\/v2\/media?parent=376764"}],"wp:term":[{"taxonomy":"pwb-brand","embeddable":true,"href":"https:\/\/www.moskito.cz\/it\/wp-json\/wp\/v2\/pwb-brand?post=376764"},{"taxonomy":"product_brand","embeddable":true,"href":"https:\/\/www.moskito.cz\/it\/wp-json\/wp\/v2\/product_brand?post=376764"},{"taxonomy":"product_cat","embeddable":true,"href":"https:\/\/www.moskito.cz\/it\/wp-json\/wp\/v2\/product_cat?post=376764"},{"taxonomy":"product_tag","embeddable":true,"href":"https:\/\/www.moskito.cz\/it\/wp-json\/wp\/v2\/product_tag?post=376764"}],"curies":[{"name":"wp","href":"https:\/\/api.w.org\/{rel}","templated":true}]}}