{"id":377891,"date":"2024-11-25T21:08:14","date_gmt":"2024-11-25T20:08:14","guid":{"rendered":"https:\/\/www.moskito.cz\/?post_type=product&#038;p=377891"},"modified":"2025-12-06T06:45:35","modified_gmt":"2025-12-06T05:45:35","slug":"zaviraci-nuz-fox-knives-artax-fe-027-mod","status":"publish","type":"product","link":"https:\/\/www.moskito.cz\/it\/produkt\/zaviraci-nuz-fox-knives-artax-fe-027-mod\/","title":{"rendered":"Zav\u00edrac\u00ed N\u016f\u017e Fox Knives ARTAX FE-027 MOD"},"content":{"rendered":"<p>Zav\u00edrac\u00ed N\u016f\u017e Fox Knives ARTAX FE-027 MOD.<\/p>\n<p>N\u016f\u017e od Denise Simonuttiho z \u0159ady Fox Edge je dokonalou sm\u011bs\u00ed prakti\u010dnosti, stylu a cenov\u00e9 dostupnosti, vytvo\u0159en\u00fd se spolehlivost\u00ed, kterou Coltellerie FOX poskytuje od roku 1977. Zde je bli\u017e\u0161\u00ed pohled na tento elegantn\u00ed a v\u0161estrann\u00fd n\u00e1stroj:<\/p>\n<p>Specifikace:<br \/>\n\u010cepel:<br \/>\nMateri\u00e1l: UNI 8Cr13MoV, spolehliv\u00e1 nerezov\u00e1 ocel nab\u00edzej\u00edc\u00ed dobr\u00e9 dr\u017een\u00ed ost\u0159\u00ed, odolnost proti korozi a snadn\u00e9 ost\u0159en\u00ed.<br \/>\nTvrdost: HRC 57-59, dosa\u017een\u00ed rovnov\u00e1hy mezi hou\u017eevnatost\u00ed a ostrost\u00ed.<br \/>\nPovrchov\u00e1 \u00faprava: Satinato (sat\u00e9nov\u00fd povrch), poskytuj\u00edc\u00ed \u010dist\u00fd, le\u0161t\u011bn\u00fd vzhled, kter\u00fd dopl\u0148uje celkovou estetiku no\u017ee.<br \/>\nD\u00e9lka: 87 mm (3,43&#8243;), vhodn\u00e1 pro r\u016fzn\u00e9 ka\u017edodenn\u00ed \u00fakoly.<br \/>\nTlou\u0161\u0165ka: 3,0 mm (0,12&#8243;), poskytuje odolnost bez kompromis\u016f v p\u0159esnosti.<br \/>\nRukoje\u0165 a hardware:<br \/>\nMateri\u00e1l rukojeti: OD zelen\u00e9 pl\u00e1tno Micarta, zaji\u0161\u0165uj\u00edc\u00ed bezpe\u010dn\u00e9 uchopen\u00ed s odoln\u00fdm, texturovan\u00fdm povrchem, kter\u00fd se \u010dasem zlep\u0161uje.<br \/>\nKlip: Otryskan\u00e1 nerezov\u00e1 ocel AISI 420, kter\u00e1 nab\u00edz\u00ed odolnost proti korozi a modern\u00ed matn\u00fd vzhled.<br \/>\nDistan\u010dn\u00ed vlo\u017eka: Oran\u017eov\u00e1 G10, p\u0159id\u00e1v\u00e1 zv\u00fdrazn\u011bn\u00ed barvy pro vizu\u00e1ln\u00ed p\u0159ita\u017elivost a struktur\u00e1ln\u00ed integritu.<br \/>\n\u0160rouby: Otryskan\u00e1 nerezov\u00e1 ocel, zaji\u0161\u0165uj\u00edc\u00ed odolnost a soudr\u017en\u00fd design.<br \/>\nRozm\u011bry a hmotnost:<br \/>\nCelkov\u00e1 d\u00e9lka: 175 mm (6,89&#8243;), kompaktn\u00ed pro ka\u017edodenn\u00ed no\u0161en\u00ed a p\u0159itom z\u016fst\u00e1v\u00e1 funk\u010dn\u00ed pro \u0159adu \u00fakol\u016f.<br \/>\nHmotnost: 96 gram\u016f (3,39 oz), lehk\u00e1 a snadno se p\u0159en\u00e1\u0161\u00ed, ani\u017e by byla ob\u011btov\u00e1na robustnost.<br \/>\nFilozofie designu:<br \/>\n\u0158ada Fox Edge zt\u011bles\u0148uje v\u0161estrannost, prakti\u010dnost a dostupnost. Jeho atraktivn\u00ed design, lehk\u00e1 konstrukce a odoln\u00e9 materi\u00e1ly d\u011blaj\u00ed z tohoto no\u017ee vynikaj\u00edc\u00ed volbu EDC (Everyday Carry) , vhodnou pro \u0161irokou \u0161k\u00e1lu ka\u017edodenn\u00edch \u00fakol\u016f. Promy\u0161len\u00e1 kombinace pl\u00e1tna Micarta a oran\u017eov\u00e9 G10 nejen zvy\u0161uje jeho estetiku, ale tak\u00e9 zaji\u0161\u0165uje ergonomickou manipulaci a odolnost.<\/p>\n<p>\u0158ada Fox Edge nese punc kvality a odbornosti od Coltellerie FOX , p\u0159edn\u00edho jm\u00e9na ve v\u00fdrob\u011b no\u017e\u016f od roku 1977. Tento n\u016f\u017e odr\u00e1\u017e\u00ed jejich z\u00e1vazek vytv\u00e1\u0159et spolehliv\u00e9, stylov\u00e9 a u\u017eivatelsky p\u0159\u00edv\u011btiv\u00e9 n\u00e1stroje za cenu, kter\u00e1 zp\u0159\u00edstup\u0148uje prvot\u0159\u00eddn\u00ed \u0159emeslo ka\u017ed\u00fd.<\/p>\n<p>&nbsp;<\/p>\n<p>&nbsp;<\/p>\n","protected":false},"excerpt":{"rendered":"<p><strong>\u0158ada Fox Edge zt\u011bles\u0148uje v\u0161estrannost, prakti\u010dnost a dostupnost. Jeho atraktivn\u00ed design, lehk\u00e1 konstrukce a odoln\u00e9 materi\u00e1ly d\u011blaj\u00ed z tohoto no\u017ee vynikaj\u00edc\u00ed volbu EDC (Everyday Carry) , vhodnou pro \u0161irokou \u0161k\u00e1lu ka\u017edodenn\u00edch \u00fakol\u016f.<\/strong><\/p>\n","protected":false},"featured_media":377892,"comment_status":"open","ping_status":"closed","template":"","meta":[],"pwb-brand":[796],"product_brand":[],"product_cat":[22,17],"product_tag":[],"class_list":{"0":"post-377891","1":"product","2":"type-product","3":"status-publish","4":"has-post-thumbnail","6":"pwb-brand-fox-knives","7":"product_cat-zaviraci-noze","8":"product_cat-noze","10":"first","11":"outofstock","12":"taxable","13":"shipping-taxable","14":"purchasable","15":"product-type-simple"},"brands":[{"id":796,"name":"Fox Knives","slug":"fox-knives"}],"_links":{"self":[{"href":"https:\/\/www.moskito.cz\/it\/wp-json\/wp\/v2\/product\/377891","targetHints":{"allow":["GET"]}}],"collection":[{"href":"https:\/\/www.moskito.cz\/it\/wp-json\/wp\/v2\/product"}],"about":[{"href":"https:\/\/www.moskito.cz\/it\/wp-json\/wp\/v2\/types\/product"}],"replies":[{"embeddable":true,"href":"https:\/\/www.moskito.cz\/it\/wp-json\/wp\/v2\/comments?post=377891"}],"wp:featuredmedia":[{"embeddable":true,"href":"https:\/\/www.moskito.cz\/it\/wp-json\/wp\/v2\/media\/377892"}],"wp:attachment":[{"href":"https:\/\/www.moskito.cz\/it\/wp-json\/wp\/v2\/media?parent=377891"}],"wp:term":[{"taxonomy":"pwb-brand","embeddable":true,"href":"https:\/\/www.moskito.cz\/it\/wp-json\/wp\/v2\/pwb-brand?post=377891"},{"taxonomy":"product_brand","embeddable":true,"href":"https:\/\/www.moskito.cz\/it\/wp-json\/wp\/v2\/product_brand?post=377891"},{"taxonomy":"product_cat","embeddable":true,"href":"https:\/\/www.moskito.cz\/it\/wp-json\/wp\/v2\/product_cat?post=377891"},{"taxonomy":"product_tag","embeddable":true,"href":"https:\/\/www.moskito.cz\/it\/wp-json\/wp\/v2\/product_tag?post=377891"}],"curies":[{"name":"wp","href":"https:\/\/api.w.org\/{rel}","templated":true}]}}