{"id":377936,"date":"2024-11-25T11:04:27","date_gmt":"2024-11-26T08:31:39","guid":{"rendered":"https:\/\/www.moskito.cz\/produkt\/coltello-chiudibile-spartan-blades-talos-sfbl7bk\/"},"modified":"2025-05-07T11:26:48","modified_gmt":"2025-05-07T10:26:48","slug":"coltello-chiudibile-spartan-blades-talos-sfbl7bk","status":"publish","type":"product","link":"https:\/\/www.moskito.cz\/it\/produkt\/coltello-chiudibile-spartan-blades-talos-sfbl7bk\/","title":{"rendered":"Coltello chiudibile Spartan Blades TALOS SFBL7BK"},"content":{"rendered":"<p>Coltello chiudibile <strong>Spartan Blades<\/strong> TALOS SFBL7BK. Presentiamo la cartella TALOS, un compagno leggero e magistralmente progettato, realizzato con cura in collaborazione con il nostro stimato amico e collaboratore William W. Harsey Jr. Progettata per essere trasportata quotidianamente, questa meraviglia sottile e leggera pu\u00f2 gestire facilmente un&#8217;ampia gamma di attivit\u00e0 grazie al suo design accurato, alla lama CTS-XHP premium e alla profonda clip da tasca.<\/p>\n<p>Propriet\u00e0 chiave:<\/p>\n<p>Design accurato: nonostante le sue dimensioni compatte, la cartella TALOS offre un design che enfatizza la funzionalit\u00e0 per le attivit\u00e0 quotidiane. Dai ruscelli pieni di trote agli spostamenti quotidiani, questo piccolo ma potente compagno \u00e8 in grado di gestire tutto.<br \/>\n Lama CTS-XHP Premium: la piegatrice TALOS \u00e8 dotata di una lama CTS-XHP premium da 3.120 pollici nota per la sua ritenzione del bordo e durata superiori, garantendo una lunga durata del coltello.<br \/>\n Clip per il trasporto con tasca profonda: la clip per il trasporto profonda consente un trasporto discreto e sicuro, permettendoti di portare con sicurezza TALOS ovunque tu vada nella tua avventura.<br \/>\n Sistema di boccole in bronzo a infusione di olio (OIBBS): come parte del nostro impegno per l&#8217;innovazione, tutti i coltelli di grado Bronzo (campo) sono dotati del &#8220;Sistema di boccole in bronzo a infusione di olio&#8221;. I cuscinetti in bronzo sinterizzato impregnati d&#8217;olio riducono l&#8217;attrito della lama, garantendo un&#8217;apertura della lama salda ma fluida. Questo sistema eccelle nei movimenti lenti, nell&#8217;uso intermittente e nei carichi irregolari tipici dei coltelli pieghevoli.   <\/p>\n<p>Specifiche:<\/p>\n<p>Progettisti: William W. Harsey Jr.<br \/>\n Lunghezza lama: 7,93 cm<br \/>\n Spessore lama: 0,30 cm<br \/>\n Lunghezza totale: 17,78 centimetri<br \/>\n Peso: 66 g<br \/>\n Acciaio della lama: Premium CTS-XHP<br \/>\n Durezza della lama: 58-60 HRC<br \/>\n Stile lama: pieghevole, dritta, piatta<br \/>\n Superficie della lama: bicchiere<br \/>\n Telaio: Liner Lock, G-10 nero testurizzato<br \/>\n Artigianato che va oltre l&#8217;ordinario: migliora la tua esperienza quotidiana con il coltello TALOS Fold, una testimonianza dell&#8217;artigianato e della collaborazione tra Spartan Blades e William W. Harsey Jr. Che si tratti di navigare in corsi d&#8217;acqua selvaggi o di superare paesaggi urbani, TALOS \u00e8 il tuo compagno affidabile ed elegante. <\/p>\n<p>&nbsp;<\/p>\n","protected":false},"excerpt":{"rendered":"<p><strong>Presentiamo la cartella TALOS, un compagno leggero e magistralmente progettato, realizzato con cura in collaborazione con il nostro stimato amico e collaboratore William W. Harsey Jr. Progettata per essere trasportata quotidianamente, questa meraviglia sottile e leggera pu\u00f2 gestire facilmente un&#8217;ampia gamma di attivit\u00e0 grazie al suo design accurato, alla lama CTS-XHP premium e alla profonda clip da tasca. <\/strong><\/p>\n","protected":false},"featured_media":377186,"comment_status":"open","ping_status":"closed","template":"","meta":[],"pwb-brand":[3834],"product_brand":[],"product_cat":[3745,3749],"product_tag":[],"class_list":{"0":"post-377936","1":"product","2":"type-product","3":"status-publish","4":"has-post-thumbnail","6":"pwb-brand-lame-spartane","7":"product_cat-coltelli","8":"product_cat-coltelli-di-chiusura","10":"first","11":"instock","12":"taxable","13":"shipping-taxable","14":"purchasable","15":"product-type-simple"},"brands":[{"id":3834,"name":"Lame spartane","slug":"lame-spartane"}],"_links":{"self":[{"href":"https:\/\/www.moskito.cz\/it\/wp-json\/wp\/v2\/product\/377936","targetHints":{"allow":["GET"]}}],"collection":[{"href":"https:\/\/www.moskito.cz\/it\/wp-json\/wp\/v2\/product"}],"about":[{"href":"https:\/\/www.moskito.cz\/it\/wp-json\/wp\/v2\/types\/product"}],"replies":[{"embeddable":true,"href":"https:\/\/www.moskito.cz\/it\/wp-json\/wp\/v2\/comments?post=377936"}],"wp:featuredmedia":[{"embeddable":true,"href":"https:\/\/www.moskito.cz\/it\/wp-json\/wp\/v2\/media\/377186"}],"wp:attachment":[{"href":"https:\/\/www.moskito.cz\/it\/wp-json\/wp\/v2\/media?parent=377936"}],"wp:term":[{"taxonomy":"pwb-brand","embeddable":true,"href":"https:\/\/www.moskito.cz\/it\/wp-json\/wp\/v2\/pwb-brand?post=377936"},{"taxonomy":"product_brand","embeddable":true,"href":"https:\/\/www.moskito.cz\/it\/wp-json\/wp\/v2\/product_brand?post=377936"},{"taxonomy":"product_cat","embeddable":true,"href":"https:\/\/www.moskito.cz\/it\/wp-json\/wp\/v2\/product_cat?post=377936"},{"taxonomy":"product_tag","embeddable":true,"href":"https:\/\/www.moskito.cz\/it\/wp-json\/wp\/v2\/product_tag?post=377936"}],"curies":[{"name":"wp","href":"https:\/\/api.w.org\/{rel}","templated":true}]}}