{"id":378119,"date":"2024-11-26T11:24:38","date_gmt":"2024-11-26T10:24:38","guid":{"rendered":"https:\/\/www.moskito.cz\/?post_type=product&#038;p=378119"},"modified":"2025-05-07T11:26:51","modified_gmt":"2025-05-07T10:26:51","slug":"spartan-helmet-bead","status":"publish","type":"product","link":"https:\/\/www.moskito.cz\/it\/produkt\/spartan-helmet-bead\/","title":{"rendered":"Spartan Helmet Bead"},"content":{"rendered":"<p>Spartan Helmet Bead.<\/p>\n<p>Pewter Spartan Helmet Bead je kompaktn\u00ed a stylov\u00fd dopln\u011bk, kter\u00fd p\u0159id\u00e1 jedine\u010dn\u00fd n\u00e1dech va\u0161emu vybaven\u00ed. Zde jsou jeho hlavn\u00ed vlastnosti:<\/p>\n<p>Materi\u00e1l: Vyrobeno v USA z bezolovnat\u00e9ho c\u00ednu, co\u017e zaji\u0161\u0165uje bezpe\u010dnost a odolnost.<br \/>\nDesign: Zobrazuje ikonickou helmu spart\u00e1nsk\u00e9ho bojovn\u00edka, kter\u00e1 symbolizuje s\u00edlu a bojov\u00e9ho ducha.<br \/>\nVelikost: Velikost kor\u00e1lku je asi 1,27 cm v pr\u016fm\u011bru, co\u017e z n\u011bj \u010din\u00ed mal\u00fd, ale v\u00fdrazn\u00fd dopln\u011bk.<br \/>\nPr\u016fm\u011br otvoru: Lumen (d\u00edra) v kor\u00e1lku m\u00e1 pr\u016fm\u011br 0,51 cm, co\u017e umo\u017e\u0148uje provl\u00e9knut\u00ed dvou pramen\u016f 550 para-kordu nebo jin\u00fdch kabel\u016f a \u0161\u0148\u016fr.<br \/>\nUniverz\u00e1lnost: Ide\u00e1ln\u00ed pro nad\u0161ence do DIY projekt\u016f, tento kor\u00e1lek lze pou\u017e\u00edt na v\u00fdrobu p\u0159\u00edv\u011bsk\u016f, kl\u00ed\u010denek nebo jak\u00e9hokoli jin\u00e9ho projektu, kter\u00fd vy\u017eaduje dekorativn\u00ed prvek.<br \/>\nProd\u00e1v\u00e1no jednotliv\u011b: Nab\u00eddka obsahuje pouze jeden kor\u00e1lek, para-kord nen\u00ed sou\u010d\u00e1st\u00ed balen\u00ed.<\/p>\n<p>Tento kor\u00e1lek je skv\u011bl\u00fd zp\u016fsob, jak p\u0159izp\u016fsobit va\u0161e vybaven\u00ed a ud\u011blat v\u00fdrazn\u00e9 prohl\u00e1\u0161en\u00ed i s t\u011bmi nejmen\u0161\u00edmi detaily. Pokud se v\u011bnujete paracordov\u00fdm \u0159emesl\u016fm nebo hled\u00e1te zp\u016fsob, jak vylep\u0161it sv\u00e9 dopl\u0148ky, Pewter Spartan Helmet Bead je skv\u011blou volbou!<\/p>\n","protected":false},"excerpt":{"rendered":"<p><strong>Tento kor\u00e1lek je skv\u011bl\u00fd zp\u016fsob, jak p\u0159izp\u016fsobit va\u0161e vybaven\u00ed a ud\u011blat v\u00fdrazn\u00e9 prohl\u00e1\u0161en\u00ed i s t\u011bmi nejmen\u0161\u00edmi detaily. Pokud se v\u011bnujete paracordov\u00fdm \u0159emesl\u016fm nebo hled\u00e1te zp\u016fsob, jak vylep\u0161it sv\u00e9 dopl\u0148ky, Pewter Spartan Helmet Bead je skv\u011blou volbou!<\/strong><\/p>\n","protected":false},"featured_media":378120,"comment_status":"open","ping_status":"closed","template":"","meta":[],"pwb-brand":[3833],"product_brand":[],"product_cat":[22,17,23],"product_tag":[],"class_list":{"0":"post-378119","1":"product","2":"type-product","3":"status-publish","4":"has-post-thumbnail","6":"pwb-brand-spartan-blades","7":"product_cat-zaviraci-noze","8":"product_cat-noze","9":"product_cat-pevne-noze","11":"first","12":"instock","13":"taxable","14":"shipping-taxable","15":"purchasable","16":"product-type-simple"},"brands":[{"id":3833,"name":"Spartan Blades","slug":"spartan-blades"}],"_links":{"self":[{"href":"https:\/\/www.moskito.cz\/it\/wp-json\/wp\/v2\/product\/378119","targetHints":{"allow":["GET"]}}],"collection":[{"href":"https:\/\/www.moskito.cz\/it\/wp-json\/wp\/v2\/product"}],"about":[{"href":"https:\/\/www.moskito.cz\/it\/wp-json\/wp\/v2\/types\/product"}],"replies":[{"embeddable":true,"href":"https:\/\/www.moskito.cz\/it\/wp-json\/wp\/v2\/comments?post=378119"}],"wp:featuredmedia":[{"embeddable":true,"href":"https:\/\/www.moskito.cz\/it\/wp-json\/wp\/v2\/media\/378120"}],"wp:attachment":[{"href":"https:\/\/www.moskito.cz\/it\/wp-json\/wp\/v2\/media?parent=378119"}],"wp:term":[{"taxonomy":"pwb-brand","embeddable":true,"href":"https:\/\/www.moskito.cz\/it\/wp-json\/wp\/v2\/pwb-brand?post=378119"},{"taxonomy":"product_brand","embeddable":true,"href":"https:\/\/www.moskito.cz\/it\/wp-json\/wp\/v2\/product_brand?post=378119"},{"taxonomy":"product_cat","embeddable":true,"href":"https:\/\/www.moskito.cz\/it\/wp-json\/wp\/v2\/product_cat?post=378119"},{"taxonomy":"product_tag","embeddable":true,"href":"https:\/\/www.moskito.cz\/it\/wp-json\/wp\/v2\/product_tag?post=378119"}],"curies":[{"name":"wp","href":"https:\/\/api.w.org\/{rel}","templated":true}]}}