{"id":378154,"date":"2024-11-26T12:08:27","date_gmt":"2024-11-26T11:08:27","guid":{"rendered":"https:\/\/www.moskito.cz\/?post_type=product&#038;p=378154"},"modified":"2025-05-07T11:26:51","modified_gmt":"2025-05-07T10:26:51","slug":"para-cord-lanyard-with-crusader-cross-bead-od-green","status":"publish","type":"product","link":"https:\/\/www.moskito.cz\/it\/produkt\/para-cord-lanyard-with-crusader-cross-bead-od-green\/","title":{"rendered":"Para-Cord Lanyard with Crusader Cross Bead OD Green"},"content":{"rendered":"<p>Para-Cord Lanyard with Crusader Cross Bead OD Green.<\/p>\n<p>Tento produkt je vhodn\u00fd pro ty, kte\u0159\u00ed hledaj\u00ed odoln\u00fd a symbolick\u00fd lanyard s k\u0159\u00ed\u017eem k\u0159i\u017e\u00e1k\u016f, ide\u00e1ln\u00ed pro pou\u017eit\u00ed v r\u016fzn\u00fdch venkovn\u00edch nebo taktick\u00fdch aplikac\u00edch.<\/p>\n<p>Materi\u00e1l a konstrukce:<br \/>\nKor\u00e1lek: Vyrobeno v USA, bezolovnat\u00fd c\u00edn, st\u0159\u00edbrn\u00fd osmi\u00faheln\u00edkov\u00fd kor\u00e1lek o pr\u016fm\u011bru 3\/4&#8243;, s reli\u00e9fn\u00edm k\u0159\u00ed\u017eem k\u0159i\u017e\u00e1k\u016f a \u010dervenou emailovou v\u00fdpln\u00ed.<br \/>\nParacord: Vyrobeno v USA, 550 7-stand nylonov\u00e1 pad\u00e1kov\u00e1 \u0161\u0148\u016fra, uv\u00e1zan\u00e1 pomoc\u00ed lanyard uzlu.<br \/>\nVelikost:<br \/>\nD\u00e9lka: cca 15 &#8211; 16,5 cm<br \/>\nMo\u017enosti barev: K dispozici v t\u011bchto barv\u00e1ch:<\/p>\n<p><strong>Oliva (Olive Drab Green)<\/strong><\/p>\n<p>Mno\u017estv\u00ed: Jeden lanyard s jedn\u00edm kor\u00e1lkem (extra kor\u00e1lkov\u00fd lanyard na obr\u00e1zku nen\u00ed sou\u010d\u00e1st\u00ed balen\u00ed).<\/p>\n<p>Tento produkt je vhodn\u00fd pro ty, kte\u0159\u00ed hledaj\u00ed odoln\u00fd a symbolick\u00fd lanyard s k\u0159\u00ed\u017eem k\u0159i\u017e\u00e1k\u016f, ide\u00e1ln\u00ed pro pou\u017eit\u00ed v r\u016fzn\u00fdch venkovn\u00edch nebo taktick\u00fdch aplikac\u00edch.<\/p>\n","protected":false},"excerpt":{"rendered":"<p><strong>Tento produkt je vhodn\u00fd pro ty, kte\u0159\u00ed hledaj\u00ed odoln\u00fd a symbolick\u00fd lanyard s k\u0159\u00ed\u017eem k\u0159i\u017e\u00e1k\u016f, ide\u00e1ln\u00ed pro pou\u017eit\u00ed v r\u016fzn\u00fdch venkovn\u00edch nebo taktick\u00fdch aplikac\u00edch.<\/strong><\/p>\n","protected":false},"featured_media":378163,"comment_status":"open","ping_status":"closed","template":"","meta":[],"pwb-brand":[3833],"product_brand":[],"product_cat":[22,17,23],"product_tag":[],"class_list":{"0":"post-378154","1":"product","2":"type-product","3":"status-publish","4":"has-post-thumbnail","6":"pwb-brand-spartan-blades","7":"product_cat-zaviraci-noze","8":"product_cat-noze","9":"product_cat-pevne-noze","11":"first","12":"instock","13":"taxable","14":"shipping-taxable","15":"purchasable","16":"product-type-simple"},"brands":[{"id":3833,"name":"Spartan Blades","slug":"spartan-blades"}],"_links":{"self":[{"href":"https:\/\/www.moskito.cz\/it\/wp-json\/wp\/v2\/product\/378154","targetHints":{"allow":["GET"]}}],"collection":[{"href":"https:\/\/www.moskito.cz\/it\/wp-json\/wp\/v2\/product"}],"about":[{"href":"https:\/\/www.moskito.cz\/it\/wp-json\/wp\/v2\/types\/product"}],"replies":[{"embeddable":true,"href":"https:\/\/www.moskito.cz\/it\/wp-json\/wp\/v2\/comments?post=378154"}],"wp:featuredmedia":[{"embeddable":true,"href":"https:\/\/www.moskito.cz\/it\/wp-json\/wp\/v2\/media\/378163"}],"wp:attachment":[{"href":"https:\/\/www.moskito.cz\/it\/wp-json\/wp\/v2\/media?parent=378154"}],"wp:term":[{"taxonomy":"pwb-brand","embeddable":true,"href":"https:\/\/www.moskito.cz\/it\/wp-json\/wp\/v2\/pwb-brand?post=378154"},{"taxonomy":"product_brand","embeddable":true,"href":"https:\/\/www.moskito.cz\/it\/wp-json\/wp\/v2\/product_brand?post=378154"},{"taxonomy":"product_cat","embeddable":true,"href":"https:\/\/www.moskito.cz\/it\/wp-json\/wp\/v2\/product_cat?post=378154"},{"taxonomy":"product_tag","embeddable":true,"href":"https:\/\/www.moskito.cz\/it\/wp-json\/wp\/v2\/product_tag?post=378154"}],"curies":[{"name":"wp","href":"https:\/\/api.w.org\/{rel}","templated":true}]}}