{"id":378941,"date":"2024-11-28T14:21:52","date_gmt":"2024-11-28T13:21:52","guid":{"rendered":"https:\/\/www.moskito.cz\/?post_type=product&#038;p=378941"},"modified":"2025-09-10T06:58:41","modified_gmt":"2025-09-10T05:58:41","slug":"kuchynsky-nuz-arcos-duo","status":"publish","type":"product","link":"https:\/\/www.moskito.cz\/it\/produkt\/kuchynsky-nuz-arcos-duo\/","title":{"rendered":"Kuchy\u0148sk\u00fd N\u016f\u017e ARCOS D\u00daO"},"content":{"rendered":"<p>Kuchy\u0148sk\u00fd N\u016f\u017e ARCOS D\u00daO.<\/p>\n<p>Kucha\u0159sk\u00fd n\u016f\u017e s\u00e9rie D\u00fao 200 mm od Arcos je nepostradateln\u00fd pomocn\u00edk v ka\u017ed\u00e9 kuchyni, kter\u00fd spojuje funk\u010dnost, odolnost a ergonomick\u00fd design. N\u00ed\u017ee najdete p\u0159ehled jeho hlavn\u00edch vlastnost\u00ed:<br \/>\nTechnick\u00e9 vlastnosti:<\/p>\n<p>\u010cepel z nerezov\u00e9 oceli NITRUM\u00ae:<br \/>\nExkluzivn\u00ed formule zna\u010dky Arcos zaji\u0161\u0165uj\u00edc\u00ed vy\u0161\u0161\u00ed tvrdost, odolnost a p\u0159esnost p\u0159i kr\u00e1jen\u00ed.<\/p>\n<p>Design \u010depele:<br \/>\n\u0160irok\u00e1 a dlouh\u00e1 \u010depel je ide\u00e1ln\u00ed pro kr\u00e1jen\u00ed r\u016fzn\u00fdch druh\u016f potravin, jako je maso, ryby, ovoce a zelenina.<\/p>\n<p>Rukoje\u0165 z polypropylenu s elastomerem:<br \/>\nOdoln\u00e1 v\u016f\u010di deformac\u00edm, poskytuje pohodl\u00ed a bezpe\u010dnost p\u0159i pou\u017e\u00edv\u00e1n\u00ed. Protiskluzov\u00fd povrch zlep\u0161uje \u00fachop.<\/p>\n<p>Ergonomie:<br \/>\nRukoje\u0165 se dokonale p\u0159izp\u016fsob\u00ed tvaru ruky a usnad\u0148uje manipulaci.<\/p>\n<p>\u010cerven\u00e9 detaily:<br \/>\nOzna\u010duj\u00ed vhodnost no\u017ee pro r\u016fzn\u00e9 druhy potravin, co\u017e podporuje hygienu a bezpe\u010dnost p\u0159i p\u0159\u00edprav\u011b j\u00eddel.<\/p>\n<p>\u0158emesln\u00e1 kvalita:<\/p>\n<p>Vyrobeno zna\u010dkou Arcos, kter\u00e1 m\u00e1 nep\u0159eru\u0161enou tradici ve v\u00fdrob\u011b no\u017e\u016f ji\u017e od roku 1734.<\/p>\n<p>Tento n\u016f\u017e je ide\u00e1ln\u00ed jak pro za\u010d\u00e1te\u010dn\u00edky, tak pro profesion\u00e1ln\u00ed kucha\u0159e d\u00edky sv\u00e9mu promy\u0161len\u00e9mu designu a vysok\u00e9mu v\u00fdkonu p\u0159i pr\u00e1ci.<\/p>\n","protected":false},"excerpt":{"rendered":"<p><strong>Tento n\u016f\u017e je ide\u00e1ln\u00ed jak pro za\u010d\u00e1te\u010dn\u00edky, tak pro profesion\u00e1ln\u00ed kucha\u0159e d\u00edky sv\u00e9mu promy\u0161len\u00e9mu designu a vysok\u00e9mu v\u00fdkonu p\u0159i pr\u00e1ci.<\/strong><\/p>\n","protected":false},"featured_media":378943,"comment_status":"open","ping_status":"closed","template":"","meta":[],"pwb-brand":[1950],"product_brand":[],"product_cat":[21],"product_tag":[],"class_list":{"0":"post-378941","1":"product","2":"type-product","3":"status-publish","4":"has-post-thumbnail","6":"pwb-brand-arcos","7":"product_cat-kuchynske-noze","9":"first","10":"instock","11":"taxable","12":"shipping-taxable","13":"purchasable","14":"product-type-simple"},"brands":[{"id":1950,"name":"Arcos","slug":"arcos"}],"_links":{"self":[{"href":"https:\/\/www.moskito.cz\/it\/wp-json\/wp\/v2\/product\/378941","targetHints":{"allow":["GET"]}}],"collection":[{"href":"https:\/\/www.moskito.cz\/it\/wp-json\/wp\/v2\/product"}],"about":[{"href":"https:\/\/www.moskito.cz\/it\/wp-json\/wp\/v2\/types\/product"}],"replies":[{"embeddable":true,"href":"https:\/\/www.moskito.cz\/it\/wp-json\/wp\/v2\/comments?post=378941"}],"wp:featuredmedia":[{"embeddable":true,"href":"https:\/\/www.moskito.cz\/it\/wp-json\/wp\/v2\/media\/378943"}],"wp:attachment":[{"href":"https:\/\/www.moskito.cz\/it\/wp-json\/wp\/v2\/media?parent=378941"}],"wp:term":[{"taxonomy":"pwb-brand","embeddable":true,"href":"https:\/\/www.moskito.cz\/it\/wp-json\/wp\/v2\/pwb-brand?post=378941"},{"taxonomy":"product_brand","embeddable":true,"href":"https:\/\/www.moskito.cz\/it\/wp-json\/wp\/v2\/product_brand?post=378941"},{"taxonomy":"product_cat","embeddable":true,"href":"https:\/\/www.moskito.cz\/it\/wp-json\/wp\/v2\/product_cat?post=378941"},{"taxonomy":"product_tag","embeddable":true,"href":"https:\/\/www.moskito.cz\/it\/wp-json\/wp\/v2\/product_tag?post=378941"}],"curies":[{"name":"wp","href":"https:\/\/api.w.org\/{rel}","templated":true}]}}