{"id":381250,"date":"2024-12-02T22:25:54","date_gmt":"2024-12-09T11:51:34","guid":{"rendered":"https:\/\/www.moskito.cz\/produkt\/coltello-da-tiro-microtech-scarab-ii-gen-iii-1278-2t\/"},"modified":"2025-05-07T11:27:14","modified_gmt":"2025-05-07T10:27:14","slug":"coltello-da-tiro-microtech-scarab-ii-gen-iii-1278-2t","status":"publish","type":"product","link":"https:\/\/www.moskito.cz\/it\/produkt\/coltello-da-tiro-microtech-scarab-ii-gen-iii-1278-2t\/","title":{"rendered":"Coltello da tiro Microtech Scarab II Gen III 1278-2T"},"content":{"rendered":"<p>Coltello da tiro <strong>Microtech<\/strong> Scarab II Gen III 1278-2T. Il Microtech Scarab II Gen III (numero modello MT12782T) \u00e8 un coltello automatico tattico Out the Front (OTF) di alta qualit\u00e0, basato sul design originale Microtech Ultratech. Costruito per resistere a condizioni estreme, eccelle nelle operazioni segrete ad alta intensit\u00e0. Lo Scarab II \u00e8 specificamente progettato per un&#8217;ampia gamma di applicazioni tattiche, di utilit\u00e0 e di combattimento, rendendolo ideale per l&#8217;uso da parte delle forze dell&#8217;ordine, del personale militare e delle agenzie governative. Caratteristiche principali:<br \/>\n Design OTF a doppia azione con una sola mano: la lama scorre dentro e fuori con una mano.<br \/>\n Maniglia: presenta un design ergonomico e di facile presa con una superficie testurizzata antiscivolo e inserti su entrambi i lati per fornire controllo e comfort eccellenti.<br \/>\n Durata: realizzato secondo i pi\u00f9 alti standard di affidabilit\u00e0 e sicurezza, anche in situazioni estreme.<br \/>\n Usi: Adatto a professionisti coinvolti nelle forze dell&#8217;ordine, nelle operazioni militari e nei compiti delle agenzie governative.<br \/>\n Questa versione dello Scarab II offre la stessa affidabilit\u00e0 e prestazioni dell&#8217;originale, ma con miglioramenti che lo rendono ancora pi\u00f9 versatile e adatto alle operazioni tattiche. Il Microtech Scarab II \u00e8 uno dei coltelli pi\u00f9 popolari e potenti di OTF e il modello 2023 apporta numerosi miglioramenti innovativi pur mantenendo le dimensioni e lo stile del suo predecessore. Questo Scarab II aggiornato stabilisce un nuovo standard nella tecnologia OTF (Out the Front). Caratteristiche principali del modello 2023:<br \/>\n Design esterno: Lo Scarab II conserva l&#8217;estetica classica delle generazioni precedenti, come i cuscinetti di trazione, il design delle viti Torx sul telaio e l&#8217;iconico rompi-vetro e la clip da tasca che lo rendono uno degli stili pi\u00f9 iconici di OTF.<br \/>\n Rivoluzionario sistema di azionamento a due stadi: questo sistema innovativo garantisce un innesto fluido e prestazioni elevate. Il design a doppia molla consente alla lama di dispiegarsi con forza sufficiente per mantenere velocit\u00e0 ed efficienza, anche in condizioni subacquee.<br \/>\n Design aggiornato della tasca con bottone: il nuovo design riduce l&#8217;attrito e aiuta a rimuovere i detriti dal meccanismo, riducendo la necessit\u00e0 di frequenti manutenzioni e pulizie. Questo miglioramento aumenta l&#8217;affidabilit\u00e0 e la facilit\u00e0 d&#8217;uso del coltello.<br \/>\n Durabilit\u00e0 e prestazioni: combinando la tecnologia all&#8217;avanguardia con il classico design Microtech, il 2023 Scarab II stabilisce un nuovo standard per i coltelli OTF durevoli e durevoli, rendendolo lo strumento perfetto per l&#8217;uso tattico in ambienti estremi.<br \/>\n Con le sue caratteristiche innovative e il design senza tempo, quest&#8217;ultima versione dello Scarab II \u00e8 una scelta potente e affidabile per i professionisti tattici.<\/p>\n<p>Ecco le specifiche del Microtech Scarab II 2023 (modello MT12782T): Lunghezza lama: 9,84 cm (3,875 pollici) Tagliente: 9,53 cm (3,75 pollici) Lunghezza chiusa: 14,61 cm (5,75 pollici) Lunghezza totale: 24,45 cm (9,625 pollici) ) Acciaio della lama: acciaio inossidabile B\u00f6hler M390 (noto per un&#8217;eccezionale ritenzione del bordo e resistenza alla corrosione) Spessore lama: 4,22 mm (0,166 pollici) Stile lama: Drop Point Affilatura lama: piatta Finitura lama: Nera Materiale impugnatura: alluminio nero con nastro di trazione 3M Spessore impugnatura: 1,49 cm (0,5875 pollici) Meccanismo di bloccaggio : Clip da tasca scorrevole : Acciaio inossidabile (reversibile, antiusura destra\/sinistra) Peso: 5,78 once (163 g) Designer: Tony Marfione Costruzione: costruzione con vite Torx<br \/>\n Scanalatura\/riempimento del sangue: s\u00ec<br \/>\n Prodotto negli Stati Uniti<br \/>\n Codice UPC: 841768165422<br \/>\n Lo Scarab II combina struttura robusta, funzionalit\u00e0 di precisione e un design tattico che offre affidabilit\u00e0 e facilit\u00e0 d&#8217;uso in situazioni impegnative.<\/p>\n<p>&nbsp;<\/p>\n<p>&nbsp;<\/p>\n","protected":false},"excerpt":{"rendered":"<p><strong>Lo Scarab II combina struttura robusta, funzionalit\u00e0 di precisione e un design tattico che offre affidabilit\u00e0 e facilit\u00e0 d&#8217;uso in situazioni impegnative. Lo Scarab II \u00e8 specificamente progettato per un&#8217;ampia gamma di applicazioni tattiche, di utilit\u00e0 e di combattimento, rendendolo ideale per l&#8217;uso da parte delle forze dell&#8217;ordine, del personale militare e delle agenzie governative. <\/strong><\/p>\n<p><strong>Trasporto gratuito.<\/strong><\/p>\n","protected":false},"featured_media":380008,"comment_status":"open","ping_status":"closed","template":"","meta":[],"pwb-brand":[3753],"product_brand":[],"product_cat":[3745,3748],"product_tag":[],"class_list":{"0":"post-381250","1":"product","2":"type-product","3":"status-publish","4":"has-post-thumbnail","6":"pwb-brand-microtecnologia-it","7":"product_cat-coltelli","8":"product_cat-coltelli-da-tiro","10":"first","11":"instock","12":"taxable","13":"shipping-taxable","14":"purchasable","15":"product-type-simple"},"brands":[{"id":3753,"name":"Microtecnologia","slug":"microtecnologia-it"}],"_links":{"self":[{"href":"https:\/\/www.moskito.cz\/it\/wp-json\/wp\/v2\/product\/381250","targetHints":{"allow":["GET"]}}],"collection":[{"href":"https:\/\/www.moskito.cz\/it\/wp-json\/wp\/v2\/product"}],"about":[{"href":"https:\/\/www.moskito.cz\/it\/wp-json\/wp\/v2\/types\/product"}],"replies":[{"embeddable":true,"href":"https:\/\/www.moskito.cz\/it\/wp-json\/wp\/v2\/comments?post=381250"}],"wp:featuredmedia":[{"embeddable":true,"href":"https:\/\/www.moskito.cz\/it\/wp-json\/wp\/v2\/media\/380008"}],"wp:attachment":[{"href":"https:\/\/www.moskito.cz\/it\/wp-json\/wp\/v2\/media?parent=381250"}],"wp:term":[{"taxonomy":"pwb-brand","embeddable":true,"href":"https:\/\/www.moskito.cz\/it\/wp-json\/wp\/v2\/pwb-brand?post=381250"},{"taxonomy":"product_brand","embeddable":true,"href":"https:\/\/www.moskito.cz\/it\/wp-json\/wp\/v2\/product_brand?post=381250"},{"taxonomy":"product_cat","embeddable":true,"href":"https:\/\/www.moskito.cz\/it\/wp-json\/wp\/v2\/product_cat?post=381250"},{"taxonomy":"product_tag","embeddable":true,"href":"https:\/\/www.moskito.cz\/it\/wp-json\/wp\/v2\/product_tag?post=381250"}],"curies":[{"name":"wp","href":"https:\/\/api.w.org\/{rel}","templated":true}]}}