{"id":381254,"date":"2024-12-02T22:47:45","date_gmt":"2024-12-09T11:51:38","guid":{"rendered":"https:\/\/www.moskito.cz\/produkt\/coltello-da-tiro-tattico-microtech-hera-ii-30-anniversario-1705-1t\/"},"modified":"2025-05-07T11:27:15","modified_gmt":"2025-05-07T10:27:15","slug":"coltello-da-tiro-tattico-microtech-hera-ii-30-anniversario-1705-1t","status":"publish","type":"product","link":"https:\/\/www.moskito.cz\/it\/produkt\/coltello-da-tiro-tattico-microtech-hera-ii-30-anniversario-1705-1t\/","title":{"rendered":"Coltello da tiro tattico Microtech Hera II 30\u00b0 anniversario 1705-1T"},"content":{"rendered":"<p>Coltello da tiro tattico <strong>Microtech<\/strong> Hera II 30\u00b0 anniversario 1705-1T. Il Microtech Hera II Full Size OTF Auto (MT17051T30) \u00e8 un&#8217;edizione speciale che celebra i 30 anni di Microtech Knives. Questo coltello automatico frontale (OTF) a doppia azione \u00e8 noto per il suo design sorprendente e l&#8217;ergonomia migliorata. \u00c8 liberamente ispirato all&#8217;iconico modello Troodon, ma si distingue per le sue caratteristiche uniche. Caratteristiche principali di Hera II:<br \/>\n Design: Hera II presenta un telaio sofisticato ed ergonomico con toppe lavorate sulle estremit\u00e0 dell&#8217;impugnatura, che migliora la presa e ne migliora la funzionalit\u00e0 e l&#8217;estetica. Maniglia: la maniglia \u00e8 profondamente incisa con un design accurato ed \u00e8 priva di hardware, il che aggiunge un tocco artistico e un&#8217;eccezionale sensazione tattile. Costruzione: l&#8217;unica vite visibile si trova all&#8217;estremit\u00e0 posteriore, vicino alla clip da tasca, che \u00e8 reversibile sia per utenti mancini che destrimani. Meccanismo della lama: come OTF automatico, la lama scorre dentro e fuori facilmente con un meccanismo a doppia azione. Altre specifiche:<br \/>\n Edizione 30\u00b0 Anniversario: Hera II celebra tre decenni di innovazione con un design speciale e migliorato. Clip da tasca: la clip \u00e8 realizzata in resistente acciaio inossidabile ed \u00e8 completamente reversibile, consentendo di indossarla con la mano sinistra o destra. Ergonomia: la presa migliorata e la sensazione raffinata rendono l&#8217;Hera II particolarmente comodo e funzionale per l&#8217;uso tattico. Questo modello esemplifica l&#8217;artigianalit\u00e0 e l&#8217;innovazione di Microtech nel mercato dei coltelli OTF, combinando un&#8217;estetica sorprendente con prestazioni superiori. Il Microtech Hera II 30th Anniversary OTF \u00e8 un coltello davvero straordinario che combina ingegneria di precisione, design artistico e funzionalit\u00e0 tattica. Progettato per soddisfare le esigenze sia del combattimento che dell&#8217;uso quotidiano, rappresenta l&#8217;apice dell&#8217;artigianato Microtech. L&#8217;inclusione del logo del 30\u00b0 anniversario rende questa edizione limitata sia un oggetto da collezione che uno strumento ad alte prestazioni. Specifiche chiave: Lunghezza lama: 10,16 cm<br \/>\n Bordo tagliente: 9,53 cm<br \/>\n Lunghezza da chiuso: 13,84 cm<br \/>\n Lunghezza totale: 23,97 cm<br \/>\n Acciaio della lama: acciaio inossidabile Bohler M390MK, noto per l&#8217;eccezionale ritenzione del bordo, resistenza alla corrosione e durata complessiva. Spessore lama: 0,335 cm<br \/>\n Stile lama: Ricurva, ideale per affettare e affettare. Affilatura lama: Piatta, garantisce un filo affilato e preciso. Finitura lama: Nera, che conferisce un aspetto tattico ed elegante. Materiale impugnatura: alluminio aeronautico nero con incisione profonda per fornire resistenza e migliore sensazione ergonomica. Spessore manico: 1,28 cm<br \/>\n Meccanismo di bloccaggio: un pollice scorrevole che offre un controllo sicuro, veloce e intuitivo per l&#8217;apertura e la retrazione. Clip da tasca: Titanio, con configurazione tip-down e porto ambidestro (destro o sinistro). Peso: 4,94 once. Designer: Tony e Sean Marfione, menti di molti progetti innovativi Microtech. Made in USA: un marchio di qualit\u00e0 e precisione. Hera II \u00e8 un ottimo esempio dell&#8217;impegno di Microtech nella produzione di coltelli all&#8217;avanguardia, funzionali ed eleganti. \u00c8 destinato a coloro che apprezzano sia i vantaggi tattici che la sofisticata abilit\u00e0 artistica dei propri strumenti.<\/p>\n<p>  Che tu sia un appassionato, un collezionista o qualcuno che apprezza la precisione nell&#8217;uso quotidiano, Hera II \u00e8 una scelta sorprendente e capace.<\/p>\n<p>&nbsp;<\/p>\n<p>&nbsp;<\/p>\n<p>&nbsp;<\/p>\n<p>&nbsp;<\/p>\n<p>&nbsp;<\/p>\n","protected":false},"excerpt":{"rendered":"<p><strong>Hera II \u00e8 un ottimo esempio dell&#8217;impegno di Microtech nella produzione di coltelli all&#8217;avanguardia, funzionali ed eleganti. \u00c8 destinato a coloro che apprezzano sia i vantaggi tattici che la sofisticata abilit\u00e0 artistica dei propri strumenti. Che tu sia un appassionato, un collezionista o qualcuno che apprezza la precisione nell&#8217;uso quotidiano, Hera II \u00e8 una scelta sorprendente e capace.  <\/strong><\/p>\n<p><strong>Trasporto gratuito.<\/strong><\/p>\n","protected":false},"featured_media":380050,"comment_status":"open","ping_status":"closed","template":"","meta":[],"pwb-brand":[3753],"product_brand":[],"product_cat":[3745,3748],"product_tag":[],"class_list":{"0":"post-381254","1":"product","2":"type-product","3":"status-publish","4":"has-post-thumbnail","6":"pwb-brand-microtecnologia-it","7":"product_cat-coltelli","8":"product_cat-coltelli-da-tiro","10":"first","11":"instock","12":"sale","13":"taxable","14":"shipping-taxable","15":"purchasable","16":"product-type-simple"},"brands":[{"id":3753,"name":"Microtecnologia","slug":"microtecnologia-it"}],"_links":{"self":[{"href":"https:\/\/www.moskito.cz\/it\/wp-json\/wp\/v2\/product\/381254","targetHints":{"allow":["GET"]}}],"collection":[{"href":"https:\/\/www.moskito.cz\/it\/wp-json\/wp\/v2\/product"}],"about":[{"href":"https:\/\/www.moskito.cz\/it\/wp-json\/wp\/v2\/types\/product"}],"replies":[{"embeddable":true,"href":"https:\/\/www.moskito.cz\/it\/wp-json\/wp\/v2\/comments?post=381254"}],"wp:featuredmedia":[{"embeddable":true,"href":"https:\/\/www.moskito.cz\/it\/wp-json\/wp\/v2\/media\/380050"}],"wp:attachment":[{"href":"https:\/\/www.moskito.cz\/it\/wp-json\/wp\/v2\/media?parent=381254"}],"wp:term":[{"taxonomy":"pwb-brand","embeddable":true,"href":"https:\/\/www.moskito.cz\/it\/wp-json\/wp\/v2\/pwb-brand?post=381254"},{"taxonomy":"product_brand","embeddable":true,"href":"https:\/\/www.moskito.cz\/it\/wp-json\/wp\/v2\/product_brand?post=381254"},{"taxonomy":"product_cat","embeddable":true,"href":"https:\/\/www.moskito.cz\/it\/wp-json\/wp\/v2\/product_cat?post=381254"},{"taxonomy":"product_tag","embeddable":true,"href":"https:\/\/www.moskito.cz\/it\/wp-json\/wp\/v2\/product_tag?post=381254"}],"curies":[{"name":"wp","href":"https:\/\/api.w.org\/{rel}","templated":true}]}}