{"id":381259,"date":"2024-12-02T23:07:02","date_gmt":"2024-12-09T11:51:47","guid":{"rendered":"https:\/\/www.moskito.cz\/produkt\/coltello-da-tiro-microtech-hera-ii-apocalyptic-1705-10apod\/"},"modified":"2025-05-07T11:27:15","modified_gmt":"2025-05-07T10:27:15","slug":"coltello-da-tiro-microtech-hera-ii-apocalyptic-1705-10apod","status":"publish","type":"product","link":"https:\/\/www.moskito.cz\/it\/produkt\/coltello-da-tiro-microtech-hera-ii-apocalyptic-1705-10apod\/","title":{"rendered":"Coltello da tiro Microtech Hera II Apocalyptic 1705-10APOD"},"content":{"rendered":"<p>Coltello da tiro <strong>Microtech<\/strong> Hera II Apocalyptic 1705-10APOD. L&#8217;Hera II Full Size OTF Auto &#8211; OD Green Apocalyptic Standard di Microtech \u00e8 un caratteristico coltello automatico a doppia azione ispirato all&#8217;iconico modello Troodon. L&#8217;Hera II si distingue per la sua ergonomia migliorata e l&#8217;intricato patchwork sulle estremit\u00e0 dell&#8217;impugnatura, che migliora sia la presa che l&#8217;estetica, aggiungendo fascino generale. Una delle caratteristiche pi\u00f9 notevoli \u00e8 la maniglia profondamente incisa, progettata senza hardware visibile. Questa caratteristica conferisce al coltello un tocco artistico unico pur mantenendo la sua integrit\u00e0 funzionale. L&#8217;unica vite visibile, situata nella parte posteriore vicino alla clip da tasca, \u00e8 un elemento sottile che tiene insieme l&#8217;intera struttura. La clip \u00e8 anche reversibile, rendendo il coltello adatto sia per utenti mancini che destrimani. Questo coltello combina una lavorazione artigianale superiore con un design elegante e pratico che garantisce sia utilit\u00e0 che un&#8217;impressione visiva raffinata. Il trattamento &#8220;apocalittico&#8221; della lama fornisce un aspetto robusto e distintivo che contribuisce alla sua durata e al suo fascino tattico. Hera II \u00e8 un ottimo esempio di come il design possa fondere senza sforzo raffinatezza e funzionalit\u00e0, facendolo risaltare come uno dei migliori coltelli automatici OTF (Out-the-Front) a tutto tondo in un mercato altamente competitivo. Anche se spesso compete con altri modelli Microtech OTF, il design accurato di Hera lo eleva davvero. Le sue dimensioni sono perfettamente bilanciate per il combattimento, ma abbastanza sottili per essere indossate tutti i giorni. La forma \u00e8 realizzata con cura per trovare l&#8217;equilibrio ideale tra praticit\u00e0 e stile, garantendo che Hera funzioni come uno strumento affidabile e creando allo stesso tempo una sorprendente dichiarazione visiva. Con i suoi eccellenti dettagli tecnici e artistici, Hera \u00e8 una scelta eccellente per coloro che apprezzano sia l&#8217;estetica che le prestazioni nei loro strumenti quotidiani. \u00c8 un vero esempio di perfetta integrazione tra forma e funzione. Ecco le specifiche per MT170510APOD Hera II Full Size OTF Auto: Lunghezza lama: 10,16 cm Tagliente: 9,53 cm Lunghezza chiusa: 13,84 cm Lunghezza totale: 24,01 cm Spessore lama: 0,34 cm Spessore manici: 1,29 cm Peso: 140,6 g Lama in acciaio : Bohler in acciaio inox M390MK Stile lama: Rettifica lama ricurva: Finitura lama piatta: Apocalittico Materiale impugnatura: Alluminio aerospaziale profondamente inciso, verde OD Meccanismo di bloccaggio: Pollice scorrevole<br \/>\n Clip da tasca: Titanio (reversibile, da indossare a destra\/sinistra)<br \/>\n Progettisti: Tony e Sean Marfione<br \/>\n Prodotto negli Stati Uniti<br \/>\n Queste specifiche evidenziano l&#8217;alta qualit\u00e0 dei materiali e la cura dei dettagli che fanno risaltare l&#8217;Hera II nella categoria dei coltelli OTF, unendo robustezza ad eleganza e praticit\u00e0.<\/p>\n<p>&nbsp;<\/p>\n<p>&nbsp;<\/p>\n<p>Hai detto:<\/p>\n","protected":false},"excerpt":{"rendered":"<p><strong>Questo coltello combina una lavorazione artigianale superiore con un design elegante e pratico che garantisce sia utilit\u00e0 che un&#8217;impressione visiva raffinata. La finitura &#8220;apocalittica&#8221; della lama fornisce un aspetto robusto e distintivo che ne aumenta la durata e il fascino tattico. <\/strong><\/p>\n<p><strong>Trasporto gratuito.<\/strong><\/p>\n","protected":false},"featured_media":380093,"comment_status":"open","ping_status":"closed","template":"","meta":[],"pwb-brand":[3753],"product_brand":[],"product_cat":[3745,3748],"product_tag":[],"class_list":{"0":"post-381259","1":"product","2":"type-product","3":"status-publish","4":"has-post-thumbnail","6":"pwb-brand-microtecnologia-it","7":"product_cat-coltelli","8":"product_cat-coltelli-da-tiro","10":"first","11":"instock","12":"sale","13":"taxable","14":"shipping-taxable","15":"purchasable","16":"product-type-simple"},"brands":[{"id":3753,"name":"Microtecnologia","slug":"microtecnologia-it"}],"_links":{"self":[{"href":"https:\/\/www.moskito.cz\/it\/wp-json\/wp\/v2\/product\/381259","targetHints":{"allow":["GET"]}}],"collection":[{"href":"https:\/\/www.moskito.cz\/it\/wp-json\/wp\/v2\/product"}],"about":[{"href":"https:\/\/www.moskito.cz\/it\/wp-json\/wp\/v2\/types\/product"}],"replies":[{"embeddable":true,"href":"https:\/\/www.moskito.cz\/it\/wp-json\/wp\/v2\/comments?post=381259"}],"wp:featuredmedia":[{"embeddable":true,"href":"https:\/\/www.moskito.cz\/it\/wp-json\/wp\/v2\/media\/380093"}],"wp:attachment":[{"href":"https:\/\/www.moskito.cz\/it\/wp-json\/wp\/v2\/media?parent=381259"}],"wp:term":[{"taxonomy":"pwb-brand","embeddable":true,"href":"https:\/\/www.moskito.cz\/it\/wp-json\/wp\/v2\/pwb-brand?post=381259"},{"taxonomy":"product_brand","embeddable":true,"href":"https:\/\/www.moskito.cz\/it\/wp-json\/wp\/v2\/product_brand?post=381259"},{"taxonomy":"product_cat","embeddable":true,"href":"https:\/\/www.moskito.cz\/it\/wp-json\/wp\/v2\/product_cat?post=381259"},{"taxonomy":"product_tag","embeddable":true,"href":"https:\/\/www.moskito.cz\/it\/wp-json\/wp\/v2\/product_tag?post=381259"}],"curies":[{"name":"wp","href":"https:\/\/api.w.org\/{rel}","templated":true}]}}