{"id":381267,"date":"2024-12-03T18:01:23","date_gmt":"2024-12-09T11:51:54","guid":{"rendered":"https:\/\/www.moskito.cz\/produkt\/coltello-da-tiro-microtech-hera-ii-apocalyptic-1705-10apnc\/"},"modified":"2025-05-07T11:27:18","modified_gmt":"2025-05-07T10:27:18","slug":"coltello-da-tiro-microtech-hera-ii-apocalyptic-1705-10apnc","status":"publish","type":"product","link":"https:\/\/www.moskito.cz\/it\/produkt\/coltello-da-tiro-microtech-hera-ii-apocalyptic-1705-10apnc\/","title":{"rendered":"Coltello da tiro Microtech Hera II Apocalyptic 1705-10APNC"},"content":{"rendered":"<p>Coltello da tiro <strong>Microtech<\/strong> Hera II Apocalyptic 1705-10APNC. Il Microtech Hera II \u00e8 un coltello altamente sofisticato progettato per gli amanti dei coltelli automatici di qualit\u00e0 che apprezzano sia la funzionalit\u00e0 che l&#8217;estetica. Il modello MT170510APNC Hera II Full Size OTF Auto nella variante Apocalyptic Natural Clear porta non solo un eccellente comfort per l&#8217;utente, ma anche un design sofisticato che cattura l&#8217;attenzione a prima vista. Caratteristiche principali:<br \/>\n OTF (Out-The-Front) automatico a doppio strato: Hera II \u00e8 un coltello con meccanismo OTF a doppia azione, ci\u00f2 significa che la lama si estende e si ritrae con il movimento di un unico elemento di comando.<br \/>\n Design del telaio: l&#8217;ispirazione dal modello Troodon \u00e8 chiara, ma Hera II apporta un approccio pi\u00f9 moderno con un telaio ergonomicamente migliorato.<br \/>\n La maniglia \u00e8 profondamente incisa con una superficie liscia e senza viti visibili, conferendole un aspetto minimalista ed elegante.<br \/>\n Ergonomia e presa: alle estremit\u00e0 dell&#8217;impugnatura sono presenti toppe lavorate che non solo migliorano la presa, ma appartengono anche all&#8217;estetica.<br \/>\n Grazie a questi dettagli, il coltello si adatta perfettamente alla mano ed \u00e8 adatto per un uso a lungo termine.<br \/>\n Funzionalit\u00e0: solo una vite \u00e8 visibile all&#8217;estremit\u00e0 posteriore della clip da tasca.<br \/>\n La clip da tasca \u00e8 a doppia faccia, il che consente l&#8217;uso del coltello sia con la mano destra che con la mano sinistra.<br \/>\n Apocalyptic Natural Clear: La finitura superficiale in stile apocalittico conferisce al coltello un look unico che sar\u00e0 apprezzato soprattutto dai collezionisti e dagli appassionati di coltelli tattici. Il Microtech Hera II \u00e8 davvero il fiore all&#8217;occhiello tra i coltelli OTF (Out-The-Front), spingendo i confini della combinazione di funzionalit\u00e0 e perfezione estetica. Questo modello \u00e8 un esempio di come ingegneria di precisione e design artistico possano fondersi armoniosamente in uno strumento che eccelle sotto ogni aspetto. Perch\u00e9 scegliere Hera II?<br \/>\n Dimensione ideale:<br \/>\n L&#8217;Hera II \u00e8 progettato per fornire la robustezza necessaria per l&#8217;uso tattico, pur essendo sufficientemente sottile e leggero per il trasporto quotidiano (EDC). Questo coltello \u00e8 in perfetto equilibrio tra funzionalit\u00e0 pratica e design elegante. Ergonomia perfetta:<br \/>\n La forma dell&#8217;impugnatura \u00e8 stata realizzata con cura per offrire comfort durante l&#8217;uso prolungato e i suoi dettagli elaborati forniscono una presa sicura in condizioni impegnative.<\/p>\n<p>Lunghezza lama: 10,16 cm<br \/>\n Bordo tagliente: 9,53 cm<br \/>\n Lunghezza da chiuso: 13,84 cm<br \/>\n Lunghezza totale: 24 cm<br \/>\n Acciaio della lama: acciaio inossidabile Bohler M390MK<br \/>\n Spessore lama: 0,34 cm<br \/>\n Stile lama: ricurva<br \/>\n Affilatura della lama: piatta<br \/>\n Finitura lama: apocalittica<br \/>\n Materiale manico: alluminio aeronautico trasparente naturale con incisione profonda<br \/>\n Spessore manico: 1,28 cm<br \/>\n Meccanismo di bloccaggio: scorrimento del pollice<br \/>\n Clip da tasca: Titanio (pieghevole, usura destra\/sinistra)<br \/>\n Peso: 140 g<br \/>\n Progettisti: Tony e Sean Marfione<br \/>\n Prodotto negli Stati Uniti<\/p>\n","protected":false},"excerpt":{"rendered":"<p><strong>Il Microtech Hera II \u00e8 davvero il fiore all&#8217;occhiello tra i coltelli OTF (Out-The-Front), spingendo i confini della combinazione di funzionalit\u00e0 e perfezione estetica. Questo modello \u00e8 un esempio di come ingegneria di precisione e design artistico possano fondersi armoniosamente in uno strumento che eccelle sotto ogni aspetto. <\/strong><\/p>\n<p><strong>Trasporto gratuito.<\/strong><\/p>\n","protected":false},"featured_media":380146,"comment_status":"open","ping_status":"closed","template":"","meta":[],"pwb-brand":[3753],"product_brand":[],"product_cat":[3745,3748],"product_tag":[],"class_list":{"0":"post-381267","1":"product","2":"type-product","3":"status-publish","4":"has-post-thumbnail","6":"pwb-brand-microtecnologia-it","7":"product_cat-coltelli","8":"product_cat-coltelli-da-tiro","10":"first","11":"outofstock","12":"taxable","13":"shipping-taxable","14":"purchasable","15":"product-type-simple"},"brands":[{"id":3753,"name":"Microtecnologia","slug":"microtecnologia-it"}],"_links":{"self":[{"href":"https:\/\/www.moskito.cz\/it\/wp-json\/wp\/v2\/product\/381267","targetHints":{"allow":["GET"]}}],"collection":[{"href":"https:\/\/www.moskito.cz\/it\/wp-json\/wp\/v2\/product"}],"about":[{"href":"https:\/\/www.moskito.cz\/it\/wp-json\/wp\/v2\/types\/product"}],"replies":[{"embeddable":true,"href":"https:\/\/www.moskito.cz\/it\/wp-json\/wp\/v2\/comments?post=381267"}],"wp:featuredmedia":[{"embeddable":true,"href":"https:\/\/www.moskito.cz\/it\/wp-json\/wp\/v2\/media\/380146"}],"wp:attachment":[{"href":"https:\/\/www.moskito.cz\/it\/wp-json\/wp\/v2\/media?parent=381267"}],"wp:term":[{"taxonomy":"pwb-brand","embeddable":true,"href":"https:\/\/www.moskito.cz\/it\/wp-json\/wp\/v2\/pwb-brand?post=381267"},{"taxonomy":"product_brand","embeddable":true,"href":"https:\/\/www.moskito.cz\/it\/wp-json\/wp\/v2\/product_brand?post=381267"},{"taxonomy":"product_cat","embeddable":true,"href":"https:\/\/www.moskito.cz\/it\/wp-json\/wp\/v2\/product_cat?post=381267"},{"taxonomy":"product_tag","embeddable":true,"href":"https:\/\/www.moskito.cz\/it\/wp-json\/wp\/v2\/product_tag?post=381267"}],"curies":[{"name":"wp","href":"https:\/\/api.w.org\/{rel}","templated":true}]}}