{"id":381561,"date":"2024-12-09T20:49:45","date_gmt":"2024-12-09T19:50:17","guid":{"rendered":"https:\/\/www.moskito.cz\/produkt\/coltello-chiudibile-microtech-msi-210-12apfrgtod\/"},"modified":"2025-05-07T11:27:20","modified_gmt":"2025-05-07T10:27:20","slug":"coltello-chiudibile-microtech-msi-210-12apfrgtod","status":"publish","type":"product","link":"https:\/\/www.moskito.cz\/it\/produkt\/coltello-chiudibile-microtech-msi-210-12apfrgtod\/","title":{"rendered":"Coltello Chiudibile Microtech MSI 210-12APFRGTOD"},"content":{"rendered":"<p>Coltello Chiudibile <strong>Microtech<\/strong> MSI 210-12APFRGTOD. Il coltello pieghevole Microtech MSI 210-12APFRGTOD \u00e8 un altro modello della serie MSI (Microtech Standard Issue), nota per la sua costruzione robusta, la lavorazione precisa e le funzioni innovative. Progettato pensando alla versatilit\u00e0 e alla praticit\u00e0, questo modello \u00e8 ideale per l&#8217;uso quotidiano (EDC) e per le attivit\u00e0 sul campo pi\u00f9 impegnative. Specifiche e caratteristiche:<br \/>\n Lama: Materiale: acciaio CPM-MagnaCut di alta qualit\u00e0, noto per la sua eccellente resistenza alla corrosione, durezza e capacit\u00e0 di mantenere un bordo affilato per lungo tempo.<br \/>\n Trattamento superficiale: Finitura apocalittica, che conferisce alla lama un aspetto robusto e maschera i piccoli graffi causati dall&#8217;uso.<br \/>\n Forma della lama: Drop-point: forma universale, ideale per una variet\u00e0 di compiti diversi, dal taglio di precisione alle attivit\u00e0 pi\u00f9 impegnative.<br \/>\n Lunghezza lama: circa 9,2 cm<br \/>\n Spessore lama: circa 0,4 cm<br \/>\n Manico: Materiale: FRN (nylon rinforzato con fibra) \u2013 materiale resistente e leggero che garantisce una presa salda.<br \/>\n Colore: OD Green (verde oliva), che conferisce al manico un aspetto tattico e si abbina bene alla finitura della lama.<br \/>\n Design: l&#8217;impugnatura ergonomica con superficie strutturata offre comfort e praticit\u00e0 durante l&#8217;uso prolungato.<br \/>\n Meccanismo di bloccaggio: RAM-LOK: un sistema di bloccaggio avanzato sviluppato da Microtech che offre elevata sicurezza, resistenza e facilit\u00e0 d&#8217;uso con una sola mano.<br \/>\n Clip da tasca: reversibile, adatta per utenti mancini e destrimani, comoda e discreta da indossare.<\/p>\n<p>Dimensioni e peso: Lunghezza totale: circa 21 cm<br \/>\n Lunghezza coltello chiuso: 11,8 cm circa<br \/>\n Peso: circa 142 g (5 once).<br \/>\n Altre propriet\u00e0: Durata: la costruzione e i materiali sono progettati per una lunga durata in condizioni difficili.<br \/>\n Estetica: Finitura apocalittica e maniglia verde oliva creano un design visivamente accattivante e funzionale.<br \/>\n Perch\u00e9 comprarlo?<br \/>\n Durata e prestazioni: l&#8217;acciaio CPM-MagnaCut e la struttura robusta garantiscono una lunga durata del coltello anche con un uso intensivo. Versatilit\u00e0: la lama con punto di caduta e l&#8217;impugnatura ergonomica lo rendono un ottimo strumento per il trasporto quotidiano, le attivit\u00e0 all&#8217;aperto e gli ambienti tattici. Tecnologia innovativa: RAM-LOK offre un bloccaggio affidabile della lama e un funzionamento semplice, che aumenta la sicurezza e la praticit\u00e0.<br \/>\n Manico leggero e resistente: il materiale FRN offre una combinazione di leggerezza ed elevata resistenza, che garantisce un utilizzo confortevole. Design tattico: finitura apocalittica e manico verde oliva conferiscono al coltello un aspetto moderno e funzionale.<br \/>\n Il Microtech MSI 210-12APFRGTOD \u00e8 la scelta ideale per chi cerca un coltello pieghevole affidabile con caratteristiche moderne, costruzione durevole e un design estetico. Che tu abbia intenzione di utilizzarlo nella vita di tutti i giorni, nella natura o come parte della tua collezione, questo modello non ti deluder\u00e0.<\/p>\n<p>&nbsp;<\/p>\n<p>&nbsp;<\/p>\n","protected":false},"excerpt":{"rendered":"<p><strong>Il Microtech MSI 210-12APFRGTOD \u00e8 la scelta ideale per chi cerca un coltello pieghevole affidabile con caratteristiche moderne, costruzione durevole e un design estetico. Che tu intenda utilizzarlo nella vita di tutti i giorni, nella natura o come parte della tua collezione, questo modello non ti deluder\u00e0. <\/strong><\/p>\n<p><strong>Trasporto gratuito.<\/strong><\/p>\n","protected":false},"featured_media":381548,"comment_status":"open","ping_status":"closed","template":"","meta":[],"pwb-brand":[3753],"product_brand":[],"product_cat":[3745,3749],"product_tag":[],"class_list":{"0":"post-381561","1":"product","2":"type-product","3":"status-publish","4":"has-post-thumbnail","6":"pwb-brand-microtecnologia-it","7":"product_cat-coltelli","8":"product_cat-coltelli-di-chiusura","10":"first","11":"instock","12":"taxable","13":"shipping-taxable","14":"purchasable","15":"product-type-simple"},"brands":[{"id":3753,"name":"Microtecnologia","slug":"microtecnologia-it"}],"_links":{"self":[{"href":"https:\/\/www.moskito.cz\/it\/wp-json\/wp\/v2\/product\/381561","targetHints":{"allow":["GET"]}}],"collection":[{"href":"https:\/\/www.moskito.cz\/it\/wp-json\/wp\/v2\/product"}],"about":[{"href":"https:\/\/www.moskito.cz\/it\/wp-json\/wp\/v2\/types\/product"}],"replies":[{"embeddable":true,"href":"https:\/\/www.moskito.cz\/it\/wp-json\/wp\/v2\/comments?post=381561"}],"wp:featuredmedia":[{"embeddable":true,"href":"https:\/\/www.moskito.cz\/it\/wp-json\/wp\/v2\/media\/381548"}],"wp:attachment":[{"href":"https:\/\/www.moskito.cz\/it\/wp-json\/wp\/v2\/media?parent=381561"}],"wp:term":[{"taxonomy":"pwb-brand","embeddable":true,"href":"https:\/\/www.moskito.cz\/it\/wp-json\/wp\/v2\/pwb-brand?post=381561"},{"taxonomy":"product_brand","embeddable":true,"href":"https:\/\/www.moskito.cz\/it\/wp-json\/wp\/v2\/product_brand?post=381561"},{"taxonomy":"product_cat","embeddable":true,"href":"https:\/\/www.moskito.cz\/it\/wp-json\/wp\/v2\/product_cat?post=381561"},{"taxonomy":"product_tag","embeddable":true,"href":"https:\/\/www.moskito.cz\/it\/wp-json\/wp\/v2\/product_tag?post=381561"}],"curies":[{"name":"wp","href":"https:\/\/api.w.org\/{rel}","templated":true}]}}