{"id":381656,"date":"2024-12-09T21:47:10","date_gmt":"2024-12-09T20:50:21","guid":{"rendered":"https:\/\/www.moskito.cz\/produkt\/coltello-di-chiusura-microtech-msi-stonewashed-210t-10pmde30\/"},"modified":"2025-05-07T11:27:23","modified_gmt":"2025-05-07T10:27:23","slug":"coltello-di-chiusura-microtech-msi-stonewashed-210t-10pmde30","status":"publish","type":"product","link":"https:\/\/www.moskito.cz\/it\/produkt\/coltello-di-chiusura-microtech-msi-stonewashed-210t-10pmde30\/","title":{"rendered":"Coltello Di Chiusura Microtech MSI Stonewashed 210T-10PMDE30"},"content":{"rendered":"<p>Coltello Di Chiusura Microtech MSI Stonewashed 210T-10PMDE30. Il Microtech MSI (Microtech Standard Issue) Stonewashed Dark Earth 210T-10PMDE30 \u00e8 un moderno coltello chiudibile realizzato per celebrare il 30\u00b0 anniversario di Microtech Knives. Questo modello combina tecnologia innovativa, lavorazione di precisione e i migliori materiali, rendendolo una scelta eccezionale sia per l&#8217;uso quotidiano che per gli oggetti da collezione. Caratteristiche principali del coltello Microtech MSI<br \/>\n 1. Tecnologia RAM-LOK:<br \/>\n Questo modello \u00e8 il primo coltello Microtech a utilizzare la tecnologia RAM-LOK, che \u00e8 un robusto bloccaggio trasversale, che garantisce sicurezza e un controllo regolare della lama. RAM-LOK consente una facile apertura della lama in diversi modi:<br \/>\n Pollice: l&#8217;intaglio sulla lama \u00e8 abbastanza grande da poter essere aperto anche con i guanti. Backswing: il ritaglio centrale favorisce un&#8217;apertura rapida con il dito medio. Con un semplice movimento del polso: tirando il RAM-LOK, la lama pu\u00f2 essere rilasciata e aperta con un semplice movimento della mano. 2. Materiali:<br \/>\n Lama: realizzata in acciaio inossidabile Bohler M390MK, che offre un&#8217;eccellente resistenza all&#8217;usura, alla corrosione e una lunga durata della lama. Manico: il manico in polimero iniettato della variante Terra \u00e8 chiaro, scuro e ha una superficie leggermente appiccicosa per una presa sicura, sia con impugnatura standard che invertita. 3. Ergonomia del design:<br \/>\n Stile lama Sheepfoot modificato: questo design combina resistenza e funzionalit\u00e0, ideale per tagliare e pugnalare. Finitura stonewashed: riduce al minimo la visibilit\u00e0 dei graffi e conferisce alla lama un aspetto decente. Impugnatura ergonomica: offre comfort durante l&#8217;uso a lungo termine e una presa sicura anche in condizioni difficili. 4. Usura universale:<br \/>\n La clip da tasca in acciaio inossidabile \u00e8 reversibile (sia per utenti mancini che destrimani), il che aumenta la comodit\u00e0 e la praticit\u00e0. 5. Produzione e valore collezionistico:<br \/>\n Il logo del 30\u00b0 anniversario di Microtech rende questo modello un&#8217;edizione limitata, rendendolo non solo uno strumento funzionale, ma anche un ricercato oggetto da collezione. Prodotto negli Stati Uniti con attenzione ai dettagli e alla precisione.<\/p>\n<p>Specifiche: Lunghezza lama: 9,85 cm Tagliente: 8,41 cm Lunghezza totale: 22,7 cm Lunghezza chiusa: 12,85 cm<\/p>\n<p>Spessore lama: 4 mm<br \/>\nMateriale lama: Acciaio inossidabile Bohler M390MK Stile lama: Sheepfoot modificato Affilatura lama: Piatta Finitura: Stonewashed Materiale impugnatura: Polimero Dark Earth Spessore impugnatura: 0,545&#8243; (13,8 mm) Meccanismo di bloccaggio: RAM-LOK<br \/>\n Peso: 4,52 once (128 g)<br \/>\n Clip da tasca: reversibile (da indossare a destra e a sinistra)<br \/>\n Progettista: Tony Marfione<br \/>\n Perch\u00e9 comprarlo? Innovativa tecnologia RAM-LOK: garantisce sicurezza, facilit\u00e0 d&#8217;uso e lunga durata. Materiali premium: la lama in acciaio Bohler M390MK e la robusta impugnatura in polimero resistono alle condizioni quotidiane e impegnative. Edizione limitata: il logo del 30\u00b0 anniversario ne aumenta il valore da collezione.<br \/>\n Prodotto negli USA: garantisce qualit\u00e0, precisione e affidabilit\u00e0.<br \/>\n Design versatile ed ergonomico: ottimo per EDC e uso tattico.<br \/>\n Questo modello \u00e8 ideale per chi cerca uno strumento affidabile con innovazioni moderne e valore da collezione.<\/p>\n","protected":false},"excerpt":{"rendered":"<p><strong>Il Microtech MSI \u00e8 la scelta ideale per chi cerca un coltello chiudibile robusto, durevole e affidabile, dal design moderno e dalle funzioni innovative. Che tu lo utilizzi per l&#8217;uso quotidiano, per le attivit\u00e0 all&#8217;aria aperta o come oggetto da collezione, questo modello non ti deluder\u00e0. <\/strong><\/p>\n<p><strong>Trasporto gratuito.<\/strong><\/p>\n","protected":false},"featured_media":381620,"comment_status":"open","ping_status":"closed","template":"","meta":[],"pwb-brand":[3753],"product_brand":[],"product_cat":[3745,3749],"product_tag":[],"class_list":{"0":"post-381656","1":"product","2":"type-product","3":"status-publish","4":"has-post-thumbnail","6":"pwb-brand-microtecnologia-it","7":"product_cat-coltelli","8":"product_cat-coltelli-di-chiusura","10":"first","11":"instock","12":"taxable","13":"shipping-taxable","14":"purchasable","15":"product-type-simple"},"brands":[{"id":3753,"name":"Microtecnologia","slug":"microtecnologia-it"}],"_links":{"self":[{"href":"https:\/\/www.moskito.cz\/it\/wp-json\/wp\/v2\/product\/381656","targetHints":{"allow":["GET"]}}],"collection":[{"href":"https:\/\/www.moskito.cz\/it\/wp-json\/wp\/v2\/product"}],"about":[{"href":"https:\/\/www.moskito.cz\/it\/wp-json\/wp\/v2\/types\/product"}],"replies":[{"embeddable":true,"href":"https:\/\/www.moskito.cz\/it\/wp-json\/wp\/v2\/comments?post=381656"}],"wp:featuredmedia":[{"embeddable":true,"href":"https:\/\/www.moskito.cz\/it\/wp-json\/wp\/v2\/media\/381620"}],"wp:attachment":[{"href":"https:\/\/www.moskito.cz\/it\/wp-json\/wp\/v2\/media?parent=381656"}],"wp:term":[{"taxonomy":"pwb-brand","embeddable":true,"href":"https:\/\/www.moskito.cz\/it\/wp-json\/wp\/v2\/pwb-brand?post=381656"},{"taxonomy":"product_brand","embeddable":true,"href":"https:\/\/www.moskito.cz\/it\/wp-json\/wp\/v2\/product_brand?post=381656"},{"taxonomy":"product_cat","embeddable":true,"href":"https:\/\/www.moskito.cz\/it\/wp-json\/wp\/v2\/product_cat?post=381656"},{"taxonomy":"product_tag","embeddable":true,"href":"https:\/\/www.moskito.cz\/it\/wp-json\/wp\/v2\/product_tag?post=381656"}],"curies":[{"name":"wp","href":"https:\/\/api.w.org\/{rel}","templated":true}]}}