{"id":386862,"date":"2025-01-16T05:44:17","date_gmt":"2025-01-16T04:44:17","guid":{"rendered":"https:\/\/www.moskito.cz\/produkt\/coltello-da-tiro-microtech-dc-munroe-cypher-ii-1242-1nc\/"},"modified":"2025-05-07T11:27:49","modified_gmt":"2025-05-07T10:27:49","slug":"coltello-da-tiro-microtech-dc-munroe-cypher-ii-1242-1nc","status":"publish","type":"product","link":"https:\/\/www.moskito.cz\/it\/produkt\/coltello-da-tiro-microtech-dc-munroe-cypher-ii-1242-1nc\/","title":{"rendered":"Coltello da tiro Microtech\/DC Munroe Cypher II 1242-1NC"},"content":{"rendered":"<p>Coltello da tiro <strong>Microtech<\/strong> \/DC Munroe Cypher II 1242-1NC<\/p>\n<div class=\"flex-1 overflow-hidden @container\/thread\">\n<div class=\"h-full\">\n<div class=\"react-scroll-to-bottom--css-msusm-79elbk h-full\">\n<div class=\"react-scroll-to-bottom--css-msusm-1n7m0yu\">\n<div class=\"flex flex-col text-sm md:pb-9\">\n<article class=\"w-full scroll-mb-[var(--thread-trailing-height,150px)] text-token-text-primary focus-visible:outline-2 focus-visible:outline-offset-[-4px]\" dir=\"auto\" data-testid=\"conversation-turn-7\" data-scroll-anchor=\"true\">\n<div class=\"m-auto text-base py-[18px] px-3 md:px-4 w-full md:px-5 lg:px-4 xl:px-5\">\n<div class=\"mx-auto flex flex-1 gap-4 text-base md:gap-5 lg:gap-6 md:max-w-3xl\">\n<div class=\"group\/conversation-turn relative flex w-full min-w-0 flex-col agent-turn\">\n<div class=\"flex-col gap-1 md:gap-3\">\n<div class=\"flex max-w-full flex-col flex-grow\">\n<div class=\"min-h-8 text-message flex w-full flex-col items-end gap-2 whitespace-normal break-words text-start [.text-message+&amp;]:mt-5\" dir=\"auto\" data-message-author-role=\"assistant\" data-message-id=\"e50a4afe-36bc-416c-838d-9837d12f4749\" data-message-model-slug=\"gpt-4o-mini\">\n<div class=\"flex w-full flex-col gap-1 empty:hidden first:pt-[3px]\">\n<div class=\"markdown prose w-full break-words dark:prose-invert light\">\n<h3><strong>Coltello da tiro Microtech\/DC Munroe Cypher II 1242-1NC<\/strong><\/h3>\n<p>Il modello <strong>Microtech\/DC Munroe Cypher II 1242-1NC<\/strong> \u00e8 un <strong>coltello da tiro<\/strong> innovativo e ad alte prestazioni (OTF &#8211; <em>Out The Front<\/em> ) del rinomato produttore <strong>Microtech Knives<\/strong> , progettato in collaborazione con il designer <strong>Don Munro<\/strong> . Cypher II \u00e8 una continuazione della generazione precedente Cypher, con un meccanismo migliorato e un aspetto elegante e moderno. Questo modello \u00e8 progettato per uso tattico, autodifesa e trasporto quotidiano (EDC), combinando lavorazione di precisione e funzionalit\u00e0.   <\/p>\n<h4><strong>Caratteristiche e specifiche principali:<\/strong><\/h4>\n<ol>\n<li><strong>Tipo di lama:<\/strong>\n<ul>\n<li><strong>Forma della lama:<\/strong> <strong>Drop Point<\/strong> \u2013 Questa forma \u00e8 versatile e apprezzata per la sua capacit\u00e0 di tagliare con precisione e per le sue propriet\u00e0 di taglio forti e robuste. La forma Drop Point \u00e8 ideale per una variet\u00e0 di applicazioni, dal taglio alle attivit\u00e0 di perforazione. <\/li>\n<li><strong>Materiale lama:<\/strong> <strong>Bohler M390<\/strong> \u2013 Questo materiale di fascia alta \u00e8 altamente resistente all&#8217;usura, alla corrosione ed \u00e8 noto per la sua eccellente capacit\u00e0 di mantenere il filo. L&#8217;M390 \u00e8 famoso per la sua durezza di alta qualit\u00e0 e la lunga durata, che rendono il coltello adatto per un uso intensivo. <\/li>\n<li><strong>Lunghezza lama:<\/strong> circa <strong>3,5 pollici<\/strong> (88 mm) \u2013 Questa lunghezza \u00e8 ideale per bilanciare compattezza con caratteristiche di taglio efficienti.<\/li>\n<\/ul>\n<\/li>\n<li><strong>Maniglia:<\/strong>\n<ul>\n<li><strong>Materiale della maniglia:<\/strong> la maniglia \u00e8 realizzata in <strong>alluminio anodizzato<\/strong> , che garantisce elevata resistenza e durata, oltre a un peso leggero per un comodo trasporto quotidiano. La maniglia in alluminio \u00e8 inoltre resistente alla corrosione. <\/li>\n<li><strong>Texture del manico:<\/strong> Il manico ha una superficie ruvida per una migliore presa, fondamentale per garantire una presa sicura anche se utilizzato in condizioni pi\u00f9 impegnative o quando \u00e8 bagnato.<\/li>\n<li><strong>Colore maniglia:<\/strong> <strong>Bronzo<\/strong> \u2013 Questo modello ha un&#8217;elegante finitura bronzo che non solo ha un aspetto molto attraente ma offre anche un&#8217;eccellente resistenza ai graffi e all&#8217;usura.<\/li>\n<\/ul>\n<\/li>\n<li><strong>Meccanismo:<\/strong>\n<ul>\n<li><strong>Meccanismo automatico OTF:<\/strong> il <strong>Cypher II 1242-1NC<\/strong> \u00e8 dotato di un meccanismo <strong>Out The Front (OTF)<\/strong> , il che significa che la lama si estende e si ritrae dalla parte anteriore dell&#8217;impugnatura quando viene premuto un pulsante. Questo meccanismo \u00e8 molto veloce e affidabile, rendendolo la scelta ideale per l&#8217;autodifesa e le applicazioni tattiche. <\/li>\n<li><strong>Funzionamento conveniente:<\/strong> l&#8217;apertura del coltello si realizza semplicemente con una mano, il che \u00e8 comodo in situazioni di emergenza quando \u00e8 necessario un rapido accesso allo strumento.<\/li>\n<li><strong>Blocco della lama:<\/strong> una volta aperta, la lama rimane saldamente bloccata in posizione aperta, garantendo stabilit\u00e0 e prevenendo l&#8217;inserimento accidentale.<\/li>\n<\/ul>\n<\/li>\n<li><strong>Design e finitura:<\/strong>\n<ul>\n<li><strong>Finitura della lama:<\/strong> <strong>Stonewashed<\/strong> \u2013 La lama ha una finitura <strong>stonewash<\/strong> che non solo fornisce un aspetto attraente, ma aumenta anche la resistenza della lama ai graffi e all&#8217;usura. Inoltre, la finitura stonewashed garantisce che le lame non presentino graffi significativi dopo un uso intensivo. <\/li>\n<li><strong>Finitura del manico:<\/strong> il manico ha <strong>un colore bronzo anodizzato<\/strong> , che non \u00e8 solo visivamente attraente, ma anche altamente resistente alla corrosione e ai danni, garantendo una lunga durata del coltello anche con un uso intensivo.<\/li>\n<\/ul>\n<\/li>\n<li><strong>Costruzione e peso:<\/strong>\n<ul>\n<li><strong>Lunghezza totale:<\/strong> circa <strong>8,25 pollici<\/strong> (210 mm) &#8211; Questa dimensione offre un ottimo equilibrio tra compattezza e usabilit\u00e0, rendendo il coltello ideale sia per l&#8217;EDC (trasporto quotidiano) che per le implementazioni tattiche.<\/li>\n<li><strong>Peso:<\/strong> circa <strong>119 g (4,2 once<\/strong> ) &#8211; Il coltello \u00e8 leggero e ben bilanciato, garantendo un trasporto confortevole senza peso eccessivo. Grazie al suo peso si trasporta facilmente in tasca o in cintura. <\/li>\n<\/ul>\n<\/li>\n<li><strong>Caratteristiche di sicurezza:<\/strong>\n<ul>\n<li><strong>Meccanismo di bloccaggio:<\/strong> il coltello \u00e8 progettato con caratteristiche di sicurezza che impediscono l&#8217;apertura accidentale del coltello. Il pulsante di rilascio della lama \u00e8 progettato in modo tale che sia necessario uno sforzo per aprire il coltello, riducendo al minimo il rischio di rilascio involontario della lama. <\/li>\n<li><strong>Blocco di qualit\u00e0:<\/strong> una volta estesa, la lama viene bloccata saldamente in posizione aperta, garantendo stabilit\u00e0 e sicurezza durante l&#8217;uso.<\/li>\n<\/ul>\n<\/li>\n<li><strong>Utilizzo:<\/strong>\n<ul>\n<li><strong>Uso tattico:<\/strong> progettato per applicazioni tattiche, Cypher II \u00e8 ideale per militari, forze dell&#8217;ordine o altri utenti professionali che necessitano di un rapido accesso a un coltello in situazioni di emergenza.<\/li>\n<li><strong>Autodifesa:<\/strong> il meccanismo scorrevole dell&#8217;OTF consente l&#8217;apertura immediata del coltello, il che \u00e8 fondamentale in situazioni in cui \u00e8 necessario un rapido accesso al coltello per autodifesa.<\/li>\n<li><strong>Everyday Carry (EDC):<\/strong> questo coltello \u00e8 anche compatto ed esteticamente accattivante per il trasporto quotidiano in tasca o sulla cintura, rendendolo un ottimo strumento per le attivit\u00e0 quotidiane.<\/li>\n<\/ul>\n<\/li>\n<\/ol>\n<h4><strong>Vantaggi e svantaggi:<\/strong><\/h4>\n<p><strong>Vantaggi:<\/strong><\/p>\n<ul>\n<li><strong>Apertura facile e veloce:<\/strong> il meccanismo OTF garantisce l&#8217;immediata estensione della lama.<\/li>\n<li><strong>Materiali di alta qualit\u00e0:<\/strong> acciaio <strong>Bohler M390<\/strong> e alluminio anodizzato garantiscono lunga durata e durata.<\/li>\n<li><strong>Comodo da indossare:<\/strong> le dimensioni compatte e il peso leggero lo rendono comodo da indossare ogni giorno.<\/li>\n<li><strong>Utilizzo sicuro:<\/strong> il meccanismo di bloccaggio e il pulsante di alta qualit\u00e0 impediscono l&#8217;apertura accidentale.<\/li>\n<li><strong>Design elegante:<\/strong> il manico bronzer e la finitura stonewashed conferiscono al coltello un aspetto accattivante che ne garantisce anche la durata.<\/li>\n<\/ul>\n<p><strong>Svantaggi:<\/strong><\/p>\n<ul>\n<li><strong>Prezzo pi\u00f9 alto:<\/strong> i coltelli Microtech sono tra i pi\u00f9 costosi sul mercato, il che pu\u00f2 essere un deterrente per alcuni utenti.<\/li>\n<li><strong>Manutenzione del meccanismo:<\/strong> il meccanismo OTF pu\u00f2 essere pi\u00f9 sensibile alle incrostazioni, quindi richiede manutenzione e pulizia regolari per una funzionalit\u00e0 ottimale.<\/li>\n<li><strong>Dimensioni e peso:<\/strong> sebbene il coltello sia compatto, per alcuni utenti potrebbe essere un po&#8217; pi\u00f9 grande dell&#8217;ideale per il trasporto quotidiano.<\/li>\n<\/ul>\n<h4><strong>Conclusione:<\/strong><\/h4>\n<p><strong>Il Microtech\/DC Munroe Cypher II 1242-1NC<\/strong> \u00e8 un eccellente coltello automatico con meccanismo OTF che offre una combinazione di eccellente funzionalit\u00e0, design accattivante e costruzione robusta. Utilizzando acciaio Bohler M390 di qualit\u00e0 e alluminio anodizzato, questo modello \u00e8 ideale per l&#8217;uso tattico, l&#8217;autodifesa e il trasporto quotidiano. Se stai cercando un coltello affidabile, potente ed esteticamente accattivante, <strong>il Cypher II 1242-1NC<\/strong> \u00e8 un&#8217;ottima scelta.  <\/p>\n<\/div>\n<\/div>\n<\/div>\n<\/div>\n<div class=\"mb-2 flex gap-3 empty:hidden -ml-2\">\n<div class=\"items-center justify-start rounded-xl p-1 flex\">\n<div class=\"flex items-center\">https:\/\/www.youtube.com\/watch?v=xE9TeOFYEjg&amp;t=5s<\/div>\n<div><\/div>\n<\/div>\n<\/div>\n<div class=\"pr-2 lg:pr-0\"><\/div>\n<div class=\"mt-3 w-full empty:hidden\">\n<div class=\"text-center\"><\/div>\n<\/div>\n<\/div>\n<div class=\"absolute\">\n<div class=\"flex items-center justify-center\"><\/div>\n<\/div>\n<\/div>\n<\/div>\n<\/div>\n<\/article>\n<\/div>\n<\/div>\n<\/div>\n<\/div>\n<\/div>\n<div class=\"md:pt-0 dark:border-white\/20 md:border-transparent md:dark:border-transparent w-full\">\n<div>\n<div class=\"m-auto text-base px-3 md:px-4 w-full md:px-5 lg:px-4 xl:px-5\">\n<div class=\"mx-auto flex flex-1 gap-4 text-base md:gap-5 lg:gap-6 md:max-w-3xl\">\n<div class=\"flex justify-center\"><\/div>\n<\/div>\n<\/div>\n<\/div>\n<\/div>\n","protected":false},"excerpt":{"rendered":"<p><strong>Il Microtech\/DC Munroe Cypher II 1242-1NC \u00e8 un eccellente coltello automatico con meccanismo OTF che offre una combinazione di eccellente funzionalit\u00e0, design accattivante e costruzione robusta. Utilizzando acciaio Bohler M390 di qualit\u00e0 e alluminio anodizzato, questo modello \u00e8 ideale per l&#8217;uso tattico, l&#8217;autodifesa e il trasporto quotidiano. Se stai cercando un coltello affidabile, potente ed esteticamente accattivante, il Cypher II 1242-1NC \u00e8 un&#8217;ottima scelta.  <\/strong><\/p>\n<p><strong>Trasporto gratuito.<\/strong><\/p>\n","protected":false},"featured_media":386809,"comment_status":"open","ping_status":"closed","template":"","meta":[],"pwb-brand":[3753],"product_brand":[],"product_cat":[3745,3748],"product_tag":[],"class_list":{"0":"post-386862","1":"product","2":"type-product","3":"status-publish","4":"has-post-thumbnail","6":"pwb-brand-microtecnologia-it","7":"product_cat-coltelli","8":"product_cat-coltelli-da-tiro","10":"first","11":"outofstock","12":"taxable","13":"shipping-taxable","14":"purchasable","15":"product-type-simple"},"brands":[{"id":3753,"name":"Microtecnologia","slug":"microtecnologia-it"}],"_links":{"self":[{"href":"https:\/\/www.moskito.cz\/it\/wp-json\/wp\/v2\/product\/386862","targetHints":{"allow":["GET"]}}],"collection":[{"href":"https:\/\/www.moskito.cz\/it\/wp-json\/wp\/v2\/product"}],"about":[{"href":"https:\/\/www.moskito.cz\/it\/wp-json\/wp\/v2\/types\/product"}],"replies":[{"embeddable":true,"href":"https:\/\/www.moskito.cz\/it\/wp-json\/wp\/v2\/comments?post=386862"}],"wp:featuredmedia":[{"embeddable":true,"href":"https:\/\/www.moskito.cz\/it\/wp-json\/wp\/v2\/media\/386809"}],"wp:attachment":[{"href":"https:\/\/www.moskito.cz\/it\/wp-json\/wp\/v2\/media?parent=386862"}],"wp:term":[{"taxonomy":"pwb-brand","embeddable":true,"href":"https:\/\/www.moskito.cz\/it\/wp-json\/wp\/v2\/pwb-brand?post=386862"},{"taxonomy":"product_brand","embeddable":true,"href":"https:\/\/www.moskito.cz\/it\/wp-json\/wp\/v2\/product_brand?post=386862"},{"taxonomy":"product_cat","embeddable":true,"href":"https:\/\/www.moskito.cz\/it\/wp-json\/wp\/v2\/product_cat?post=386862"},{"taxonomy":"product_tag","embeddable":true,"href":"https:\/\/www.moskito.cz\/it\/wp-json\/wp\/v2\/product_tag?post=386862"}],"curies":[{"name":"wp","href":"https:\/\/api.w.org\/{rel}","templated":true}]}}