{"id":390400,"date":"2025-02-12T18:55:13","date_gmt":"2025-02-12T17:56:40","guid":{"rendered":"https:\/\/www.moskito.cz\/produkt\/spartan-blades-harsey-ronin-gun-fighter-nichols-coltello-pieghevole-damasco\/"},"modified":"2025-05-07T11:28:23","modified_gmt":"2025-05-07T10:28:23","slug":"spartan-blades-harsey-ronin-gun-fighter-nichols-coltello-pieghevole-damasco","status":"publish","type":"product","link":"https:\/\/www.moskito.cz\/it\/produkt\/spartan-blades-harsey-ronin-gun-fighter-nichols-coltello-pieghevole-damasco\/","title":{"rendered":"Spartan Blades Harsey Ronin Gun Fighter Nichols Coltello pieghevole Damasco"},"content":{"rendered":"<p data-pm-slice=\"1 1 []\"><strong>Spartan Blades Harsey Ronin Gun Fighter Nichols Coltello pieghevole Damasco<\/strong><\/p>\n<p>Lo Spartan Blades Harsey Ronin Gun Fighter Nichols Damascus \u00e8 un coltello pieghevole di alta qualit\u00e0 che coniuga l&#8217;artigianato tradizionale con materiali e design moderni. Questo coltello \u00e8 progettato per gli utenti pi\u00f9 esigenti che chiedono prestazioni, durata ed estetica, tutto in uno. Grazie all&#8217;impiego dell&#8217;acciaio di Damasco e al design esclusivo con motivo &#8220;Gun Fighter&#8221;, questo coltello non \u00e8 solo uno strumento funzionale, ma anche un oggetto da collezione.  <\/p>\n<h3>Specifiche tecniche<\/h3>\n<p>\ud83d\udd2a  <strong>Lama:<\/strong><\/p>\n<ul data-spread=\"false\">\n<li><strong>Lunghezza:<\/strong> circa 8-9 cm, ideale per un uso generico e per lavori pi\u00f9 impegnativi.<\/li>\n<li><strong>Materiale:<\/strong> <strong>acciaio di Damasco<\/strong> : una lama forgiata a mano con un motivo unico che non solo ha un aspetto straordinario, ma offre anche eccellenti propriet\u00e0 di taglio e durata.<\/li>\n<li><strong>Forma:<\/strong> Punta a goccia: una forma versatile per tagli di precisione, pugnalate e varie attivit\u00e0 quotidiane.<\/li>\n<li><strong>Finitura:<\/strong> damasco forgiato a mano con dettagli eleganti ispirati all&#8217;estetica militare che conferiscono al coltello un aspetto unico.<\/li>\n<\/ul>\n<p>\ud83d\udd90 <strong>Maniglia:<\/strong><\/p>\n<ul data-spread=\"false\">\n<li><strong>Materiale:<\/strong> <strong>Titanio<\/strong> di alta qualit\u00e0, un materiale leggero e durevole che garantisce una lunga durata del coltello e un utilizzo confortevole.<\/li>\n<li><strong>Design:<\/strong> finitura in titanio anodizzato in nero o grigio scuro, che conferisce un aspetto moderno ma evidenzia anche la natura robusta del coltello.<\/li>\n<li><strong>Design ergonomico<\/strong> : l&#8217;impugnatura \u00e8 progettata per una presa sicura e confortevole anche durante un uso prolungato.<\/li>\n<\/ul>\n<p>\u2699 <strong>Meccanismo:<\/strong><\/p>\n<ul data-spread=\"false\">\n<li><strong>Apertura:<\/strong> il coltello \u00e8 dotato di un meccanismo <strong>di blocco del telaio<\/strong> per bloccare saldamente la lama durante l&#8217;uso.<\/li>\n<li><strong>Velocit\u00e0:<\/strong> il meccanismo garantisce un&#8217;apertura fluida e rapida del coltello, ideale per un dispiegamento rapido.<\/li>\n<\/ul>\n<p>\u2696 <strong>Peso:<\/strong><\/p>\n<ul data-spread=\"false\">\n<li>Circa 150-170 g: il coltello \u00e8 sufficientemente pesante per una presa solida ed equilibrata, ma abbastanza leggero per il trasporto quotidiano.<\/li>\n<\/ul>\n<p>\ud83d\udccc <strong>Altre caratteristiche:<\/strong><\/p>\n<ul data-spread=\"false\">\n<li><strong>Edizione limitata<\/strong> : il coltello fa parte di un&#8217;edizione esclusiva, il che lo rende un oggetto da collezione molto apprezzato.<\/li>\n<li><strong>Produzione CNC di precisione<\/strong> : ogni pezzo \u00e8 realizzato con la massima cura e attenzione ai dettagli.<\/li>\n<li><strong>Clip in acciaio<\/strong> per un facile trasporto e fissaggio agli indumenti o allo zaino.<\/li>\n<\/ul>\n<h3>Propriet\u00e0 chiave:<\/h3>\n<p>\u2705 <strong>Edizione limitata<\/strong> : un pezzo perfetto per il collezionista che cerca qualcosa di unico e raro.<br \/>\n\u2705 <strong>Acciaio di Damasco<\/strong> : lama forgiata a mano con un motivo unico che unisce bellezza e funzionalit\u00e0.<br \/>\n\u2705 <strong>Apertura rapida<\/strong> : affidabile meccanismo di blocco del telaio per un&#8217;apertura rapida e sicura.<br \/>\n\u2705 <strong>Design Gun Fighter<\/strong> : design ispirato all&#8217;estetica militare per un look autentico.<\/p>\n<h3>Utilizzo:<\/h3>\n<p>\ud83c\udfaf <strong>Articolo da collezione<\/strong> : edizione limitata con splendido damasco, ideale per gli amanti dei coltelli.<br \/>\n\ud83d\udd2a <strong>EDC (Everyday Carry)<\/strong> : un coltello funzionale e di alta qualit\u00e0 per l&#8217;uso quotidiano, che offre anche un aspetto unico e affidabilit\u00e0.<br \/>\n\ud83d\udd27 <strong>Uso tattico<\/strong> : grazie alla sua costruzione di alta qualit\u00e0 e alla sua durevolezza, \u00e8 adatto anche a situazioni tattiche in cui velocit\u00e0, prestazioni e affidabilit\u00e0 sono importanti.<\/p>\n<h3>Vantaggi e svantaggi:<\/h3>\n<p>\u2705  <strong>Vantaggi:<\/strong><\/p>\n<ul data-spread=\"false\">\n<li>Design unico con lama in Damasco forgiata a mano ed estetica militare.<\/li>\n<li>Materiali di alta qualit\u00e0 e lavorazione accurata.<\/li>\n<li>Apertura rapida e sicura grazie al meccanismo di blocco del telaio.<\/li>\n<li>Edizione limitata, il che lo rende un prezioso oggetto da collezione.<\/li>\n<\/ul>\n<p>\u274c <strong>Svantaggi:<\/strong><\/p>\n<ul data-spread=\"false\">\n<li>Prezzo pi\u00f9 elevato dovuto all&#8217;esclusivit\u00e0 del modello e dei materiali utilizzati.<\/li>\n<li>Disponibilit\u00e0 limitata a causa della produzione limitata.<\/li>\n<li>In alcune giurisdizioni potrebbero essere in vigore leggi severe in merito al porto di coltelli pieghevoli.<\/li>\n<\/ul>\n<h3>Conclusione:<\/h3>\n<p>Lo Spartan Blades Harsey Ronin Gun Fighter Nichols Damascus \u00e8 un coltello eccezionale che unisce grandi prestazioni a un design accattivante. Questo coltello \u00e8 perfetto per i collezionisti che cercano qualcosa di unico, ma anche per gli utenti che cercano uno strumento affidabile e bello per l&#8217;uso quotidiano. L&#8217;edizione limitata e l&#8217;uso dell&#8217;acciaio Damasco forgiato a mano rendono questo coltello un pezzo raro e molto richiesto <strong>\ud83d\ude80 \ud83d\udd2a<\/strong>  <\/p>\n","protected":false},"excerpt":{"rendered":"<p><strong>Lo Spartan Blades Harsey Ronin Gun Fighter Nichols Damascus \u00e8 un coltello eccezionale che unisce grandi prestazioni a un design accattivante. Questo coltello \u00e8 perfetto per i collezionisti che cercano qualcosa di unico, ma anche per gli utenti che cercano uno strumento affidabile e bello per l&#8217;uso quotidiano. L&#8217;edizione limitata e l&#8217;uso dell&#8217;acciaio Damasco forgiato a mano rendono questo coltello un pezzo raro e molto richiesto \ud83d\ude80 \ud83d\udd2a  <\/strong><\/p>\n<p><strong>Trasporto gratuito.<\/strong><\/p>\n","protected":false},"featured_media":390396,"comment_status":"open","ping_status":"closed","template":"","meta":[],"pwb-brand":[3834],"product_brand":[],"product_cat":[3745,3761,3749],"product_tag":[],"class_list":{"0":"post-390400","1":"product","2":"type-product","3":"status-publish","4":"has-post-thumbnail","6":"pwb-brand-lame-spartane","7":"product_cat-coltelli","8":"product_cat-coltelli-damascenati","9":"product_cat-coltelli-di-chiusura","11":"first","12":"instock","13":"taxable","14":"shipping-taxable","15":"purchasable","16":"product-type-simple"},"brands":[{"id":3834,"name":"Lame spartane","slug":"lame-spartane"}],"_links":{"self":[{"href":"https:\/\/www.moskito.cz\/it\/wp-json\/wp\/v2\/product\/390400","targetHints":{"allow":["GET"]}}],"collection":[{"href":"https:\/\/www.moskito.cz\/it\/wp-json\/wp\/v2\/product"}],"about":[{"href":"https:\/\/www.moskito.cz\/it\/wp-json\/wp\/v2\/types\/product"}],"replies":[{"embeddable":true,"href":"https:\/\/www.moskito.cz\/it\/wp-json\/wp\/v2\/comments?post=390400"}],"wp:featuredmedia":[{"embeddable":true,"href":"https:\/\/www.moskito.cz\/it\/wp-json\/wp\/v2\/media\/390396"}],"wp:attachment":[{"href":"https:\/\/www.moskito.cz\/it\/wp-json\/wp\/v2\/media?parent=390400"}],"wp:term":[{"taxonomy":"pwb-brand","embeddable":true,"href":"https:\/\/www.moskito.cz\/it\/wp-json\/wp\/v2\/pwb-brand?post=390400"},{"taxonomy":"product_brand","embeddable":true,"href":"https:\/\/www.moskito.cz\/it\/wp-json\/wp\/v2\/product_brand?post=390400"},{"taxonomy":"product_cat","embeddable":true,"href":"https:\/\/www.moskito.cz\/it\/wp-json\/wp\/v2\/product_cat?post=390400"},{"taxonomy":"product_tag","embeddable":true,"href":"https:\/\/www.moskito.cz\/it\/wp-json\/wp\/v2\/product_tag?post=390400"}],"curies":[{"name":"wp","href":"https:\/\/api.w.org\/{rel}","templated":true}]}}