{"id":390408,"date":"2025-02-11T21:32:14","date_gmt":"2025-02-11T20:32:14","guid":{"rendered":"https:\/\/www.moskito.cz\/produkt\/spartan-blades-custom-harsey-nichols-coltello-pieghevole-damasco-blu\/"},"modified":"2025-09-29T00:00:02","modified_gmt":"2025-09-28T23:00:02","slug":"spartan-blades-custom-harsey-nichols-coltello-pieghevole-damasco-blu","status":"publish","type":"product","link":"https:\/\/www.moskito.cz\/it\/produkt\/spartan-blades-custom-harsey-nichols-coltello-pieghevole-damasco-blu\/","title":{"rendered":"Spartan Blades Custom Harsey Nichols Coltello pieghevole Damasco blu"},"content":{"rendered":"<article class=\"w-full text-token-text-primary focus-visible:outline-2 focus-visible:outline-offset-[-4px]\" dir=\"auto\" data-testid=\"conversation-turn-13\" data-scroll-anchor=\"false\">\n<div class=\"m-auto text-base py-[18px] px-6\">\n<div class=\"mx-auto flex flex-1 gap-4 text-base md:gap-5 lg:gap-6 md:max-w-3xl\">\n<div class=\"group\/conversation-turn relative flex w-full min-w-0 flex-col agent-turn @xs\/thread:px-0 @sm\/thread:px-1.5 @md\/thread:px-4\">\n<div class=\"flex-col gap-1 md:gap-3\">\n<div class=\"flex max-w-full flex-col flex-grow\">\n<div class=\"min-h-8 text-message flex w-full flex-col items-end gap-2 whitespace-normal break-words text-start [.text-message+&amp;]:mt-5\" dir=\"auto\" data-message-author-role=\"assistant\" data-message-id=\"f6d2922e-d430-436d-be1a-27ce524b9993\" data-message-model-slug=\"gpt-4o-mini\">\n<div class=\"flex w-full flex-col gap-1 empty:hidden first:pt-[3px]\">\n<div class=\"markdown prose w-full break-words dark:prose-invert light\">\n<p data-start=\"0\" data-end=\"67\"><strong data-start=\"0\" data-end=\"67\"><span>Spartan Blades Custom Harsey Nichols Coltello pieghevole Damasco blu<\/span><\/strong><\/p>\n<p data-start=\"69\" data-end=\"430\"><span>Lo Spartan Blades Custom Harsey Nichols Damascus Blue \u00e8 un modello di coltello esclusivo che unisce materiali di alta qualit\u00e0 e artigianalit\u00e0 artistica con tecnologie moderne. Questo coltello \u00e8 un ottimo esempio di lavorazione artigianale realizzata in acciaio Damasco e presenta un design dettagliato che cattura l&#8217;attenzione ed \u00e8 adatto sia ai collezionisti che agli utenti pi\u00f9 esigenti. <\/span><\/p>\n<h3 data-start=\"432\" data-end=\"457\"><span>Specifiche tecniche<\/span><\/h3>\n<p data-start=\"459\" data-end=\"472\"><span>\ud83d\udd2a<\/span> <strong data-start=\"462\" data-end=\"472\"><span>Lama:<\/span><\/strong><\/p>\n<ul data-start=\"473\" data-end=\"942\">\n<li data-start=\"473\" data-end=\"553\"><strong data-start=\"475\" data-end=\"485\"><span>Lunghezza:<\/span><\/strong> <span>circa<\/span><\/li>\n<li data-start=\"554\" data-end=\"733\"><strong data-start=\"556\" data-end=\"569\"><span>Materiale:<\/span><\/strong> <span>**Acciaio di Damasco<\/span> <strong data-start=\"570\" data-end=\"587\"><span>Acciaio di Damasco<\/span><\/strong> <span>\u2013 ciascuno<\/span><\/li>\n<li data-start=\"734\" data-end=\"831\"><strong data-start=\"736\" data-end=\"745\"><span>Forma:<\/span><\/strong> <span>D<\/span><\/li>\n<li data-start=\"832\" data-end=\"942\"><strong data-start=\"834\" data-end=\"855\"><span>Trattamento superficiale:<\/span><\/strong> <span>artigianale<\/span><\/li>\n<\/ul>\n<p data-start=\"944\" data-end=\"959\"><span>\ud83d\udd90<\/span> <strong data-start=\"947\" data-end=\"959\"><span>Maniglia:<\/span><\/strong><\/p>\n<ul data-start=\"960\" data-end=\"1350\">\n<li data-start=\"960\" data-end=\"1099\"><strong data-start=\"962\" data-end=\"975\"><span>Materiale:<\/span><\/strong> <span>Vy<\/span> <strong data-start=\"992\" data-end=\"1004\"><span>titanium<\/span><\/strong> <span>: un materiale leggero, resistente e durevole che garantisce comfort nell&#8217;uso e un&#8217;eccellente durata.<\/span><\/li>\n<li data-start=\"1100\" data-end=\"1222\"><strong data-start=\"1102\" data-end=\"1113\"><span>Design:<\/span><\/strong> <span>la finitura in titanio anodizzato blu aggiunge valore estetico e conferisce un aspetto moderno ma elegante.<\/span><\/li>\n<li data-start=\"1223\" data-end=\"1350\"><strong data-start=\"1225\" data-end=\"1247\"><span>Design ergonomico<\/span><\/strong> <span>: l&#8217;impugnatura \u00e8 progettata per una presa comoda, garantendo un utilizzo sicuro anche se impugnata per lunghi periodi di tempo.<\/span><\/li>\n<\/ul>\n<p data-start=\"1352\" data-end=\"1370\"><span>\u2699<\/span> <strong data-start=\"1354\" data-end=\"1370\"><span>Meccanismo:<\/span><\/strong><\/p>\n<ul data-start=\"1371\" data-end=\"1586\">\n<li data-start=\"1371\" data-end=\"1500\"><strong data-start=\"1373\" data-end=\"1387\"><span>Apertura:<\/span><\/strong> <span>il coltello \u00e8 dotato di un affidabile<\/span> meccanismo <strong data-start=\"1415\" data-end=\"1429\"><span>di blocco del telaio<\/span><\/strong> <span>che garantisce il bloccaggio sicuro della lama durante l&#8217;uso.<\/span><\/li>\n<li data-start=\"1501\" data-end=\"1586\"><strong data-start=\"1503\" data-end=\"1516\"><span>Velocit\u00e0:<\/span><\/strong> <span>il meccanismo \u00e8 fluido ed efficiente e consente al coltello di aprirsi rapidamente.<\/span><\/li>\n<\/ul>\n<p data-start=\"1588\" data-end=\"1603\"><span>\u2696<\/span> <strong data-start=\"1590\" data-end=\"1603\"><span>Peso:<\/span><\/strong><\/p>\n<ul data-start=\"1604\" data-end=\"1772\">\n<li data-start=\"1604\" data-end=\"1772\"><span>Circa 150-170 g: offre una struttura solida ed equilibrata, sufficientemente leggera per l&#8217;uso quotidiano, ma sufficientemente robusta per le attivit\u00e0 pi\u00f9 impegnative.<\/span><\/li>\n<\/ul>\n<p data-start=\"1774\" data-end=\"1798\"><span>\ud83d\udccc<\/span> <strong data-start=\"1777\" data-end=\"1798\"><span>Altre caratteristiche:<\/span><\/strong><\/p>\n<ul data-start=\"1799\" data-end=\"2075\">\n<li data-start=\"1799\" data-end=\"1911\"><strong data-start=\"1801\" data-end=\"1821\"><span>Edizione limitata<\/span><\/strong> <span>: questo coltello fa parte di un&#8217;edizione esclusiva, il che lo rende un oggetto da collezione molto ricercato.<\/span><\/li>\n<li data-start=\"1912\" data-end=\"2000\"><strong data-start=\"1914\" data-end=\"1937\"><span>Produzione CNC di precisione<\/span><\/strong> <span>: ogni pezzo viene lavorato con la massima cura e attenzione ai dettagli.<\/span><\/li>\n<li data-start=\"2001\" data-end=\"2075\"><strong data-start=\"2003\" data-end=\"2019\"><span>Clip in acciaio<\/span><\/strong> <span>per un facile trasporto e fissaggio agli indumenti o allo zaino.<\/span><\/li>\n<\/ul>\n<h3 data-start=\"2077\" data-end=\"2100\"><span>Propriet\u00e0 chiave:<\/span><\/h3>\n<p data-start=\"2101\" data-end=\"2481\"><span>\u2705<\/span> <strong data-start=\"2103\" data-end=\"2123\"><span>Edizione limitata<\/span><\/strong> <span>: un pezzo perfetto per collezionisti e utenti esigenti alla ricerca di qualcosa di unico.<\/span> <br data-start=\"2205\" data-end=\"2208\"><span>\u2705<\/span> <strong data-start=\"2210\" data-end=\"2227\"><span>Acciaio di Damasco<\/span><\/strong> <span>: lama forgiata a mano con motivo unico ed eccellenti propriet\u00e0 di taglio.<\/span> <br data-start=\"2314\" data-end=\"2317\"><span>\u2705<\/span> <strong data-start=\"2319\" data-end=\"2339\"><span>Apertura rapida<\/span><\/strong> <span>: meccanismo di blocco del telaio efficiente e affidabile.<\/span> <br data-start=\"2388\" data-end=\"2391\"><span>\u2705<\/span> <strong data-start=\"2393\" data-end=\"2419\"><span>Anodizzazione blu titanio<\/span><\/strong> <span>: un design moderno ed estetico che aumenta l&#8217;attrattiva dei coltelli.<\/span><\/p>\n<h3 data-start=\"2483\" data-end=\"2495\"><span>Utilizzo:<\/span><\/h3>\n<p data-start=\"2496\" data-end=\"2878\"><span>\ud83c\udfaf<\/span> <strong data-start=\"2499\" data-end=\"2521\"><span>Articolo da collezione<\/span><\/strong> <span>: edizione limitata con splendido damasco, ideale per i collezionisti di coltelli.<\/span> <br data-start=\"2597\" data-end=\"2600\"> <span>\ud83d\udd2a<\/span> <strong data-start=\"2603\" data-end=\"2627\"><span>EDC (Everyday Carry)<\/span><\/strong> <span>: un coltello di alta qualit\u00e0 ed elegante per le attivit\u00e0 quotidiane, che offre anche un aspetto unico e un&#8217;elevata funzionalit\u00e0.<\/span> <br data-start=\"2732\" data-end=\"2735\"> <span>\ud83d\udd27<\/span> <strong data-start=\"2738\" data-end=\"2758\"><span>Uso tattico<\/span><\/strong> <span>: grazie alla sua costruzione di alta qualit\u00e0 e alla sua durevolezza, \u00e8 adatto anche per l&#8217;uso tattico, in cui affidabilit\u00e0 e rapidit\u00e0 di utilizzo sono importanti.<\/span><\/p>\n<h3 data-start=\"2880\" data-end=\"2902\"><span>Vantaggi e svantaggi:<\/span><\/h3>\n<p data-start=\"2903\" data-end=\"2916\"><span>\u2705<\/span> <strong data-start=\"2905\" data-end=\"2916\"><span>Vantaggi:<\/span><\/strong><\/p>\n<ul data-start=\"2917\" data-end=\"3156\">\n<li data-start=\"2917\" data-end=\"2986\"><span>Design unico con lama in Damasco forgiata a mano e titanio blu.<\/span><\/li>\n<li data-start=\"2987\" data-end=\"3035\"><span>Materiali di alta qualit\u00e0 e lavorazione accurata.<\/span><\/li>\n<li data-start=\"3036\" data-end=\"3095\"><span>Apertura rapida e affidabile grazie al meccanismo di blocco del telaio.<\/span><\/li>\n<li data-start=\"3096\" data-end=\"3156\"><span>Edizione limitata, il che lo rende un prezioso oggetto da collezione.<\/span><\/li>\n<\/ul>\n<p data-start=\"3158\" data-end=\"3173\"><span>\u274c<\/span> <strong data-start=\"3160\" data-end=\"3173\"><span>Svantaggi:<\/span><\/strong><\/p>\n<ul data-start=\"3174\" data-end=\"3362\">\n<li data-start=\"3174\" data-end=\"3239\"><span>Prezzo pi\u00f9 elevato dovuto all&#8217;esclusivit\u00e0 del modello e dei materiali utilizzati.<\/span><\/li>\n<li data-start=\"3240\" data-end=\"3285\"><span>Disponibilit\u00e0 limitata a causa della produzione limitata.<\/span><\/li>\n<li data-start=\"3286\" data-end=\"3362\"><span>In alcune giurisdizioni potrebbero essere in vigore leggi severe in merito al porto di coltelli pieghevoli.<\/span><\/li>\n<\/ul>\n<h3 data-start=\"3364\" data-end=\"3374\"><span>conclusione:<\/span><\/h3>\n<p data-start=\"3375\" data-end=\"3697\" data-is-last-node=\"\"><span>Lo Spartan Blades Custom Harsey Nichols Damascus Blue \u00e8 un coltello eccezionale che unisce prestazioni eccellenti, un design accattivante e un&#8217;edizione limitata. Grazie all&#8217;utilizzo dell&#8217;acciaio Damasco forgiato a mano e all&#8217;anodizzazione in titanio blu, questo \u00e8 un pezzo unico per i collezionisti, ma anche per gli utenti che cercano un coltello di alta qualit\u00e0 e affidabile per l&#8217;uso quotidiano \ud83d\ude80 \ud83d\udd2a <\/span><\/p>\n<\/div>\n<\/div>\n<\/div>\n<\/div>\n<div class=\"mb-2 flex gap-3 empty:hidden -ml-2\">\n<div class=\"items-center justify-start rounded-xl p-1 z-10 -mt-1 bg-token-main-surface-primary screen-arch:mt-1 md:absolute flex\">\n<div class=\"flex items-center\"><\/div>\n<\/div>\n<\/div>\n<div class=\"pr-2 lg:pr-0\"><\/div>\n<\/div>\n<\/div>\n<\/div>\n<\/div>\n<\/article>\n","protected":false},"excerpt":{"rendered":"<p><strong>Lo Spartan Blades Custom Harsey Nichols Damascus Blue \u00e8 un coltello eccezionale che unisce prestazioni eccellenti, un design accattivante e un&#8217;edizione limitata. Grazie all&#8217;utilizzo dell&#8217;acciaio Damasco forgiato a mano e all&#8217;anodizzazione in titanio blu, questo \u00e8 un pezzo unico per i collezionisti, ma anche per gli utenti che cercano un coltello di alta qualit\u00e0 e affidabile per l&#8217;uso quotidiano \ud83d\ude80 \ud83d\udd2a <\/strong><\/p>\n<p><strong>Trasporto gratuito.<\/strong><\/p>\n","protected":false},"featured_media":390310,"comment_status":"open","ping_status":"closed","template":"","meta":[],"pwb-brand":[3834],"product_brand":[],"product_cat":[3745,3761,3749],"product_tag":[],"class_list":{"0":"post-390408","1":"product","2":"type-product","3":"status-publish","4":"has-post-thumbnail","6":"pwb-brand-lame-spartane","7":"product_cat-coltelli","8":"product_cat-coltelli-damascenati","9":"product_cat-coltelli-di-chiusura","11":"first","12":"instock","13":"taxable","14":"shipping-taxable","15":"purchasable","16":"product-type-simple"},"brands":[{"id":3834,"name":"Lame spartane","slug":"lame-spartane"}],"_links":{"self":[{"href":"https:\/\/www.moskito.cz\/it\/wp-json\/wp\/v2\/product\/390408","targetHints":{"allow":["GET"]}}],"collection":[{"href":"https:\/\/www.moskito.cz\/it\/wp-json\/wp\/v2\/product"}],"about":[{"href":"https:\/\/www.moskito.cz\/it\/wp-json\/wp\/v2\/types\/product"}],"replies":[{"embeddable":true,"href":"https:\/\/www.moskito.cz\/it\/wp-json\/wp\/v2\/comments?post=390408"}],"wp:featuredmedia":[{"embeddable":true,"href":"https:\/\/www.moskito.cz\/it\/wp-json\/wp\/v2\/media\/390310"}],"wp:attachment":[{"href":"https:\/\/www.moskito.cz\/it\/wp-json\/wp\/v2\/media?parent=390408"}],"wp:term":[{"taxonomy":"pwb-brand","embeddable":true,"href":"https:\/\/www.moskito.cz\/it\/wp-json\/wp\/v2\/pwb-brand?post=390408"},{"taxonomy":"product_brand","embeddable":true,"href":"https:\/\/www.moskito.cz\/it\/wp-json\/wp\/v2\/product_brand?post=390408"},{"taxonomy":"product_cat","embeddable":true,"href":"https:\/\/www.moskito.cz\/it\/wp-json\/wp\/v2\/product_cat?post=390408"},{"taxonomy":"product_tag","embeddable":true,"href":"https:\/\/www.moskito.cz\/it\/wp-json\/wp\/v2\/product_tag?post=390408"}],"curies":[{"name":"wp","href":"https:\/\/api.w.org\/{rel}","templated":true}]}}