{"id":396540,"date":"2025-03-09T16:42:48","date_gmt":"2025-03-09T15:42:48","guid":{"rendered":"https:\/\/www.moskito.cz\/?post_type=product&#038;p=396540"},"modified":"2025-06-28T12:30:59","modified_gmt":"2025-06-28T11:30:59","slug":"pevny-nuz-extrema-ratio-nk1-desert-warfare-04-1000-0123-dw","status":"publish","type":"product","link":"https:\/\/www.moskito.cz\/it\/produkt\/pevny-nuz-extrema-ratio-nk1-desert-warfare-04-1000-0123-dw\/","title":{"rendered":"Pevn\u00fd N\u016f\u017e Extrema Ratio NK1 DESERT WARFARE 04.1000.0123\/DW"},"content":{"rendered":"<div class=\"flex max-w-full flex-col flex-grow\">\n<div class=\"min-h-8 text-message relative flex w-full flex-col items-end gap-2 whitespace-normal break-words text-start [.text-message+&amp;]:mt-5\" dir=\"auto\" data-message-author-role=\"assistant\" data-message-id=\"d848da13-72c5-49cd-a0e1-adb3999a5554\" data-message-model-slug=\"gpt-4o\">\n<div class=\"flex w-full flex-col gap-1 empty:hidden first:pt-[3px]\">\n<div class=\"markdown prose w-full break-words dark:prose-invert light\">\n<h3 data-start=\"0\" data-end=\"67\">\ud83d\udd25 Pevn\u00fd N\u016f\u017e Extrema Ratio NK1 DESERT WARFARE 04.1000.0123\/DW<\/h3>\n<p data-start=\"69\" data-end=\"396\">\ud83d\udd2a <strong data-start=\"72\" data-end=\"108\">Extrema Ratio NK1 DESERT WARFARE<\/strong> je ultrakompaktn\u00ed taktick\u00fd n\u016f\u017e s pevnou \u010depel\u00ed, navr\u017een\u00fd pro skryt\u00e9 no\u0161en\u00ed a rychl\u00e9 pou\u017eit\u00ed. D\u00edky extr\u00e9mn\u00ed odolnosti a efektivn\u00ed ergonomii se jedn\u00e1 o ide\u00e1ln\u00ed volbu pro profesion\u00e1ly v ozbrojen\u00fdch slo\u017ek\u00e1ch i civiln\u00ed u\u017eivatele, kte\u0159\u00ed hledaj\u00ed maxim\u00e1ln\u00ed spolehlivost v minim\u00e1ln\u00edm proveden\u00ed.<\/p>\n<hr data-start=\"398\" data-end=\"401\" \/>\n<h2 data-start=\"403\" data-end=\"422\">\ud83d\udcd0 Specifikace<\/h2>\n<ul data-start=\"423\" data-end=\"754\">\n<li data-start=\"423\" data-end=\"452\"><strong data-start=\"425\" data-end=\"443\">Celkov\u00e1 d\u00e9lka:<\/strong> 12.9 cm<\/li>\n<li data-start=\"453\" data-end=\"480\"><strong data-start=\"455\" data-end=\"472\">D\u00e9lka \u010depele:<\/strong> 5.1 cm<\/li>\n<li data-start=\"481\" data-end=\"512\"><strong data-start=\"483\" data-end=\"503\">Tlou\u0161\u0165ka \u010depele:<\/strong> 6.3 mm<\/li>\n<li data-start=\"513\" data-end=\"569\"><strong data-start=\"515\" data-end=\"524\">Ocel:<\/strong> N690 (s povrchovou \u00fapravou Desert Warfare)<\/li>\n<li data-start=\"570\" data-end=\"593\"><strong data-start=\"572\" data-end=\"584\">Tvrdost:<\/strong> 58 HRC<\/li>\n<li data-start=\"594\" data-end=\"655\"><strong data-start=\"596\" data-end=\"608\">Rukoje\u0165:<\/strong> Integr\u00e1ln\u00ed konstrukce s ergonomick\u00fdm v\u00fd\u0159ezem<\/li>\n<li data-start=\"656\" data-end=\"678\"><strong data-start=\"658\" data-end=\"671\">Hmotnost:<\/strong> 56 g<\/li>\n<li data-start=\"679\" data-end=\"754\"><strong data-start=\"681\" data-end=\"693\">Pouzdro:<\/strong> Kydex s mo\u017enost\u00ed zav\u011b\u0161en\u00ed na krk nebo MOLLE kompatibilitou<\/li>\n<\/ul>\n<hr data-start=\"756\" data-end=\"759\" \/>\n<h2 data-start=\"761\" data-end=\"787\">\ud83c\udfaf Kl\u00ed\u010dov\u00e9 vlastnosti<\/h2>\n<p data-start=\"789\" data-end=\"1188\">\u2705 <strong data-start=\"791\" data-end=\"819\">Ultrakompaktn\u00ed velikost:<\/strong> Ide\u00e1ln\u00ed pro skryt\u00e9 no\u0161en\u00ed a rychl\u00fd p\u0159\u00edstup.<br data-start=\"863\" data-end=\"866\" \/>\u2705 <strong data-start=\"868\" data-end=\"890\">Maxim\u00e1ln\u00ed pevnost:<\/strong> \u010cepel z jednoho kusu oceli N690 s extr\u00e9mn\u00ed odolnost\u00ed.<br data-start=\"944\" data-end=\"947\" \/>\u2705 <strong data-start=\"949\" data-end=\"971\">Ergonomick\u00fd \u00fachop:<\/strong> Optimalizov\u00e1n pro pevn\u00e9 dr\u017een\u00ed navzdory mal\u00e9 velikosti.<br data-start=\"1027\" data-end=\"1030\" \/>\u2705 <strong data-start=\"1032\" data-end=\"1067\">Taktick\u00e1 \u00faprava Desert Warfare:<\/strong> Speci\u00e1ln\u00ed maskov\u00e1n\u00ed minimalizuje odlesky.<br data-start=\"1109\" data-end=\"1112\" \/>\u2705 <strong data-start=\"1114\" data-end=\"1136\">Flexibiln\u00ed no\u0161en\u00ed:<\/strong> Kydexov\u00e9 pouzdro umo\u017e\u0148uje r\u016fzn\u00e9 zp\u016fsoby uchycen\u00ed.<\/p>\n<hr data-start=\"1190\" data-end=\"1193\" \/>\n<h2 data-start=\"1195\" data-end=\"1233\">\ud83d\udcdc Historick\u00fd kontext a inspirace<\/h2>\n<p data-start=\"1234\" data-end=\"1599\">Model <strong data-start=\"1240\" data-end=\"1247\">NK1<\/strong> (Neck Knife) byl vyvinut jako odpov\u011b\u010f na po\u017eadavky speci\u00e1ln\u00edch jednotek a profesion\u00e1l\u016f v boji zbl\u00edzka. Inspirace poch\u00e1z\u00ed z tradi\u010dn\u00edch skryt\u00fdch no\u017e\u016f pou\u017e\u00edvan\u00fdch v tajn\u00fdch operac\u00edch, kde je kl\u00ed\u010dov\u00e1 rychlost a spolehlivost. Desert Warfare \u00faprava je navr\u017eena pro pou\u017eit\u00ed v aridn\u00edch a pou\u0161tn\u00edch podm\u00ednk\u00e1ch, \u010d\u00edm\u017e poskytuje v\u00fdhodu v extr\u00e9mn\u00edch prost\u0159ed\u00edch.<\/p>\n<hr data-start=\"1601\" data-end=\"1604\" \/>\n<h2 data-start=\"1606\" data-end=\"1638\">\u2696\ufe0f Bezpe\u010dnost a legislativa<\/h2>\n<p data-start=\"1639\" data-end=\"1788\">D\u00edky pevn\u00e9 \u010depeli a kompaktn\u00edm rozm\u011br\u016fm m\u016f\u017ee b\u00fdt no\u0161en\u00ed NK1 DW v n\u011bkter\u00fdch zem\u00edch regulov\u00e1no. P\u0159ed pou\u017eit\u00edm doporu\u010dujeme ov\u011b\u0159it m\u00edstn\u00ed legislativu.<\/p>\n<hr data-start=\"1790\" data-end=\"1793\" \/>\n<h2 data-start=\"1795\" data-end=\"1835\">\ud83c\udf92 P\u0159\u00edslu\u0161enstv\u00ed a mo\u017enosti upgradu<\/h2>\n<p data-start=\"1836\" data-end=\"1860\">\ud83d\udccc Sou\u010d\u00e1st\u00ed balen\u00ed je:<\/p>\n<ul data-start=\"1861\" data-end=\"1982\">\n<li data-start=\"1861\" data-end=\"1901\"><strong data-start=\"1863\" data-end=\"1899\">Extrema Ratio NK1 DESERT WARFARE<\/strong><\/li>\n<li data-start=\"1902\" data-end=\"1946\"><strong data-start=\"1904\" data-end=\"1944\">Kydexov\u00e9 pouzdro s mo\u017enost\u00ed zav\u011b\u0161en\u00ed<\/strong><\/li>\n<li data-start=\"1947\" data-end=\"1982\"><strong data-start=\"1949\" data-end=\"1980\">Paracord pro no\u0161en\u00ed na krku<\/strong><\/li>\n<\/ul>\n<p data-start=\"1984\" data-end=\"2005\">Doporu\u010den\u00e9 dopl\u0148ky:<\/p>\n<ul data-start=\"2006\" data-end=\"2156\">\n<li data-start=\"2006\" data-end=\"2056\">Kvalitn\u00ed diamantov\u00e9 brousky pro precizn\u00ed ost\u0159\u00ed<\/li>\n<li data-start=\"2057\" data-end=\"2105\">MOLLE adapt\u00e9r pro upevn\u011bn\u00ed na vestu \u010di batoh<\/li>\n<li data-start=\"2106\" data-end=\"2156\">Taktick\u00fd olej na \u010depel pro dlouhodobou ochranu<\/li>\n<\/ul>\n<hr data-start=\"2158\" data-end=\"2161\" \/>\n<h2 data-start=\"2163\" data-end=\"2188\">\ud83e\uddfd \u00dadr\u017eba a brou\u0161en\u00ed<\/h2>\n<p data-start=\"2189\" data-end=\"2427\">\ud83d\udd39 <strong data-start=\"2192\" data-end=\"2204\">\u010ci\u0161t\u011bn\u00ed:<\/strong> Po pou\u017eit\u00ed ot\u0159ete \u010depel a pravideln\u011b aplikujte antikorozn\u00ed olej.<br data-start=\"2269\" data-end=\"2272\" \/>\ud83d\udd39 <strong data-start=\"2275\" data-end=\"2288\">Brou\u0161en\u00ed:<\/strong> Doporu\u010duje se jemn\u00fd diamantov\u00fd nebo keramick\u00fd brousek.<br data-start=\"2343\" data-end=\"2346\" \/>\ud83d\udd39 <strong data-start=\"2349\" data-end=\"2364\">Skladov\u00e1n\u00ed:<\/strong> V such\u00e9m prost\u0159ed\u00ed, ide\u00e1ln\u011b v pouzd\u0159e pro bezpe\u010dn\u00e9 uchycen\u00ed.<\/p>\n<hr data-start=\"2429\" data-end=\"2432\" \/>\n<h2 data-start=\"2434\" data-end=\"2454\">\ud83d\udd27 Extra v\u00fdhody<\/h2>\n<p data-start=\"2455\" data-end=\"2636\">\u2b50 <strong data-start=\"2457\" data-end=\"2477\">Do\u017eivotn\u00ed z\u00e1ruka<\/strong> \u2013 garance kvality Extrema Ratio<br data-start=\"2509\" data-end=\"2512\" \/>\ud83d\ude9a <strong data-start=\"2515\" data-end=\"2533\">Doprava zdarma<\/strong> \u2013 plat\u00ed pro v\u0161echny objedn\u00e1vky tohoto modelu<br data-start=\"2578\" data-end=\"2581\" \/>\ud83c\udf96 <strong data-start=\"2584\" data-end=\"2604\">Exkluzivn\u00ed model<\/strong> \u2013 nen\u00ed b\u011b\u017en\u011b dostupn\u00fd na trhu<\/p>\n<hr data-start=\"2638\" data-end=\"2641\" \/>\n<h2 data-start=\"2643\" data-end=\"2675\">\ud83d\udd0e Srovn\u00e1n\u00ed s jin\u00fdmi modely<\/h2>\n<p data-start=\"2677\" data-end=\"2908\">Ve srovn\u00e1n\u00ed s <strong data-start=\"2691\" data-end=\"2712\">Extrema Ratio NK2<\/strong> je model NK1 DW krat\u0161\u00ed a kompaktn\u011bj\u0161\u00ed (56 mm oproti 74 mm d\u00e9lky \u010depele), co\u017e z n\u011bj d\u011bl\u00e1 vhodn\u011bj\u0161\u00ed variantu pro skryt\u00e9 no\u0161en\u00ed. NK2 je naopak robustn\u011bj\u0161\u00ed a nab\u00edz\u00ed lep\u0161\u00ed \u00fachop p\u0159i v\u011bt\u0161\u00edch \u00fakolech.<\/p>\n<p data-start=\"2910\" data-end=\"3162\">Oproti <strong data-start=\"2917\" data-end=\"2947\">Extrema Ratio Satre Desert<\/strong> je NK1 DW v\u00fdrazn\u011b krat\u0161\u00ed a leh\u010d\u00ed, p\u0159i\u010dem\u017e Satre m\u00e1 plnohodnotnou rukoje\u0165 a del\u0161\u00ed \u010depel (96 mm), co\u017e ho \u010din\u00ed vhodn\u011bj\u0161\u00edm pro n\u00e1ro\u010dn\u011bj\u0161\u00ed \u00fakoly. NK1 DW je v\u0161ak l\u00e9pe p\u0159izp\u016fsoben pro skryt\u00e9 no\u0161en\u00ed a rychlou manipulaci.<\/p>\n<p data-start=\"3164\" data-end=\"3364\">V porovn\u00e1n\u00ed s <strong data-start=\"3178\" data-end=\"3208\">Extrema Ratio Misericordia<\/strong> m\u00e1 NK1 DW krat\u0161\u00ed \u010depel a je optimalizov\u00e1n pro p\u0159\u00edm\u00e9 skryt\u00e9 no\u0161en\u00ed, zat\u00edmco Misericordia je v\u011bt\u0161\u00ed a navr\u017eena jako vojensk\u00fd z\u00e1lo\u017en\u00ed n\u016f\u017e pro bojov\u00e9 situace.<\/p>\n<hr data-start=\"3366\" data-end=\"3369\" \/>\n<h2 data-start=\"3371\" data-end=\"3384\">\ud83d\udccc Z\u00e1v\u011br<\/h2>\n<p data-start=\"3386\" data-end=\"3752\"><strong data-start=\"3386\" data-end=\"3422\">Extrema Ratio NK1 DESERT WARFARE<\/strong> je perfektn\u00ed volbou pro ty, kte\u0159\u00ed hledaj\u00ed <strong data-start=\"3465\" data-end=\"3514\">ultrakompaktn\u00ed, odoln\u00fd a spolehliv\u00fd pevn\u00fd n\u016f\u017e<\/strong> ur\u010den\u00fd pro skryt\u00e9 no\u0161en\u00ed. D\u00edky sv\u00e9 lehkosti a pevn\u00e9 integr\u00e1ln\u00ed konstrukci je ide\u00e1ln\u00ed jako taktick\u00fd n\u016f\u017e posledn\u00ed instance. Oproti v\u011bt\u0161\u00edm model\u016fm nab\u00edz\u00ed vynikaj\u00edc\u00ed mobilitu a nen\u00e1padnost, p\u0159i\u010dem\u017e si zachov\u00e1v\u00e1 extr\u00e9mn\u00ed pevnost a odolnost.<\/p>\n<p data-start=\"3754\" data-end=\"3838\">Pokud pot\u0159ebujete <strong data-start=\"3772\" data-end=\"3811\">mal\u00fd, ale extr\u00e9mn\u011b \u00fa\u010dinn\u00fd pevn\u00fd n\u016f\u017e<\/strong>, NK1 DW je skv\u011bl\u00e1 volba.<\/p>\n<hr data-start=\"3840\" data-end=\"3843\" \/>\n<h2 data-start=\"3845\" data-end=\"3869\">\ud83d\udcac Objednejte nyn\u00ed!<\/h2>\n<p data-start=\"3870\" data-end=\"4032\"><strong data-start=\"3870\" data-end=\"3906\">Extrema Ratio NK1 DESERT WARFARE<\/strong> je k dispozici ve <strong data-start=\"3925\" data-end=\"3952\">velmi omezen\u00e9m mno\u017estv\u00ed<\/strong>. Vyu\u017eijte <strong data-start=\"3963\" data-end=\"3981\">dopravu zdarma<\/strong> a do\u017eivotn\u00ed z\u00e1ruku na tento exkluzivn\u00ed model. \ud83d\uded2<\/p>\n<p data-start=\"4034\" data-end=\"4075\" data-is-last-node=\"\" data-is-only-node=\"\">\ud83d\udd17 <strong data-start=\"4037\" data-end=\"4075\" data-is-last-node=\"\">Ne\u010dekejte \u2013 objednejte je\u0161t\u011b dnes!<\/strong><\/p>\n<\/div>\n<\/div>\n<\/div>\n<\/div>\n<div class=\"mb-2 flex gap-3 -ml-2\" tabindex=\"0\">\n<div class=\"flex items-center justify-start rounded-xl p-1\">\n<div class=\"flex items-center\"><\/div>\n<\/div>\n<\/div>\n","protected":false},"excerpt":{"rendered":"<p data-start=\"3386\" data-end=\"3752\"><strong>Extrema Ratio NK1 DESERT WARFARE je perfektn\u00ed volbou pro ty, kte\u0159\u00ed hledaj\u00ed ultrakompaktn\u00ed, odoln\u00fd a spolehliv\u00fd pevn\u00fd n\u016f\u017e ur\u010den\u00fd pro skryt\u00e9 no\u0161en\u00ed. D\u00edky sv\u00e9 lehkosti a pevn\u00e9 integr\u00e1ln\u00ed konstrukci je ide\u00e1ln\u00ed jako taktick\u00fd n\u016f\u017e posledn\u00ed instance. Oproti v\u011bt\u0161\u00edm model\u016fm nab\u00edz\u00ed vynikaj\u00edc\u00ed mobilitu a nen\u00e1padnost, p\u0159i\u010dem\u017e si zachov\u00e1v\u00e1 extr\u00e9mn\u00ed pevnost a odolnost.<\/strong><\/p>\n<p data-start=\"3754\" data-end=\"3838\"><strong>Pokud pot\u0159ebujete mal\u00fd, ale extr\u00e9mn\u011b \u00fa\u010dinn\u00fd pevn\u00fd n\u016f\u017e, NK1 DW je skv\u011bl\u00e1 volba.<\/strong><\/p>\n<p data-start=\"3754\" data-end=\"3838\"><strong>\ud83d\udce6 Objednejte nyn\u00ed a m\u00e1te dopravu zdarma \ud83d\ude9a<\/strong><\/p>\n","protected":false},"featured_media":396557,"comment_status":"open","ping_status":"closed","template":"","meta":[],"pwb-brand":[267],"product_brand":[],"product_cat":[17,23],"product_tag":[3990],"class_list":{"0":"post-396540","1":"product","2":"type-product","3":"status-publish","4":"has-post-thumbnail","6":"pwb-brand-extrema-ratio","7":"product_cat-noze","8":"product_cat-pevne-noze","9":"product_tag-new","11":"first","12":"instock","13":"taxable","14":"shipping-taxable","15":"purchasable","16":"product-type-simple"},"brands":[{"id":267,"name":"Extrema Ratio","slug":"extrema-ratio"}],"_links":{"self":[{"href":"https:\/\/www.moskito.cz\/it\/wp-json\/wp\/v2\/product\/396540","targetHints":{"allow":["GET"]}}],"collection":[{"href":"https:\/\/www.moskito.cz\/it\/wp-json\/wp\/v2\/product"}],"about":[{"href":"https:\/\/www.moskito.cz\/it\/wp-json\/wp\/v2\/types\/product"}],"replies":[{"embeddable":true,"href":"https:\/\/www.moskito.cz\/it\/wp-json\/wp\/v2\/comments?post=396540"}],"wp:featuredmedia":[{"embeddable":true,"href":"https:\/\/www.moskito.cz\/it\/wp-json\/wp\/v2\/media\/396557"}],"wp:attachment":[{"href":"https:\/\/www.moskito.cz\/it\/wp-json\/wp\/v2\/media?parent=396540"}],"wp:term":[{"taxonomy":"pwb-brand","embeddable":true,"href":"https:\/\/www.moskito.cz\/it\/wp-json\/wp\/v2\/pwb-brand?post=396540"},{"taxonomy":"product_brand","embeddable":true,"href":"https:\/\/www.moskito.cz\/it\/wp-json\/wp\/v2\/product_brand?post=396540"},{"taxonomy":"product_cat","embeddable":true,"href":"https:\/\/www.moskito.cz\/it\/wp-json\/wp\/v2\/product_cat?post=396540"},{"taxonomy":"product_tag","embeddable":true,"href":"https:\/\/www.moskito.cz\/it\/wp-json\/wp\/v2\/product_tag?post=396540"}],"curies":[{"name":"wp","href":"https:\/\/api.w.org\/{rel}","templated":true}]}}