{"id":398107,"date":"2025-03-17T14:26:41","date_gmt":"2025-03-31T09:33:07","guid":{"rendered":"https:\/\/www.moskito.cz\/produkt\/frank-beltrame-stiletto-bayonet-ram-horn-knife-28cm\/"},"modified":"2025-05-07T11:28:53","modified_gmt":"2025-05-07T10:28:53","slug":"frank-beltrame-stiletto-bayonet-ram-horn-knife-28cm","status":"publish","type":"product","link":"https:\/\/www.moskito.cz\/it\/produkt\/frank-beltrame-stiletto-bayonet-ram-horn-knife-28cm\/","title":{"rendered":"Frank Beltrame Stiletto Bayonet Ram Horn Knife 28cm"},"content":{"rendered":"<p data-pm-slice=\"1 1 []\">\ud83d\udd25 <strong>Frank Beltrame Stiletto Bayonet Ram Horn Knife 28 cm<\/strong><\/p>\n<p>\ud83d\udd2a  <strong>Frank Beltrame Stiletto Baionetta Corno di Ariete 28 cm<\/strong>  \u00c8  <strong>coltello pieghevole tradizionale italiano<\/strong>che combina  <strong>design classico, lavorazione artigianale precisa e materiali eccezionali<\/strong>. Questo modello \u00e8 dotato di <strong>un&#8217;elegante impugnatura in vero corno di montone<\/strong> , che gli conferisce un aspetto unico ed esclusivo. La lama a <strong>baionetta<\/strong> in <strong>acciaio inossidabile<\/strong> lucidato garantisce lunga durata ed eccellenti propriet\u00e0 di taglio.  <\/p>\n<div>\n<hr>\n<\/div>\n<h2>\ud83d\udcd0 Specifiche<\/h2>\n<ul data-spread=\"false\">\n<li><strong>Lunghezza totale:<\/strong> 28 cm<\/li>\n<li><strong>Lunghezza lama:<\/strong> 11 cm<\/li>\n<li><strong>Spessore lama:<\/strong> 3 mm<\/li>\n<li><strong>Materiale lama:<\/strong> AISI 420 MA5M<\/li>\n<li><strong>Durezza:<\/strong> 56 HRC<\/li>\n<li><strong>Bordo:<\/strong> bordo liscio<\/li>\n<li><strong>Forma della lama:<\/strong> Baionetta<\/li>\n<li><strong>Finitura superficiale:<\/strong> lama lucidata<\/li>\n<li><strong>Materiale del manico:<\/strong> vero corno di montone<\/li>\n<li><strong>Blocco:<\/strong> Lockback (sicurezza tradizionale)<\/li>\n<li><strong>Peso:<\/strong> 160g<\/li>\n<\/ul>\n<div>\n<hr>\n<\/div>\n<h2>\ud83c\udfaf Caratteristiche principali<\/h2>\n<p>\u2705 <strong>Fatto a mano in Italia<\/strong> : ogni pezzo \u00e8 un originale con una texture del manico unica.<br \/>\n\u2705 <strong>Manico in vero corno di montone<\/strong> : un materiale naturale autentico dall&#8217;aspetto elegante.<br \/>\n\u2705 <strong>Lama in acciaio inox AISI 420 MA5M lucidato<\/strong> : resistente alla corrosione, facile da affilare.<br \/>\n\u2705 <strong>Profilo della lama a baionetta classico<\/strong> : ideale per tagli precisi e pugnalate.<br \/>\n\u2705 <strong>Meccanismo di sgancio rapido<\/strong> : apertura fluida con la semplice pressione di un pulsante.<br \/>\n\u2705 <strong>Sistema di sicurezza Lockback<\/strong> : bloccaggio saldo e sicuro della lama.<\/p>\n<div>\n<hr>\n<\/div>\n<h2>\ud83d\udcdc Storia del marchio Frank Beltrame<\/h2>\n<p>Frank Beltrame \u00e8 <strong>un rinomato marchio italiano<\/strong> la cui storia risale agli anni &#8217;50. I coltelli <strong>stiletto<\/strong> sono un simbolo <strong>della tradizione artigianale italiana<\/strong> e sono diventati iconici grazie al <strong>loro design elegante, al meccanismo preciso e alla lavorazione di alta qualit\u00e0<\/strong> .   <\/p>\n<div>\n<hr>\n<\/div>\n<h2>\u2696\ufe0f Confronto con altri modelli<\/h2>\n<p>\ud83d\udd39 <strong>Frank Beltrame Ram Horn vs. Buffalo Horn<\/strong> \u2013 Il modello <strong>Buffalo Horn<\/strong> ha un manico pi\u00f9 scuro, mentre <strong>il Ram Horn ha una consistenza pi\u00f9 chiara ed esclusiva<\/strong> .<\/p>\n<p>\ud83d\udd39 <strong>Frank Beltrame contro AKC Swinguard<\/strong> \u2013 L&#8217;AKC Swinguard ha un diverso tipo di sicura, mentre il Beltrame Stiletto mantiene <strong>la classica sicura Lockback<\/strong> .<\/p>\n<p>\ud83d\udd39 <strong>Frank Beltrame contro Microtech Ultratech<\/strong> \u2013 Microtech \u00e8 un moderno <strong>coltello OTF<\/strong> , mentre <strong>Stiletto \u00e8 un coltello tradizionale italiano con un design storico<\/strong> .<\/p>\n<div>\n<hr>\n<\/div>\n<h2>\ud83d\udcdc Uso e scopo<\/h2>\n<p>\ud83d\udd38 <strong>Un pezzo da collezione<\/strong> , grazie alla produzione artigianale e ai materiali di prima qualit\u00e0.<br \/>\n\ud83d\udd38 <strong>Accessorio di stile<\/strong> : design elegante e senza tempo.<br \/>\n\ud83d\udd38 <strong>Everyday Carry (EDC)<\/strong> : un coltello leggero e compatto adatto alle attivit\u00e0 quotidiane.<\/p>\n<div>\n<hr>\n<\/div>\n<h2>\ud83c\udf92 Accessori e contenuto della confezione<\/h2>\n<p>\ud83d\udccc <strong>Il pacchetto include:<\/strong><br \/>\n \u2714 <strong>Frank Beltrame Stiletto Bayonet Ram Horn coltello pieghevole 28 cm<\/strong><br \/>\n \u2714 Copertura protettiva  <\/p>\n<p>\ud83d\udccc <strong>Accessori consigliati:<\/strong><br \/>\n \ud83d\udd39 Custodia in pelle di lusso<br \/>\n \ud83d\udd39 Olio speciale per lame<br \/>\n \ud83d\udd39 Panno protettivo per lucidare il manico<\/p>\n<div>\n<hr>\n<\/div>\n<h2>\ud83d\udd27 Manutenzione e durata<\/h2>\n<p>\ud83d\udd39 <strong>Pulizia:<\/strong> dopo l&#8217;uso, pulire la lama con un panno asciutto e applicare un olio protettivo.<br \/>\n\ud83d\udd39 <strong>Macinazione:<\/strong> utilizzare pietre per macinazione di qualit\u00e0 per una macinatura fine.<br \/>\n\ud83d\udd39 <strong>Conservazione:<\/strong> conservare in un luogo asciutto, preferibilmente in una custodia protettiva.<\/p>\n<div>\n<hr>\n<\/div>\n<h2>\ud83d\udd25 Perch\u00e9 acquistare ora?<\/h2>\n<p>\u2b50 <strong>Materiali esclusivi e realizzati a mano<\/strong> : ogni pezzo \u00e8 originale.<br \/>\n\ud83d\ude9a <strong>Spedizione gratuita<\/strong> : si applica a tutti gli ordini di questo modello.<br \/>\n\ud83c\udf96 <strong>Qualit\u00e0 tradizionale italiana<\/strong> : un investimento in un coltello con una storia.<\/p>\n<div>\n<hr>\n<\/div>\n<h2>\ud83d\udccc Conclusion<\/h2>\n<p><strong>Il Frank Beltrame Stiletto Bayonet Ram Horn da 28 cm<\/strong> \u00e8 <strong>un coltello pieghevole elegante, da collezione e prestigioso<\/strong> che unisce <strong>design classico, lavorazione artigianale di alto livello e materiali di prima qualit\u00e0<\/strong> . Se cerchi <strong>uno stiletto lussuoso e funzionale<\/strong> , questo modello \u00e8 <strong>la scelta ideale<\/strong> ! <\/p>\n<div>\n<hr>\n<\/div>\n<p>\ud83d\udd17 <strong>Ordina oggi stesso il tuo Frank Beltrame Stiletto Bayonet Ram Horn da 28 cm!<\/strong> \ud83d\udd25<\/p>\n","protected":false},"excerpt":{"rendered":"<p>Il Frank Beltrame Stiletto Bayonet Ram Horn da 28 cm \u00e8 un coltello pieghevole elegante, da collezione e prestigioso che unisce design classico, alta artigianalit\u00e0 e materiali di prima qualit\u00e0. Se cerchi uno stiletto lussuoso e funzionale, questo modello \u00e8 la scelta perfetta! <\/p>\n","protected":false},"featured_media":397773,"comment_status":"open","ping_status":"closed","template":"","meta":[],"pwb-brand":[3780],"product_brand":[],"product_cat":[3745,3748],"product_tag":[4008],"class_list":{"0":"post-398107","1":"product","2":"type-product","3":"status-publish","4":"has-post-thumbnail","6":"pwb-brand-beltrame-it","7":"product_cat-coltelli","8":"product_cat-coltelli-da-tiro","9":"product_tag-nuovo","11":"first","12":"outofstock","13":"taxable","14":"shipping-taxable","15":"purchasable","16":"product-type-simple"},"brands":[{"id":3780,"name":"Beltrame","slug":"beltrame-it"}],"_links":{"self":[{"href":"https:\/\/www.moskito.cz\/it\/wp-json\/wp\/v2\/product\/398107","targetHints":{"allow":["GET"]}}],"collection":[{"href":"https:\/\/www.moskito.cz\/it\/wp-json\/wp\/v2\/product"}],"about":[{"href":"https:\/\/www.moskito.cz\/it\/wp-json\/wp\/v2\/types\/product"}],"replies":[{"embeddable":true,"href":"https:\/\/www.moskito.cz\/it\/wp-json\/wp\/v2\/comments?post=398107"}],"wp:featuredmedia":[{"embeddable":true,"href":"https:\/\/www.moskito.cz\/it\/wp-json\/wp\/v2\/media\/397773"}],"wp:attachment":[{"href":"https:\/\/www.moskito.cz\/it\/wp-json\/wp\/v2\/media?parent=398107"}],"wp:term":[{"taxonomy":"pwb-brand","embeddable":true,"href":"https:\/\/www.moskito.cz\/it\/wp-json\/wp\/v2\/pwb-brand?post=398107"},{"taxonomy":"product_brand","embeddable":true,"href":"https:\/\/www.moskito.cz\/it\/wp-json\/wp\/v2\/product_brand?post=398107"},{"taxonomy":"product_cat","embeddable":true,"href":"https:\/\/www.moskito.cz\/it\/wp-json\/wp\/v2\/product_cat?post=398107"},{"taxonomy":"product_tag","embeddable":true,"href":"https:\/\/www.moskito.cz\/it\/wp-json\/wp\/v2\/product_tag?post=398107"}],"curies":[{"name":"wp","href":"https:\/\/api.w.org\/{rel}","templated":true}]}}