{"id":399214,"date":"2024-11-17T18:34:27","date_gmt":"2025-04-16T08:11:18","guid":{"rendered":"https:\/\/www.moskito.cz\/produkt\/coltello-benchmade-shootout-5370bk-07\/"},"modified":"2025-05-07T11:29:01","modified_gmt":"2025-05-07T10:29:01","slug":"coltello-benchmade-shootout-5370bk-07","status":"publish","type":"product","link":"https:\/\/www.moskito.cz\/it\/produkt\/coltello-benchmade-shootout-5370bk-07\/","title":{"rendered":"Coltello Benchmade Shootout 5370BK-07"},"content":{"rendered":"<p>Coltello <strong>Benchmade<\/strong> Shootout 5370BK-07.<\/p>\n<p>Il Benchmade 5370BK-07 Shootout OTF (Out-The-Front) Auto \u00e8 un coltello tattico progettato per offrire funzionalit\u00e0 e durata. Ecco una ripartizione delle specifiche e delle caratteristiche principali: <\/p>\n<p>Lunghezza lama: 8,92 cm<br \/>\nLunghezza totale: 20,88 cm<br \/>\nLunghezza chiusa: 11,97 cm<br \/>\nMateriale della lama: acciaio per utensili CPM-CruWear (noto per l&#8217;eccellente tenuta del filo e la tenacit\u00e0)<br \/>\nSpessore lama: 2,54 mm<br \/>\nDurezza della lama: 63-65 HRC (durezza, che indica un filo forte e durevole)<br \/>\nStile lama: Tanto (con punta spessa ideale per lavori di perforazione)<br \/>\nFinitura della lama: DLC nero (rivestimento in carbonio simile al diamante per una maggiore resistenza alla corrosione)<br \/>\nMateriale dell&#8217;impugnatura: Grivory verde salvia (termoplastica dura e leggera)<br \/>\n Spessore della maniglia: 12,95 mm<br \/>\n Meccanismo di bloccaggio: scorrevole (per il funzionamento sicuro del meccanismo di apertura automatica)<br \/>\n Clip da tasca: trasporto profondo, reversibile e pieghevole<br \/>\n Peso: 2,80 oz. (79,38 g)<br \/>\n Classe: Nero (probabilmente si riferisce a una serie o a una linea di prodotti)<br \/>\n Paese di produzione: Made in USA<br \/>\n Caratteristiche principali:<br \/>\n Meccanismo OTF: lo Shootout \u00e8 dotato di un rapido meccanismo automatico azionato frontalmente che assicura un rapido dispiegamento e ritrazione della lama con la semplice pressione di un pulsante.<br \/>\nDesign tattico e durevole: la lama in acciaio CPM-CruWear garantisce robustezza, resistenza all&#8217;usura e affilatura, mentre l&#8217;impugnatura Grivory offre resistenza e durata per le attivit\u00e0 pi\u00f9 impegnative.<br \/>\nManico verde salvia: il colore verde offre un look tattico che fa parte della variante stagionale aggiunta da Benchmade per gli appassionati di EDC (Everyday Carry).<br \/>\nVersatilit\u00e0: il coltello \u00e8 progettato tenendo a mente la sicurezza personale e l&#8217;utilit\u00e0, rendendolo adatto a una variet\u00e0 di compiti impegnativi, sia per la difesa personale, la sopravvivenza o l&#8217;uso quotidiano.<br \/>\nQuesto modello \u00e8 un perfetto esempio dell&#8217;impegno di Benchmade verso la lavorazione artigianale di alta qualit\u00e0 e presenta un design robusto e intuitivo, studiato appositamente per applicazioni tattiche.<\/p>\n<p>&nbsp;<\/p>\n<p>&nbsp;<\/p>\n","protected":false},"excerpt":{"rendered":"<p><strong>Il coltello \u00e8 progettato tenendo a mente la sicurezza e l&#8217;utilit\u00e0 personale, rendendolo adatto a una variet\u00e0 di compiti impegnativi, sia per la difesa personale, la sopravvivenza o l&#8217;uso quotidiano.<\/strong><\/p>\n<p><strong>Spedizione gratuita.<\/strong><\/p>\n","protected":false},"featured_media":373127,"comment_status":"open","ping_status":"closed","template":"","meta":[],"pwb-brand":[3976],"product_brand":[],"product_cat":[3745,3748],"product_tag":[],"class_list":{"0":"post-399214","1":"product","2":"type-product","3":"status-publish","4":"has-post-thumbnail","6":"pwb-brand-fatto-in-banco","7":"product_cat-coltelli","8":"product_cat-coltelli-da-tiro","10":"first","11":"outofstock","12":"taxable","13":"shipping-taxable","14":"purchasable","15":"product-type-simple"},"brands":[{"id":3976,"name":"Fatto in banco","slug":"fatto-in-banco"}],"_links":{"self":[{"href":"https:\/\/www.moskito.cz\/it\/wp-json\/wp\/v2\/product\/399214","targetHints":{"allow":["GET"]}}],"collection":[{"href":"https:\/\/www.moskito.cz\/it\/wp-json\/wp\/v2\/product"}],"about":[{"href":"https:\/\/www.moskito.cz\/it\/wp-json\/wp\/v2\/types\/product"}],"replies":[{"embeddable":true,"href":"https:\/\/www.moskito.cz\/it\/wp-json\/wp\/v2\/comments?post=399214"}],"wp:featuredmedia":[{"embeddable":true,"href":"https:\/\/www.moskito.cz\/it\/wp-json\/wp\/v2\/media\/373127"}],"wp:attachment":[{"href":"https:\/\/www.moskito.cz\/it\/wp-json\/wp\/v2\/media?parent=399214"}],"wp:term":[{"taxonomy":"pwb-brand","embeddable":true,"href":"https:\/\/www.moskito.cz\/it\/wp-json\/wp\/v2\/pwb-brand?post=399214"},{"taxonomy":"product_brand","embeddable":true,"href":"https:\/\/www.moskito.cz\/it\/wp-json\/wp\/v2\/product_brand?post=399214"},{"taxonomy":"product_cat","embeddable":true,"href":"https:\/\/www.moskito.cz\/it\/wp-json\/wp\/v2\/product_cat?post=399214"},{"taxonomy":"product_tag","embeddable":true,"href":"https:\/\/www.moskito.cz\/it\/wp-json\/wp\/v2\/product_tag?post=399214"}],"curies":[{"name":"wp","href":"https:\/\/api.w.org\/{rel}","templated":true}]}}