{"id":399235,"date":"2021-03-18T22:28:01","date_gmt":"2025-04-16T08:46:53","guid":{"rendered":"https:\/\/www.moskito.cz\/produkt\/kit-di-utensili-microtech-98-7-mk-con-8-punte\/"},"modified":"2025-07-11T07:53:39","modified_gmt":"2025-07-11T06:53:39","slug":"kit-di-utensili-microtech-98-7-mk-con-8-punte","status":"publish","type":"product","link":"https:\/\/www.moskito.cz\/it\/produkt\/kit-di-utensili-microtech-98-7-mk-con-8-punte\/","title":{"rendered":"Kit di utensili Microtech 98-7 MK con 8 punte"},"content":{"rendered":"<p>Kit di utensili <strong>Microtech<\/strong> 98-7 MK con 8 punte.<\/p>\n<p>In qualit\u00e0 di produttore di coltelli americani di altissima qualit\u00e0, Microtech ha definito gli standard per la produzione di coltelli con la massima precisione, e questo impegno si estende a ogni parte dei suoi coltelli: dalle parti interne, alle impugnature e alle lame, fino alle viti brevettate Microtech. La qualit\u00e0 \u00e8 nei dettagli. <\/p>\n<p>Ogni vite utilizzata nei coltelli <strong>Microtech<\/strong> \u00e8 brevettata. Un cacciavite o una punta standard non sono adatti a queste viti esclusive. Nel corso degli anni \u00e8 aumentata la richiesta di punte che i clienti possono utilizzare per eseguire la manutenzione di base dei loro coltelli Microtech. Ora stiamo soddisfacendo questa esigenza.   <\/p>\n<p>Vi presentiamo il set di utensili <strong>Microtech<\/strong> : questo set di punte include un supporto manuale in acciaio inossidabile 303 e 8 punte intercambiabili che coprono un&#8217;ampia gamma di modelli di coltelli Microtech. Il kit di utensili include punte per: Ultratech (modelli vecchi e nuovi), UTX-85, UTX-70 (modelli vecchi e nuovi), Troodons, Combat Troodons, Diracs, Dirac Delta, LUDT e Sigils; include anche parti per la rottura dei vetri per Ultratech, Combat Troodons e Dirac Delta. I pezzi vengono venduti solo in set e non singolarmente.  <\/p>\n<p>Per quanto riguarda lo smontaggio e la manutenzione del coltello, tieni presente che, sebbene tu possa acquistare pezzi di ricambio per i coltelli (soggetti a disponibilit\u00e0), la sostituzione dei pezzi deve essere eseguita presso Microtech dai suoi tecnici professionisti.<\/p>\n<p>Ci vuole una certa forza per svitare il Red Loctite che Microtech usa su tutti i suoi fori per viti, ed \u00e8 importante ricordare che l&#8217;impugnatura \u00e8 in alluminio. Il telaio del coltello pu\u00f2 essere smontato, rendendo necessaria la sostituzione dell&#8217;impugnatura, operazione non coperta dalla garanzia. Raccomandiamo cautela in tutti i tentativi di smontaggio e raccomandiamo ai clienti che hanno dubbi di inviare il coltello a Microtech e di far loro risolvere eventuali problemi.  <\/p>\n<p><strong>Microtech<\/strong> Knives, azienda americana leader nel settore dei coltelli, ha sempre fissato lo standard nella coltelleria di precisione e questo impegno si estende a ogni parte dei suoi coltelli: dalle parti interne, alle impugnature e alle lame, fino alle viti brevettate Microtech. La qualit\u00e0 sta nei dettagli. <\/p>\n<p>Ogni vite utilizzata su un coltello <strong>Microtech<\/strong> \u00e8 brevettata. Un cacciavite o una punta standard non sono adatti a queste viti esclusive. Nel corso degli anni, la richiesta di punte che i clienti possano utilizzare per eseguire la manutenzione di base dei loro coltelli Microtech \u00e8 aumentata in modo esponenziale. Ora questa esigenza viene soddisfatta.   <\/p>\n<p>Vi presentiamo il kit di utensili <strong>Microtech<\/strong> : questo set di punte \u00e8 composto da un cacciavite portatile in acciaio inossidabile 303 e da 8 punte intercambiabili, adatte a vari modelli e anni di produzione dei coltelli Microtech. Il kit di strumenti contiene pezzi per: Ultratech (modelli vecchi e nuovi), UTX-85, UTX-70 (modelli vecchi e nuovi), Troodons, Combat Troodons, Diracs, Dirac Delta, LUDT e Sigils; include anche punte rompi-vetro per Ultratech, Combat Troodons e Dirac Delta. I pezzi vengono venduti solo in set e non singolarmente.  <\/p>\n<p>Per quanto riguarda lo smontaggio e la manutenzione del coltello, tieni presente che, mentre puoi acquistare parti di ricambio esterne del coltello (in base alla disponibilit\u00e0), la sostituzione delle parti interne deve essere eseguita presso la sede Microtech dai suoi tecnici professionisti.<\/p>\n<p>Richiede una certa forza per essere svitato attraverso il Red Loctite che <strong>Microtech<\/strong> usa su tutti i fori per le viti dei suoi coltelli, ed \u00e8 importante tenere presente che l&#8217;impugnatura \u00e8 in alluminio. Il telaio pu\u00f2 essere smontato, il che richiede la sostituzione della maniglia, operazione non coperta da garanzia. Consigliamo cautela in tutte le operazioni di smontaggio e raccomandiamo ai clienti che non si sentono sicuri di inviare il coltello a Microtech e di lasciare che si occupino di eventuali problemi.  <\/p>\n","protected":false},"excerpt":{"rendered":"<p>Nel corso degli anni, Microtech\u00ae Knives ha infuso passione e competenza nella fabbricazione di coltelli, creando quasi opere d&#8217;arte che rappresentano l&#8217;apice della funzionalit\u00e0. Tutti i componenti sono realizzati negli USA.<br \/>\n <strong>Tutti i coltelli Microtech hanno una garanzia a vita (min. 80.000 cicli, apertura e chiusura)<\/strong><\/p>\n<p> <strong>Spedizione gratuita.<\/strong><\/p>\n","protected":false},"featured_media":399236,"comment_status":"open","ping_status":"closed","template":"","meta":[],"pwb-brand":[3753],"product_brand":[],"product_cat":[3745,3748],"product_tag":[3755],"class_list":{"0":"post-399235","1":"product","2":"type-product","3":"status-publish","4":"has-post-thumbnail","6":"pwb-brand-microtecnologia-it","7":"product_cat-coltelli","8":"product_cat-coltelli-da-tiro","9":"product_tag-b2b-it","11":"first","12":"outofstock","13":"taxable","14":"shipping-taxable","15":"purchasable","16":"product-type-simple"},"brands":[{"id":3753,"name":"Microtecnologia","slug":"microtecnologia-it"}],"_links":{"self":[{"href":"https:\/\/www.moskito.cz\/it\/wp-json\/wp\/v2\/product\/399235","targetHints":{"allow":["GET"]}}],"collection":[{"href":"https:\/\/www.moskito.cz\/it\/wp-json\/wp\/v2\/product"}],"about":[{"href":"https:\/\/www.moskito.cz\/it\/wp-json\/wp\/v2\/types\/product"}],"replies":[{"embeddable":true,"href":"https:\/\/www.moskito.cz\/it\/wp-json\/wp\/v2\/comments?post=399235"}],"wp:featuredmedia":[{"embeddable":true,"href":"https:\/\/www.moskito.cz\/it\/wp-json\/wp\/v2\/media\/399236"}],"wp:attachment":[{"href":"https:\/\/www.moskito.cz\/it\/wp-json\/wp\/v2\/media?parent=399235"}],"wp:term":[{"taxonomy":"pwb-brand","embeddable":true,"href":"https:\/\/www.moskito.cz\/it\/wp-json\/wp\/v2\/pwb-brand?post=399235"},{"taxonomy":"product_brand","embeddable":true,"href":"https:\/\/www.moskito.cz\/it\/wp-json\/wp\/v2\/product_brand?post=399235"},{"taxonomy":"product_cat","embeddable":true,"href":"https:\/\/www.moskito.cz\/it\/wp-json\/wp\/v2\/product_cat?post=399235"},{"taxonomy":"product_tag","embeddable":true,"href":"https:\/\/www.moskito.cz\/it\/wp-json\/wp\/v2\/product_tag?post=399235"}],"curies":[{"name":"wp","href":"https:\/\/api.w.org\/{rel}","templated":true}]}}