{"id":399401,"date":"2025-04-16T11:55:53","date_gmt":"2025-04-16T10:55:53","guid":{"rendered":"https:\/\/www.moskito.cz\/produkt\/coltello-pieghevole-crkt-squid-xm-2495g\/"},"modified":"2025-06-12T09:00:56","modified_gmt":"2025-06-12T08:00:56","slug":"coltello-pieghevole-crkt-squid-xm-2495g","status":"publish","type":"product","link":"https:\/\/www.moskito.cz\/it\/produkt\/coltello-pieghevole-crkt-squid-xm-2495g\/","title":{"rendered":"Coltello pieghevole CRKT Squid XM 2495G"},"content":{"rendered":"<p class=\"\" data-start=\"40\" data-end=\"134\">\ud83d\udd2a <strong data-start=\"43\" data-end=\"134\">Coltello pieghevole CRKT Squid XM Button Lock Gray 2495G: potenza compatta per le sfide quotidiane<\/strong><\/p>\n<p class=\"\" data-start=\"136\" data-end=\"255\"><span class=\"relative -mx-px my-[-0.2rem] rounded px-px py-[0.2rem] transition-colors duration-100 ease-in-out\">Il CRKT Squid XM 2495G \u00e8 una moderna interpretazione del famoso modello Squid del designer Lucas Burnley.<\/span> <span class=\"relative -mx-px my-[-0.2rem] rounded px-px py-[0.2rem] transition-colors duration-100 ease-in-out\">Questo coltello \u00e8 caratterizzato da una struttura robusta, un affidabile meccanismo di blocco dei pulsanti e un design elegante che lo rendono il compagno ideale per l&#8217;uso quotidiano.<\/span><\/p>\n<p class=\"\" data-start=\"257\" data-end=\"282\">\ud83d\udd11 <strong data-start=\"260\" data-end=\"282\">Caratteristiche principali<\/strong><\/p>\n<p class=\"\" data-start=\"284\" data-end=\"296\">\ud83d\udd2a <strong data-start=\"287\" data-end=\"296\">Lama<\/strong><\/p>\n<ul data-start=\"297\" data-end=\"611\">\n<li class=\"\" data-start=\"297\" data-end=\"350\">\n<p class=\"\" data-start=\"299\" data-end=\"350\"><strong data-start=\"299\" data-end=\"311\">Materiale<\/strong> : <span class=\"relative -mx-px my-[-0.2rem] rounded px-px py-[0.2rem] transition-colors duration-100 ease-in-out\">D2 \u2013 acciaio per utensili durevole con eccellente tenuta del filo<\/span><\/p>\n<\/li>\n<li class=\"\" data-start=\"351\" data-end=\"401\">\n<p class=\"\" data-start=\"353\" data-end=\"401\"><strong data-start=\"353\" data-end=\"362\">Lunghezza<\/strong> : <span class=\"relative -mx-px my-[-0.2rem] rounded px-px py-[0.2rem] transition-colors duration-100 ease-in-out\">7,5 cm, lunghezza totale: 18 cm<\/span><\/p>\n<div class=\"detail-properties__value\"><\/div>\n<\/li>\n<li class=\"\" data-start=\"351\" data-end=\"401\">\n<div class=\"detail-properties__value\"><strong data-start=\"404\" data-end=\"416\">Spessore<\/strong> : <span class=\"relative -mx-px my-[-0.2rem] rounded px-px py-[0.2rem] transition-colors duration-100 ease-in-out\">0,26 cm<\/span><\/div>\n<\/li>\n<li class=\"\" data-start=\"456\" data-end=\"505\">\n<p class=\"\" data-start=\"458\" data-end=\"505\"><strong data-start=\"458\" data-end=\"466\">Forma<\/strong> : <span class=\"relative -mx-px my-[-0.2rem] rounded px-px py-[0.2rem] transition-colors duration-100 ease-in-out\">Drop Point \u2013 versatile per vari compiti<\/span><\/p>\n<\/li>\n<li class=\"\" data-start=\"506\" data-end=\"611\">\n<p class=\"\" data-start=\"508\" data-end=\"611\"><strong data-start=\"508\" data-end=\"528\">Trattamento superficiale<\/strong> : <span class=\"relative -mx-px my-[-0.2rem] rounded px-px py-[0.2rem] transition-colors duration-100 ease-in-out\">ossido nero \u2013 resistente alla corrosione e ai graffi<\/span><\/p>\n<\/li>\n<li class=\"\" data-start=\"506\" data-end=\"611\">\n<p class=\"\" data-start=\"508\" data-end=\"611\"><strong data-start=\"616\" data-end=\"627\">Maniglia<\/strong><\/p>\n<\/li>\n<\/ul>\n<ul data-start=\"628\" data-end=\"836\">\n<li class=\"\" data-start=\"628\" data-end=\"683\">\n<p class=\"\" data-start=\"630\" data-end=\"683\"><strong data-start=\"630\" data-end=\"642\">Materiale<\/strong> : <span class=\"relative -mx-px my-[-0.2rem] rounded px-px py-[0.2rem] transition-colors duration-100 ease-in-out\">G10 \u2013 composito leggero e resistente<\/span><\/p>\n<\/li>\n<li class=\"\" data-start=\"684\" data-end=\"736\">\n<p class=\"\" data-start=\"686\" data-end=\"736\"><strong data-start=\"686\" data-end=\"695\">Colore<\/strong> : <span class=\"relative -mx-px my-[-0.2rem] rounded px-px py-[0.2rem] transition-colors duration-100 ease-in-out\">grigio<\/span><\/p>\n<\/li>\n<li class=\"\" data-start=\"737\" data-end=\"836\">\n<p class=\"\" data-start=\"739\" data-end=\"836\"><strong data-start=\"739\" data-end=\"749\">Design<\/strong> : <span class=\"relative -mx-px my-[-0.2rem] rounded px-px py-[0.2rem] transition-colors duration-100 ease-in-out\">superficie testurizzata per una presa sicura<\/span><\/p>\n<\/li>\n<\/ul>\n<p class=\"\" data-start=\"838\" data-end=\"855\">\u26a1 <strong data-start=\"840\" data-end=\"855\">Meccanismo<\/strong><\/p>\n<ul data-start=\"856\" data-end=\"1076\">\n<li class=\"\" data-start=\"856\" data-end=\"919\">\n<p class=\"\" data-start=\"858\" data-end=\"919\"><strong data-start=\"858\" data-end=\"878\">Metodo di apertura<\/strong> : <span class=\"relative -mx-px my-[-0.2rem] rounded px-px py-[0.2rem] transition-colors duration-100 ease-in-out\">Manuale con perno a pollice<\/span><\/p>\n<\/li>\n<li class=\"\" data-start=\"920\" data-end=\"975\">\n<p class=\"\" data-start=\"922\" data-end=\"975\"><strong data-start=\"922\" data-end=\"934\">Sicurezza<\/strong> : <span class=\"relative -mx-px my-[-0.2rem] rounded px-px py-[0.2rem] transition-colors duration-100 ease-in-out\">Blocco pulsanti: bloccaggio lama intuitivo e sicuro<\/span><\/p>\n<\/li>\n<li class=\"\" data-start=\"976\" data-end=\"1076\">\n<p class=\"\" data-start=\"978\" data-end=\"1076\"><strong data-start=\"978\" data-end=\"989\">Cuscinetti<\/strong> : <span class=\"relative -mx-px my-[-0.2rem] rounded px-px py-[0.2rem] transition-colors duration-100 ease-in-out\">IKBS \u2013 funzionamento fluido e veloce della lama<\/span><\/p>\n<\/li>\n<\/ul>\n<p class=\"\" data-start=\"1078\" data-end=\"1100\">\ud83d\udce6 <strong data-start=\"1081\" data-end=\"1100\">Cosa contiene la confezione?<\/strong><\/p>\n<ul data-start=\"1101\" data-end=\"1230\">\n<li class=\"\" data-start=\"1101\" data-end=\"1142\">\n<p class=\"\" data-start=\"1103\" data-end=\"1142\"><span class=\"relative -mx-px my-[-0.2rem] rounded px-px py-[0.2rem] transition-colors duration-100 ease-in-out\">Coltello pieghevole CRKT Squid XM 2495G<\/span><\/p>\n<\/li>\n<li class=\"\" data-start=\"1143\" data-end=\"1230\">\n<p class=\"\" data-start=\"1145\" data-end=\"1230\"><span class=\"relative -mx-px my-[-0.2rem] rounded px-px py-[0.2rem] transition-colors duration-100 ease-in-out\">Scatola originale  <\/span><\/p>\n<\/li>\n<\/ul>\n<p class=\"\" data-start=\"1232\" data-end=\"1246\">\ud83c\udfaf <strong data-start=\"1235\" data-end=\"1246\">Usa<\/strong><\/p>\n<ul data-start=\"1247\" data-end=\"1497\">\n<li class=\"\" data-start=\"1247\" data-end=\"1324\">\n<p class=\"\" data-start=\"1249\" data-end=\"1324\">\ud83d\udc68\u200d\ud83d\udcbc <strong data-start=\"1255\" data-end=\"1282\">Everyday Carry (EDC)<\/strong> \u2013 uno strumento affidabile per le attivit\u00e0 quotidiane<\/p>\n<\/li>\n<li class=\"\" data-start=\"1325\" data-end=\"1382\">\n<p class=\"\" data-start=\"1327\" data-end=\"1382\">\ud83d\udee0\ufe0f <strong data-start=\"1331\" data-end=\"1348\">Lavoro e hobby<\/strong> &#8211; ideale per artigiani e amanti del fai da te<\/p>\n<\/li>\n<li class=\"\" data-start=\"1383\" data-end=\"1497\">\n<p class=\"\" data-start=\"1385\" data-end=\"1497\">\ud83e\udded <strong data-start=\"1388\" data-end=\"1411\">Attivit\u00e0 all&#8217;aperto<\/strong> : un compagno di viaggio compatto e resistente<\/p>\n<\/li>\n<\/ul>\n<p class=\"\" data-start=\"1499\" data-end=\"1531\">\ud83d\udd0d <strong data-start=\"1502\" data-end=\"1531\">Confronto con altri modelli<\/strong><\/p>\n<p class=\"\" data-start=\"1533\" data-end=\"1577\">\ud83d\udcca <strong data-start=\"1536\" data-end=\"1577\">CRKT Squid XM vs. CRKT Squid Original<\/strong><\/p>\n<ul data-start=\"1578\" data-end=\"1795\">\n<li class=\"\" data-start=\"1578\" data-end=\"1633\">\n<p class=\"\" data-start=\"1580\" data-end=\"1633\"><strong data-start=\"1580\" data-end=\"1592\">Dimensioni<\/strong> : <span class=\"relative -mx-px my-[-0.2rem] rounded px-px py-[0.2rem] transition-colors duration-100 ease-in-out\">lo Squid XM \u00e8 pi\u00f9 grande e offre una lama pi\u00f9 lunga<\/span><\/p>\n<\/li>\n<li class=\"\" data-start=\"1634\" data-end=\"1692\">\n<p class=\"\" data-start=\"1636\" data-end=\"1692\"><strong data-start=\"1636\" data-end=\"1651\">Meccanismo<\/strong> : <span class=\"relative -mx-px my-[-0.2rem] rounded px-px py-[0.2rem] transition-colors duration-100 ease-in-out\">Squid XM ha il blocco dei pulsanti, lo Squid originale utilizza il blocco del telaio<\/span><\/p>\n<\/li>\n<li class=\"\" data-start=\"1693\" data-end=\"1795\">\n<p class=\"\" data-start=\"1695\" data-end=\"1795\"><strong data-start=\"1695\" data-end=\"1708\">Ergonomia<\/strong> : <span class=\"relative -mx-px my-[-0.2rem] rounded px-px py-[0.2rem] transition-colors duration-100 ease-in-out\">Squid XM offre una presa migliore grazie a un&#8217;impugnatura pi\u00f9 grande<\/span><\/p>\n<\/li>\n<\/ul>\n<p class=\"\" data-start=\"1797\" data-end=\"1832\">\ud83d\udcca <strong data-start=\"1800\" data-end=\"1832\">CRKT Squid XM contro CRKT Pilar<\/strong><\/p>\n<ul data-start=\"1833\" data-end=\"1986\">\n<li class=\"\" data-start=\"1833\" data-end=\"1886\">\n<p class=\"\" data-start=\"1835\" data-end=\"1886\"><strong data-start=\"1835\" data-end=\"1845\">Design<\/strong> : <span class=\"relative -mx-px my-[-0.2rem] rounded px-px py-[0.2rem] transition-colors duration-100 ease-in-out\">Squid XM ha un aspetto pi\u00f9 moderno, Pilar \u00e8 pi\u00f9 robusto<\/span><\/p>\n<\/li>\n<li class=\"\" data-start=\"1887\" data-end=\"1986\">\n<p class=\"\" data-start=\"1889\" data-end=\"1986\"><strong data-start=\"1889\" data-end=\"1899\">Caratteristiche<\/strong> : <span class=\"relative -mx-px my-[-0.2rem] rounded px-px py-[0.2rem] transition-colors duration-100 ease-in-out\">Entrambi i coltelli sono adatti all&#8217;EDC, ma lo Squid XM offre un&#8217;apertura pi\u00f9 fluida grazie ai cuscinetti IKBS.<\/span><\/p>\n<\/li>\n<\/ul>\n<p class=\"\" data-start=\"1988\" data-end=\"2088\">\ud83d\udcac <strong data-start=\"1991\" data-end=\"2009\">Invito all&#8217;azione<\/strong> \ud83d\udc49 Ordina oggi stesso questo coltello eccezionale e approfitta della <strong data-start=\"2069\" data-end=\"2087\">spedizione gratuita<\/strong> !<\/p>\n<p class=\"\" data-start=\"2090\" data-end=\"2243\">\ud83d\udcdc <strong data-start=\"2093\" data-end=\"2117\">Storia e ispirazione<\/strong> <span class=\"relative -mx-px my-[-0.2rem] rounded px-px py-[0.2rem] transition-colors duration-100 ease-in-out\">Il CRKT Squid XM \u00e8 il risultato della collaborazione con il famoso designer Lucas Burnley.<\/span> <span class=\"relative -mx-px my-[-0.2rem] rounded px-px py-[0.2rem] transition-colors duration-100 ease-in-out\">La sua passione per i coltelli funzionali ed esteticamente accattivanti si riflette in ogni dettaglio di questo modello.<\/span><\/p>\n<p class=\"\" data-start=\"2090\" data-end=\"2243\">\u2696\ufe0f <strong data-start=\"2248\" data-end=\"2276\">Sicurezza e legislazione<\/strong><\/p>\n<ul data-start=\"2277\" data-end=\"2457\">\n<li class=\"\" data-start=\"2277\" data-end=\"2338\">\n<p class=\"\" data-start=\"2279\" data-end=\"2338\">\ud83d\udd12 <strong data-start=\"2282\" data-end=\"2297\">Portare un coltello<\/strong> : <span class=\"relative -mx-px my-[-0.2rem] rounded px-px py-[0.2rem] transition-colors duration-100 ease-in-out\">assicurati di seguire le normative locali sul trasporto di coltelli<\/span><\/p>\n<\/li>\n<li class=\"\" data-start=\"2339\" data-end=\"2457\">\n<p class=\"\" data-start=\"2341\" data-end=\"2457\">\ud83d\udee1\ufe0f <strong data-start=\"2345\" data-end=\"2370\">Blocco di sicurezza<\/strong> : <span class=\"relative -mx-px my-[-0.2rem] rounded px-px py-[0.2rem] transition-colors duration-100 ease-in-out\">il blocco dei pulsanti garantisce un utilizzo sicuro<\/span><\/p>\n<\/li>\n<\/ul>\n<p class=\"\" data-start=\"2459\" data-end=\"2498\">\ud83c\udf92 <strong data-start=\"2462\" data-end=\"2498\">Accessori e opzioni di aggiornamento<\/strong><\/p>\n<ul data-start=\"2499\" data-end=\"2626\">\n<li class=\"\" data-start=\"2499\" data-end=\"2561\">\n<p class=\"\" data-start=\"2501\" data-end=\"2561\">\ud83c\udff7\ufe0f <strong data-start=\"2505\" data-end=\"2528\">Fondina in pelle CRKT<\/strong> : per un trasporto comodo e sicuro<\/p>\n<\/li>\n<li class=\"\" data-start=\"2562\" data-end=\"2626\">\n<p class=\"\" data-start=\"2564\" data-end=\"2626\">\ud83d\udd27 <strong data-start=\"2567\" data-end=\"2592\">Possibilit\u00e0 di personalizzazione<\/strong> : diverse finiture della maniglia<\/p>\n<\/li>\n<\/ul>\n<p class=\"\" data-start=\"2628\" data-end=\"2652\">\ud83e\uddfd <strong data-start=\"2631\" data-end=\"2652\">Manutenzione e rettifica<\/strong><\/p>\n<ul data-start=\"2653\" data-end=\"2825\">\n<li class=\"\" data-start=\"2653\" data-end=\"2722\">\n<p class=\"\" data-start=\"2655\" data-end=\"2722\">\ud83d\udd2a <strong data-start=\"2658\" data-end=\"2681\">Affilatura consigliata<\/strong> : <span class=\"relative -mx-px my-[-0.2rem] rounded px-px py-[0.2rem] transition-colors duration-100 ease-in-out\">pietra per affilatura fine per mantenere un&#8217;affilatura ottimale<\/span><\/p>\n<\/li>\n<li class=\"\" data-start=\"2723\" data-end=\"2825\">\n<p class=\"\" data-start=\"2725\" data-end=\"2825\">\ud83e\uddfc <strong data-start=\"2728\" data-end=\"2738\">Manutenzione<\/strong> : <span class=\"relative -mx-px my-[-0.2rem] rounded px-px py-[0.2rem] transition-colors duration-100 ease-in-out\">pulire e lubrificare regolarmente il meccanismo per un funzionamento regolare<\/span><\/p>\n<\/li>\n<\/ul>\n<p class=\"\" data-start=\"2827\" data-end=\"3045\">\ud83d\udd27 <strong data-start=\"2830\" data-end=\"2846\">Vantaggi extra<\/strong> \u2705 <strong data-start=\"2849\" data-end=\"2869\">Garanzia a vita<\/strong><br data-start=\"2869\" data-end=\"2872\"> \u2705 <strong data-start=\"2874\" data-end=\"2892\">Spedizione gratuita<\/strong><br data-start=\"2892\" data-end=\"2895\"> \u2705 <strong data-start=\"2897\" data-end=\"2936\">Design unico a un prezzo accessibile<\/strong><br data-start=\"2936\" data-end=\"2939\"> \u2705 <strong data-start=\"2941\" data-end=\"2999\">Opzione pagamento alla consegna: paghi solo alla consegna!<\/strong><\/p>\n<p class=\"\" data-start=\"3047\" data-end=\"3185\">\ud83d\udce2 <strong data-start=\"3050\" data-end=\"3059\">Conclusione<\/strong> <span class=\"relative -mx-px my-[-0.2rem] rounded px-px py-[0.2rem] transition-colors duration-100 ease-in-out\">Il coltello pieghevole CRKT Squid XM Button Lock Gray 2495G \u00e8 la scelta ideale per chi cerca uno strumento affidabile, compatto ed elegante per l&#8217;uso quotidiano.<\/span> <span class=\"relative -mx-px my-[-0.2rem] rounded px-px py-[0.2rem] transition-colors duration-100 ease-in-out\">I materiali di alta qualit\u00e0, la lavorazione precisa e il design moderno lo rendono non solo uno strumento pratico, ma anche un accessorio distintivo.<\/span><\/p>\n","protected":false},"excerpt":{"rendered":"<p><strong> <span class=\"relative -mx-px my-[-0.2rem] rounded px-px py-[0.2rem] transition-colors duration-100 ease-in-out\">Il coltello pieghevole CRKT Squid XM Button Lock Gray 2495G \u00e8 la scelta ideale per chi cerca uno strumento affidabile, compatto ed elegante per l&#8217;uso quotidiano.<\/span> <span class=\"relative -mx-px my-[-0.2rem] rounded px-px py-[0.2rem] transition-colors duration-100 ease-in-out\">I materiali di alta qualit\u00e0, la lavorazione precisa e il design moderno lo rendono non solo uno strumento pratico, ma anche un accessorio distintivo.<\/span><\/strong><\/p>\n","protected":false},"featured_media":399322,"comment_status":"open","ping_status":"closed","template":"","meta":[],"pwb-brand":[3763],"product_brand":[],"product_cat":[3745,3749],"product_tag":[],"class_list":{"0":"post-399401","1":"product","2":"type-product","3":"status-publish","4":"has-post-thumbnail","6":"pwb-brand-crkt-it","7":"product_cat-coltelli","8":"product_cat-coltelli-di-chiusura","10":"first","11":"instock","12":"taxable","13":"shipping-taxable","14":"purchasable","15":"product-type-simple"},"brands":[{"id":3763,"name":"CRKT","slug":"crkt-it"}],"_links":{"self":[{"href":"https:\/\/www.moskito.cz\/it\/wp-json\/wp\/v2\/product\/399401","targetHints":{"allow":["GET"]}}],"collection":[{"href":"https:\/\/www.moskito.cz\/it\/wp-json\/wp\/v2\/product"}],"about":[{"href":"https:\/\/www.moskito.cz\/it\/wp-json\/wp\/v2\/types\/product"}],"replies":[{"embeddable":true,"href":"https:\/\/www.moskito.cz\/it\/wp-json\/wp\/v2\/comments?post=399401"}],"wp:featuredmedia":[{"embeddable":true,"href":"https:\/\/www.moskito.cz\/it\/wp-json\/wp\/v2\/media\/399322"}],"wp:attachment":[{"href":"https:\/\/www.moskito.cz\/it\/wp-json\/wp\/v2\/media?parent=399401"}],"wp:term":[{"taxonomy":"pwb-brand","embeddable":true,"href":"https:\/\/www.moskito.cz\/it\/wp-json\/wp\/v2\/pwb-brand?post=399401"},{"taxonomy":"product_brand","embeddable":true,"href":"https:\/\/www.moskito.cz\/it\/wp-json\/wp\/v2\/product_brand?post=399401"},{"taxonomy":"product_cat","embeddable":true,"href":"https:\/\/www.moskito.cz\/it\/wp-json\/wp\/v2\/product_cat?post=399401"},{"taxonomy":"product_tag","embeddable":true,"href":"https:\/\/www.moskito.cz\/it\/wp-json\/wp\/v2\/product_tag?post=399401"}],"curies":[{"name":"wp","href":"https:\/\/api.w.org\/{rel}","templated":true}]}}