{"id":399633,"date":"2022-08-17T20:18:17","date_gmt":"2025-04-17T14:47:08","guid":{"rendered":"https:\/\/www.moskito.cz\/produkt\/coltello-pieghevole-crkt-drifter-black-6450k\/"},"modified":"2025-07-07T16:45:44","modified_gmt":"2025-07-07T15:45:44","slug":"coltello-pieghevole-crkt-drifter-black-6450k","status":"publish","type":"product","link":"https:\/\/www.moskito.cz\/it\/produkt\/coltello-pieghevole-crkt-drifter-black-6450k\/","title":{"rendered":"Coltello pieghevole CRKT DRIFTER BLACK 6450K"},"content":{"rendered":"<div class=\"flex-1 overflow-hidden @container\/thread\">\n<div class=\"h-full\">\n<div class=\"react-scroll-to-bottom--css-vxybp-79elbk h-full\">\n<div class=\"react-scroll-to-bottom--css-vxybp-1n7m0yu\">\n<div class=\"flex flex-col text-sm md:pb-9\">\n<article class=\"w-full scroll-mb-[var(--thread-trailing-height,150px)] text-token-text-primary focus-visible:outline-2 focus-visible:outline-offset-[-4px]\" dir=\"auto\" data-testid=\"conversation-turn-355\" data-scroll-anchor=\"true\">\n<div class=\"m-auto text-base py-[18px] px-3 md:px-4 w-full md:px-5 lg:px-4 xl:px-5\">\n<div class=\"mx-auto flex flex-1 gap-4 text-base md:gap-5 lg:gap-6 md:max-w-3xl\">\n<div class=\"group\/conversation-turn relative flex w-full min-w-0 flex-col agent-turn\">\n<div class=\"flex-col gap-1 md:gap-3\">\n<div class=\"flex max-w-full flex-col flex-grow\">\n<div class=\"min-h-8 text-message flex w-full flex-col items-end gap-2 whitespace-normal break-words text-start [.text-message+&amp;]:mt-5\" dir=\"auto\" data-message-author-role=\"assistant\" data-message-id=\"b438c1e4-79e1-4f9b-9e83-ae1114dca6b5\" data-message-model-slug=\"gpt-4o-mini\">\n<div class=\"flex w-full flex-col gap-1 empty:hidden first:pt-[3px]\">\n<div class=\"markdown prose w-full break-words dark:prose-invert light\">\n<p><strong>Il coltello pieghevole CRKT DRIFTER BLACK 6450K<\/strong> \u00e8 un&#8217;ottima scelta per l&#8217;uso quotidiano grazie alla sua combinazione <strong>di alta qualit\u00e0<\/strong> , <strong>convenienza<\/strong> e <strong>design pratico<\/strong> . Questo modello \u00e8 progettato per offrire ottime caratteristiche e durevolezza, risultando al contempo adatto a un&#8217;ampia gamma di utenti alla ricerca di un coltello affidabile per le attivit\u00e0 quotidiane. <\/p>\n<h3><strong>Caratteristiche principali:<\/strong><\/h3>\n<ol>\n<li><strong>Materiali di qualit\u00e0:<\/strong>\n<ul>\n<li><strong>Acciaio della lama 8Cr14MoV<\/strong> : questo acciaio \u00e8 noto per la sua buona resistenza alla corrosione, l&#8217;alta qualit\u00e0 del tagliente e la lunga durata. \u00c8 la scelta ideale per i coltelli da portare tutti i giorni perch\u00e9 si impugna bene e si affila bene. <\/li>\n<li><strong>Trattamento superficiale al nitruro di titanio<\/strong> : questo trattamento non solo garantisce <strong>un&#8217;elevata resistenza alla corrosione<\/strong> , ma migliora anche la <strong>scorrevolezza<\/strong> della lama, rendendola pi\u00f9 facile da aprire e utilizzare.<\/li>\n<li><strong>Manico in G10<\/strong> : questo materiale \u00e8 estremamente durevole, robusto e allo stesso tempo <strong>leggermente ruvido<\/strong> , il che garantisce <strong>un&#8217;ottima presa<\/strong> e una presa confortevole anche nelle condizioni pi\u00f9 impegnative.<\/li>\n<\/ul>\n<\/li>\n<li><strong>Progettazione pratica:<\/strong>\n<ul>\n<li><strong>Apertura con il pollice<\/strong> : questo meccanismo consente <strong>di aprire il coltello facilmente e rapidamente<\/strong> con una sola mano, il che \u00e8 molto utile nell&#8217;uso quotidiano quando si ha una mano occupata.<\/li>\n<li><strong>Design pieghevole<\/strong> con meccanismo <strong>Liner Lock<\/strong> : questo blocco garantisce stabilit\u00e0 e sicurezza durante l&#8217;uso del coltello, consentendo al contempo una chiusura rapida e semplice della lama con una sola mano.<\/li>\n<\/ul>\n<\/li>\n<li><strong>Compatto e portatile<\/strong> :\n<ul>\n<li><strong>Lunghezza totale 6,50&#8243; (165,10 mm)<\/strong> e <strong>lunghezza da chiuso 3,66&#8243; (92,96 mm)<\/strong> : questo coltello \u00e8 sufficientemente grande per un uso confortevole, ma abbastanza compatto da stare in tasca o appeso a un portachiavi.<\/li>\n<li><strong>Peso leggero 2,40 oz (68,04 g)<\/strong> : il peso leggero rende questo coltello ideale per il trasporto quotidiano, senza essere troppo pesante o appariscente.<\/li>\n<\/ul>\n<\/li>\n<\/ol>\n<h3><strong>Specifiche<\/strong> :<\/h3>\n<ul>\n<li><strong>Lunghezza lama<\/strong> : 2,88&#8243; (73,03 mm)<\/li>\n<li><strong>Lama<\/strong> : liscia (taglio liscio classico)<\/li>\n<li><strong>Materiale della lama<\/strong> : acciaio 8Cr14MoV<\/li>\n<li><strong>Trattamento superficiale della lama<\/strong> : nitruro di titanio<\/li>\n<li><strong>Spessore della lama<\/strong> : 0,09&#8243; (2,31 mm)<\/li>\n<li><strong>Lunghezza totale<\/strong> : 6,50&#8243; (165,10 mm)<\/li>\n<li><strong>Lunghezza chiusa<\/strong> : 3,66&#8243; (92,96 mm)<\/li>\n<li><strong>Peso<\/strong> : 2,40 once (68,04 g)<\/li>\n<li><strong>Maniglia<\/strong> : G10<\/li>\n<li><strong>Stile<\/strong> : coltello pieghevole con <strong>Liner Lock<\/strong><\/li>\n<\/ul>\n<h3><strong>A cosa serve?<\/strong><\/h3>\n<ol>\n<li><strong>Uso quotidiano (EDC)<\/strong> :<br \/>\n Questo coltello \u00e8 ideale per <strong>le attivit\u00e0 quotidiane<\/strong> come aprire pacchi, pacchetti e risolvere piccoli problemi a casa o al lavoro.<\/li>\n<li><strong>Attivit\u00e0 all&#8217;aperto e campeggio<\/strong> :<br \/>\n Anche se \u00e8 pi\u00f9 piccolo e compatto, \u00e8 comunque abbastanza robusto per <strong>le attivit\u00e0 di campeggio<\/strong> come preparare la legna, tagliare le corde e altri piccoli lavori all&#8217;aria aperta.<\/li>\n<li><strong>Lavorare con i materiali<\/strong> :<br \/>\n Questo coltello \u00e8 ideale per <strong>tagliare materiali morbidi<\/strong> come cartone, nastro adesivo o anche <strong>per tagliare corde<\/strong> , un&#8217;operazione comune per i coltelli EDC.<\/li>\n<li><strong>Viaggi e turismo<\/strong> :<br \/>\n Grazie alle sue dimensioni compatte, \u00e8 perfetto per <strong>i viaggi<\/strong> , dove non occupa spazio e puoi averlo sempre a portata di mano per svolgere velocemente e facilmente le attivit\u00e0 della giornata.<\/li>\n<li><strong>Protezione personale<\/strong> :<br \/>\n Sebbene il coltello non sia concepito principalmente per l&#8217;autodifesa, la sua <strong>apertura rapida<\/strong> e <strong>le dimensioni compatte<\/strong> possono rivelarsi utili in situazioni di crisi.<\/li>\n<\/ol>\n<h3><strong>Vantaggi<\/strong> :<\/h3>\n<ul>\n<li><strong>Materiali di alta qualit\u00e0 e durevoli<\/strong> garantiscono una lunga durata.<\/li>\n<li><strong>Dimensioni compatte<\/strong> e <strong>peso leggero<\/strong> per un trasporto confortevole.<\/li>\n<li><strong>Apertura facile<\/strong> e <strong>chiusura sicura<\/strong> grazie al meccanismo Liner Lock.<\/li>\n<li><strong>Il prezzo \u00e8 accessibile al grande pubblico<\/strong> , il che lo rende ideale per chi cerca un coltello economico ma di alta qualit\u00e0.<\/li>\n<li><strong>Adatto alla personalizzazione<\/strong> grazie all&#8217;ampio spazio sulla lama per incisioni o loghi.<\/li>\n<\/ul>\n<h3><strong>Riepilogo<\/strong> :<\/h3>\n<p><strong>Il CRKT Drifter Black 6450K<\/strong> \u00e8 un coltello conveniente, compatto e di alta qualit\u00e0, adatto a un&#8217;ampia gamma di attivit\u00e0, sia nella vita di tutti i giorni, sia durante le attivit\u00e0 all&#8217;aperto o come strumento di viaggio. Realizzato con <strong>materiali resistenti<\/strong> , come <strong>l&#8217;acciaio 8Cr14MoV<\/strong> e <strong>l&#8217;impugnatura G10<\/strong> , offre <strong>un&#8217;apertura facile<\/strong> e <strong>una chiusura sicura<\/strong> , rendendolo la scelta ideale per l&#8217;uso quotidiano. <\/p>\n<\/div>\n<\/div>\n<\/div>\n<\/div>\n<div class=\"mb-2 flex gap-3 empty:hidden -ml-2\">\n<div class=\"items-center justify-start rounded-xl p-1 flex\">\n<div class=\"flex items-center\"><\/div>\n<\/div>\n<\/div>\n<div class=\"pr-2 lg:pr-0\"><\/div>\n<\/div>\n<\/div>\n<\/div>\n<\/div>\n<\/article>\n<\/div>\n<\/div>\n<\/div>\n<\/div>\n<\/div>\n","protected":false},"excerpt":{"rendered":"<p><strong>Il CRKT Drifter Black 6450K \u00e8 un coltello conveniente, compatto e di alta qualit\u00e0, adatto a un&#8217;ampia gamma di attivit\u00e0, sia nella vita di tutti i giorni, sia durante le attivit\u00e0 all&#8217;aperto o come strumento di viaggio. Realizzato con materiali resistenti come l&#8217;acciaio 8Cr14MoV e un&#8217;impugnatura in G10, offre un&#8217;apertura facile e una chiusura sicura, rendendolo la scelta ideale per l&#8217;uso quotidiano. <\/strong><\/p>\n","protected":false},"featured_media":399634,"comment_status":"open","ping_status":"closed","template":"","meta":[],"pwb-brand":[3763],"product_brand":[],"product_cat":[3749,3745],"product_tag":[3755],"class_list":{"0":"post-399633","1":"product","2":"type-product","3":"status-publish","4":"has-post-thumbnail","6":"pwb-brand-crkt-it","7":"product_cat-coltelli-di-chiusura","8":"product_cat-coltelli","9":"product_tag-b2b-it","11":"first","12":"instock","13":"sale","14":"taxable","15":"shipping-taxable","16":"purchasable","17":"product-type-simple"},"brands":[{"id":3763,"name":"CRKT","slug":"crkt-it"}],"_links":{"self":[{"href":"https:\/\/www.moskito.cz\/it\/wp-json\/wp\/v2\/product\/399633","targetHints":{"allow":["GET"]}}],"collection":[{"href":"https:\/\/www.moskito.cz\/it\/wp-json\/wp\/v2\/product"}],"about":[{"href":"https:\/\/www.moskito.cz\/it\/wp-json\/wp\/v2\/types\/product"}],"replies":[{"embeddable":true,"href":"https:\/\/www.moskito.cz\/it\/wp-json\/wp\/v2\/comments?post=399633"}],"wp:featuredmedia":[{"embeddable":true,"href":"https:\/\/www.moskito.cz\/it\/wp-json\/wp\/v2\/media\/399634"}],"wp:attachment":[{"href":"https:\/\/www.moskito.cz\/it\/wp-json\/wp\/v2\/media?parent=399633"}],"wp:term":[{"taxonomy":"pwb-brand","embeddable":true,"href":"https:\/\/www.moskito.cz\/it\/wp-json\/wp\/v2\/pwb-brand?post=399633"},{"taxonomy":"product_brand","embeddable":true,"href":"https:\/\/www.moskito.cz\/it\/wp-json\/wp\/v2\/product_brand?post=399633"},{"taxonomy":"product_cat","embeddable":true,"href":"https:\/\/www.moskito.cz\/it\/wp-json\/wp\/v2\/product_cat?post=399633"},{"taxonomy":"product_tag","embeddable":true,"href":"https:\/\/www.moskito.cz\/it\/wp-json\/wp\/v2\/product_tag?post=399633"}],"curies":[{"name":"wp","href":"https:\/\/api.w.org\/{rel}","templated":true}]}}