{"id":399893,"date":"2022-09-12T20:21:57","date_gmt":"2025-04-22T13:24:04","guid":{"rendered":"https:\/\/www.moskito.cz\/produkt\/coltello-pieghevole-crkt-m16-03ss\/"},"modified":"2025-07-14T11:23:46","modified_gmt":"2025-07-14T10:23:46","slug":"coltello-pieghevole-crkt-m16-03ss","status":"publish","type":"product","link":"https:\/\/www.moskito.cz\/it\/produkt\/coltello-pieghevole-crkt-m16-03ss\/","title":{"rendered":"Coltello pieghevole CRKT M16-03SS"},"content":{"rendered":"<div class=\"flex-1 overflow-hidden @container\/thread\">\n<div class=\"h-full\">\n<div class=\"react-scroll-to-bottom--css-vxybp-79elbk h-full\">\n<div class=\"react-scroll-to-bottom--css-vxybp-1n7m0yu\">\n<div class=\"flex flex-col text-sm md:pb-9\">\n<article class=\"w-full scroll-mb-[var(--thread-trailing-height,150px)] text-token-text-primary focus-visible:outline-2 focus-visible:outline-offset-[-4px]\" dir=\"auto\" data-testid=\"conversation-turn-153\" data-scroll-anchor=\"true\">\n<div class=\"m-auto text-base py-[18px] px-3 md:px-4 w-full md:px-5 lg:px-4 xl:px-5\">\n<div class=\"mx-auto flex flex-1 gap-4 text-base md:gap-5 lg:gap-6 md:max-w-3xl\">\n<div class=\"group\/conversation-turn relative flex w-full min-w-0 flex-col agent-turn\">\n<div class=\"flex-col gap-1 md:gap-3\">\n<div class=\"flex max-w-full flex-col flex-grow\">\n<div class=\"min-h-8 text-message flex w-full flex-col items-end gap-2 whitespace-normal break-words text-start [.text-message+&amp;]:mt-5\" dir=\"auto\" data-message-author-role=\"assistant\" data-message-id=\"bedf3733-6233-48af-b38a-5285e60055e5\" data-message-model-slug=\"gpt-4o-mini\">\n<div class=\"flex w-full flex-col gap-1 empty:hidden first:pt-[3px]\">\n<div class=\"markdown prose w-full break-words dark:prose-invert light\">\n<p><strong>Il coltello pieghevole CRKT M16-03SS<\/strong> \u00e8 una versione migliorata <strong>del famoso modello di Kit Carson<\/strong> , divenuto una leggenda tra <strong>i coltelli<\/strong> <strong>tattici<\/strong> e da uso quotidiano. Questo modello \u00e8 pensato per gli utenti che cercano <strong>elevate prestazioni<\/strong> e <strong>resistenza<\/strong> nell&#8217;uso quotidiano, mantenendo al contempo <strong>le caratteristiche classiche<\/strong> del design originale. Grazie ai materiali di qualit\u00e0 e alle caratteristiche migliorate, l&#8217;M16-03SS offre un&#8217;eccellente combinazione <strong>di utilit\u00e0 pratica<\/strong> e <strong>aspetto tattico<\/strong> .  <\/p>\n<h3>Propriet\u00e0 chiave:<\/h3>\n<ol>\n<li><strong>Progettazione della lama<\/strong> :\n<ul>\n<li><strong>Lunghezza lama<\/strong> : 3,54&#8243; (89,92 mm) \u2013 Questa \u00e8 la lunghezza ideale per <strong>un uso versatile<\/strong> , <strong>dall&#8217;affettatura<\/strong> al <strong>taglio di materiali pi\u00f9 duri<\/strong> .<\/li>\n<li><strong>Affilatura della lama<\/strong> : semplice \u2013 <strong>facile da manutenere e affilare<\/strong> , adatta per <strong>attivit\u00e0 comuni<\/strong> e <strong>tagli di precisione<\/strong> .<\/li>\n<li><strong>Materiale della lama<\/strong> : <strong>acciaio Sandvik 12C27<\/strong> \u2013 <strong>Acciaio inossidabile di alta qualit\u00e0<\/strong> , noto per la sua <strong>elevata resistenza alla corrosione<\/strong> e <strong>la lunga durata della lama<\/strong> . Questo acciaio offre inoltre un&#8217;eccellente <strong>tenuta del filo<\/strong> ed \u00e8 <strong>facile da affilare<\/strong> . <\/li>\n<li><strong>Finitura della lama<\/strong> : <strong>sabbiatura<\/strong> \u2013 una finitura che <strong>riduce al minimo i riflessi<\/strong> e conferisce <strong>un aspetto opaco<\/strong> , utile quando utilizzato in <strong>ambienti tattici o naturali<\/strong> .<\/li>\n<\/ul>\n<\/li>\n<li><strong>Meccanismo tattico e sicuro<\/strong> :\n<ul>\n<li><strong>Blocco del telaio<\/strong> : questo blocco garantisce <strong>una sicurezza solida e stabile<\/strong> durante l&#8217;uso e impedisce l&#8217;apertura accidentale del coltello.<\/li>\n<li><strong>Sicurezza AutoLAWKS\u2122<\/strong> : oltre al blocco del telaio, questo coltello utilizza il sistema <strong>AutoLAWKS\u2122<\/strong> , che garantisce <strong>ulteriore sicurezza<\/strong> durante il trasporto e l&#8217;uso, aumentando <strong>l&#8217;affidabilit\u00e0<\/strong> del coltello.<\/li>\n<\/ul>\n<\/li>\n<li><strong>Maniglia<\/strong> :\n<ul>\n<li><strong>Acciaio inossidabile<\/strong> \u2013 L\u2019impugnatura \u00e8 realizzata in <strong>acciaio inossidabile<\/strong> , che garantisce <strong>robustezza<\/strong> e <strong>resistenza<\/strong> all\u2019usura, nonch\u00e9 <strong>una buona ergonomia<\/strong> . L&#8217;impugnatura presenta una <strong>finitura superficiale<\/strong> sufficientemente resistente da impedire alla mano di scivolare. <\/li>\n<li><strong>Forma ergonomica<\/strong> : la forma dell&#8217;impugnatura \u00e8 <strong>comoda<\/strong> e garantisce <strong>una buona presa<\/strong> anche durante le attivit\u00e0 pi\u00f9 impegnative.<\/li>\n<\/ul>\n<\/li>\n<li><strong>Design compatto e leggero<\/strong> :\n<ul>\n<li><strong>Lunghezza totale<\/strong> : 8,19&#8243; (207,98 mm) \u2013 Abbastanza lungo per <strong>un lavoro efficiente<\/strong> , ma comunque <strong>compatto<\/strong> per <strong>un trasporto informale<\/strong> in tasca o alla cintura.<\/li>\n<li><strong>Lunghezza da chiuso<\/strong> : 4,65&#8243; (118,21 mm) \u2013 Questo modello \u00e8 perfetto per essere <strong>indossato tutti i giorni<\/strong> senza essere troppo ingombrante.<\/li>\n<li><strong>Peso<\/strong> : 3,60 oz. (102,06 g) \u2013 Questo coltello \u00e8 ancora abbastanza <strong>leggero<\/strong> da essere <strong>comodo da trasportare ogni giorno<\/strong> , ma offre <strong>resistenza<\/strong> e <strong>durata<\/strong> per i compiti pi\u00f9 impegnativi.<\/li>\n<\/ul>\n<\/li>\n<li><strong>Uso universale<\/strong> :\n<ul>\n<li>Questo coltello \u00e8 <strong>versatile<\/strong> e adatto al <strong>trasporto quotidiano (EDC)<\/strong> , nonch\u00e9 per <strong>attivit\u00e0 tattiche<\/strong> , <strong>campeggio<\/strong> o <strong>movimentazione<\/strong> di materiali.<\/li>\n<li>\u00c8 anche un ottimo strumento <strong>di autodifesa<\/strong> grazie alla sua <strong>lama potente<\/strong> e <strong>al meccanismo di apertura rapida<\/strong> .<\/li>\n<\/ul>\n<\/li>\n<\/ol>\n<h3>Specifiche:<\/h3>\n<ul>\n<li><strong>Lunghezza lama<\/strong> : 3,54&#8243; (89,92 mm)<\/li>\n<li><strong>Filo della lama<\/strong> : liscio<\/li>\n<li><strong>Materiale della lama<\/strong> : acciaio inossidabile Sandvik 12C27<\/li>\n<li><strong>Finitura della lama<\/strong> : pallinatura<\/li>\n<li><strong>Spessore della lama<\/strong> : 0,12&#8243; (3,00 mm)<\/li>\n<li><strong>Lunghezza totale<\/strong> : 8,19&#8243; (207,98 mm)<\/li>\n<li><strong>Lunghezza chiusa<\/strong> : 4,65&#8243; (118,21 mm)<\/li>\n<li><strong>Peso del coltello<\/strong> : 3,60 oz (102,06 g)<\/li>\n<li><strong>Maniglia<\/strong> : acciaio inossidabile<\/li>\n<li><strong>Stile<\/strong> : coltello pieghevole con blocco del telaio<\/li>\n<\/ul>\n<h3>Opzioni di utilizzo:<\/h3>\n<ul>\n<li><strong>Trasporto quotidiano (EDC)<\/strong> : il modello M16-03SS \u00e8 ideale per <strong>le attivit\u00e0 quotidiane<\/strong> come <strong>aprire confezioni<\/strong> , <strong>affettare<\/strong> , <strong>tagliare tessuti<\/strong> o <strong>preparare il cibo<\/strong> .<\/li>\n<li><strong>Uso tattico<\/strong> : questo coltello \u00e8 progettato per <strong>compiti tattici<\/strong> e <strong>di autodifesa<\/strong> , grazie alla <strong>sua lama robusta<\/strong> e <strong>al meccanismo di sicurezza<\/strong> .<\/li>\n<li><strong>Campeggio e attivit\u00e0 all&#8217;aperto<\/strong> : ideale per <strong>il taglio preciso<\/strong> e <strong>la lavorazione di materiali<\/strong> in campeggio o nella natura.<\/li>\n<li><strong>Movimentazione dei materiali<\/strong> : grazie alla <strong>lama robusta e durevole,<\/strong> il modello M16-03SS \u00e8 ideale per <strong>affrontare lavori difficili<\/strong> .<\/li>\n<\/ul>\n<h3>Riepilogo:<\/h3>\n<p><strong>Il CRKT M16-03SS<\/strong> \u00e8 <strong>una versione migliorata<\/strong> del famoso design <strong>Kit Carson M16<\/strong> , che offre <strong>maggiori prestazioni<\/strong> e <strong>durata<\/strong> . Questo coltello \u00e8 ideale per <strong>l&#8217;uso tattico<\/strong> e <strong>il trasporto quotidiano<\/strong> , con <strong>una lama di qualit\u00e0<\/strong> in <strong>acciaio Sandvik 12C27<\/strong> , <strong>un blocco del telaio sicuro<\/strong> e <strong>l&#8217;innovativo sistema AutoLAWKS\u2122<\/strong> per una protezione extra. \u00c8 <strong>un ottimo strumento universale<\/strong> che si riveler\u00e0 <strong>un aiuto affidabile<\/strong> in diverse situazioni.  <\/p>\n<\/div>\n<\/div>\n<\/div>\n<\/div>\n<div class=\"mb-2 flex gap-3 empty:hidden -ml-2\">\n<div class=\"items-center justify-start rounded-xl p-1 flex\">\n<div class=\"flex items-center\"><\/div>\n<\/div>\n<\/div>\n<div class=\"pr-2 lg:pr-0\"><\/div>\n<div class=\"mt-3 w-full empty:hidden\">\n<div class=\"text-center\"><\/div>\n<\/div>\n<\/div>\n<\/div>\n<\/div>\n<\/div>\n<\/article>\n<\/div>\n<\/div>\n<\/div>\n<\/div>\n<\/div>\n<p><iframe title=\"CRKT M16\u00ae-03SS | Kit Carson Design\" width=\"800\" height=\"450\" src=\"https:\/\/www.youtube.com\/embed\/C2T1-yqXxcM?feature=oembed\" frameborder=\"0\" allow=\"accelerometer; autoplay; clipboard-write; encrypted-media; gyroscope; picture-in-picture; web-share\" referrerpolicy=\"strict-origin-when-cross-origin\" allowfullscreen><\/iframe><\/p>\n<p>&nbsp;<\/p>\n","protected":false},"excerpt":{"rendered":"<div class=\"flex max-w-full flex-col flex-grow\">\n<div class=\"min-h-8 text-message flex w-full flex-col items-end gap-2 whitespace-normal break-words text-start [.text-message+&amp;]:mt-5\" dir=\"auto\" data-message-author-role=\"assistant\" data-message-id=\"bedf3733-6233-48af-b38a-5285e60055e5\" data-message-model-slug=\"gpt-4o-mini\">\n<div class=\"flex w-full flex-col gap-1 empty:hidden first:pt-[3px]\">\n<div class=\"markdown prose w-full break-words dark:prose-invert light\">\n<p><strong>Il CRKT M16-03SS \u00e8 una versione migliorata del famoso design Kit Carson M16, che offre maggiori prestazioni e durata. Questo coltello \u00e8 ideale per l&#8217;uso tattico e il porto quotidiano, con una lama di qualit\u00e0 in acciaio Sandvik 12C27, un blocco del telaio sicuro e l&#8217;innovativo sistema AutoLAWKS\u2122 per una protezione extra. \u00c8 un ottimo strumento universale che si riveler\u00e0 un aiuto affidabile in diverse situazioni.  <\/strong><\/p>\n<\/div>\n<\/div>\n<\/div>\n<\/div>\n<div class=\"mb-2 flex gap-3 empty:hidden -ml-2\">\n<div class=\"items-center justify-start rounded-xl p-1 flex\">\n<div class=\"flex items-center\"><\/div>\n<\/div>\n<\/div>\n<div class=\"pr-2 lg:pr-0\"><\/div>\n","protected":false},"featured_media":399894,"comment_status":"open","ping_status":"closed","template":"","meta":[],"pwb-brand":[3763],"product_brand":[],"product_cat":[3749,3745],"product_tag":[3755],"class_list":{"0":"post-399893","1":"product","2":"type-product","3":"status-publish","4":"has-post-thumbnail","6":"pwb-brand-crkt-it","7":"product_cat-coltelli-di-chiusura","8":"product_cat-coltelli","9":"product_tag-b2b-it","11":"first","12":"outofstock","13":"taxable","14":"shipping-taxable","15":"purchasable","16":"product-type-simple"},"brands":[{"id":3763,"name":"CRKT","slug":"crkt-it"}],"_links":{"self":[{"href":"https:\/\/www.moskito.cz\/it\/wp-json\/wp\/v2\/product\/399893","targetHints":{"allow":["GET"]}}],"collection":[{"href":"https:\/\/www.moskito.cz\/it\/wp-json\/wp\/v2\/product"}],"about":[{"href":"https:\/\/www.moskito.cz\/it\/wp-json\/wp\/v2\/types\/product"}],"replies":[{"embeddable":true,"href":"https:\/\/www.moskito.cz\/it\/wp-json\/wp\/v2\/comments?post=399893"}],"wp:featuredmedia":[{"embeddable":true,"href":"https:\/\/www.moskito.cz\/it\/wp-json\/wp\/v2\/media\/399894"}],"wp:attachment":[{"href":"https:\/\/www.moskito.cz\/it\/wp-json\/wp\/v2\/media?parent=399893"}],"wp:term":[{"taxonomy":"pwb-brand","embeddable":true,"href":"https:\/\/www.moskito.cz\/it\/wp-json\/wp\/v2\/pwb-brand?post=399893"},{"taxonomy":"product_brand","embeddable":true,"href":"https:\/\/www.moskito.cz\/it\/wp-json\/wp\/v2\/product_brand?post=399893"},{"taxonomy":"product_cat","embeddable":true,"href":"https:\/\/www.moskito.cz\/it\/wp-json\/wp\/v2\/product_cat?post=399893"},{"taxonomy":"product_tag","embeddable":true,"href":"https:\/\/www.moskito.cz\/it\/wp-json\/wp\/v2\/product_tag?post=399893"}],"curies":[{"name":"wp","href":"https:\/\/api.w.org\/{rel}","templated":true}]}}