{"id":399914,"date":"2025-04-22T13:34:32","date_gmt":"2025-04-22T13:24:11","guid":{"rendered":"https:\/\/www.moskito.cz\/produkt\/coltello-pieghevole-crkt-ed-van-hoy-snap-lock-5102nk\/"},"modified":"2025-05-07T11:29:15","modified_gmt":"2025-05-07T10:29:15","slug":"coltello-pieghevole-crkt-ed-van-hoy-snap-lock-5102nk","status":"publish","type":"product","link":"https:\/\/www.moskito.cz\/it\/produkt\/coltello-pieghevole-crkt-ed-van-hoy-snap-lock-5102nk\/","title":{"rendered":"Coltello pieghevole CRKT Ed Van Hoy Snap Lock 5102NK"},"content":{"rendered":"<h1 data-pm-slice=\"1 1 []\">\ud83d\udd2a Coltello pieghevole CRKT Ed Van Hoy Snap Lock 5102NK<\/h1>\n<p>\u2728 <strong>Leggenda del design con un meccanismo di apertura unico<\/strong><br \/>\n \ud83d\udccd   <strong>Ed Van Hoy | Serie Snap Lock | Edizione limitata<\/strong><\/p>\n<div>\n<hr>\n<\/div>\n<h3>\u2728 Uno dei coltelli pi\u00f9 decorati di tutti i tempi \u00e8 tornato ed \u00e8 migliore che mai<\/h3>\n<p>Lo Snap Lock ha conquistato il mondo dei coltelli vincendo il premio come <strong>coltello pi\u00f9 innovativo al Blade Show del 2004<\/strong> . CRKT d\u00e0 nuova vita a questa esclusiva cartella portaoggetti da portare tutti i giorni e ripristina l&#8217;apertura girevole a 180\u00b0. Se pensi che sia solo apparenza e nessuna sostanza, prenditi un minuto e fai anche tu un&#8217;oscillazione di 180\u00b0.  <\/p>\n<p><strong>Ed Van Hoy<\/strong> ha ideato questo progetto storico nel suo negozio di Abingdon, in Virginia. Non \u00e8 solo uno dei coltelli pi\u00f9 unici sul mercato, ma \u00e8 anche uno dei pi\u00f9 utili: include <strong>una clip per i soldi<\/strong> e ha un profilo sorprendentemente basso, quindi non \u00e8 mai un peso. Grazie al cordino a sgancio rapido, puoi anche indossarlo al collo, cos\u00ec \u00e8 sempre a portata di mano.  <\/p>\n<p>La lama in acciaio inossidabile ha una punta dalla forma sottile e, quando \u00e8 chiusa, forma una struttura trapezoidale corrispondente, una protezione del bordo della lama efficace al 100%. L&#8217;esclusivo meccanismo di apertura diventa immediatamente intuitivo non appena si spinge la leva anteriore e si ruota la lama verso l&#8217;esterno di 180\u00b0. Una volta aperto, il manico, minimale ma molto utile, \u00e8 estremamente sicuro: un meccanismo Snap Lock fissa il coltello, quindi pi\u00f9 lo si afferra, pi\u00f9 la lama resta ferma in posizione grazie alle molteplici superfici di bloccaggio positive tra il telaio e le alette di bloccaggio.  <\/p>\n<p>Questo coltello ha fatto la storia: <strong>metti le mani su un pezzo dell&#8217;eredit\u00e0 di Ed con Snap Lock.<\/strong><\/p>\n<div>\n<hr>\n<\/div>\n<h3>\u2705 <strong>Specifiche:<\/strong><\/h3>\n<ul data-spread=\"false\">\n<li>\ud83d\udccf <strong>Lunghezza totale:<\/strong> 159 mm<\/li>\n<li>\ud83d\udd2a <strong>Lunghezza lama:<\/strong> 63,5 mm<\/li>\n<li>\ud83d\udce6 <strong>Lunghezza chiusa:<\/strong> 95,5 mm<\/li>\n<li>\u2696\ufe0f <strong>Peso:<\/strong> 71 g<\/li>\n<li>\ud83e\uddf1 <strong>Acciaio della lama:<\/strong> 420J2<\/li>\n<li>\ud83d\udd0d <strong>Superficie della lama:<\/strong> satinata<\/li>\n<li>\ud83e\udea0 <strong>Forma della lama:<\/strong> Drop Point modificata<\/li>\n<li>\ud83e\udea7 <strong>Meccanismo:<\/strong> Snap Lock\u2122<\/li>\n<li>\ud83d\udee0\ufe0f <strong>Blocco:<\/strong> Snap Lock (ribaltabile lateralmente)<\/li>\n<li>\ud83d\udd90\ufe0f <strong>Maniglia:<\/strong> acciaio inossidabile<\/li>\n<li>\ud83c\udfa8 <strong>Colore della maniglia:<\/strong> Nero<\/li>\n<li>\ud83e\ude7f <strong>Clip:<\/strong> Reversibile (lato destro\/sinistro)<\/li>\n<li>\ud83d\udd27 <strong>Designer:<\/strong> Ed Van Hoy<\/li>\n<\/ul>\n<div>\n<hr>\n<\/div>\n<h3>\ud83d\udc8e <strong>Vantaggi:<\/strong><\/h3>\n<ul data-spread=\"false\">\n<li>\ud83d\ude80 <strong>Sistema Snap Lock esclusivo<\/strong> : la lama si piega lateralmente e si fissa con un blocco a torsione<\/li>\n<li>\ud83d\udd10 <strong>Massima sicurezza<\/strong> : la lama \u00e8 bloccata in modo sicuro quando \u00e8 chiusa<\/li>\n<li>\ud83e\uddfc <strong>Facile manutenzione<\/strong> : costruzione interamente in acciaio inossidabile<\/li>\n<li>\ud83d\udee0\ufe0f <strong>Innovazione nel design<\/strong> : premiato come &#8220;Coltello pi\u00f9 innovativo dell&#8217;anno&#8221;<\/li>\n<li>\ud83e\uddf2 <strong>Clip reversibile<\/strong> : adatta sia per destrimani che per mancini<\/li>\n<li>\ud83d\udc54 <strong>Aspetto elegante e raffinato<\/strong> , adatto agli ambienti urbani<\/li>\n<\/ul>\n<div>\n<hr>\n<\/div>\n<h3>\u2699\ufe0f <strong>Uso e scopo:<\/strong><\/h3>\n<p>Ideale per l&#8217;uso quotidiano (EDC), in citt\u00e0 o per collezionisti in cerca di curiosit\u00e0 tecniche. Questo coltello non \u00e8 solo uno strumento: \u00e8 un&#8217;opera d&#8217;arte meccanica. <\/p>\n<div>\n<hr>\n<\/div>\n<h3>\ud83d\udcca <strong>Confronto con i concorrenti:<\/strong><\/h3>\n<table>\n<tbody>\n<tr>\n<th>Modello<\/th>\n<th>Meccanismo<\/th>\n<th>Lunghezza della lama<\/th>\n<th>Peso<\/th>\n<th>Materiale della lama<\/th>\n<\/tr>\n<tr>\n<td><strong>Chiusura a scatto CRKT 5102NK<\/strong><\/td>\n<td>Chiusura a scatto<\/td>\n<td>63,5 millimetri<\/td>\n<td>71 g<\/td>\n<td>420J2<\/td>\n<\/tr>\n<tr>\n<td>CRKT Pilar Grande<\/td>\n<td>Blocco del telaio<\/td>\n<td>75 millimetri<\/td>\n<td>100 g<\/td>\n<td>8Cr13MoV<\/td>\n<\/tr>\n<tr>\n<td>Kershaw Pub in fibra di carbonio<\/td>\n<td>Cartella di attrito<\/td>\n<td>50 millimetri<\/td>\n<td>53 g<\/td>\n<td>8Cr13MoV<\/td>\n<\/tr>\n<\/tbody>\n<\/table>\n<div>\n<hr>\n<\/div>\n<h3>\ud83d\udce6 <strong>Contenuto della confezione:<\/strong><\/h3>\n<ul data-spread=\"false\">\n<li>\ud83d\uddc2\ufe0f Coltello CRKT Snap Lock 5102NK<\/li>\n<li>\ud83d\udcdc Scatola originale CRKT<\/li>\n<li>\ud83e\uddfe Istruzioni e scheda di garanzia<\/li>\n<\/ul>\n<div>\n<hr>\n<\/div>\n<h3>\ud83d\udecd\ufe0f <strong>Motivi per acquistare ora:<\/strong><\/h3>\n<ul data-spread=\"false\">\n<li>\ud83d\ude9a <strong>Spedizione gratuita<\/strong> per ordini superiori a 1000 CZK<\/li>\n<li>\ud83d\udd52 <strong>Spediamo entro 24 ore<\/strong><\/li>\n<li>\ud83c\udf81 <strong>In omaggio con l&#8217;ordine<\/strong> : piccolo olio lubrificante per la manutenzione della lama<\/li>\n<li>\u2705 <strong>100% originale<\/strong> : garantiamo autenticit\u00e0 e origine<\/li>\n<li>\ud83d\udd04 <strong>Possibilit\u00e0 di reso entro 14 giorni<\/strong> senza fornire motivazioni<\/li>\n<\/ul>\n<div>\n<hr>\n<\/div>\n<h3><strong>Conclusione:<\/strong><\/h3>\n<p><strong>Il CRKT Ed Van Hoy Snap Lock 5102NK<\/strong> non \u00e8 solo un coltello. Si tratta di un pezzo di meccanica unico che unisce funzionalit\u00e0, stile e innovazione. Se stai cercando un coltello che si distingua dal design ordinario e che faccia colpo su tutti, l&#8217;hai appena trovato.  <\/p>\n","protected":false},"excerpt":{"rendered":"<p><strong>Il CRKT Ed Van Hoy Snap Lock 5102NK non \u00e8 solo un coltello. Si tratta di un pezzo di meccanica unico che unisce funzionalit\u00e0, stile e innovazione. Se stai cercando un coltello che si distingua dal design ordinario e che faccia colpo su tutti, l&#8217;hai appena trovato.  <\/strong><\/p>\n","protected":false},"featured_media":399772,"comment_status":"open","ping_status":"closed","template":"","meta":[],"pwb-brand":[3763],"product_brand":[],"product_cat":[3745,3749],"product_tag":[],"class_list":{"0":"post-399914","1":"product","2":"type-product","3":"status-publish","4":"has-post-thumbnail","6":"pwb-brand-crkt-it","7":"product_cat-coltelli","8":"product_cat-coltelli-di-chiusura","10":"first","11":"outofstock","12":"taxable","13":"shipping-taxable","14":"purchasable","15":"product-type-simple"},"brands":[{"id":3763,"name":"CRKT","slug":"crkt-it"}],"_links":{"self":[{"href":"https:\/\/www.moskito.cz\/it\/wp-json\/wp\/v2\/product\/399914","targetHints":{"allow":["GET"]}}],"collection":[{"href":"https:\/\/www.moskito.cz\/it\/wp-json\/wp\/v2\/product"}],"about":[{"href":"https:\/\/www.moskito.cz\/it\/wp-json\/wp\/v2\/types\/product"}],"replies":[{"embeddable":true,"href":"https:\/\/www.moskito.cz\/it\/wp-json\/wp\/v2\/comments?post=399914"}],"wp:featuredmedia":[{"embeddable":true,"href":"https:\/\/www.moskito.cz\/it\/wp-json\/wp\/v2\/media\/399772"}],"wp:attachment":[{"href":"https:\/\/www.moskito.cz\/it\/wp-json\/wp\/v2\/media?parent=399914"}],"wp:term":[{"taxonomy":"pwb-brand","embeddable":true,"href":"https:\/\/www.moskito.cz\/it\/wp-json\/wp\/v2\/pwb-brand?post=399914"},{"taxonomy":"product_brand","embeddable":true,"href":"https:\/\/www.moskito.cz\/it\/wp-json\/wp\/v2\/product_brand?post=399914"},{"taxonomy":"product_cat","embeddable":true,"href":"https:\/\/www.moskito.cz\/it\/wp-json\/wp\/v2\/product_cat?post=399914"},{"taxonomy":"product_tag","embeddable":true,"href":"https:\/\/www.moskito.cz\/it\/wp-json\/wp\/v2\/product_tag?post=399914"}],"curies":[{"name":"wp","href":"https:\/\/api.w.org\/{rel}","templated":true}]}}