{"id":399931,"date":"2024-11-29T11:59:51","date_gmt":"2025-04-22T14:05:28","guid":{"rendered":"https:\/\/www.moskito.cz\/produkt\/coltello-espulsore-aga-campolin-f20ttd-n\/"},"modified":"2025-05-07T11:29:18","modified_gmt":"2025-05-07T10:29:18","slug":"coltello-espulsore-aga-campolin-f20ttd-n","status":"publish","type":"product","link":"https:\/\/www.moskito.cz\/it\/produkt\/coltello-espulsore-aga-campolin-f20ttd-n\/","title":{"rendered":"Coltello Espulsore AGA CAMPOLIN F20TTD-N"},"content":{"rendered":"<p>Coltello Espulsore AGA CAMPOLIN F20TTD-N.<\/p>\n<p>Il coltello pieghevole AGA Campolin F20TTD-N \u00e8 un coltello automatico elegante e di alta qualit\u00e0, prodotto dal rinomato marchio italiano AGA Campolin. Questo marchio \u00e8 noto per il suo lavoro di precisione e per la produzione di coltelli tradizionali e moderni dall&#8217;elevato valore collezionistico e di utilit\u00e0. Ecco le informazioni di base su questo modello:<br \/>\n Caratteristiche di AGA Campolin F20TTD-N  <\/p>\n<p>Meccanismo:<br \/>\n Meccanismo automatico (di sparo) che consente di aprire rapidamente la lama semplicemente premendo un pulsante.<br \/>\n Meccanismo affidabile e durevole con una lunga durata utile.<\/p>\n<p>Lama:<br \/>\n Materiale della lama: acciaio inossidabile di alta qualit\u00e0, che garantisce un&#8217;eccellente affilatura e resistenza alla corrosione.<br \/>\n Design della lama: stile moderno, spesso con finitura satinata o lucida.<br \/>\n Lunghezza lama: circa 9,3 cm<\/p>\n<p>Maniglia:<br \/>\n Materiale: diverse varianti, tra cui materiali naturali (ad esempio legno, corno) o sintetici.<br \/>\n Ergonomia: impugnatura comoda, adatta anche per utilizzi prolungati.<\/p>\n<p>Progettazione ed esecuzione:<br \/>\n Aspetto moderno e allo stesso tempo senza tempo con lavorazione precisa.<br \/>\n Adatto sia ai collezionisti che all&#8217;uso pratico nella vita di tutti i giorni.<\/p>\n<p>Serratura:<br \/>\n Blocco di sicurezza contro l&#8217;apertura accidentale.<\/p>\n<p>Utilizzo<\/p>\n<p>Ideale per l&#8217;uso quotidiano (EDC).<br \/>\nAdatto come regalo per collezionisti grazie alla sua esclusivit\u00e0 e fattura.<br \/>\nUno strumento pratico per varie attivit\u00e0 all&#8217;aperto, come il campeggio, la pesca o la sopravvivenza.<\/p>\n","protected":false},"excerpt":{"rendered":"<p><strong>Il coltello pieghevole AGA Campolin F20TTD-N \u00e8 un coltello automatico elegante e di alta qualit\u00e0, prodotto dal rinomato marchio italiano AGA Campolin.<\/strong><\/p>\n","protected":false},"featured_media":379229,"comment_status":"open","ping_status":"closed","template":"","meta":[],"pwb-brand":[4015],"product_brand":[],"product_cat":[3745,3748],"product_tag":[],"class_list":{"0":"post-399931","1":"product","2":"type-product","3":"status-publish","4":"has-post-thumbnail","6":"pwb-brand-aga-campolin-it","7":"product_cat-coltelli","8":"product_cat-coltelli-da-tiro","10":"first","11":"outofstock","12":"taxable","13":"shipping-taxable","14":"purchasable","15":"product-type-simple"},"brands":[{"id":4015,"name":"AGA CAMPOLIN","slug":"aga-campolin-it"}],"_links":{"self":[{"href":"https:\/\/www.moskito.cz\/it\/wp-json\/wp\/v2\/product\/399931","targetHints":{"allow":["GET"]}}],"collection":[{"href":"https:\/\/www.moskito.cz\/it\/wp-json\/wp\/v2\/product"}],"about":[{"href":"https:\/\/www.moskito.cz\/it\/wp-json\/wp\/v2\/types\/product"}],"replies":[{"embeddable":true,"href":"https:\/\/www.moskito.cz\/it\/wp-json\/wp\/v2\/comments?post=399931"}],"wp:featuredmedia":[{"embeddable":true,"href":"https:\/\/www.moskito.cz\/it\/wp-json\/wp\/v2\/media\/379229"}],"wp:attachment":[{"href":"https:\/\/www.moskito.cz\/it\/wp-json\/wp\/v2\/media?parent=399931"}],"wp:term":[{"taxonomy":"pwb-brand","embeddable":true,"href":"https:\/\/www.moskito.cz\/it\/wp-json\/wp\/v2\/pwb-brand?post=399931"},{"taxonomy":"product_brand","embeddable":true,"href":"https:\/\/www.moskito.cz\/it\/wp-json\/wp\/v2\/product_brand?post=399931"},{"taxonomy":"product_cat","embeddable":true,"href":"https:\/\/www.moskito.cz\/it\/wp-json\/wp\/v2\/product_cat?post=399931"},{"taxonomy":"product_tag","embeddable":true,"href":"https:\/\/www.moskito.cz\/it\/wp-json\/wp\/v2\/product_tag?post=399931"}],"curies":[{"name":"wp","href":"https:\/\/api.w.org\/{rel}","templated":true}]}}