{"id":400108,"date":"2021-11-24T21:31:49","date_gmt":"2025-04-23T08:20:35","guid":{"rendered":"https:\/\/www.moskito.cz\/produkt\/coltello-pieghevole-rike-knife-amulet-bg\/"},"modified":"2025-05-07T11:29:25","modified_gmt":"2025-05-07T10:29:25","slug":"coltello-pieghevole-rike-knife-amulet-bg","status":"publish","type":"product","link":"https:\/\/www.moskito.cz\/it\/produkt\/coltello-pieghevole-rike-knife-amulet-bg\/","title":{"rendered":"Coltello pieghevole Rike Knife Amulet-BG"},"content":{"rendered":"<p><strong>Rikeknife<\/strong> \u00e8 un marchio originale progettato dal nostro fondatore Richard Wu. Appassionato di coltelli di lunga data, esperto nella progettazione e produzione meccanica, ricerca costantemente la perfezione e l&#8217;eccellenza dettagliata in tutti i modelli di coltelli prodotti da <strong>Rikeknife<\/strong> .<\/p>\n<p>Il nome del marchio deriva dalle prime due lettere del suo nome, poi modificato e denominato Rike. Rikeknife \u00e8 un marchio emergente di coltelli originali che rappresenta la produzione cinese di alta qualit\u00e0. <\/p>\n<p>Il nostro marchio si basa su un design originale, per il quale disponiamo di un team di progettazione professionale e di una nostra fabbrica indipendente. Abbiamo il coraggio di diventare innovatori e di sfidare le pratiche tradizionali dei marchi di coltelli tradizionali e moderni. Ci impegneremo sempre a utilizzare i migliori materiali per produrre coltelli di qualit\u00e0 eccellente per i clienti di tutto il mondo.  <\/p>\n<p>Coltello pieghevole <strong>Rike Knife<\/strong> Amulet-BG<\/p>\n<p>Modello: Amuleto<br \/>\n Lunghezza totale: 8,85&#8243;\/(22,5 cm)<br \/>\n Lunghezza lama: 3,93&#8243;\/(10 cm)<br \/>\n Spessore della lama: 0,15&#8243;\/(4 mm)<br \/>\n Materiale della lama: Bohler M390<br \/>\n Materiale dell&#8217;impugnatura: titanio 6AL4V<br \/>\n Peso: 4,23 oz.\/(120 g)<br \/>\n Apriporta: Blocco a ribalta<br \/>\n Tipo: Liner lock<br \/>\n Colore: Immagine di produzione Black Gold<\/p>\n<p><strong>Rikeknife<\/strong> Co., Ltd si trova a Yangjiang, nella provincia del Guangdong, in Cina. Ci concentriamo sulla produzione di coltelli di alta qualit\u00e0, partendo dalla lavorazione di coltelli OEM\/ODM, e gradualmente abbiamo creato il nostro marchio Rikeknife. La nostra fabbrica \u00e8 dotata di attrezzature di produzione all&#8217;avanguardia, di un team di produzione professionale e solido e della capacit\u00e0 di innovazione indipendente attraverso la ricerca e lo sviluppo.  <\/p>\n<p>Siamo in grado di produrre coltelli della massima qualit\u00e0 per qualsiasi mercato e per raggiungere questo obiettivo utilizziamo solo le migliori attrezzature di produzione professionali. Come; Taglio di precisione tramite elettroerosione a filo, macchine per incisione CNC ad alta velocit\u00e0, incisione laser, operazioni di fresatura, rettifica CNC, forni di tempra a bassa temperatura, finitura manuale personalizzata, per citarne alcuni. I nostri team di gestione e produzione sono composti da professionisti esperti che possiedono le competenze necessarie per portare a termine il lavoro. Siamo adeguatamente attrezzati per lavori delicati, all&#8217;altezza delle pi\u00f9 esigenti richieste di fabbricazione e produzione. Disponiamo di alcune delle tolleranze pi\u00f9 strette nel settore della coltelleria; eccellono in tutti i livelli dei progetti di produzione. Ci concentriamo sempre sulla progettazione e sullo sviluppo di nuovi prodotti, rimanendo fedeli ai nostri principi fondamentali.     <\/p>\n<p>Attualmente i nostri prodotti vengono venduti negli Stati Uniti, in Europa, in Australia, in Russia e in altri paesi del mondo. I nostri clienti preferiscono i nostri coltelli per il loro design esclusivo e la loro qualit\u00e0 eccellente. La nostra missione \u00e8 quella di fornire prodotti di alta qualit\u00e0, di valore eccellente e il migliore servizio clienti della categoria per garantirti il \u200b\u200b100% di soddisfazione. Allo stesso tempo, accogliamo con favore l&#8217;idea di collaborare con clienti in tutto il mondo per discutere di elaborazione dei prodotti e OEM\/ODM. Non vediamo l&#8217;ora di collaborare con i nostri clienti attuali e futuri per portare i prodotti Rikeknife sul palcoscenico mondiale, per un futuro migliore insieme!    <\/p>\n","protected":false},"excerpt":{"rendered":"<p><strong>Rikeknife<\/strong> \u00e8 un marchio originale progettato dal nostro fondatore Richard Wu. Appassionato di coltelli di lunga data, esperto nella progettazione e produzione meccanica, ricerca costantemente la perfezione e l&#8217;eccellenza dettagliata in tutti i modelli di coltelli prodotti da <strong>Rikeknife<\/strong> .<\/p>\n<p><strong>Spedizione gratuita.<\/strong><\/p>\n","protected":false},"featured_media":400109,"comment_status":"open","ping_status":"closed","template":"","meta":[],"pwb-brand":[3932],"product_brand":[],"product_cat":[3745,3749],"product_tag":[],"class_list":{"0":"post-400108","1":"product","2":"type-product","3":"status-publish","4":"has-post-thumbnail","6":"pwb-brand-rick-coltello","7":"product_cat-coltelli","8":"product_cat-coltelli-di-chiusura","10":"first","11":"outofstock","12":"taxable","13":"shipping-taxable","14":"purchasable","15":"product-type-simple"},"brands":[{"id":3932,"name":"Rick Coltello","slug":"rick-coltello"}],"_links":{"self":[{"href":"https:\/\/www.moskito.cz\/it\/wp-json\/wp\/v2\/product\/400108","targetHints":{"allow":["GET"]}}],"collection":[{"href":"https:\/\/www.moskito.cz\/it\/wp-json\/wp\/v2\/product"}],"about":[{"href":"https:\/\/www.moskito.cz\/it\/wp-json\/wp\/v2\/types\/product"}],"replies":[{"embeddable":true,"href":"https:\/\/www.moskito.cz\/it\/wp-json\/wp\/v2\/comments?post=400108"}],"wp:featuredmedia":[{"embeddable":true,"href":"https:\/\/www.moskito.cz\/it\/wp-json\/wp\/v2\/media\/400109"}],"wp:attachment":[{"href":"https:\/\/www.moskito.cz\/it\/wp-json\/wp\/v2\/media?parent=400108"}],"wp:term":[{"taxonomy":"pwb-brand","embeddable":true,"href":"https:\/\/www.moskito.cz\/it\/wp-json\/wp\/v2\/pwb-brand?post=400108"},{"taxonomy":"product_brand","embeddable":true,"href":"https:\/\/www.moskito.cz\/it\/wp-json\/wp\/v2\/product_brand?post=400108"},{"taxonomy":"product_cat","embeddable":true,"href":"https:\/\/www.moskito.cz\/it\/wp-json\/wp\/v2\/product_cat?post=400108"},{"taxonomy":"product_tag","embeddable":true,"href":"https:\/\/www.moskito.cz\/it\/wp-json\/wp\/v2\/product_tag?post=400108"}],"curies":[{"name":"wp","href":"https:\/\/api.w.org\/{rel}","templated":true}]}}