{"id":400415,"date":"2025-04-23T13:32:19","date_gmt":"2025-04-23T12:53:11","guid":{"rendered":"https:\/\/www.moskito.cz\/produkt\/coltello-pieghevole-crkt-squid-button-blue-2474bd\/"},"modified":"2025-06-12T09:12:03","modified_gmt":"2025-06-12T08:12:03","slug":"coltello-pieghevole-crkt-squid-button-blue-2474bd","status":"publish","type":"product","link":"https:\/\/www.moskito.cz\/it\/produkt\/coltello-pieghevole-crkt-squid-button-blue-2474bd\/","title":{"rendered":"Coltello pieghevole CRKT Squid Button Blue 2474BD"},"content":{"rendered":"<p data-pm-slice=\"1 1 []\">\ud83d\udd2a <strong>Coltello pieghevole CRKT Squid\u2122 Button Lock blu cr-2474BD<\/strong><\/p>\n<p>\ud83d\udca1  <strong>Descrizione generale:<\/strong>  Il CRKT Squid\u2122 Button Lock Blue \u00e8 una variante moderna del famoso modello Squid, progettato da Lucas Burnley. Questo coltello EDC compatto unisce semplicit\u00e0, affidabilit\u00e0 e un moderno meccanismo di blocco dei pulsanti. Grazie alla nuova ergonomia e all&#8217;attraente finitura blu, non offre solo funzionalit\u00e0, ma anche stile.  <\/p>\n<p>\ud83d\udcd0 <strong>Specifiche:<\/strong><\/p>\n<ul data-spread=\"false\">\n<li>Lunghezza totale: 155 mm<\/li>\n<li>Lunghezza lama: 60 mm<\/li>\n<li>Lunghezza chiusa: 95 mm<\/li>\n<li>Spessore lama: 2,8 mm<\/li>\n<li>Peso: 85 g<\/li>\n<li>Acciaio: 8Cr13MoV<\/li>\n<li>Durezza: ca. 58 HRC<\/li>\n<li>Forma della lama: punta a goccia<\/li>\n<li>Rettifica: Rettifica piana<\/li>\n<li>Finitura superficiale: Stonewashed<\/li>\n<li>Maniglia: acciaio inossidabile con finitura blu<\/li>\n<li>Sicurezza: blocco dei pulsanti<\/li>\n<li>Clip: Reversibile (lato destro\/sinistro), trasporto profondo<\/li>\n<\/ul>\n<p>\u2705 <strong>Vantaggi:<\/strong><\/p>\n<ul data-spread=\"false\">\n<li>Dimensioni compatte ideali per l&#8217;uso quotidiano<\/li>\n<li>Meccanismo di blocco dei pulsanti affidabile e facile da usare<\/li>\n<li>Elegante colore della maniglia blu<\/li>\n<li>Lama robusta con superficie stonewashed antigraffio<\/li>\n<li>La clip da tasca reversibile aumenta il comfort di trasporto<\/li>\n<\/ul>\n<p>\ud83d\udee0 <strong>Affilatura e manutenzione:<\/strong> la lama in acciaio 8Cr13MoV pu\u00f2 essere facilmente affilata utilizzando temperini o sistemi di affilatura convenzionali. Si consiglia di pulire e oliare regolarmente il giunto per garantire un funzionamento regolare e una lunga durata del meccanismo di blocco dei pulsanti. <\/p>\n<p>\ud83c\udfaf <strong>Uso e scopo:<\/strong> ideale come EDC (Every Day Carry) per attivit\u00e0 comuni: apertura di pacchi, scatole, piccoli lavori in officina o in ufficio. Adatto anche ai collezionisti di coltelli grazie al suo design e alla lavorazione di qualit\u00e0. <\/p>\n<p>\ud83d\udd0d <strong>Confronto con altri modelli:<\/strong> Rispetto al CRKT Squid originale, questo modello offre un controllo pi\u00f9 semplice grazie al blocco dei pulsanti e un aspetto pi\u00f9 accattivante. Rispetto ai coltelli con liner lock, ha un sistema di bloccaggio pi\u00f9 sicuro e comodo. <\/p>\n<p>\ud83c\udf81 <strong>Contenuto della confezione:<\/strong><\/p>\n<ul data-spread=\"false\">\n<li>Coltello CRKT Squid Button Lock Blu<\/li>\n<li>Scatola di carta con logo del marchio<\/li>\n<\/ul>\n<p>\ud83d\udc99 <strong>Conclusione:<\/strong> se stai cercando un coltello che unisca praticit\u00e0, design e comfort per il trasporto quotidiano, allora il CRKT Squid Button Lock Blue \u00e8 la scelta giusta. \u00c8 un partner affidabile che non deluder\u00e0 in nessuna situazione e che ha anche un bell&#8217;aspetto. Scopri il nuovo standard nella categoria dei coltelli EDC: scegli Squid Blue oggi stesso!  <\/p>\n<p>&nbsp;<\/p>\n","protected":false},"excerpt":{"rendered":"<p><strong>Se stai cercando un coltello che unisca praticit\u00e0, design e comfort per l&#8217;uso quotidiano, allora il CRKT Squid Button Lock Blue \u00e8 la scelta giusta. \u00c8 un partner affidabile che non deluder\u00e0 in nessuna situazione e che ha anche un bell&#8217;aspetto. Scopri il nuovo standard nella categoria dei coltelli EDC: scegli Squid Blue oggi stesso!  <\/strong><\/p>\n","protected":false},"featured_media":400312,"comment_status":"open","ping_status":"closed","template":"","meta":[],"pwb-brand":[3763],"product_brand":[],"product_cat":[3745,3749],"product_tag":[],"class_list":{"0":"post-400415","1":"product","2":"type-product","3":"status-publish","4":"has-post-thumbnail","6":"pwb-brand-crkt-it","7":"product_cat-coltelli","8":"product_cat-coltelli-di-chiusura","10":"first","11":"instock","12":"sale","13":"taxable","14":"shipping-taxable","15":"purchasable","16":"product-type-simple"},"brands":[{"id":3763,"name":"CRKT","slug":"crkt-it"}],"_links":{"self":[{"href":"https:\/\/www.moskito.cz\/it\/wp-json\/wp\/v2\/product\/400415","targetHints":{"allow":["GET"]}}],"collection":[{"href":"https:\/\/www.moskito.cz\/it\/wp-json\/wp\/v2\/product"}],"about":[{"href":"https:\/\/www.moskito.cz\/it\/wp-json\/wp\/v2\/types\/product"}],"replies":[{"embeddable":true,"href":"https:\/\/www.moskito.cz\/it\/wp-json\/wp\/v2\/comments?post=400415"}],"wp:featuredmedia":[{"embeddable":true,"href":"https:\/\/www.moskito.cz\/it\/wp-json\/wp\/v2\/media\/400312"}],"wp:attachment":[{"href":"https:\/\/www.moskito.cz\/it\/wp-json\/wp\/v2\/media?parent=400415"}],"wp:term":[{"taxonomy":"pwb-brand","embeddable":true,"href":"https:\/\/www.moskito.cz\/it\/wp-json\/wp\/v2\/pwb-brand?post=400415"},{"taxonomy":"product_brand","embeddable":true,"href":"https:\/\/www.moskito.cz\/it\/wp-json\/wp\/v2\/product_brand?post=400415"},{"taxonomy":"product_cat","embeddable":true,"href":"https:\/\/www.moskito.cz\/it\/wp-json\/wp\/v2\/product_cat?post=400415"},{"taxonomy":"product_tag","embeddable":true,"href":"https:\/\/www.moskito.cz\/it\/wp-json\/wp\/v2\/product_tag?post=400415"}],"curies":[{"name":"wp","href":"https:\/\/api.w.org\/{rel}","templated":true}]}}