{"id":400484,"date":"2024-12-06T10:24:01","date_gmt":"2025-04-23T12:54:40","guid":{"rendered":"https:\/\/www.moskito.cz\/produkt\/coltello-fisso-muela-4410-m\/"},"modified":"2025-05-07T11:29:41","modified_gmt":"2025-05-07T10:29:41","slug":"coltello-fisso-muela-4410-m","status":"publish","type":"product","link":"https:\/\/www.moskito.cz\/it\/produkt\/coltello-fisso-muela-4410-m\/","title":{"rendered":"Coltello fisso Muela 4410-M"},"content":{"rendered":"<p>Coltello fisso Muela 4410-M.<\/p>\n<p>Il coltello Muela 4410-M Brown Jute Micarta \u00e8 un coltello compatto di alta qualit\u00e0, ideale per attivit\u00e0 all&#8217;aperto, caccia e sopravvivenza. Questo modello si distingue per i materiali di alta qualit\u00e0, la lavorazione precisa e il design pratico. <\/p>\n<p>Questo coltello \u00e8 la combinazione perfetta tra funzionalit\u00e0 ed estetica, ed \u00e8 ideale per gli utenti esigenti che cercano uno strumento affidabile e pratico.<\/p>\n<p>Materiale: acciaio inossidabile X50CrMoV15 (1.4116).<br \/>\n Composizione: 15% cromo, 0,8% molibdeno, 0,2% vanadio.<br \/>\n Caratteristiche:<br \/>\n Elevata resistenza alla corrosione e all&#8217;usura.<br \/>\n Durezza: 57\u201358 HRC, garantisce un&#8217;eccellente tenuta del filo.<br \/>\n Viene utilizzato negli strumenti chirurgici e negli utensili da cucina di alta qualit\u00e0.<br \/>\n Forma: Drop Point con pancia pronunciata per uso universale.<br \/>\n Molatura: Molatura completamente piana (Flat Grind) per una combinazione di efficienza di taglio e resistenza.<br \/>\n Finitura superficiale: satinata, conferisce alla lama un aspetto pulito ed elegante.<\/p>\n<p>Maniglia<\/p>\n<p>Materiale: iuta micarta impermeabile.<br \/>\n Design: forma ergonomica per una presa sicura e confortevole.<br \/>\n Caratteristiche:<br \/>\n Superficie lucidata per maggiore durata ed estetica.<br \/>\n Rivetti in ottone ad alto tenore di nichel per una maggiore resistenza.<br \/>\n Foro per cordino per fissare facilmente il coltello.<\/p>\n<p>Utilizzo<\/p>\n<p>Caccia e lavorazione della selvaggina.<br \/>\n Attivit\u00e0 all&#8217;aria aperta e attivit\u00e0 all&#8217;aperto.<br \/>\n Sopravvivenza generale e uso universale.<\/p>\n<p>Questo coltello si distingue per i materiali di prima qualit\u00e0 e il design pratico, che lo rendono un compagno affidabile per gli avventurieri e gli amanti delle attivit\u00e0 all&#8217;aria aperta.<\/p>\n<p>Alloggiamento<\/p>\n<p>Descrizione: Fodero lungo in pelle che protegge la lama e parte dell&#8217;impugnatura.<br \/>\n Materiale: Pelle bovina naturale di colore marrone, conciata di alta qualit\u00e0.<br \/>\n Caratteristiche:<br \/>\n Il logo del produttore \u00e8 impresso sulla superficie.<br \/>\n I bordi sono trapuntati in modo decorativo.<br \/>\n Consente il fissaggio alla cintura o all&#8217;attrezzatura in posizione verticale.<\/p>\n<p>Dati tecnici<\/p>\n<p>Numero di prodotto: 4410-M<br \/>\n Nome del prodotto: Muela 4410-M Micarta di iuta marrone, satinato<\/p>\n<p>Dimensioni<\/p>\n<p>Lunghezza totale: 205,0 mm<br \/>\n Lunghezza lama: 100,0 mm<br \/>\n Spessore della lama: n\/d<br \/>\n Lunghezza della maniglia: 105,0 mm<br \/>\n Spessore della maniglia: n\/d<br \/>\n Peso: 131,0 g<\/p>\n<p>Lama<\/p>\n<p>Materiale: acciaio inossidabile X50CrMoV15<br \/>\n Durezza: n\/d<br \/>\n Macinatura: Macinatura completamente piatta (Flat Grind)<br \/>\n Finitura: satinata<\/p>\n<p>Progettista: Muela<br \/>\n Marca: Muela<br \/>\n Produttore: Manufacturas Muela, SA<br \/>\n Paese di origine: Spagna<\/p>\n<p>&nbsp;<\/p>\n","protected":false},"excerpt":{"rendered":"<p><strong>Il coltello Muela 4410-M Brown Jute Micarta \u00e8 un coltello compatto di alta qualit\u00e0, ideale per attivit\u00e0 all&#8217;aperto, caccia e sopravvivenza. Questo modello si distingue per i materiali di alta qualit\u00e0, la lavorazione precisa e il design pratico. <\/strong><\/p>\n","protected":false},"featured_media":380485,"comment_status":"open","ping_status":"closed","template":"","meta":[],"pwb-brand":[3913],"product_brand":[],"product_cat":[3745,3746],"product_tag":[],"class_list":{"0":"post-400484","1":"product","2":"type-product","3":"status-publish","4":"has-post-thumbnail","6":"pwb-brand-lei-doveva","7":"product_cat-coltelli","8":"product_cat-coltelli-solidi","10":"first","11":"instock","12":"taxable","13":"shipping-taxable","14":"purchasable","15":"product-type-simple"},"brands":[{"id":3913,"name":"Lei doveva","slug":"lei-doveva"}],"_links":{"self":[{"href":"https:\/\/www.moskito.cz\/it\/wp-json\/wp\/v2\/product\/400484","targetHints":{"allow":["GET"]}}],"collection":[{"href":"https:\/\/www.moskito.cz\/it\/wp-json\/wp\/v2\/product"}],"about":[{"href":"https:\/\/www.moskito.cz\/it\/wp-json\/wp\/v2\/types\/product"}],"replies":[{"embeddable":true,"href":"https:\/\/www.moskito.cz\/it\/wp-json\/wp\/v2\/comments?post=400484"}],"wp:featuredmedia":[{"embeddable":true,"href":"https:\/\/www.moskito.cz\/it\/wp-json\/wp\/v2\/media\/380485"}],"wp:attachment":[{"href":"https:\/\/www.moskito.cz\/it\/wp-json\/wp\/v2\/media?parent=400484"}],"wp:term":[{"taxonomy":"pwb-brand","embeddable":true,"href":"https:\/\/www.moskito.cz\/it\/wp-json\/wp\/v2\/pwb-brand?post=400484"},{"taxonomy":"product_brand","embeddable":true,"href":"https:\/\/www.moskito.cz\/it\/wp-json\/wp\/v2\/product_brand?post=400484"},{"taxonomy":"product_cat","embeddable":true,"href":"https:\/\/www.moskito.cz\/it\/wp-json\/wp\/v2\/product_cat?post=400484"},{"taxonomy":"product_tag","embeddable":true,"href":"https:\/\/www.moskito.cz\/it\/wp-json\/wp\/v2\/product_tag?post=400484"}],"curies":[{"name":"wp","href":"https:\/\/api.w.org\/{rel}","templated":true}]}}