{"id":400614,"date":"2025-04-23T14:26:38","date_gmt":"2025-04-23T13:47:49","guid":{"rendered":"https:\/\/www.moskito.cz\/produkt\/coltello-pieghevole-crkt-bamboozled-brown-5720b\/"},"modified":"2025-05-07T11:29:43","modified_gmt":"2025-05-07T10:29:43","slug":"coltello-pieghevole-crkt-bamboozled-brown-5720b","status":"publish","type":"product","link":"https:\/\/www.moskito.cz\/it\/produkt\/coltello-pieghevole-crkt-bamboozled-brown-5720b\/","title":{"rendered":"Coltello pieghevole CRKT Bamboozled Brown 5720B"},"content":{"rendered":"<p data-pm-slice=\"1 1 []\">\ud83d\udd2a <strong>Coltello pieghevole CRKT Bamboozled\u2122 Brown CR-5720B<\/strong><\/p>\n<p>\u2728  <strong>Descrizione generale:<\/strong>  Elegante, moderno e al tempo stesso classico: il modello CRKT Bamboozled\u2122 del designer Ken Onion \u00e8 la scelta perfetta per l&#8217;uso quotidiano. L&#8217;impugnatura in G10 marrone e il profilo sottile hanno un aspetto molto elegante, mentre l&#8217;affidabile blocco liner e l&#8217;apertura fluida con flipper assistito garantiscono la funzionalit\u00e0 che ci si aspetta da un coltello. <\/p>\n<p>\ud83d\udcd0 <strong>Specifiche:<\/strong><\/p>\n<ul data-spread=\"false\">\n<li>Lunghezza totale: 203 mm<\/li>\n<li>Lunghezza lama: 89 mm<\/li>\n<li>Spessore lama: 3 mm<\/li>\n<li>Materiale della lama: 8Cr13MoV<\/li>\n<li>Durezza: ca. 58-59 HRC<\/li>\n<li>Finitura superficiale: Stonewashed<\/li>\n<li>Forma della lama: punta a goccia<\/li>\n<li>Materiale dell&#8217;impugnatura: G10 (marrone)<\/li>\n<li>Tipo di fusibile: Liner Lock<\/li>\n<li>Apertura: Pinna con assistenza<\/li>\n<li>Clip: Riposizionabile (Tip-Up)<\/li>\n<li>Peso: 102 g<\/li>\n<\/ul>\n<p>\ud83e\uddf0 <strong>Affilatura e manutenzione:<\/strong> la lama in acciaio 8Cr13MoV pu\u00f2 essere facilmente affilata con temperamatite tradizionali o temperamatite diamantate. Si consiglia di pulire regolarmente la lama e di lubrificare il perno con olio per coltelli per un funzionamento regolare e una maggiore durata. <\/p>\n<p>\ud83e\udded <strong>Uso e scopo:<\/strong> Ottima chiusura per il tempo libero, ideale per l&#8217;uso quotidiano (EDC). Grazie al suo aspetto elegante, \u00e8 adatto anche come accessorio per la citt\u00e0, ma non deluder\u00e0 durante le attivit\u00e0 leggere all&#8217;aria aperta. <\/p>\n<p>\u2694\ufe0f <strong>Vantaggi:<\/strong><\/p>\n<ul data-spread=\"false\">\n<li>Design elegante e unico di Ken Onion<\/li>\n<li>Apertura facile e veloce grazie al flipper<\/li>\n<li>Blocco liner affidabile<\/li>\n<li>Costruzione leggera adatta all&#8217;uso quotidiano<\/li>\n<\/ul>\n<p>\u2696\ufe0f <strong>Svantaggi:<\/strong><\/p>\n<ul data-spread=\"false\">\n<li>L&#8217;acciaio 8Cr13MoV richiede una rettifica pi\u00f9 frequente<\/li>\n<li>Clip non rimovibile sull&#8217;altro lato (indossabile solo sul lato destro)<\/li>\n<\/ul>\n<p><strong>Conclusione:<\/strong> il coltello CRKT Bamboozled\u2122 non \u00e8 solo uno strumento pratico, \u00e8 un&#8217;espressione di personalit\u00e0. Le sue linee pulite, l&#8217;impugnatura in G10 marrone e l&#8217;apertura rapida ti daranno una sensazione di sicurezza ed eleganza allo stesso tempo. Se stai cercando un coltello EDC che unisca stile, qualit\u00e0 e funzionalit\u00e0, l&#8217;hai appena trovato. Il CRKT Bamboozled\u2122 \u00e8 un coltello che non ti deluder\u00e0 mai, e ha anche un bell&#8217;aspetto.   <\/p>\n<p>&nbsp;<\/p>\n","protected":false},"excerpt":{"rendered":"<p><strong>Il coltello CRKT Bamboozled\u2122 non \u00e8 solo uno strumento pratico: \u00e8 un&#8217;espressione di personalit\u00e0. Le sue linee pulite, l&#8217;impugnatura in G10 marrone e l&#8217;apertura rapida ti daranno una sensazione di sicurezza ed eleganza allo stesso tempo. Se stai cercando un coltello EDC che unisca stile, qualit\u00e0 e funzionalit\u00e0, l&#8217;hai appena trovato. Il CRKT Bamboozled\u2122 \u00e8 un coltello che non ti deluder\u00e0 mai, e ha anche un bell&#8217;aspetto.   <\/strong><\/p>\n<p>&nbsp;<\/p>\n","protected":false},"featured_media":400511,"comment_status":"open","ping_status":"closed","template":"","meta":[],"pwb-brand":[3763],"product_brand":[],"product_cat":[3745,3749],"product_tag":[4008],"class_list":{"0":"post-400614","1":"product","2":"type-product","3":"status-publish","4":"has-post-thumbnail","6":"pwb-brand-crkt-it","7":"product_cat-coltelli","8":"product_cat-coltelli-di-chiusura","9":"product_tag-nuovo","11":"first","12":"instock","13":"sale","14":"taxable","15":"shipping-taxable","16":"purchasable","17":"product-type-simple"},"brands":[{"id":3763,"name":"CRKT","slug":"crkt-it"}],"_links":{"self":[{"href":"https:\/\/www.moskito.cz\/it\/wp-json\/wp\/v2\/product\/400614","targetHints":{"allow":["GET"]}}],"collection":[{"href":"https:\/\/www.moskito.cz\/it\/wp-json\/wp\/v2\/product"}],"about":[{"href":"https:\/\/www.moskito.cz\/it\/wp-json\/wp\/v2\/types\/product"}],"replies":[{"embeddable":true,"href":"https:\/\/www.moskito.cz\/it\/wp-json\/wp\/v2\/comments?post=400614"}],"wp:featuredmedia":[{"embeddable":true,"href":"https:\/\/www.moskito.cz\/it\/wp-json\/wp\/v2\/media\/400511"}],"wp:attachment":[{"href":"https:\/\/www.moskito.cz\/it\/wp-json\/wp\/v2\/media?parent=400614"}],"wp:term":[{"taxonomy":"pwb-brand","embeddable":true,"href":"https:\/\/www.moskito.cz\/it\/wp-json\/wp\/v2\/pwb-brand?post=400614"},{"taxonomy":"product_brand","embeddable":true,"href":"https:\/\/www.moskito.cz\/it\/wp-json\/wp\/v2\/product_brand?post=400614"},{"taxonomy":"product_cat","embeddable":true,"href":"https:\/\/www.moskito.cz\/it\/wp-json\/wp\/v2\/product_cat?post=400614"},{"taxonomy":"product_tag","embeddable":true,"href":"https:\/\/www.moskito.cz\/it\/wp-json\/wp\/v2\/product_tag?post=400614"}],"curies":[{"name":"wp","href":"https:\/\/api.w.org\/{rel}","templated":true}]}}