{"id":400622,"date":"2025-04-23T14:47:58","date_gmt":"2025-04-23T13:48:34","guid":{"rendered":"https:\/\/www.moskito.cz\/produkt\/coltello-pieghevole-crkt-squid-black-2474\/"},"modified":"2025-05-07T11:29:44","modified_gmt":"2025-05-07T10:29:44","slug":"coltello-pieghevole-crkt-squid-black-2474","status":"publish","type":"product","link":"https:\/\/www.moskito.cz\/it\/produkt\/coltello-pieghevole-crkt-squid-black-2474\/","title":{"rendered":"Coltello pieghevole CRKT Squid Black 2474"},"content":{"rendered":"<p data-pm-slice=\"1 1 []\">\ud83d\udd2a <strong>Coltello pieghevole CRKT Squid\u2122 Button Lock CR-2474 nero<\/strong><\/p>\n<p><strong>Lunghezza totale:<\/strong> 155 mm<br \/>\n<strong>Lunghezza lama:<\/strong> 60 mm<br \/>\n<strong>Spessore lama:<\/strong> 2,5 mm<br \/>\n<strong>Lunghezza coltello chiuso:<\/strong> 95 mm<br \/>\n<strong>Peso:<\/strong> 85 g<br \/>\n<strong>Acciaio della lama:<\/strong> 8Cr14MoV<br \/>\n<strong>Durezza dell&#8217;acciaio:<\/strong> 58-59 HRC<br \/>\n<strong>Materiale dell&#8217;impugnatura:<\/strong> acciaio inossidabile<br \/>\n<strong>Condizioni superficiali della lama:<\/strong> Stonewashed<br \/>\n<strong>Forma della lama:<\/strong> punta a goccia<br \/>\n<strong>Blocco:<\/strong> Blocco pulsanti<\/p>\n<div>\n<hr>\n<\/div>\n<h3>\ud83c\udf1f <strong>Descrizione e caratteristiche:<\/strong><\/h3>\n<p>Il CRKT Squid\u2122 Button Lock nero \u00e8 una versione moderna del leggendario modello Squid, questa volta con un intuitivo meccanismo Button Lock per una chiusura e un&#8217;apertura facili e sicure. Il design di Lucas Burnley coniuga uno stile minimalista con le massime prestazioni. Le dimensioni compatte e la sorprendente robustezza rendono questo coltello la scelta ideale per l&#8217;uso quotidiano (EDC).  <\/p>\n<p>La lama in acciaio inossidabile 8Cr14MoV garantisce una durevolezza affidabile e una facile affilatura. La forma della lama Drop Point \u00e8 universale e adatta a tutti gli scopi comuni. La superficie stonewashed aumenta la resistenza ai graffi e conferisce al coltello un aspetto industriale. L&#8217;impugnatura in acciaio inossidabile si adatta perfettamente alla mano e risulta solida e stabile.   <\/p>\n<div>\n<hr>\n<\/div>\n<h3>\u2696\ufe0f <strong>Vantaggi e svantaggi:<\/strong><\/h3>\n<p><strong>+<\/strong> Dimensioni compatte adatte per EDC<br \/>\n<strong>+<\/strong> Costruzione in acciaio inossidabile di alta qualit\u00e0<br \/>\n<strong>+<\/strong> Il blocco pulsanti garantisce un funzionamento facile e sicuro<br \/>\n<strong>+<\/strong> Ottimo rapporto prezzo\/prestazioni<br \/>\n<strong>\u2212<\/strong> Le dimensioni pi\u00f9 piccole potrebbero non essere adatte per attivit\u00e0 pi\u00f9 impegnative<\/p>\n<div>\n<hr>\n<\/div>\n<h3>\ud83d\udcaa <strong>Uso e scopo:<\/strong><\/h3>\n<p>La scelta perfetta per l&#8217;uso quotidiano, per aprire pacchi, per piccoli tagli e per tutto ci\u00f2 che ti capita durante la giornata. Adatto sia per destrimani che per mancini. <\/p>\n<div>\n<hr>\n<\/div>\n<h3>\u2692\ufe0f <strong>Manutenzione e rettifica:<\/strong><\/h3>\n<p>La lama in acciaio 8Cr14MoV pu\u00f2 essere facilmente affilata a casa utilizzando un temperamatite classico. Si consiglia di pulire regolarmente il giunto e il meccanismo, idealmente con una spazzola asciutta o aria compressa. Per lubrificare il meccanismo utilizzare olio minerale o grasso al silicone.  <\/p>\n<div>\n<hr>\n<\/div>\n<h3>\ud83c\udf1f <strong>Conclusione:<\/strong><\/h3>\n<p>Se stai cercando un coltello che non ti deluda e che abbia un bell&#8217;aspetto da portare con s\u00e9 ogni giorno, il CRKT Squid\u2122 Button Lock Black \u00e8 la scelta giusta. Design minimalista, massima funzionalit\u00e0. Porta con te un pezzo di intelligente ingegneria e stile americano. Questo calamaro ti supporter\u00e0 sempre e ovunque.   <\/p>\n<p>&nbsp;<\/p>\n","protected":false},"excerpt":{"rendered":"<p><strong>Se stai cercando un coltello che non ti deluda e che abbia un bell&#8217;aspetto da portare con s\u00e9 ogni giorno, il CRKT Squid\u2122 Button Lock Black \u00e8 la scelta giusta. Design minimalista, massima funzionalit\u00e0. Porta con te un pezzo di intelligente ingegneria e stile americano. Questo calamaro ti supporter\u00e0 sempre e ovunque.   <\/strong><\/p>\n","protected":false},"featured_media":400567,"comment_status":"open","ping_status":"closed","template":"","meta":[],"pwb-brand":[3763],"product_brand":[],"product_cat":[3745,3749],"product_tag":[4008],"class_list":{"0":"post-400622","1":"product","2":"type-product","3":"status-publish","4":"has-post-thumbnail","6":"pwb-brand-crkt-it","7":"product_cat-coltelli","8":"product_cat-coltelli-di-chiusura","9":"product_tag-nuovo","11":"first","12":"instock","13":"sale","14":"taxable","15":"shipping-taxable","16":"purchasable","17":"product-type-simple"},"brands":[{"id":3763,"name":"CRKT","slug":"crkt-it"}],"_links":{"self":[{"href":"https:\/\/www.moskito.cz\/it\/wp-json\/wp\/v2\/product\/400622","targetHints":{"allow":["GET"]}}],"collection":[{"href":"https:\/\/www.moskito.cz\/it\/wp-json\/wp\/v2\/product"}],"about":[{"href":"https:\/\/www.moskito.cz\/it\/wp-json\/wp\/v2\/types\/product"}],"replies":[{"embeddable":true,"href":"https:\/\/www.moskito.cz\/it\/wp-json\/wp\/v2\/comments?post=400622"}],"wp:featuredmedia":[{"embeddable":true,"href":"https:\/\/www.moskito.cz\/it\/wp-json\/wp\/v2\/media\/400567"}],"wp:attachment":[{"href":"https:\/\/www.moskito.cz\/it\/wp-json\/wp\/v2\/media?parent=400622"}],"wp:term":[{"taxonomy":"pwb-brand","embeddable":true,"href":"https:\/\/www.moskito.cz\/it\/wp-json\/wp\/v2\/pwb-brand?post=400622"},{"taxonomy":"product_brand","embeddable":true,"href":"https:\/\/www.moskito.cz\/it\/wp-json\/wp\/v2\/product_brand?post=400622"},{"taxonomy":"product_cat","embeddable":true,"href":"https:\/\/www.moskito.cz\/it\/wp-json\/wp\/v2\/product_cat?post=400622"},{"taxonomy":"product_tag","embeddable":true,"href":"https:\/\/www.moskito.cz\/it\/wp-json\/wp\/v2\/product_tag?post=400622"}],"curies":[{"name":"wp","href":"https:\/\/api.w.org\/{rel}","templated":true}]}}