{"id":400829,"date":"2025-04-23T16:13:26","date_gmt":"2025-04-23T15:30:31","guid":{"rendered":"https:\/\/www.moskito.cz\/produkt\/coltello-pieghevole-crkt-black-m16-03xk\/"},"modified":"2025-05-07T11:29:49","modified_gmt":"2025-05-07T10:29:49","slug":"coltello-pieghevole-crkt-black-m16-03xk","status":"publish","type":"product","link":"https:\/\/www.moskito.cz\/it\/produkt\/coltello-pieghevole-crkt-black-m16-03xk\/","title":{"rendered":"Coltello pieghevole CRKT Black M16-03XK"},"content":{"rendered":"<h3 data-pm-slice=\"1 1 []\">\ud83d\udd2a Coltello pieghevole CRKT M16\u00ae-03XK Nero cr-M16-03XK<\/h3>\n<p>L&#8217;iconica serie M16 di <strong>Carson<\/strong> ritorna nella sua versione modernizzata. Questo modello, denominato <strong>03XK<\/strong> , offre un design robusto, un design tatticamente ottimizzato e un&#8217;affidabilit\u00e0 che apprezzerai ogni giorno, dall&#8217;uso quotidiano all&#8217;impiego su terreni impegnativi. <\/p>\n<div>\n<hr>\n<\/div>\n<h3>\u2699\ufe0f Specifiche:<\/h3>\n<ul data-spread=\"false\">\n<li><strong>Lunghezza totale:<\/strong> 205 mm<\/li>\n<li><strong>Lunghezza lama:<\/strong> 86 mm<\/li>\n<li><strong>Spessore lama:<\/strong> 2,8 mm<\/li>\n<li><strong>Peso:<\/strong> 91 g<\/li>\n<li><strong>Acciaio della lama:<\/strong> 1.4116<\/li>\n<li><strong>Durezza dell&#8217;acciaio:<\/strong> 55\u201357 HRC<\/li>\n<li><strong>Materiale dell&#8217;impugnatura:<\/strong> alluminio<\/li>\n<li><strong>Finitura lama:<\/strong> ossido nero<\/li>\n<li><strong>Forma della lama:<\/strong> punta di lancia con bordo falso<\/li>\n<li><strong>Apertura:<\/strong> Flipper + perno bifacciale<\/li>\n<li><strong>Blocco:<\/strong> Liner Lock<\/li>\n<li><strong>Clip:<\/strong> trasporto profondo a doppia faccia<\/li>\n<\/ul>\n<div>\n<hr>\n<\/div>\n<h3>\ud83d\udc8e Vantaggi:<\/h3>\n<ul data-spread=\"false\">\n<li>\u2714\ufe0f Design migliorato della leggendaria serie M16 del designer <strong>Kit Carson<\/strong><\/li>\n<li>\u2714\ufe0f Blocco affidabile del rivestimento e facile apertura con pinna e perno<\/li>\n<li>\u2714\ufe0f Lama annerita con un tocco tattico: riduce i riflessi e aumenta la durata<\/li>\n<li>\u2714\ufe0f Costruzione robusta ma leggera con maniglie in alluminio<\/li>\n<li>\u2714\ufe0f Acciaio 1.4116 di alta qualit\u00e0: mantiene bene il filo ed \u00e8 facile da affilare<\/li>\n<\/ul>\n<div>\n<hr>\n<\/div>\n<h3>\ud83e\uddfc Rettifica e manutenzione:<\/h3>\n<ul data-spread=\"false\">\n<li><strong>Rettifica:<\/strong> Angolo consigliato ca. 20\u00b0. Pu\u00f2 essere facilmente affilato con temperamatite diamantati o pietre ad acqua. <\/li>\n<li><strong>Manutenzione:<\/strong> lubrificare regolarmente il meccanismo del giunto con olio (ad es. Ballistol), smontarlo e pulirlo di tanto in tanto. La superficie nera protegge dalla corrosione: pulire il coltello dopo l&#8217;uso. <\/li>\n<\/ul>\n<div>\n<hr>\n<\/div>\n<h3>\u2696\ufe0f Confronto con i concorrenti:<\/h3>\n<table>\n<tbody>\n<tr>\n<th>Modello<\/th>\n<th>Lunghezza della lama<\/th>\n<th>Acciaio<\/th>\n<th>Serratura<\/th>\n<th>Peso<\/th>\n<th>Prezzo<\/th>\n<\/tr>\n<tr>\n<td><strong>CRKT M16-03XK<\/strong><\/td>\n<td>86 millimetri<\/td>\n<td>1.4116<\/td>\n<td>Blocco del rivestimento<\/td>\n<td>91 g<\/td>\n<td>\ud83d\udcb0 \ud83d\udcb0<\/td>\n<\/tr>\n<tr>\n<td>Kershaw CQC-6K<\/td>\n<td>88 millimetri<\/td>\n<td>8Cr14MoV<\/td>\n<td>Blocco del telaio<\/td>\n<td>131 g<\/td>\n<td>\ud83d\udcb0 \ud83d\udcb0<\/td>\n<\/tr>\n<tr>\n<td>Cold Steel Recon 1 Mini<\/td>\n<td>89 mm<\/td>\n<td>AUS-10A<\/td>\n<td>Triade<\/td>\n<td>105 g<\/td>\n<td>\ud83d\udcb0 \ud83d\udcb0 \ud83d\udcb0<\/td>\n<\/tr>\n<\/tbody>\n<\/table>\n<p>Il CRKT M16-03XK mantiene il comprovato equilibrio tra prezzo, funzionalit\u00e0 e aspetto iconico. Se stai cercando un coltello EDC tattico ma leggero e di facile manutenzione, questa \u00e8 una scelta eccellente. <\/p>\n<div>\n<hr>\n<\/div>\n<h3>\ud83c\udf81 Contenuto della confezione:<\/h3>\n<ul data-spread=\"false\">\n<li>Coltello CRKT M16-03XK<\/li>\n<li>Scatola originale CRKT<\/li>\n<li>Istruzioni per la manutenzione e istruzioni di sicurezza<\/li>\n<\/ul>\n<div>\n<hr>\n<\/div>\n<h3>Conclusione:<\/h3>\n<p><strong>Le leggende non muoiono mai: migliorano sempre di pi\u00f9.<\/strong>  Il CRKT M16-03XK \u00e8 un omaggio a uno dei design pi\u00f9 iconici nella storia dei coltelli tattici. Modernizzato per le esigenze odierne, ma fedele alla sua tradizione. \u00c8 leggero in mano, ma solido nell&#8217;uso.  <\/p>\n<p>\ud83d\udda4  <strong>Scegli un coltello che ha resistito alla prova del tempo: il CRKT M16-03XK. Non solo uno strumento funzionale, ma un pezzo di storia del coltello che non vi deluder\u00e0. <\/strong><\/p>\n","protected":false},"excerpt":{"rendered":"<p>\ud83d\udda4  <strong>Scegli un coltello che ha resistito alla prova del tempo: il CRKT M16-03XK. Non solo uno strumento funzionale, ma un pezzo di storia del coltello che non vi deluder\u00e0. <\/strong><\/p>\n","protected":false},"featured_media":400737,"comment_status":"open","ping_status":"closed","template":"","meta":[],"pwb-brand":[3763],"product_brand":[],"product_cat":[3745,3749],"product_tag":[4008],"class_list":{"0":"post-400829","1":"product","2":"type-product","3":"status-publish","4":"has-post-thumbnail","6":"pwb-brand-crkt-it","7":"product_cat-coltelli","8":"product_cat-coltelli-di-chiusura","9":"product_tag-nuovo","11":"first","12":"instock","13":"taxable","14":"shipping-taxable","15":"purchasable","16":"product-type-simple"},"brands":[{"id":3763,"name":"CRKT","slug":"crkt-it"}],"_links":{"self":[{"href":"https:\/\/www.moskito.cz\/it\/wp-json\/wp\/v2\/product\/400829","targetHints":{"allow":["GET"]}}],"collection":[{"href":"https:\/\/www.moskito.cz\/it\/wp-json\/wp\/v2\/product"}],"about":[{"href":"https:\/\/www.moskito.cz\/it\/wp-json\/wp\/v2\/types\/product"}],"replies":[{"embeddable":true,"href":"https:\/\/www.moskito.cz\/it\/wp-json\/wp\/v2\/comments?post=400829"}],"wp:featuredmedia":[{"embeddable":true,"href":"https:\/\/www.moskito.cz\/it\/wp-json\/wp\/v2\/media\/400737"}],"wp:attachment":[{"href":"https:\/\/www.moskito.cz\/it\/wp-json\/wp\/v2\/media?parent=400829"}],"wp:term":[{"taxonomy":"pwb-brand","embeddable":true,"href":"https:\/\/www.moskito.cz\/it\/wp-json\/wp\/v2\/pwb-brand?post=400829"},{"taxonomy":"product_brand","embeddable":true,"href":"https:\/\/www.moskito.cz\/it\/wp-json\/wp\/v2\/product_brand?post=400829"},{"taxonomy":"product_cat","embeddable":true,"href":"https:\/\/www.moskito.cz\/it\/wp-json\/wp\/v2\/product_cat?post=400829"},{"taxonomy":"product_tag","embeddable":true,"href":"https:\/\/www.moskito.cz\/it\/wp-json\/wp\/v2\/product_tag?post=400829"}],"curies":[{"name":"wp","href":"https:\/\/api.w.org\/{rel}","templated":true}]}}