{"id":400863,"date":"2024-11-22T09:21:03","date_gmt":"2025-04-24T05:58:51","guid":{"rendered":"https:\/\/www.moskito.cz\/produkt\/coltello-pieghevole-crkt-nucleus-5702\/"},"modified":"2025-05-07T11:29:51","modified_gmt":"2025-05-07T10:29:51","slug":"coltello-pieghevole-crkt-nucleus-5702","status":"publish","type":"product","link":"https:\/\/www.moskito.cz\/it\/produkt\/coltello-pieghevole-crkt-nucleus-5702\/","title":{"rendered":"Coltello pieghevole CRKT Nucleus 5702"},"content":{"rendered":"<div class=\"flex-1 overflow-hidden @container\/thread\">\n<div class=\"h-full\">\n<div class=\"react-scroll-to-bottom--css-quzxw-79elbk h-full\">\n<div class=\"react-scroll-to-bottom--css-quzxw-1n7m0yu\">\n<div class=\"flex flex-col text-sm md:pb-9\">\n<article class=\"w-full scroll-mb-[var(--thread-trailing-height,150px)] text-token-text-primary focus-visible:outline-2 focus-visible:outline-offset-[-4px]\" dir=\"auto\" data-testid=\"conversation-turn-83\" data-scroll-anchor=\"true\">\n<div class=\"m-auto text-base py-[18px] px-3 md:px-4 w-full md:px-5 lg:px-4 xl:px-5\">\n<div class=\"mx-auto flex flex-1 gap-4 text-base md:gap-5 lg:gap-6 md:max-w-3xl\">\n<div class=\"group\/conversation-turn relative flex w-full min-w-0 flex-col agent-turn\">\n<div class=\"flex-col gap-1 md:gap-3\">\n<div class=\"flex max-w-full flex-col flex-grow\">\n<div class=\"min-h-8 text-message flex w-full flex-col items-end gap-2 whitespace-normal break-words text-start [.text-message+&amp;]:mt-5\" dir=\"auto\" data-message-author-role=\"assistant\" data-message-id=\"423f1961-ae63-4eb9-98ac-2adfd23f6c2c\" data-message-model-slug=\"gpt-4o-mini\">\n<div class=\"flex w-full flex-col gap-1 empty:hidden first:pt-[3px]\">\n<div class=\"markdown prose w-full break-words dark:prose-invert light\">\n<p><strong>Il coltello pieghevole CRKT Nucleus 5702<\/strong> \u00e8 un coltello moderno e altamente funzionale, ideale per il trasporto quotidiano (EDC) e per piccole attivit\u00e0 all&#8217;aperto. Questo modello \u00e8 stato progettato dal famoso designer Ken Onion e si distingue per <strong>il suo aspetto moderno<\/strong> , <strong>i materiali di qualit\u00e0<\/strong> e <strong>le affidabili propriet\u00e0 meccaniche<\/strong> . Utilizza l&#8217;innovativo <strong>sistema di cuscinetti IKBS<\/strong> per un&#8217;apertura fluida e ha <strong>un&#8217;ergonomia<\/strong> eccellente, che lo rende un compagno molto piacevole per le attivit\u00e0 quotidiane.  <\/p>\n<h3><strong>Caratteristiche principali del CRKT Nucleus 5702:<\/strong><\/h3>\n<h4><strong>Lama:<\/strong><\/h4>\n<ul>\n<li><strong>Materiale:<\/strong> la lama \u00e8 realizzata in <strong>acciaio inossidabile 14C28N<\/strong> , un acciaio molto durevole con un&#8217;eccellente <strong>resistenza alla corrosione<\/strong> e <strong>una buona capacit\u00e0 di mantenere il filo<\/strong> . Questo materiale \u00e8 molto apprezzato per <strong>il suo equilibrio tra durezza<\/strong> e <strong>tenacit\u00e0<\/strong> , che ne garantisce una lunga durata e una facile manutenzione. <\/li>\n<li><strong>Forma della lama:<\/strong> <strong>la forma della lama a punta cadente<\/strong> \u00e8 versatile, adatta sia per <strong>tagli generici<\/strong> che per lavori pi\u00f9 impegnativi. Questa forma garantisce una punta robusta per tagli di precisione ed \u00e8 ideale per un&#8217;ampia gamma di applicazioni. <\/li>\n<li><strong>Trattamento superficiale:<\/strong> la lama \u00e8 trattata con <strong>una finitura micropallinata<\/strong> , che ne migliora la resistenza ai graffi, conferendole al contempo un aspetto opaco ed elegante.<\/li>\n<\/ul>\n<h4><strong>Maniglia:<\/strong><\/h4>\n<ul>\n<li><strong>Materiale:<\/strong> l&#8217;impugnatura \u00e8 realizzata in <strong>acciaio inossidabile<\/strong> con <strong>uno strato G10<\/strong> , che garantisce <strong>una presa salda e antiscivolo<\/strong> . La combinazione di questi materiali garantisce non solo durevolezza ma anche estetica. <\/li>\n<li><strong>Design:<\/strong> il coltello ha un design minimalista con linee pulite, che lo rendono uno strumento moderno ed elegante. L&#8217;impugnatura \u00e8 progettata per garantire <strong>una presa comoda<\/strong> , anche quando il coltello viene utilizzato per lunghi periodi di tempo. <\/li>\n<\/ul>\n<h4><strong>Meccanismo di apertura:<\/strong><\/h4>\n<ul>\n<li><strong>Sistema di cuscinetti IKBS:<\/strong> questo innovativo sistema di cuscinetti consente <strong>un&#8217;apertura della lama molto fluida e rapida<\/strong> con una sola mano. Questo \u00e8 uno dei principali vantaggi di questo coltello, che garantisce un&#8217;esperienza d&#8217;uso eccellente. <\/li>\n<\/ul>\n<h4><strong>Serratura:<\/strong><\/h4>\n<ul>\n<li><strong>Blocco del telaio:<\/strong> questo sistema garantisce che <strong>la lama sia saldamente bloccata<\/strong> in posizione aperta. Il blocco del telaio \u00e8 noto per la sua affidabilit\u00e0 e sicurezza, garantendo sicurezza durante l&#8217;uso del coltello. <\/li>\n<\/ul>\n<h4><strong>Dimensioni e peso:<\/strong><\/h4>\n<ul>\n<li><strong>Lunghezza lama:<\/strong> 80,98 mm (3,19&#8243;)<\/li>\n<li><strong>Spessore della lama:<\/strong> 3,20 mm (0,13&#8243;)<\/li>\n<li><strong>Lunghezza totale:<\/strong> 187,33 mm (7,38&#8243;)<\/li>\n<li><strong>Lunghezza piegata:<\/strong> 106,35 mm (4,19&#8243;)<\/li>\n<li><strong>Peso:<\/strong> 87,88 g (3,10 oz), il che rende il coltello <strong>facilmente trasportabile<\/strong> e <strong>comodo per il trasporto quotidiano<\/strong> .<\/li>\n<\/ul>\n<h4><strong>Clip di trasporto:<\/strong><\/h4>\n<ul>\n<li><strong>Clip da cintura:<\/strong> il coltello \u00e8 dotato di <strong>una clip da trasporto ribaltabile<\/strong> che consente di trasportarlo comodamente in tasca o alla cintura, cos\u00ec da averlo sempre a portata di mano.<\/li>\n<\/ul>\n<h3><strong>Progettazione e utilizzo:<\/strong><\/h3>\n<p><strong>Il CRKT Nucleus 5702<\/strong> \u00e8 progettato per essere <strong>un ottimo strumento da portare tutti i giorni (EDC)<\/strong> . \u00c8 adatto a un&#8217;ampia gamma di attivit\u00e0 come <strong>il taglio, l&#8217;affettatura<\/strong> o <strong>la movimentazione di materiali<\/strong> . Grazie al suo design e alla lavorazione di qualit\u00e0, \u00e8 ideale per <strong>attivit\u00e0 leggere all&#8217;aperto<\/strong> e per <strong>le attivit\u00e0 quotidiane<\/strong> , dove apprezzerete la facilit\u00e0 d&#8217;uso e <strong>l&#8217;affidabilit\u00e0<\/strong> .  <\/p>\n<p>Il coltello \u00e8 adatto anche per <strong>il campeggio<\/strong> , <strong>l&#8217;escursionismo<\/strong> o <strong>la caccia<\/strong> , dove pu\u00f2 servire non solo come utensile per la lavorazione dei materiali, ma anche come affidabile assistente in varie attivit\u00e0 all&#8217;aperto.<\/p>\n<h3><strong>Specifiche:<\/strong><\/h3>\n<ul>\n<li><strong>Materiale della lama:<\/strong> acciaio inossidabile 14C28N<\/li>\n<li><strong>Forma della lama:<\/strong> Punta a goccia<\/li>\n<li><strong>Finitura della lama:<\/strong> sabbiatura<\/li>\n<li><strong>Lunghezza lama:<\/strong> 80,98 mm (3,19&#8243;)<\/li>\n<li><strong>Spessore della lama:<\/strong> 3,20 mm (0,13&#8243;)<\/li>\n<li><strong>Lunghezza totale:<\/strong> 187,33 mm (7,38&#8243;)<\/li>\n<li><strong>Lunghezza piegata:<\/strong> 106,35 mm (4,19&#8243;)<\/li>\n<li><strong>Peso:<\/strong> 87,88 g (3,10 oz)<\/li>\n<li><strong>Materiale dell&#8217;impugnatura:<\/strong> acciaio inossidabile con strato G10<\/li>\n<li><strong>Stile:<\/strong> coltello pieghevole con meccanismo <strong>di blocco del telaio<\/strong><\/li>\n<li><strong>Clip di trasporto:<\/strong> S\u00ec, per il trasporto <strong>in posizione ribaltabile<\/strong><\/li>\n<\/ul>\n<h3><strong>Conclusione:<\/strong><\/h3>\n<p><strong>Il CRKT Nucleus 5702<\/strong> \u00e8 un <strong>coltello pieghevole<\/strong> di qualit\u00e0 che offre <strong>una combinazione di design moderno<\/strong> , <strong>materiali affidabili<\/strong> e <strong>meccanismi innovativi<\/strong> . Grazie al <strong>sistema di cuscinetti IKBS<\/strong> , <strong>al meccanismo di blocco del telaio<\/strong> e <strong>all&#8217;acciaio 14C28N di alta qualit\u00e0,<\/strong> questo coltello \u00e8 la scelta ideale per l&#8217;uso quotidiano e per un&#8217;ampia gamma di attivit\u00e0. Se stai cercando un coltello <strong>ergonomico<\/strong> , <strong>funzionale<\/strong> ed <strong>elegante<\/strong> , il CRKT Nucleus 5702 \u00e8 una scelta eccellente.  <\/p>\n<\/div>\n<\/div>\n<\/div>\n<\/div>\n<div class=\"mb-2 flex gap-3 empty:hidden -ml-2\">\n<div class=\"items-center justify-start rounded-xl p-1 flex\">\n<div class=\"flex items-center\"><\/div>\n<\/div>\n<\/div>\n<div class=\"pr-2 lg:pr-0\"><\/div>\n<div class=\"mt-3 w-full empty:hidden\">\n<div class=\"text-center\"><\/div>\n<\/div>\n<\/div>\n<div class=\"absolute\">\n<div class=\"flex items-center justify-center\"><\/div>\n<\/div>\n<\/div>\n<\/div>\n<\/div>\n<\/article>\n<\/div>\n<\/div>\n<\/div>\n<\/div>\n<\/div>\n<div class=\"md:pt-0 dark:border-white\/20 md:border-transparent md:dark:border-transparent w-full\">\n<div>\n<div class=\"m-auto text-base px-3 md:px-4 w-full md:px-5 lg:px-4 xl:px-5\">\n<div class=\"mx-auto flex flex-1 gap-4 text-base md:gap-5 lg:gap-6 md:max-w-3xl\">\n<div class=\"flex justify-center\"><\/div>\n<\/div>\n<\/div>\n<\/div>\n<\/div>\n<p><iframe title=\"CRKT Nucleus | Princeton Wong Design\" width=\"800\" height=\"450\" src=\"https:\/\/www.youtube.com\/embed\/cBbYdfLNimQ?feature=oembed\" frameborder=\"0\" allow=\"accelerometer; autoplay; clipboard-write; encrypted-media; gyroscope; picture-in-picture; web-share\" referrerpolicy=\"strict-origin-when-cross-origin\" allowfullscreen><\/iframe><\/p>\n<p>&nbsp;<\/p>\n<p>&nbsp;<\/p>\n","protected":false},"excerpt":{"rendered":"<p><strong>Il CRKT Nucleus 5702 \u00e8 un coltello pieghevole di qualit\u00e0 che unisce design moderno, materiali affidabili e meccanismi innovativi. Grazie al sistema di cuscinetti IKBS, al meccanismo di blocco del telaio e all&#8217;acciaio 14C28N di alta qualit\u00e0, questo coltello \u00e8 la scelta ideale per l&#8217;uso quotidiano e per un&#8217;ampia gamma di attivit\u00e0. Se stai cercando un coltello ergonomico, funzionale ed elegante, il CRKT Nucleus 5702 \u00e8 una scelta eccellente.  <\/strong><\/p>\n","protected":false},"featured_media":376291,"comment_status":"open","ping_status":"closed","template":"","meta":[],"pwb-brand":[3763],"product_brand":[],"product_cat":[3749,3745],"product_tag":[],"class_list":{"0":"post-400863","1":"product","2":"type-product","3":"status-publish","4":"has-post-thumbnail","6":"pwb-brand-crkt-it","7":"product_cat-coltelli-di-chiusura","8":"product_cat-coltelli","10":"first","11":"instock","12":"sale","13":"taxable","14":"shipping-taxable","15":"purchasable","16":"product-type-simple"},"brands":[{"id":3763,"name":"CRKT","slug":"crkt-it"}],"_links":{"self":[{"href":"https:\/\/www.moskito.cz\/it\/wp-json\/wp\/v2\/product\/400863","targetHints":{"allow":["GET"]}}],"collection":[{"href":"https:\/\/www.moskito.cz\/it\/wp-json\/wp\/v2\/product"}],"about":[{"href":"https:\/\/www.moskito.cz\/it\/wp-json\/wp\/v2\/types\/product"}],"replies":[{"embeddable":true,"href":"https:\/\/www.moskito.cz\/it\/wp-json\/wp\/v2\/comments?post=400863"}],"wp:featuredmedia":[{"embeddable":true,"href":"https:\/\/www.moskito.cz\/it\/wp-json\/wp\/v2\/media\/376291"}],"wp:attachment":[{"href":"https:\/\/www.moskito.cz\/it\/wp-json\/wp\/v2\/media?parent=400863"}],"wp:term":[{"taxonomy":"pwb-brand","embeddable":true,"href":"https:\/\/www.moskito.cz\/it\/wp-json\/wp\/v2\/pwb-brand?post=400863"},{"taxonomy":"product_brand","embeddable":true,"href":"https:\/\/www.moskito.cz\/it\/wp-json\/wp\/v2\/product_brand?post=400863"},{"taxonomy":"product_cat","embeddable":true,"href":"https:\/\/www.moskito.cz\/it\/wp-json\/wp\/v2\/product_cat?post=400863"},{"taxonomy":"product_tag","embeddable":true,"href":"https:\/\/www.moskito.cz\/it\/wp-json\/wp\/v2\/product_tag?post=400863"}],"curies":[{"name":"wp","href":"https:\/\/api.w.org\/{rel}","templated":true}]}}