{"id":411258,"date":"2025-03-17T13:43:27","date_gmt":"2025-03-17T12:43:27","guid":{"rendered":"https:\/\/www.moskito.cz\/produkt\/coltello-beltrame-in-corno-di-bufalo-28-cm\/"},"modified":"2025-06-27T10:46:06","modified_gmt":"2025-06-27T09:46:06","slug":"coltello-beltrame-in-corno-di-bufalo-28-cm","status":"publish","type":"product","link":"https:\/\/www.moskito.cz\/it\/produkt\/coltello-beltrame-in-corno-di-bufalo-28-cm\/","title":{"rendered":"Coltello Beltrame in corno di bufalo 28 cm"},"content":{"rendered":"<p data-start=\"67\" data-end=\"120\">\ud83d\udd25 <strong data-start=\"70\" data-end=\"118\">Coltello Beltrame in corno di bufalo 28 cm<\/strong><\/p>\n<p data-start=\"122\" data-end=\"459\">\ud83d\udd2a <strong data-start=\"125\" data-end=\"156\">Beltrame Buffalo Horn da 28 cm<\/strong> \u00e8 un iconico <strong data-start=\"169\" data-end=\"208\">coltello a stiletto italiano<\/strong> che unisce <strong data-start=\"226\" data-end=\"299\">artigianato tradizionale, design elegante e meccanismo di precisione<\/strong> . Questo modello \u00e8 dotato di <strong data-start=\"324\" data-end=\"401\">una lama in acciaio inossidabile lucidata a mano e di un manico in vero corno di bufalo<\/strong> , che gli conferisce un aspetto esclusivo e un carattere unico. <\/p>\n<hr data-start=\"461\" data-end=\"464\">\n<h2 data-start=\"466\" data-end=\"485\">\ud83d\udcd0 Specifiche<\/h2>\n<ul data-start=\"486\" data-end=\"835\">\n<li data-start=\"486\" data-end=\"514\"><strong data-start=\"488\" data-end=\"506\">Lunghezza totale:<\/strong> 28 cm<\/li>\n<li data-start=\"515\" data-end=\"544\"><strong data-start=\"517\" data-end=\"534\">Lunghezza lama:<\/strong> 11,5 cm<\/li>\n<li data-start=\"545\" data-end=\"574\"><strong data-start=\"547\" data-end=\"567\">Spessore lama:<\/strong> 3 mm<\/li>\n<li data-start=\"575\" data-end=\"618\"><strong data-start=\"577\" data-end=\"597\">Materiale lama:<\/strong> AISI 420 MA5M<\/li>\n<li data-start=\"619\" data-end=\"653\"><strong data-start=\"621\" data-end=\"631\">Bordo:<\/strong> bordo liscio<\/li>\n<li data-start=\"654\" data-end=\"683\"><strong data-start=\"656\" data-end=\"672\">Forma della lama:<\/strong> Stiletto<\/li>\n<li data-start=\"684\" data-end=\"723\"><strong data-start=\"686\" data-end=\"707\">Finitura superficiale:<\/strong> lama lucidata<\/li>\n<li data-start=\"724\" data-end=\"767\"><strong data-start=\"726\" data-end=\"748\">Materiale del manico:<\/strong> vero corno di bufalo<\/li>\n<li data-start=\"768\" data-end=\"811\"><strong data-start=\"770\" data-end=\"780\">Blocco:<\/strong> Lockback (sicurezza tradizionale)<\/li>\n<li data-start=\"812\" data-end=\"835\"><strong data-start=\"814\" data-end=\"827\">Peso:<\/strong> 150 g<\/li>\n<\/ul>\n<hr data-start=\"837\" data-end=\"840\">\n<h2 data-start=\"842\" data-end=\"868\">\ud83c\udfaf Caratteristiche principali<\/h2>\n<p data-start=\"870\" data-end=\"1368\">\u2705 <strong data-start=\"872\" data-end=\"900\">Artigianato tradizionale italiano<\/strong> : realizzato a mano in Italia da maestri coltellinai.<br data-start=\"941\" data-end=\"944\"> \u2705 <strong data-start=\"946\" data-end=\"981\">Manico in vero corno di bufalo<\/strong> : ogni pezzo \u00e8 un originale con un motivo unico del materiale.<br data-start=\"1037\" data-end=\"1040\"> \u2705 <strong data-start=\"1042\" data-end=\"1081\">Lama in acciaio inox AISI 420 MA5M lucidato<\/strong> : eccellente resistenza alla corrosione e facile affilatura.<br data-start=\"1131\" data-end=\"1134\"> \u2705 <strong data-start=\"1136\" data-end=\"1171\">Meccanismo di sgancio rapido<\/strong> : apertura istantanea con una sola pressione.<br data-start=\"1210\" data-end=\"1213\"> \u2705 <strong data-start=\"1215\" data-end=\"1239\">Forma della lama a stiletto<\/strong> : adatta per tagli precisi e un look elegante.<br data-start=\"1286\" data-end=\"1289\"> \u2705 <strong data-start=\"1291\" data-end=\"1318\">Blocco lockback classico<\/strong> : sistema di bloccaggio della lama sicuro e affidabile.<\/p>\n<hr data-start=\"1370\" data-end=\"1373\">\n<h2 data-start=\"1375\" data-end=\"1413\">\ud83d\udcdc Storia del marchio Frank Beltrame<\/h2>\n<p data-start=\"1415\" data-end=\"1674\">Frank Beltrame \u00e8 <strong data-start=\"1433\" data-end=\"1468\">un leggendario coltellinaio italiano<\/strong> , noto per il suo lavoro di precisione sui <strong data-start=\"1499\" data-end=\"1524\">tradizionali stiletti<\/strong> fin dagli anni &#8217;50. anni 20 secolo. Questi coltelli hanno guadagnato popolarit\u00e0 in tutto il mondo grazie al <strong data-start=\"1603\" data-end=\"1671\">loro design elegante, alla lavorazione di qualit\u00e0 e al meccanismo veloce<\/strong> .<\/p>\n<hr data-start=\"1676\" data-end=\"1679\">\n<h2 data-start=\"1681\" data-end=\"1713\">\u2696\ufe0f Confronto con altri modelli<\/h2>\n<p data-start=\"1715\" data-end=\"1881\">\ud83d\udd39 <strong data-start=\"1718\" data-end=\"1766\">Beltrame Buffalo Horn vs. Beltrame Stag Horn<\/strong> : <strong data-start=\"1775\" data-end=\"1788\">il modello Stag Horn<\/strong> ha un&#8217;impugnatura in corno di cervo, mentre <strong data-start=\"1827\" data-end=\"1843\">il Buffalo Horn<\/strong> offre un aspetto pi\u00f9 scuro ed elegante.<\/p>\n<p data-start=\"1883\" data-end=\"2047\">\ud83d\udd39 <strong data-start=\"1886\" data-end=\"1929\">Beltrame Buffalo Horn vs. AKC Swinguard<\/strong> \u2013 L&#8217;AKC Swinguard ha una lama pi\u00f9 larga e una sicura diversa, Beltrame \u00e8 una scelta pi\u00f9 tradizionale per gli amanti <strong data-start=\"2022\" data-end=\"2044\">dei classici stiletti<\/strong> .<\/p>\n<p data-start=\"2049\" data-end=\"2207\">\ud83d\udd39 <strong data-start=\"2052\" data-end=\"2099\">Beltrame Buffalo Horn vs. Benchmade Infidel<\/strong> : il Benchmade Infidel \u00e8 un moderno <strong data-start=\"2131\" data-end=\"2142\">coltello OTF<\/strong> , mentre il Beltrame rimane <strong data-start=\"2169\" data-end=\"2204\">un classico con un design storico<\/strong> .<\/p>\n<hr data-start=\"2209\" data-end=\"2212\">\n<h2 data-start=\"2214\" data-end=\"2238\">\ud83d\udcdc Uso e scopo<\/h2>\n<p data-start=\"2240\" data-end=\"2489\">\ud83d\udd38 <strong data-start=\"2243\" data-end=\"2265\">Un pezzo da collezione<\/strong> , grazie al materiale unico e alla lavorazione artigianale.<br data-start=\"2319\" data-end=\"2322\"> \ud83d\udd38 <strong data-start=\"2325\" data-end=\"2344\">Accessorio elegante<\/strong> : il design iconico del coltello \u00e8 adatto a tutti gli appassionati.<br data-start=\"2399\" data-end=\"2402\"> \ud83d\udd38 <strong data-start=\"2405\" data-end=\"2432\">Per l&#8217;uso quotidiano (EDC)<\/strong> : un coltello leggero e facile da trasportare, dotato di un&#8217;apertura elegante.<\/p>\n<hr data-start=\"2491\" data-end=\"2494\">\n<h2 data-start=\"2496\" data-end=\"2532\">\ud83c\udf92 Accessori e contenuto della confezione<\/h2>\n<p data-start=\"2534\" data-end=\"2654\">\ud83d\udccc <strong data-start=\"2537\" data-end=\"2560\">Il pacchetto include:<\/strong><br data-start=\"2560\" data-end=\"2563\"> \u2714 Coltello da lancio <strong data-start=\"2582\" data-end=\"2613\">Beltrame Buffalo Horn da 28 cm<\/strong><br data-start=\"2613\" data-end=\"2616\"> \u2714 Copertura protettiva<\/p>\n<p data-start=\"2656\" data-end=\"2788\">\ud83d\udccc <strong data-start=\"2659\" data-end=\"2682\">Accessori consigliati:<\/strong><br data-start=\"2682\" data-end=\"2685\"> \ud83d\udd39 Lussuosa custodia in vera pelle<br data-start=\"2716\" data-end=\"2719\"> \ud83d\udd39 Panno speciale per lucidare il manico<br data-start=\"2758\" data-end=\"2761\"> \ud83d\udd39 Olio protettivo per la lama<\/p>\n<hr data-start=\"2790\" data-end=\"2793\">\n<h2 data-start=\"2795\" data-end=\"2821\">\ud83d\udd27 Manutenzione e durata<\/h2>\n<p data-start=\"2823\" data-end=\"3059\">\ud83d\udd39 <strong data-start=\"2826\" data-end=\"2838\">Pulizia:<\/strong> dopo ogni utilizzo, pulire la lama con un panno asciutto e applicare un olio protettivo.<br data-start=\"2912\" data-end=\"2915\"> \ud83d\udd39 <strong data-start=\"2918\" data-end=\"2931\">Affilatura:<\/strong> consigliamo pietre abrasive a grana fine o affilatrici in ceramica.<br data-start=\"2988\" data-end=\"2991\"> \ud83d\udd39 <strong data-start=\"2994\" data-end=\"3009\">Conservazione:<\/strong> conservare in un luogo asciutto, idealmente in una custodia.<\/p>\n<hr data-start=\"3061\" data-end=\"3064\">\n<h2 data-start=\"3066\" data-end=\"3096\">\ud83d\udd25 Perch\u00e9 acquistare ora?<\/h2>\n<p data-start=\"3098\" data-end=\"3302\">\u2b50 <strong data-start=\"3100\" data-end=\"3138\">Materiali esclusivi e fatti a mano<\/strong> : ogni pezzo \u00e8 originale.<br data-start=\"3163\" data-end=\"3166\"> \ud83c\udf96 <strong data-start=\"3239\" data-end=\"3267\">Qualit\u00e0 tradizionale italiana<\/strong> : un investimento in un coltello senza tempo.<\/p>\n<hr data-start=\"3304\" data-end=\"3307\">\n<h2 data-start=\"3309\" data-end=\"3322\">\ud83d\udccc Conclusion<\/h2>\n<p data-start=\"3324\" data-end=\"3559\"><strong data-start=\"3324\" data-end=\"3355\">Il Beltrame Buffalo Horn da 28 cm<\/strong> \u00e8 <strong data-start=\"3359\" data-end=\"3412\">un elegante coltello chiudibile da collezione<\/strong> con <strong data-start=\"3415\" data-end=\"3460\">un&#8217;impugnatura unica in vero corno di bufalo<\/strong> . Se cercate <strong data-start=\"3476\" data-end=\"3521\">un classico coltello italiano dalle origini prestigiose<\/strong> , questo modello \u00e8 <strong data-start=\"3538\" data-end=\"3556\">un&#8217;ottima scelta<\/strong> ! <\/p>\n<hr data-start=\"3561\" data-end=\"3564\">\n<p data-start=\"3566\" data-end=\"3636\">\ud83d\udd17 <strong data-start=\"3569\" data-end=\"3631\">Ordina oggi stesso il tuo corno di bufalo Beltrame da 28 cm!<\/strong> \ud83d\udd25<\/p>\n","protected":false},"excerpt":{"rendered":"<p><strong>Il Beltrame Buffalo Horn da 28 cm \u00e8 un coltello chiudibile elegante, da collezione e di stile, con un&#8217;impugnatura unica in vero corno di bufalo. Se cercate un classico coltello italiano dalle origini prestigiose, questo modello \u00e8 un&#8217;ottima scelta! <\/strong><\/p>\n<p>&nbsp;<\/p>\n","protected":false},"featured_media":397746,"comment_status":"open","ping_status":"closed","template":"","meta":[],"pwb-brand":[3780],"product_brand":[],"product_cat":[3745,3748],"product_tag":[4008],"class_list":{"0":"post-411258","1":"product","2":"type-product","3":"status-publish","4":"has-post-thumbnail","6":"pwb-brand-beltrame-it","7":"product_cat-coltelli","8":"product_cat-coltelli-da-tiro","9":"product_tag-nuovo","11":"first","12":"instock","13":"taxable","14":"shipping-taxable","15":"purchasable","16":"product-type-simple"},"brands":[{"id":3780,"name":"Beltrame","slug":"beltrame-it"}],"_links":{"self":[{"href":"https:\/\/www.moskito.cz\/it\/wp-json\/wp\/v2\/product\/411258","targetHints":{"allow":["GET"]}}],"collection":[{"href":"https:\/\/www.moskito.cz\/it\/wp-json\/wp\/v2\/product"}],"about":[{"href":"https:\/\/www.moskito.cz\/it\/wp-json\/wp\/v2\/types\/product"}],"replies":[{"embeddable":true,"href":"https:\/\/www.moskito.cz\/it\/wp-json\/wp\/v2\/comments?post=411258"}],"wp:featuredmedia":[{"embeddable":true,"href":"https:\/\/www.moskito.cz\/it\/wp-json\/wp\/v2\/media\/397746"}],"wp:attachment":[{"href":"https:\/\/www.moskito.cz\/it\/wp-json\/wp\/v2\/media?parent=411258"}],"wp:term":[{"taxonomy":"pwb-brand","embeddable":true,"href":"https:\/\/www.moskito.cz\/it\/wp-json\/wp\/v2\/pwb-brand?post=411258"},{"taxonomy":"product_brand","embeddable":true,"href":"https:\/\/www.moskito.cz\/it\/wp-json\/wp\/v2\/product_brand?post=411258"},{"taxonomy":"product_cat","embeddable":true,"href":"https:\/\/www.moskito.cz\/it\/wp-json\/wp\/v2\/product_cat?post=411258"},{"taxonomy":"product_tag","embeddable":true,"href":"https:\/\/www.moskito.cz\/it\/wp-json\/wp\/v2\/product_tag?post=411258"}],"curies":[{"name":"wp","href":"https:\/\/api.w.org\/{rel}","templated":true}]}}