{"id":411897,"date":"2025-06-27T18:38:29","date_gmt":"2025-06-27T18:02:57","guid":{"rendered":"https:\/\/www.moskito.cz\/produkt\/coltello-pieghevole-chris-reeve-large-sebenza-31-l31-1200\/"},"modified":"2025-06-27T19:02:57","modified_gmt":"2025-06-27T18:02:57","slug":"coltello-pieghevole-chris-reeve-large-sebenza-31-l31-1200","status":"publish","type":"product","link":"https:\/\/www.moskito.cz\/it\/produkt\/coltello-pieghevole-chris-reeve-large-sebenza-31-l31-1200\/","title":{"rendered":"Coltello pieghevole Chris Reeve Large Sebenza 31 L31-1200"},"content":{"rendered":"<h2 data-pm-slice=\"1 1 []\">\ud83d\uddc2\ufe0f Chris Reeve Large Sebenza 31 \u2013 Micarta Nera | Forza, stile e affidabilit\u00e0 in un unico corpo<\/h2>\n<p><strong>Sebenza<\/strong> significa <strong>&#8220;lavoro&#8221;<\/strong> in Zulu, ed \u00e8 esattamente per questo che questo coltello \u00e8 stato progettato fin dall&#8217;inizio. Il <strong>Sebenza 31 Large con inserti in Micarta nera<\/strong> \u00e8 frutto di una lavorazione artigianale di altissimo livello, che combina la maestria artigianale con la tecnologia di produzione di precisione. Il risultato \u00e8 un coltello chiudibile dalla resistenza eccezionale, dall&#8217;estetica raffinata e dalle prestazioni assolutamente affidabili, pronto a resistere ai rigori della vita quotidiana e alle condizioni pi\u00f9 impegnative.  <\/p>\n<p>La lama in acciaio <strong>CPM-MagnaCut<\/strong> di alta qualit\u00e0, temprata a <strong>63-64 HRC<\/strong> , offre un&#8217;eccellente tenuta del filo, una facile manutenzione e un&#8217;eccezionale resistenza alla corrosione. A questo si aggiungono <strong>l&#8217;affilatura cava<\/strong> , <strong>il profilo a punta cadente<\/strong> e l&#8217;elegante <strong>finitura stonewash<\/strong> : il Sebenza 31 non \u00e8 solo funzionale, ma anche bello. Il corpo in titanio con inserti <strong>in Micarta nera<\/strong> offre un&#8217;impugnatura comoda e calda, aumentando il controllo durante la manipolazione.  <\/p>\n<div>\n<hr>\n<\/div>\n<h3>\ud83d\udcd0 Specifiche tecniche:<\/h3>\n<ul data-spread=\"false\">\n<li><strong>Lunghezza lama:<\/strong> 91,7 mm<\/li>\n<li><strong>Lunghezza totale:<\/strong> 213,4 mm<\/li>\n<li><strong>Lunghezza coltello chiuso:<\/strong> 121,7 mm<\/li>\n<li><strong>Spessore lama:<\/strong> 3,07 mm<\/li>\n<li><strong>Materiale della lama:<\/strong> CPM-MagnaCut \u2013 acciaio inossidabile di nuova generazione di alta qualit\u00e0<\/li>\n<li><strong>Durezza della lama:<\/strong> 63\u201364 HRC<\/li>\n<li><strong>Forma della lama:<\/strong> punta a goccia<\/li>\n<li><strong>Macinazione:<\/strong> Macinazione cava<\/li>\n<li><strong>Superficie della lama:<\/strong> Stonewash \u2013 resistente ai graffi e alle impronte digitali<\/li>\n<li><strong>Materiale dell&#8217;impugnatura:<\/strong> Titanio 6Al4V (sabbiato) con inserti in Micarta nera<\/li>\n<li><strong>Spessore della maniglia:<\/strong> 3,81 mm<\/li>\n<li><strong>Blocco:<\/strong> Reeve Integral Lock con punto di contatto in ceramica<\/li>\n<li><strong>Clip da tasca:<\/strong> titanio, offset, con punta rivolta verso l&#8217;alto a destra<\/li>\n<li><strong>Perno:<\/strong> Su rondelle<\/li>\n<li><strong>Peso:<\/strong> circa 133 g<\/li>\n<li><strong>Progettista:<\/strong> Chris Reeve<\/li>\n<li><strong>Paese di produzione:<\/strong> USA<\/li>\n<\/ul>\n<div>\n<hr>\n<\/div>\n<h3>\ud83d\udfe2 Principali vantaggi:<\/h3>\n<p>\u2705  <strong>Acciaio MagnaCut Premium<\/strong> : estremamente resistente, mantiene bene il filo e non richiede affilatura frequente<br \/>\n\u2705  <strong>Inserto in Micarta<\/strong> : migliora la presa e conferisce al coltello una sensazione naturale e pi\u00f9 calda<br \/>\n\u2705  <strong>Reeve Integral Lock<\/strong> : un sistema di bloccaggio all&#8217;avanguardia con contatto in ceramica per la massima durata<br \/>\n\u2705  <strong>Costruzione in titanio<\/strong> : ultra resistente ma sorprendentemente leggera<br \/>\n\u2705  <strong>Design sottile<\/strong> : una combinazione di eleganza tecnica e minimalismo funzionale<\/p>\n<div>\n<hr>\n<\/div>\n<h3>\ud83d\udd34 Possibili svantaggi:<\/h3>\n<p>\u26a0\ufe0f Prezzo pi\u00f9 elevato \u2013 corrisponde a materiali di alta qualit\u00e0 e lavorazione artigianale<br \/>\n\u26a0\ufe0f Non adatto ai mancini: la clip da tasca non \u00e8 reversibile<br \/>\n\u26a0\ufe0f Meno appariscenti di alcuni coltelli &#8220;da esposizione&#8221; &#8211; volutamente discreti e funzionali<\/p>\n<div>\n<hr>\n<\/div>\n<h3>\ud83d\udee0\ufe0f Manutenzione e cura:<\/h3>\n<ul data-spread=\"false\">\n<li><strong>MagnaCut<\/strong> rimane affilato per molto tempo: ideale per un&#8217;affilatura leggera regolare invece di un&#8217;affilatura frequente<\/li>\n<li>Il titanio e il Micarta sono praticamente esenti da manutenzione: facili da pulire, resistenti all&#8217;umidit\u00e0 e all&#8217;usura<\/li>\n<li>Si consiglia di ingrassare leggermente il perno di tanto in tanto.<\/li>\n<li>La micarta acquisisce una sottile patina nel tempo: un effetto estetico intenzionale<\/li>\n<\/ul>\n<div>\n<hr>\n<\/div>\n<h3>\u2764\ufe0f Perch\u00e9 ti piacer\u00e0<\/h3>\n<p><strong>Il Sebenza 31 Large con inserti in Micarta<\/strong> \u00e8 un coltello EDC eccezionale: elegante, potente ed ergonomico. Offre <strong>una funzionalit\u00e0 di lusso<\/strong> senza inutili abbellimenti, concentrandosi su <strong>affidabilit\u00e0, praticit\u00e0 e durata<\/strong> . Ogni dettaglio, dalla ceramica nella serratura alla Micarta perfettamente inserita, dimostra che nulla \u00e8 stato lasciato al caso.  <\/p>\n<div>\n<hr>\n<\/div>\n<h3>\u2705 Valutazione finale<\/h3>\n<p>Questa versione del <strong>Chris Reeve Large Sebenza 31<\/strong> \u00e8 il perfetto connubio tra eccellenza tecnica e design senza tempo. Gli inserti <strong>in Micarta nera<\/strong> migliorano sia l&#8217;ergonomia che lo stile, mentre la struttura in acciaio e titanio di alta qualit\u00e0 garantisce durata e prestazioni elevate. Se cercate <strong>un coltello di alta qualit\u00e0 che duri una vita<\/strong> , l&#8217;avete trovato.  <\/p>\n<div>\n<hr>\n<\/div>\n<p>&nbsp;<\/p>\n","protected":false},"excerpt":{"rendered":"<p><strong>Il Sebenza 31 Large con inserti in Micarta \u00e8 un coltello EDC eccezionale: elegante, potente ed ergonomico. Offre una funzionalit\u00e0 di lusso senza inutili abbellimenti, concentrandosi su affidabilit\u00e0, praticit\u00e0 e durata. Ogni dettaglio, dalla ceramica nella serratura alla Micarta perfettamente inserita, dimostra che nulla \u00e8 stato lasciato al caso.  <\/strong><\/p>\n<p><strong>Spedizione gratuita.<\/strong><\/p>\n","protected":false},"featured_media":411856,"comment_status":"open","ping_status":"closed","template":"","meta":[],"pwb-brand":[4049],"product_brand":[],"product_cat":[3745,3749],"product_tag":[],"class_list":{"0":"post-411897","1":"product","2":"type-product","3":"status-publish","4":"has-post-thumbnail","6":"pwb-brand-coltelli-chris-reeve","7":"product_cat-coltelli","8":"product_cat-coltelli-di-chiusura","10":"first","11":"outofstock","12":"taxable","13":"shipping-taxable","14":"purchasable","15":"product-type-simple"},"brands":[{"id":4049,"name":"Coltelli Chris Reeve","slug":"coltelli-chris-reeve"}],"_links":{"self":[{"href":"https:\/\/www.moskito.cz\/it\/wp-json\/wp\/v2\/product\/411897","targetHints":{"allow":["GET"]}}],"collection":[{"href":"https:\/\/www.moskito.cz\/it\/wp-json\/wp\/v2\/product"}],"about":[{"href":"https:\/\/www.moskito.cz\/it\/wp-json\/wp\/v2\/types\/product"}],"replies":[{"embeddable":true,"href":"https:\/\/www.moskito.cz\/it\/wp-json\/wp\/v2\/comments?post=411897"}],"wp:featuredmedia":[{"embeddable":true,"href":"https:\/\/www.moskito.cz\/it\/wp-json\/wp\/v2\/media\/411856"}],"wp:attachment":[{"href":"https:\/\/www.moskito.cz\/it\/wp-json\/wp\/v2\/media?parent=411897"}],"wp:term":[{"taxonomy":"pwb-brand","embeddable":true,"href":"https:\/\/www.moskito.cz\/it\/wp-json\/wp\/v2\/pwb-brand?post=411897"},{"taxonomy":"product_brand","embeddable":true,"href":"https:\/\/www.moskito.cz\/it\/wp-json\/wp\/v2\/product_brand?post=411897"},{"taxonomy":"product_cat","embeddable":true,"href":"https:\/\/www.moskito.cz\/it\/wp-json\/wp\/v2\/product_cat?post=411897"},{"taxonomy":"product_tag","embeddable":true,"href":"https:\/\/www.moskito.cz\/it\/wp-json\/wp\/v2\/product_tag?post=411897"}],"curies":[{"name":"wp","href":"https:\/\/api.w.org\/{rel}","templated":true}]}}