{"id":411992,"date":"2025-06-27T20:09:59","date_gmt":"2025-06-27T19:09:59","guid":{"rendered":"https:\/\/www.moskito.cz\/produkt\/coltello-pieghevole-chris-reeve-large-sebenza-31-ebony-l31-1116\/"},"modified":"2025-09-03T14:43:50","modified_gmt":"2025-09-03T13:43:50","slug":"coltello-pieghevole-chris-reeve-large-sebenza-31-ebony-l31-1116","status":"publish","type":"product","link":"https:\/\/www.moskito.cz\/it\/produkt\/coltello-pieghevole-chris-reeve-large-sebenza-31-ebony-l31-1116\/","title":{"rendered":"Coltello pieghevole Chris Reeve Large Sebenza 31 Ebony L31-1116"},"content":{"rendered":"<h2 data-pm-slice=\"1 1 []\">\ud83d\uddc2\ufe0f Chris Reeve Large Sebenza 31 \u2013 Intarsi in ebano Macassar | Lusso e prestazioni in un unico taglio<\/h2>\n<p><strong>Sebenza<\/strong> significa <strong>&#8220;lavoro&#8221;<\/strong> in zulu e, sebbene questo modello in particolare incarni l&#8217;eleganza, \u00e8 comunque uno strumento altamente funzionale. <strong>Il Chris Reeve Large Sebenza 31 L31-1116<\/strong> unisce l&#8217;eccellenza tecnica a un&#8217;estetica di alta qualit\u00e0, grazie agli esotici inserti <strong>in ebano Macassar<\/strong> , accuratamente incastonati in un&#8217;impugnatura in titanio sabbiato. Il risultato \u00e8 un coltello chiudibile che sembra un&#8217;opera d&#8217;arte, ma \u00e8 comunque pronto all&#8217;azione. <\/p>\n<p>La lama \u00e8 realizzata in moderno acciaio super <strong>CPM MagnaCut<\/strong> con una durezza fino a 64 HRC e offre un&#8217;eccezionale tenuta del filo, un&#8217;eccellente capacit\u00e0 di taglio e una resistenza alla corrosione. <strong>La lama a punta cadente<\/strong> con <strong>finitura satinata<\/strong> fine ha un aspetto elegante, mentre il leggendario <strong>sistema Reeve Integral Lock<\/strong> con contatti in ceramica garantisce la massima stabilit\u00e0 e sicurezza durante il lavoro.<\/p>\n<div>\n<hr>\n<\/div>\n<h3>\ud83d\udcd0 Specifiche tecniche:<\/h3>\n<ul data-spread=\"false\">\n<li><strong>Lunghezza lama:<\/strong> 91,7 mm (3,61&#8243;)<\/li>\n<li><strong>Lunghezza totale:<\/strong> 213,4 mm (8,40&#8243;)<\/li>\n<li><strong>Lunghezza lama chiusa:<\/strong> 121,7 mm (4,79&#8243;)<\/li>\n<li><strong>Spessore lama:<\/strong> 3,07 mm<\/li>\n<li><strong>Materiale della lama:<\/strong> CPM MagnaCut \u2013 acciaio inossidabile di alta qualit\u00e0 con elevata durezza e tenacit\u00e0<\/li>\n<li><strong>Durezza della lama:<\/strong> 63\u201364 HRC<\/li>\n<li><strong>Forma della lama:<\/strong> punta a goccia<\/li>\n<li><strong>Macinazione:<\/strong> Macinazione cava<\/li>\n<li><strong>Finitura della lama:<\/strong> satinata (lucidata a mano)<\/li>\n<li><strong>Materiale dell&#8217;impugnatura:<\/strong> Titanio 6Al4V con intarsi in ebano Macassar<\/li>\n<li><strong>Blocco:<\/strong> Reeve Integral Lock con interfaccia in ceramica<\/li>\n<li><strong>Clip da tasca:<\/strong> titanio, destrorso, offset (rivolta verso l&#8217;alto)<\/li>\n<li><strong>Perno:<\/strong> Su rondelle in bronzo fosforoso<\/li>\n<li><strong>Peso:<\/strong> circa 133 g<\/li>\n<li><strong>Progettista:<\/strong> Chris Reeve<\/li>\n<li><strong>Prodotto in:<\/strong> USA<\/li>\n<\/ul>\n<div>\n<hr>\n<\/div>\n<h3>\ud83d\udfe2 Principali vantaggi:<\/h3>\n<p>\u2705  <strong>Look esclusivo<\/strong> : il legno esotico di ebano Macassar aggiunge lusso ed ergonomia<br \/>\n\u2705  <strong>Acciaio MagnaCut Premium<\/strong> : eccellente durata del bordo, elevata resistenza all&#8217;usura e alla corrosione<br \/>\n\u2705  <strong>Reeve Integral Lock<\/strong> : uno dei migliori lucchetti per telaio sul mercato, con contatto in ceramica per una lunga durata<br \/>\n\u2705  <strong>Costruzione in titanio<\/strong> : robusta e durevole, ma sorprendentemente leggera<br \/>\n\u2705  <strong>Fatto a mano<\/strong> &#8211; vestibilit\u00e0 perfetta, ogni dettaglio ha il suo posto<\/p>\n<div>\n<hr>\n<\/div>\n<h3>\ud83d\udd34 Possibili svantaggi:<\/h3>\n<p>\u26a0\ufe0f Prezzo pi\u00f9 alto \u2013 corrisponde alla produzione artigianale e ai materiali esclusivi<br \/>\n\u26a0\ufe0f Il legno richiede cure moderate: un&#8217;immersione abbondante pu\u00f2 causare cambiamenti di colore\/patina<br \/>\n\u26a0\ufe0f Indossare sul lato destro: la clip non pu\u00f2 essere spostata sul lato sinistro<\/p>\n<div>\n<hr>\n<\/div>\n<h3>\ud83d\udee0\ufe0f Manutenzione e cura:<\/h3>\n<ul data-spread=\"false\">\n<li><strong>MagnaCut<\/strong> si affila bene, ma il filo dura molto a lungo: \u00e8 sufficiente una leggera affilatura regolare<\/li>\n<li>La finitura satinata richiede una pulizia occasionale per mantenere l&#8217;aspetto<\/li>\n<li>Gli intarsi in legno possono essere puliti delicatamente con un panno umido: non sono verniciati, ma trattati con olio.<\/li>\n<li>Si consiglia di lubrificare occasionalmente il perno e di controllare le viti.<\/li>\n<\/ul>\n<div>\n<hr>\n<\/div>\n<h3>\u2764\ufe0f Perch\u00e9 ti piace?<\/h3>\n<p>Questa variante <strong>del Sebenza 31<\/strong> non \u00e8 solo uno strumento: \u00e8 un&#8217;affermazione di stile. Combinando <strong>una costruzione pratica<\/strong> con <strong>la bellezza artigianale<\/strong> , offre un&#8217;esperienza impareggiabile ogni volta che lo si utilizza. \u00c8 un coltello che non solo funziona, ma <strong>trasuda carattere<\/strong> . Il legno di ebano aggiunge personalit\u00e0 e un tocco di natura al titanio di alta gamma e all&#8217;acciaio moderno.   <\/p>\n<div>\n<hr>\n<\/div>\n<h3>\u2705 Valutazione finale<\/h3>\n<p><strong>Il Chris Reeve Large Sebenza 31 L31-1116<\/strong> con inserti in ebano \u00e8 perfetto per chi desidera qualcosa di pi\u00f9 della semplice funzionalit\u00e0 di un coltello. \u00c8 una combinazione di tecnologia, design e materiali tradizionali che lo rende sia <strong>uno strumento di lavoro versatile<\/strong> che <strong>un lussuoso oggetto da collezione<\/strong> . Se cercate un coltello che faccia il suo lavoro e vi renda felici ogni volta che lo prendete in mano, l&#8217;avete trovato.  <\/p>\n","protected":false},"excerpt":{"rendered":"<p><strong>Questa variante del Sebenza 31 non \u00e8 solo uno strumento: \u00e8 un&#8217;affermazione di stile. Combinando una costruzione pratica con la bellezza artigianale, offre un&#8217;esperienza impareggiabile ogni volta che lo si utilizza. \u00c8 un coltello che non solo \u00e8 performante, ma trasuda carattere. Il legno di ebano aggiunge personalit\u00e0 e un tocco di natura al titanio di alta qualit\u00e0 e all&#8217;acciaio moderno.   <\/strong><\/p>\n<p><strong>Spedizione gratuita.<\/strong><\/p>\n","protected":false},"featured_media":411959,"comment_status":"open","ping_status":"closed","template":"","meta":[],"pwb-brand":[4049],"product_brand":[],"product_cat":[3745,3749],"product_tag":[],"class_list":{"0":"post-411992","1":"product","2":"type-product","3":"status-publish","4":"has-post-thumbnail","6":"pwb-brand-coltelli-chris-reeve","7":"product_cat-coltelli","8":"product_cat-coltelli-di-chiusura","10":"first","11":"outofstock","12":"taxable","13":"shipping-taxable","14":"purchasable","15":"product-type-simple"},"brands":[{"id":4049,"name":"Coltelli Chris Reeve","slug":"coltelli-chris-reeve"}],"_links":{"self":[{"href":"https:\/\/www.moskito.cz\/it\/wp-json\/wp\/v2\/product\/411992","targetHints":{"allow":["GET"]}}],"collection":[{"href":"https:\/\/www.moskito.cz\/it\/wp-json\/wp\/v2\/product"}],"about":[{"href":"https:\/\/www.moskito.cz\/it\/wp-json\/wp\/v2\/types\/product"}],"replies":[{"embeddable":true,"href":"https:\/\/www.moskito.cz\/it\/wp-json\/wp\/v2\/comments?post=411992"}],"wp:featuredmedia":[{"embeddable":true,"href":"https:\/\/www.moskito.cz\/it\/wp-json\/wp\/v2\/media\/411959"}],"wp:attachment":[{"href":"https:\/\/www.moskito.cz\/it\/wp-json\/wp\/v2\/media?parent=411992"}],"wp:term":[{"taxonomy":"pwb-brand","embeddable":true,"href":"https:\/\/www.moskito.cz\/it\/wp-json\/wp\/v2\/pwb-brand?post=411992"},{"taxonomy":"product_brand","embeddable":true,"href":"https:\/\/www.moskito.cz\/it\/wp-json\/wp\/v2\/product_brand?post=411992"},{"taxonomy":"product_cat","embeddable":true,"href":"https:\/\/www.moskito.cz\/it\/wp-json\/wp\/v2\/product_cat?post=411992"},{"taxonomy":"product_tag","embeddable":true,"href":"https:\/\/www.moskito.cz\/it\/wp-json\/wp\/v2\/product_tag?post=411992"}],"curies":[{"name":"wp","href":"https:\/\/api.w.org\/{rel}","templated":true}]}}