{"id":412202,"date":"2025-06-28T08:06:09","date_gmt":"2025-06-28T16:08:57","guid":{"rendered":"https:\/\/www.moskito.cz\/produkt\/coltello-pieghevole-chris-reeve-large-inkosi-lin-1134\/"},"modified":"2025-06-28T17:08:57","modified_gmt":"2025-06-28T16:08:57","slug":"coltello-pieghevole-chris-reeve-large-inkosi-lin-1134","status":"publish","type":"product","link":"https:\/\/www.moskito.cz\/it\/produkt\/coltello-pieghevole-chris-reeve-large-inkosi-lin-1134\/","title":{"rendered":"Coltello pieghevole Chris Reeve Large Inkosi LIN-1134"},"content":{"rendered":"<h2 data-pm-slice=\"1 1 []\">\ud83d\uddc2\ufe0f Chris Reeve Large Inkosi Tanto \u2013 Intarsio in Micarta | Resistenza, stile e affidabilit\u00e0 in ogni dettaglio<\/h2>\n<p>Il <strong>modello Large Inkosi LIN-1134<\/strong> di <strong>Chris Reeve Knives<\/strong> porta gli standard costruttivi dei coltelli pieghevoli a un livello superiore. &#8220;Inkosi&#8221; significa <strong>&#8220;capo&#8221;<\/strong> in zulu, e il nome \u00e8 pi\u00f9 che meritato. Combina una struttura robusta, dettagli innovativi e materiali di alta qualit\u00e0, tra cui una lama in acciaio super <strong>CPM MagnaCut<\/strong> e un&#8217;impugnatura in titanio sabbiato con inserti <strong>in Micarta naturale<\/strong> per una presa migliore.  <\/p>\n<p>Questa versione con <strong>lama tanto<\/strong> e <strong>doppi perni in argento<\/strong> \u00e8 progettata per la massima durata, penetrazione e precisione. Robusto ma elegante, questo \u00e8 un coltello che non vi deluder\u00e0 nemmeno in condizioni difficili, pur mantenendo il design minimalista e funzionale tipico del marchio <strong>Chris Reeve<\/strong> . <\/p>\n<div>\n<hr>\n<\/div>\n<h3>\ud83d\udcd0 Specifiche tecniche:<\/h3>\n<ul data-spread=\"false\">\n<li><strong>Lunghezza lama:<\/strong> 91,4 mm (3,6 pollici)<\/li>\n<li><strong>Lunghezza totale:<\/strong> 210 mm (8,26&#8243;)<\/li>\n<li><strong>Lunghezza del coltello chiuso:<\/strong> circa 119 mm<\/li>\n<li><strong>Spessore lama:<\/strong> circa 3,6 mm<\/li>\n<li><strong>Materiale della lama:<\/strong> CPM MagnaCut \u2013 acciaio inossidabile premium di nuova generazione<\/li>\n<li><strong>Durezza della lama:<\/strong> 63\u201364 HRC<\/li>\n<li><strong>Forma della lama:<\/strong> Tanto \u2013 eccellente per tagli penetranti e precisi<\/li>\n<li><strong>Affilatura:<\/strong> Combinata (smusso dorsale + bordo principale), stile &#8220;piatto&#8221; per un&#8217;elevata durata<\/li>\n<li><strong>Trattamento superficiale della lama:<\/strong> Stonewash<\/li>\n<li><strong>Materiale dell&#8217;impugnatura:<\/strong> Titanio 6Al4V (sabbiato) con inserti in Canvas Micarta naturale<\/li>\n<li><strong>Blocco:<\/strong> Reeve Integral Lock (blocco telaio) con contatto ceramico<\/li>\n<li><strong>Perno:<\/strong> Rondelle in bronzo fosforoso con canale di lubrificazione protetto<\/li>\n<li><strong>Apertura:<\/strong> Doppi perni argentati (destro\/sinistro)<\/li>\n<li><strong>Clip da tasca:<\/strong> titanio, destrorso, con punta rivolta verso l&#8217;alto (tipico design offset)<\/li>\n<li><strong>Peso:<\/strong> circa 125\u2013135 g<\/li>\n<li><strong>Progettista:<\/strong> Chris Reeve<\/li>\n<li><strong>Fabbricato negli Usa<\/strong><\/li>\n<\/ul>\n<div>\n<hr>\n<\/div>\n<h3>\ud83d\udfe2 Principali vantaggi:<\/h3>\n<p>\u2705  <strong>Lama MagnaCut con profilo tanto<\/strong> : combinazione perfetta di resistenza e precisione, eccellente durata in punta<br \/>\n\u2705  <strong>Inserto in Micarta<\/strong> : un materiale naturale che migliora l&#8217;ergonomia e mantiene anche quando \u00e8 bagnato<br \/>\n\u2705  <strong>Reeve Integral Lock con sfera in ceramica<\/strong> : massima sicurezza e lunga durata<br \/>\n\u2705  <strong>Doppio perno<\/strong> : accessibile sia agli utenti destri che mancini<br \/>\n\u2705  <strong>Costruzione in titanio<\/strong> : estremamente resistente, leggera e durevole<\/p>\n<div>\n<hr>\n<\/div>\n<h3>\ud83d\udd34 Possibili svantaggi:<\/h3>\n<p>\u26a0\ufe0f <strong>Lama robusta<\/strong> &#8211; non adatta al taglio fine di alimenti o a lavori dettagliati<br \/>\n\u26a0\ufe0f <strong>Prezzo pi\u00f9 elevato<\/strong> : materiali di alta qualit\u00e0 e produzione negli Stati Uniti<br \/>\n\u26a0\ufe0f <strong>La clip non \u00e8 reversibile<\/strong> : progettata per l&#8217;uso con la mano destra <\/p>\n<div>\n<hr>\n<\/div>\n<h3>\ud83d\udee0\ufe0f Manutenzione e cura:<\/h3>\n<ul data-spread=\"false\">\n<li><strong>MagnaCut<\/strong> mantiene il filo in modo perfetto, \u00e8 sufficiente affilarlo occasionalmente con un temperino di precisione.<\/li>\n<li>Gli intarsi in <strong>Canvas Micarta<\/strong> naturale sono resistenti all&#8217;umidit\u00e0 e acquisiscono una patina nel tempo<\/li>\n<li>L&#8217;impugnatura in titanio sabbiato \u00e8 facile da pulire (spazzola morbida, acqua, panno)<\/li>\n<li>Si consiglia di lubrificare occasionalmente il perno e di serrare le viti (fornite con l&#8217;utensile CRK)<\/li>\n<\/ul>\n<div>\n<hr>\n<\/div>\n<h3>\u2764\ufe0f Perch\u00e9 ti piace?<\/h3>\n<p><strong>Inkosi<\/strong> \u00e8 un coltello per chi cerca <strong>le massime prestazioni in ogni centimetro<\/strong> . La robusta lama tanto, la Micarta naturale, l&#8217;iconico sistema di blocco e la meccanica impeccabile lo rendono uno strumento di prim&#8217;ordine per la vita di tutti i giorni, il lavoro sul campo e la collezione. \u00c8 un coltello di cui ti puoi fidare, giorno dopo giorno.  <\/p>\n<div>\n<hr>\n<\/div>\n<h3>\u2705 Valutazione finale<\/h3>\n<p><strong>Il Chris Reeve Large Inkosi LIN-1134<\/strong> \u00e8 un coltello chiudibile che unisce <strong>brutalit\u00e0 funzionale<\/strong> ed <strong>elegante precisione<\/strong> . Adatto a utenti esigenti che richiedono affidabilit\u00e0, durata e un look eccezionale. Che siate in campagna, in officina o a una riunione, l&#8217;Inkosi sar\u00e0 sempre pronto.  <\/p>\n<div>\n<hr>\n<\/div>\n<p>&nbsp;<\/p>\n","protected":false},"excerpt":{"rendered":"<p><strong>Inkosi \u00e8 un coltello per chi cerca le massime prestazioni in ogni centimetro. La robusta lama tanto, la Micarta naturale, l&#8217;iconico sistema di blocco e la meccanica impeccabile lo rendono uno strumento di prim&#8217;ordine per la vita di tutti i giorni, il lavoro sul campo e la collezione. \u00c8 un coltello di cui ti puoi fidare, giorno dopo giorno.  <\/strong><\/p>\n<p><strong>Spedizione gratuita.<\/strong><\/p>\n","protected":false},"featured_media":412040,"comment_status":"open","ping_status":"closed","template":"","meta":[],"pwb-brand":[4049],"product_brand":[],"product_cat":[3745,3749],"product_tag":[],"class_list":{"0":"post-412202","1":"product","2":"type-product","3":"status-publish","4":"has-post-thumbnail","6":"pwb-brand-coltelli-chris-reeve","7":"product_cat-coltelli","8":"product_cat-coltelli-di-chiusura","10":"first","11":"instock","12":"taxable","13":"shipping-taxable","14":"purchasable","15":"product-type-simple"},"brands":[{"id":4049,"name":"Coltelli Chris Reeve","slug":"coltelli-chris-reeve"}],"_links":{"self":[{"href":"https:\/\/www.moskito.cz\/it\/wp-json\/wp\/v2\/product\/412202","targetHints":{"allow":["GET"]}}],"collection":[{"href":"https:\/\/www.moskito.cz\/it\/wp-json\/wp\/v2\/product"}],"about":[{"href":"https:\/\/www.moskito.cz\/it\/wp-json\/wp\/v2\/types\/product"}],"replies":[{"embeddable":true,"href":"https:\/\/www.moskito.cz\/it\/wp-json\/wp\/v2\/comments?post=412202"}],"wp:featuredmedia":[{"embeddable":true,"href":"https:\/\/www.moskito.cz\/it\/wp-json\/wp\/v2\/media\/412040"}],"wp:attachment":[{"href":"https:\/\/www.moskito.cz\/it\/wp-json\/wp\/v2\/media?parent=412202"}],"wp:term":[{"taxonomy":"pwb-brand","embeddable":true,"href":"https:\/\/www.moskito.cz\/it\/wp-json\/wp\/v2\/pwb-brand?post=412202"},{"taxonomy":"product_brand","embeddable":true,"href":"https:\/\/www.moskito.cz\/it\/wp-json\/wp\/v2\/product_brand?post=412202"},{"taxonomy":"product_cat","embeddable":true,"href":"https:\/\/www.moskito.cz\/it\/wp-json\/wp\/v2\/product_cat?post=412202"},{"taxonomy":"product_tag","embeddable":true,"href":"https:\/\/www.moskito.cz\/it\/wp-json\/wp\/v2\/product_tag?post=412202"}],"curies":[{"name":"wp","href":"https:\/\/api.w.org\/{rel}","templated":true}]}}