{"id":412209,"date":"2025-06-28T08:53:01","date_gmt":"2025-06-28T16:09:08","guid":{"rendered":"https:\/\/www.moskito.cz\/produkt\/coltello-pieghevole-chris-reeve-small-inkosi-inlay-sin-1126\/"},"modified":"2025-06-28T17:09:08","modified_gmt":"2025-06-28T16:09:08","slug":"coltello-pieghevole-chris-reeve-small-inkosi-inlay-sin-1126","status":"publish","type":"product","link":"https:\/\/www.moskito.cz\/it\/produkt\/coltello-pieghevole-chris-reeve-small-inkosi-inlay-sin-1126\/","title":{"rendered":"Coltello pieghevole Chris Reeve Small Inkosi Inlay SIN-1126"},"content":{"rendered":"<h2 data-pm-slice=\"1 1 []\">\ud83d\uddc2\ufe0f Chris Reeve Small Inkosi Insingo \u2013 SIN-1126 | Potenza compatta con lama in micarta e precisione<\/h2>\n<p><strong>Il piccolo Inkosi SIN-1126<\/strong> di <strong>Chris Reeve Knives<\/strong> \u00e8 un coltello chiudibile compatto ma senza compromessi, progettato per l&#8217;uso quotidiano e per le attivit\u00e0 pi\u00f9 impegnative. Il suo nome \u2013 <em>Inkosi<\/em> , che significa &#8220;capo&#8221; \u2013 non \u00e8 casuale. Questo modello si basa sul successo del leggendario Sebenza, ma aggiunge una struttura pi\u00f9 robusta, un meccanismo di bloccaggio migliorato e dimensioni ottimizzate per la massima maneggevolezza.  <\/p>\n<p>Questa variante, con lama <strong>Insingo<\/strong> (profilo curvo per un taglio fluido), <strong>inserti in Canvas Micarta naturale<\/strong> , <strong>doppi perni in argento<\/strong> e impugnatura in titanio sabbiato, offre una combinazione equilibrata <strong>di comfort, durata ed ergonomia eccezionale<\/strong> . La lama in acciaio <strong>CPM MagnaCut<\/strong> di alta qualit\u00e0 garantisce una durata superiore del filo, resistenza alla corrosione e facilit\u00e0 di manutenzione. <\/p>\n<div>\n<hr>\n<\/div>\n<h3>\ud83d\udcd0 Specifiche tecniche:<\/h3>\n<ul data-spread=\"false\">\n<li><strong>Lunghezza lama:<\/strong> 71,1 mm (2,8&#8243;)<\/li>\n<li><strong>Lunghezza totale:<\/strong> 165 mm (6,5&#8243;)<\/li>\n<li><strong>Lunghezza del coltello chiuso:<\/strong> circa 94 mm<\/li>\n<li><strong>Spessore lama:<\/strong> 3,17 mm<\/li>\n<li><strong>Materiale della lama:<\/strong> CPM MagnaCut \u2013 acciaio inossidabile di alta qualit\u00e0<\/li>\n<li><strong>Durezza della lama:<\/strong> 63\u201364 HRC<\/li>\n<li><strong>Forma della lama:<\/strong> Insingo \u2013 bordo curvo per un taglio efficiente<\/li>\n<li><strong>Macinatura:<\/strong> Macinatura completamente piatta<\/li>\n<li><strong>Trattamento superficiale della lama:<\/strong> Stonewash<\/li>\n<li><strong>Materiale dell&#8217;impugnatura:<\/strong> Titanio 6Al4V \u2013 sabbiato, con inserti in Canvas Micarta naturale<\/li>\n<li><strong>Spessore dell&#8217;impugnatura:<\/strong> circa 9,7 mm senza clip<\/li>\n<li><strong>Serratura:<\/strong> Reeve Integral Lock (telaio) con contatto ceramico<\/li>\n<li><strong>Apertura:<\/strong> Doppi perni argentati \u2013 per un accesso bidirezionale<\/li>\n<li><strong>Clip da tasca:<\/strong> titanio, per destrorsi, con punta rivolta verso l&#8217;alto, design decentrato<\/li>\n<li><strong>Perno:<\/strong> rondelle in bronzo fosforoso con scanalature di lubrificazione<\/li>\n<li><strong>Peso:<\/strong> circa 85 g<\/li>\n<li><strong>Progettista:<\/strong> Chris Reeve<\/li>\n<li><strong>Fabbricato negli Usa<\/strong><\/li>\n<\/ul>\n<div>\n<hr>\n<\/div>\n<h3>\ud83d\udfe2 Principali vantaggi:<\/h3>\n<p>\u2705  <strong>Lama Insingo<\/strong> : eccezionalmente pratica per tagliare cartone, alimenti e lavori dettagliati<br \/>\n\u2705  <strong>Intarsi in Micarta<\/strong> : garantiscono una presa migliore, una maggiore durata e acquisiscono una patina<br \/>\n\u2705  <strong>Dimensioni compatte<\/strong> : ideali per il trasporto quotidiano (EDC)<br \/>\n\u2705  <strong>Acciaio MagnaCut<\/strong> : eccellente durata del tagliente, resistenza alla corrosione e tenacit\u00e0<br \/>\n\u2705  <strong>Reeve Integral Lock con punta in ceramica<\/strong> : funzionamento fluido e lunga durata<\/p>\n<div>\n<hr>\n<\/div>\n<h3>\ud83d\udd34 Possibili svantaggi:<\/h3>\n<p>\u26a0\ufe0f <strong>Dimensioni ridotte<\/strong> : potrebbero essere meno comode per mani molto grandi<br \/>\n\u26a0\ufe0f <strong>Clip solo per destrimani<\/strong> : non pu\u00f2 essere ruotata dall&#8217;altro lato<br \/>\n\u26a0\ufe0f <strong>Prezzo pi\u00f9 alto<\/strong> \u2013 corrisponde alla lavorazione artigianale e ai materiali utilizzati <\/p>\n<div>\n<hr>\n<\/div>\n<h3>\ud83d\udee0\ufe0f Manutenzione e cura:<\/h3>\n<ul data-spread=\"false\">\n<li><strong>CPM MagnaCut<\/strong> : lama che non richiede quasi manutenzione, mantiene bene il filo, facile da rinnovare<\/li>\n<li><strong>Micarta<\/strong> : resistente all&#8217;acqua e all&#8217;usura, pu\u00f2 essere pulito con acqua saponata<\/li>\n<li><strong>Manico in titanio<\/strong> : facile da pulire, resistente alla corrosione e all&#8217;abrasione<\/li>\n<li>Si consiglia di lubrificare regolarmente il perno e di stringere occasionalmente le viti (utensile incluso)<\/li>\n<\/ul>\n<div>\n<hr>\n<\/div>\n<h3>\u2764\ufe0f Perch\u00e9 ti piace?<\/h3>\n<p><strong>Il piccolo Inkosi SIN-1126<\/strong> \u00e8 il coltello ideale per chi cerca <strong>un coltellino tascabile piccolo ma potente,<\/strong> con la massima affidabilit\u00e0. \u00c8 uno strumento che affronter\u00e0 le attivit\u00e0 quotidiane con eleganza e facilit\u00e0. Grazie alla sua ergonomia naturale, agli inserti in Micarta e alla meccanica precisa, sar\u00e0 un piacere tenerlo in mano ogni volta.  <\/p>\n<div>\n<hr>\n<\/div>\n<h3>\u2705 Valutazione finale<\/h3>\n<p><strong>Il Chris Reeve Small Inkosi Insingo SIN-1126<\/strong> \u00e8 un coltello EDC di alta gamma che combina <strong>valori tradizionali, materiali moderni e una lavorazione artigianale di prim&#8217;ordine<\/strong> . Compatto ma eccezionalmente performante, ideale per l&#8217;uso quotidiano e per chi esige qualit\u00e0 senza compromessi. <\/p>\n<div>\n<hr>\n<\/div>\n<p>&nbsp;<\/p>\n","protected":false},"excerpt":{"rendered":"<p><strong>Il piccolo Inkosi SIN-1126 \u00e8 il coltello ideale per chi cerca un coltellino tascabile piccolo ma potente, con la massima affidabilit\u00e0. \u00c8 uno strumento che affronter\u00e0 le attivit\u00e0 quotidiane con eleganza e facilit\u00e0. Grazie alla sua ergonomia naturale, agli inserti in Micarta e alla meccanica precisa, sar\u00e0 un piacere tenerlo in mano ogni volta.  <\/strong><\/p>\n<p><strong>Spedizione gratuita.<\/strong><\/p>\n","protected":false},"featured_media":412163,"comment_status":"open","ping_status":"closed","template":"","meta":[],"pwb-brand":[4049],"product_brand":[],"product_cat":[3745,3749],"product_tag":[],"class_list":{"0":"post-412209","1":"product","2":"type-product","3":"status-publish","4":"has-post-thumbnail","6":"pwb-brand-coltelli-chris-reeve","7":"product_cat-coltelli","8":"product_cat-coltelli-di-chiusura","10":"first","11":"instock","12":"taxable","13":"shipping-taxable","14":"purchasable","15":"product-type-simple"},"brands":[{"id":4049,"name":"Coltelli Chris Reeve","slug":"coltelli-chris-reeve"}],"_links":{"self":[{"href":"https:\/\/www.moskito.cz\/it\/wp-json\/wp\/v2\/product\/412209","targetHints":{"allow":["GET"]}}],"collection":[{"href":"https:\/\/www.moskito.cz\/it\/wp-json\/wp\/v2\/product"}],"about":[{"href":"https:\/\/www.moskito.cz\/it\/wp-json\/wp\/v2\/types\/product"}],"replies":[{"embeddable":true,"href":"https:\/\/www.moskito.cz\/it\/wp-json\/wp\/v2\/comments?post=412209"}],"wp:featuredmedia":[{"embeddable":true,"href":"https:\/\/www.moskito.cz\/it\/wp-json\/wp\/v2\/media\/412163"}],"wp:attachment":[{"href":"https:\/\/www.moskito.cz\/it\/wp-json\/wp\/v2\/media?parent=412209"}],"wp:term":[{"taxonomy":"pwb-brand","embeddable":true,"href":"https:\/\/www.moskito.cz\/it\/wp-json\/wp\/v2\/pwb-brand?post=412209"},{"taxonomy":"product_brand","embeddable":true,"href":"https:\/\/www.moskito.cz\/it\/wp-json\/wp\/v2\/product_brand?post=412209"},{"taxonomy":"product_cat","embeddable":true,"href":"https:\/\/www.moskito.cz\/it\/wp-json\/wp\/v2\/product_cat?post=412209"},{"taxonomy":"product_tag","embeddable":true,"href":"https:\/\/www.moskito.cz\/it\/wp-json\/wp\/v2\/product_tag?post=412209"}],"curies":[{"name":"wp","href":"https:\/\/api.w.org\/{rel}","templated":true}]}}