{"id":412275,"date":"2025-05-21T15:47:08","date_gmt":"2025-06-29T07:42:11","guid":{"rendered":"https:\/\/www.moskito.cz\/produkt\/coltello-pieghevole-crkt-ibis-black-2540\/"},"modified":"2025-06-29T08:42:11","modified_gmt":"2025-06-29T07:42:11","slug":"coltello-pieghevole-crkt-ibis-black-2540","status":"publish","type":"product","link":"https:\/\/www.moskito.cz\/it\/produkt\/coltello-pieghevole-crkt-ibis-black-2540\/","title":{"rendered":"Coltello pieghevole CRKT Ibis Black 2540"},"content":{"rendered":"<p data-pm-slice=\"1 1 []\"><strong>Il coltello pieghevole CRKT Ibis Black 2540<\/strong> \u00e8 un coltello EDC (Everyday Carry) elegante e funzionale, progettato dal designer Lucas Burnley. Il suo design si ispira al becco dell&#8217;ibis, che si riflette nella forma aggraziata della lama. <\/p>\n<div>\n<hr>\n<\/div>\n<h3>\ud83d\udd27 Specifiche<\/h3>\n<ul data-spread=\"false\">\n<li><strong>Materiale della lama<\/strong> : acciaio inossidabile D2 con finitura stonewash<\/li>\n<li><strong>Lunghezza lama<\/strong> : 7,8 cm<\/li>\n<li><strong>Lunghezza totale<\/strong> : 18,3 cm<\/li>\n<li><strong>Lunghezza del coltello chiuso<\/strong> : 10,5 cm<\/li>\n<li><strong>Spessore lama<\/strong> : 3,15 mm<\/li>\n<li><strong>Materiale dell&#8217;impugnatura<\/strong> : G10<\/li>\n<li><strong>Meccanismo di bloccaggio<\/strong> : Liner Lock<\/li>\n<li><strong>Sistema di apertura<\/strong> : flipper e perno a pollice<\/li>\n<li><strong>Clip da tasca<\/strong> : S\u00ec, per destrorsi, con ribaltamento verso l&#8217;alto<\/li>\n<li><strong>Peso<\/strong> : 85 g<\/li>\n<li><strong>Paese di origine<\/strong> : Cina<\/li>\n<\/ul>\n<div>\n<hr>\n<\/div>\n<h3>\u2705 Pro<\/h3>\n<ul data-spread=\"false\">\n<li><strong>Materiali di qualit\u00e0<\/strong> : l&#8217;acciaio D2 offre un&#8217;eccellente tenuta del filo e resistenza all&#8217;usura.<\/li>\n<li><strong>Design elegante<\/strong> : la forma della lama e dell&#8217;impugnatura garantiscono non solo l&#8217;estetica, ma anche la funzionalit\u00e0.<\/li>\n<li><strong>Impugnatura ergonomica<\/strong> : G10 garantisce una presa salda e confortevole.<\/li>\n<li><strong>Apertura rapida<\/strong> : la pinna e il perno per il pollice consentono un&#8217;apertura facile e veloce del coltello con una sola mano.<\/li>\n<li><strong>Clip da tasca<\/strong> : consente un comodo trasporto in tasca.<\/li>\n<\/ul>\n<div>\n<hr>\n<\/div>\n<h3>\u274c Contro<\/h3>\n<ul data-spread=\"false\">\n<li><strong>Manico stretto<\/strong> : gli utenti con mani grandi potrebbero trovare il coltello meno comodo da impugnare.<\/li>\n<li><strong>Accesso di sicurezza<\/strong> : il Liner Lock \u00e8 posizionato pi\u00f9 in basso nell&#8217;impugnatura, il che potrebbe renderlo difficile da usare per chi ha dita pi\u00f9 grandi.<\/li>\n<\/ul>\n<div>\n<hr>\n<\/div>\n<h3>\ud83d\udcb0 Prezzo<\/h3>\n<p>Considerando i materiali utilizzati e il design, il prezzo \u00e8 ragionevole.<\/p>\n<div>\n<hr>\n<\/div>\n<h3>\ud83e\udded Conclusion<\/h3>\n<p>Il CRKT Ibis Black 2540 \u00e8 adatto a chi cerca un coltello elegante e funzionale per l&#8217;uso quotidiano. I materiali di qualit\u00e0 e il design garantiscono lunga durata e affidabilit\u00e0. Tuttavia, si consiglia di valutare le dimensioni della mano e il comfort nell&#8217;impugnatura del coltello prima dell&#8217;acquisto.  <\/p>\n","protected":false},"excerpt":{"rendered":"<p><strong>Il CRKT Ibis Black 2540 \u00e8 adatto a chi cerca un coltello elegante e funzionale per l&#8217;uso quotidiano. I materiali di qualit\u00e0 e il design garantiscono lunga durata e affidabilit\u00e0. Tuttavia, si consiglia di valutare le dimensioni della mano e il comfort nell&#8217;impugnatura del coltello prima dell&#8217;acquisto.  <\/strong><\/p>\n","protected":false},"featured_media":403292,"comment_status":"open","ping_status":"closed","template":"","meta":[],"pwb-brand":[3763],"product_brand":[],"product_cat":[3745,3749],"product_tag":[],"class_list":{"0":"post-412275","1":"product","2":"type-product","3":"status-publish","4":"has-post-thumbnail","6":"pwb-brand-crkt-it","7":"product_cat-coltelli","8":"product_cat-coltelli-di-chiusura","10":"first","11":"instock","12":"sale","13":"taxable","14":"shipping-taxable","15":"purchasable","16":"product-type-simple"},"brands":[{"id":3763,"name":"CRKT","slug":"crkt-it"}],"_links":{"self":[{"href":"https:\/\/www.moskito.cz\/it\/wp-json\/wp\/v2\/product\/412275","targetHints":{"allow":["GET"]}}],"collection":[{"href":"https:\/\/www.moskito.cz\/it\/wp-json\/wp\/v2\/product"}],"about":[{"href":"https:\/\/www.moskito.cz\/it\/wp-json\/wp\/v2\/types\/product"}],"replies":[{"embeddable":true,"href":"https:\/\/www.moskito.cz\/it\/wp-json\/wp\/v2\/comments?post=412275"}],"wp:featuredmedia":[{"embeddable":true,"href":"https:\/\/www.moskito.cz\/it\/wp-json\/wp\/v2\/media\/403292"}],"wp:attachment":[{"href":"https:\/\/www.moskito.cz\/it\/wp-json\/wp\/v2\/media?parent=412275"}],"wp:term":[{"taxonomy":"pwb-brand","embeddable":true,"href":"https:\/\/www.moskito.cz\/it\/wp-json\/wp\/v2\/pwb-brand?post=412275"},{"taxonomy":"product_brand","embeddable":true,"href":"https:\/\/www.moskito.cz\/it\/wp-json\/wp\/v2\/product_brand?post=412275"},{"taxonomy":"product_cat","embeddable":true,"href":"https:\/\/www.moskito.cz\/it\/wp-json\/wp\/v2\/product_cat?post=412275"},{"taxonomy":"product_tag","embeddable":true,"href":"https:\/\/www.moskito.cz\/it\/wp-json\/wp\/v2\/product_tag?post=412275"}],"curies":[{"name":"wp","href":"https:\/\/api.w.org\/{rel}","templated":true}]}}