{"id":412447,"date":"2025-06-30T15:00:40","date_gmt":"2025-06-30T14:00:40","guid":{"rendered":"https:\/\/www.moskito.cz\/?post_type=product&#038;p=412447"},"modified":"2025-08-21T09:45:35","modified_gmt":"2025-08-21T08:45:35","slug":"zaviraci-nuz-spyderco-byrd-harrier-2-lightweight-by01sbkwc2","status":"publish","type":"product","link":"https:\/\/www.moskito.cz\/it\/produkt\/zaviraci-nuz-spyderco-byrd-harrier-2-lightweight-by01sbkwc2\/","title":{"rendered":"Zav\u00edrac\u00ed N\u016f\u017e Spyderco Byrd Harrier 2 Lightweight BY01SBKWC2"},"content":{"rendered":"<p data-start=\"133\" data-end=\"494\"><strong data-start=\"133\" data-end=\"184\">Spyderco Byrd Harrier 2 Lightweight Wharncliffe<\/strong> (BY01SBKWC2) je kompaktn\u00ed a lehk\u00fd zav\u00edrac\u00ed n\u016f\u017e navr\u017een\u00fd pro ka\u017edodenn\u00ed no\u0161en\u00ed, kter\u00fd v sob\u011b spojuje funk\u010dnost, jednoduchost a vysokou efektivitu \u0159ezu. Jeho \u010depel typu Wharncliffe se zubat\u00fdm ost\u0159\u00edm exceluje v p\u0159esn\u00e9m a kontrolovan\u00e9m \u0159ezu \u2013 zejm\u00e9na p\u0159i \u0159ez\u00e1n\u00ed kartonu, lan, p\u00e1sk\u016f \u010di jin\u00fdch vl\u00e1knit\u00fdch materi\u00e1l\u016f.<\/p>\n<p data-start=\"496\" data-end=\"794\">D\u00edky odleh\u010den\u00e9 rukojeti z FRN (skeln\u00fdm vl\u00e1knem vyztu\u017een\u00fd nylon) a bezpe\u010dn\u00e9mu z\u00e1mku Lockback se Harrier 2 LW st\u00e1v\u00e1 spolehliv\u00fdm EDC n\u00e1strojem, kter\u00fd nezat\u00ed\u017e\u00ed kapsu, ale z\u00e1rove\u0148 je v\u017edy p\u0159ipraven\u00fd k pou\u017eit\u00ed. Otvor ve tvaru slzy typick\u00fd pro \u0159adu Byrd umo\u017e\u0148uje snadn\u00e9 oboustrann\u00e9 otev\u00edr\u00e1n\u00ed jednou rukou.<\/p>\n<hr data-start=\"796\" data-end=\"799\" \/>\n<p data-start=\"801\" data-end=\"830\">\ud83d\udcd0 <strong data-start=\"804\" data-end=\"829\">Technick\u00e9 specifikace<\/strong>:<\/p>\n<ul data-start=\"831\" data-end=\"1583\">\n<li data-start=\"831\" data-end=\"866\">\n<p data-start=\"833\" data-end=\"866\"><strong data-start=\"833\" data-end=\"850\">D\u00e9lka \u010depele:<\/strong> 86 mm (3,38\u2033)<\/p>\n<\/li>\n<li data-start=\"867\" data-end=\"896\">\n<p data-start=\"869\" data-end=\"896\"><strong data-start=\"869\" data-end=\"887\">Celkov\u00e1 d\u00e9lka:<\/strong> 193 mm<\/p>\n<\/li>\n<li data-start=\"897\" data-end=\"937\">\n<p data-start=\"899\" data-end=\"937\"><strong data-start=\"899\" data-end=\"924\">D\u00e9lka zav\u0159en\u00e9ho no\u017ee:<\/strong> cca 107 mm<\/p>\n<\/li>\n<li data-start=\"938\" data-end=\"973\">\n<p data-start=\"940\" data-end=\"973\"><strong data-start=\"940\" data-end=\"960\">Tlou\u0161\u0165ka \u010depele:<\/strong> cca 2,5 mm<\/p>\n<\/li>\n<li data-start=\"974\" data-end=\"1023\">\n<p data-start=\"976\" data-end=\"1023\"><strong data-start=\"976\" data-end=\"996\">Materi\u00e1l \u010depele:<\/strong> 8Cr13MoV \u2013 nerezov\u00e1 ocel<\/p>\n<\/li>\n<li data-start=\"1024\" data-end=\"1058\">\n<p data-start=\"1026\" data-end=\"1058\"><strong data-start=\"1026\" data-end=\"1045\">Tvrdost \u010depele:<\/strong> cca 58 HRC<\/p>\n<\/li>\n<li data-start=\"1059\" data-end=\"1120\">\n<p data-start=\"1061\" data-end=\"1120\"><strong data-start=\"1061\" data-end=\"1077\">Tvar \u010depele:<\/strong> Wharncliffe \u2013 rovn\u00e9 ost\u0159\u00ed pro p\u0159esn\u00fd \u0159ez<\/p>\n<\/li>\n<li data-start=\"1121\" data-end=\"1164\">\n<p data-start=\"1123\" data-end=\"1164\"><strong data-start=\"1123\" data-end=\"1133\">Ost\u0159\u00ed:<\/strong> Pln\u011b zubat\u00e9 (fully serrated)<\/p>\n<\/li>\n<li data-start=\"1165\" data-end=\"1205\">\n<p data-start=\"1167\" data-end=\"1205\"><strong data-start=\"1167\" data-end=\"1176\">Brus:<\/strong> Dut\u00fd v\u00fdbrus (hollow grind)<\/p>\n<\/li>\n<li data-start=\"1206\" data-end=\"1244\">\n<p data-start=\"1208\" data-end=\"1244\"><strong data-start=\"1208\" data-end=\"1236\">Povrchov\u00e1 \u00faprava \u010depele:<\/strong> Sat\u00e9n<\/p>\n<\/li>\n<li data-start=\"1245\" data-end=\"1301\">\n<p data-start=\"1247\" data-end=\"1301\"><strong data-start=\"1247\" data-end=\"1259\">Rukoje\u0165:<\/strong> FRN \u2013 \u010dern\u00fd, s texturou pro jist\u00fd \u00fachop<\/p>\n<\/li>\n<li data-start=\"1302\" data-end=\"1325\">\n<p data-start=\"1304\" data-end=\"1325\"><strong data-start=\"1304\" data-end=\"1314\">Z\u00e1mek:<\/strong> Lockback<\/p>\n<\/li>\n<li data-start=\"1326\" data-end=\"1354\">\n<p data-start=\"1328\" data-end=\"1354\"><strong data-start=\"1328\" data-end=\"1343\">Oto\u010dn\u00fd \u010dep:<\/strong> Nerezov\u00fd<\/p>\n<\/li>\n<li data-start=\"1355\" data-end=\"1414\">\n<p data-start=\"1357\" data-end=\"1414\"><strong data-start=\"1357\" data-end=\"1370\">Otv\u00edr\u00e1n\u00ed:<\/strong> \u201eByrd hole\u201c \u2013 oboustrann\u00e9 otev\u0159en\u00ed palcem<\/p>\n<\/li>\n<li data-start=\"1415\" data-end=\"1484\">\n<p data-start=\"1417\" data-end=\"1484\"><strong data-start=\"1417\" data-end=\"1426\">Klip:<\/strong> Ocelov\u00fd, 4polohov\u00fd (prav\u00e1\/lev\u00e1 strana, tip-up\/tip-down)<\/p>\n<\/li>\n<li data-start=\"1485\" data-end=\"1511\">\n<p data-start=\"1487\" data-end=\"1511\"><strong data-start=\"1487\" data-end=\"1500\">Hmotnost:<\/strong> cca 68 g<\/p>\n<\/li>\n<li data-start=\"1512\" data-end=\"1560\">\n<p data-start=\"1514\" data-end=\"1560\"><strong data-start=\"1514\" data-end=\"1527\">Design\u00e9r:<\/strong> Byrd Knife Division (Spyderco)<\/p>\n<\/li>\n<li data-start=\"1561\" data-end=\"1583\">\n<p data-start=\"1563\" data-end=\"1583\"><strong data-start=\"1563\" data-end=\"1578\">Vyrobeno v:<\/strong> \u010c\u00edna<\/p>\n<\/li>\n<\/ul>\n<hr data-start=\"1585\" data-end=\"1588\" \/>\n<p data-start=\"1590\" data-end=\"1918\">\ud83d\udfe2 <strong data-start=\"1593\" data-end=\"1610\">Hlavn\u00ed v\u00fdhody<\/strong>:<br \/>\n\u2705 \u010cepel Wharncliffe \u2013 maxim\u00e1ln\u00ed kontrola \u0159ezu, ide\u00e1ln\u00ed pro p\u0159esnou pr\u00e1ci<br data-start=\"1684\" data-end=\"1687\" \/>\u2705 Zubat\u00e9 ost\u0159\u00ed \u2013 efektivn\u00ed \u0159ez\u00e1n\u00ed lana, p\u00e1sk\u016f a vl\u00e1knit\u00fdch materi\u00e1l\u016f<br data-start=\"1755\" data-end=\"1758\" \/>\u2705 Lehk\u00e1 konstrukce \u2013 ide\u00e1ln\u00ed pro EDC, bez zbyte\u010dn\u00e9 z\u00e1t\u011b\u017ee<br data-start=\"1815\" data-end=\"1818\" \/>\u2705 FRN rukoje\u0165 \u2013 odoln\u00e1, s protiskluzovou texturou<br data-start=\"1867\" data-end=\"1870\" \/>\u2705 Oboustrann\u00fd klip \u2013 vhodn\u00fd pro prav\u00e1ky i lev\u00e1ky<\/p>\n<hr data-start=\"1920\" data-end=\"1923\" \/>\n<p data-start=\"1925\" data-end=\"2128\">\ud83d\udd34 <strong data-start=\"1928\" data-end=\"1946\">Mo\u017en\u00e9 nev\u00fdhody<\/strong>:<br \/>\n\u26a0\ufe0f Zubat\u00e9 ost\u0159\u00ed \u2013 h\u016f\u0159e se brous\u00ed ne\u017e hladk\u00e9<br data-start=\"1991\" data-end=\"1994\" \/>\u26a0\ufe0f Lockback \u2013 o n\u011bco pomalej\u0161\u00ed zav\u00edr\u00e1n\u00ed ne\u017e u liner\/axis locku<br data-start=\"2056\" data-end=\"2059\" \/>\u26a0\ufe0f Men\u0161\u00ed velikost \u2013 nen\u00ed vhodn\u00fd pro velmi t\u011b\u017ek\u00e9 \u00fakoly nebo velk\u00e9 ruce<\/p>\n<hr data-start=\"2130\" data-end=\"2133\" \/>\n<p data-start=\"2135\" data-end=\"2298\">\ud83d\udee0\ufe0f <strong data-start=\"2139\" data-end=\"2156\">\u00dadr\u017eba a p\u00e9\u010de<\/strong>:<br \/>\n<strong data-start=\"2158\" data-end=\"2179\">\u010cepel z 8Cr13MoV:<\/strong><br \/>\n\u2013 Pravideln\u011b \u010distit a lehce olejovat (nap\u0159. Ballistol, WD-40)<br data-start=\"2241\" data-end=\"2244\" \/>\u2013 Snadn\u00e9 brou\u0161en\u00ed, ale \u010dast\u011bj\u0161\u00ed pot\u0159eba obnovy ost\u0159\u00ed<\/p>\n<p data-start=\"2300\" data-end=\"2399\"><strong data-start=\"2300\" data-end=\"2318\">Rukoje\u0165 (FRN):<\/strong><br \/>\n\u2013 Odoln\u00e1 v\u016f\u010di vlhkosti i chemik\u00e1li\u00edm<br data-start=\"2355\" data-end=\"2358\" \/>\u2013 Lze \u010distit kart\u00e1\u010dkem a m\u00fddlovou vodou<\/p>\n<p data-start=\"2401\" data-end=\"2550\"><strong data-start=\"2401\" data-end=\"2417\">Z\u00e1mek a \u010dep:<\/strong><br \/>\n\u2013 Lockback mechanismus je mechanicky spolehliv\u00fd, vy\u017eaduje minim\u00e1ln\u00ed \u00fadr\u017ebu<br data-start=\"2492\" data-end=\"2495\" \/>\u2013 Ob\u010das vy\u010distit \u010dep od prachu a vl\u00e1ken, lehce promazat<\/p>\n<hr data-start=\"2552\" data-end=\"2555\" \/>\n<p data-start=\"2557\" data-end=\"2886\">\ud83d\udd27 <strong data-start=\"2560\" data-end=\"2626\">Jak brousit Spyderco Byrd Harrier 2 LW (Wharncliffe, serrated)<\/strong>:<br \/>\n\u2705 Pou\u017eij \u00fazk\u00fd kulat\u00fd brousek (nap\u0159. keramick\u00fd ty\u010dov\u00fd syst\u00e9m)<br data-start=\"2688\" data-end=\"2691\" \/>\u2705 Brousit pouze z jedn\u00e9 strany \u2013 druhou pouze jemn\u011b srazit ot\u0159epy<br data-start=\"2756\" data-end=\"2759\" \/>\u2705 Doporu\u010deno: Spyderco Sharpmaker, Lansky Serrated System<br data-start=\"2816\" data-end=\"2819\" \/>\u2705 P\u0159i spr\u00e1vn\u00e9 p\u00e9\u010di vydr\u017e\u00ed ost\u0159\u00ed dlouho funk\u010dn\u00ed i p\u0159i tvrd\u00e9m pou\u017eit\u00ed<\/p>\n<hr data-start=\"2888\" data-end=\"2891\" \/>\n<p data-start=\"2893\" data-end=\"3259\">\u2764\ufe0f <strong data-start=\"2896\" data-end=\"2918\">Pro\u010d si ho obl\u00edb\u00ed\u0161<\/strong><br data-start=\"2918\" data-end=\"2921\" \/>Harrier 2 Lightweight je skv\u011bl\u00fd n\u016f\u017e pro ka\u017edodenn\u00ed no\u0161en\u00ed, pokud hled\u00e1\u0161 n\u011bco nen\u00e1padn\u00e9ho, lehk\u00e9ho a spolehliv\u00e9ho. D\u00edky Wharncliffe \u010depeli a pln\u00e9mu zubat\u00e9mu ost\u0159\u00ed \u0159e\u017ee s naprostou p\u0159esnost\u00ed a agresivitou, kter\u00e1 se hod\u00ed do m\u011bsta, d\u00edlny i do p\u0159\u00edrody. P\u0159ekvapiv\u011b lehk\u00fd, ale v\u00fdkonn\u00fd \u2013 ide\u00e1ln\u00ed pro ty, kdo si potrp\u00ed na funk\u010dnost bez kompromis\u016f.<\/p>\n<hr data-start=\"3261\" data-end=\"3264\" \/>\n<p data-start=\"3266\" data-end=\"3610\">\u2705 <strong data-start=\"3268\" data-end=\"3291\">Z\u00e1v\u011bre\u010dn\u00e9 hodnocen\u00ed<\/strong><br data-start=\"3291\" data-end=\"3294\" \/><strong data-start=\"3294\" data-end=\"3336\">Byrd Harrier 2 Lightweight Wharncliffe<\/strong> je praktick\u00fd, odoln\u00fd a extr\u00e9mn\u011b lehk\u00fd zav\u00edrac\u00ed n\u016f\u017e ur\u010den\u00fd pro ka\u017edodenn\u00ed vyu\u017eit\u00ed. V\u00fdborn\u011b padne do kapsy i do ruky a nab\u00eddne p\u0159esn\u00fd \u0159ez v situac\u00edch, kde na detailu z\u00e1le\u017e\u00ed. Pokud hled\u00e1\u0161 skladn\u00fd a z\u00e1rove\u0148 efektivn\u00ed n\u00e1stroj s v\u00fdjime\u010dn\u011b ostrou \u010depel\u00ed, tenhle model t\u011b nezklame.<\/p>\n","protected":false},"excerpt":{"rendered":"<p><strong>Harrier 2 Lightweight je skv\u011bl\u00fd n\u016f\u017e pro ka\u017edodenn\u00ed no\u0161en\u00ed, pokud hled\u00e1\u0161 n\u011bco nen\u00e1padn\u00e9ho, lehk\u00e9ho a spolehliv\u00e9ho. D\u00edky Wharncliffe \u010depeli a pln\u00e9mu zubat\u00e9mu ost\u0159\u00ed \u0159e\u017ee s naprostou p\u0159esnost\u00ed a agresivitou, kter\u00e1 se hod\u00ed do m\u011bsta, d\u00edlny i do p\u0159\u00edrody. P\u0159ekvapiv\u011b lehk\u00fd, ale v\u00fdkonn\u00fd \u2013 ide\u00e1ln\u00ed pro ty, kdo si potrp\u00ed na funk\u010dnost bez kompromis\u016f.<\/strong><\/p>\n","protected":false},"featured_media":412448,"comment_status":"open","ping_status":"closed","template":"","meta":[],"pwb-brand":[166],"product_brand":[],"product_cat":[17,22],"product_tag":[],"class_list":{"0":"post-412447","1":"product","2":"type-product","3":"status-publish","4":"has-post-thumbnail","6":"pwb-brand-byrd","7":"product_cat-noze","8":"product_cat-zaviraci-noze","10":"first","11":"outofstock","12":"taxable","13":"shipping-taxable","14":"purchasable","15":"product-type-simple"},"brands":[{"id":166,"name":"Byrd","slug":"byrd"}],"_links":{"self":[{"href":"https:\/\/www.moskito.cz\/it\/wp-json\/wp\/v2\/product\/412447","targetHints":{"allow":["GET"]}}],"collection":[{"href":"https:\/\/www.moskito.cz\/it\/wp-json\/wp\/v2\/product"}],"about":[{"href":"https:\/\/www.moskito.cz\/it\/wp-json\/wp\/v2\/types\/product"}],"replies":[{"embeddable":true,"href":"https:\/\/www.moskito.cz\/it\/wp-json\/wp\/v2\/comments?post=412447"}],"wp:featuredmedia":[{"embeddable":true,"href":"https:\/\/www.moskito.cz\/it\/wp-json\/wp\/v2\/media\/412448"}],"wp:attachment":[{"href":"https:\/\/www.moskito.cz\/it\/wp-json\/wp\/v2\/media?parent=412447"}],"wp:term":[{"taxonomy":"pwb-brand","embeddable":true,"href":"https:\/\/www.moskito.cz\/it\/wp-json\/wp\/v2\/pwb-brand?post=412447"},{"taxonomy":"product_brand","embeddable":true,"href":"https:\/\/www.moskito.cz\/it\/wp-json\/wp\/v2\/product_brand?post=412447"},{"taxonomy":"product_cat","embeddable":true,"href":"https:\/\/www.moskito.cz\/it\/wp-json\/wp\/v2\/product_cat?post=412447"},{"taxonomy":"product_tag","embeddable":true,"href":"https:\/\/www.moskito.cz\/it\/wp-json\/wp\/v2\/product_tag?post=412447"}],"curies":[{"name":"wp","href":"https:\/\/api.w.org\/{rel}","templated":true}]}}