{"id":421855,"date":"2025-08-20T17:15:11","date_gmt":"2025-08-20T16:15:11","guid":{"rendered":"https:\/\/www.moskito.cz\/?post_type=product&#038;p=421855"},"modified":"2025-08-20T17:15:12","modified_gmt":"2025-08-20T16:15:12","slug":"zaviraci-nuz-cobratec-edc-scout-bar-lock","status":"publish","type":"product","link":"https:\/\/www.moskito.cz\/it\/produkt\/zaviraci-nuz-cobratec-edc-scout-bar-lock\/","title":{"rendered":"Zav\u00edrac\u00ed N\u016f\u017e CobraTec EDC Scout Bar Lock"},"content":{"rendered":"<h2 data-start=\"133\" data-end=\"180\"><strong data-start=\"136\" data-end=\"180\">Zav\u00edrac\u00ed N\u016f\u017e CobraTec EDC Scout Bar Lock<\/strong><\/h2>\n<p data-start=\"182\" data-end=\"551\"><strong data-start=\"182\" data-end=\"213\">CobraTec EDC Scout Bar Lock<\/strong> je modern\u00ed zav\u00edrac\u00ed n\u016f\u017e navr\u017een\u00fd pro ka\u017edodenn\u00ed no\u0161en\u00ed (EDC), kter\u00fd spojuje kompaktn\u00ed rozm\u011bry, hladk\u00fd chod a kvalitn\u00ed materi\u00e1ly. Je vybaven <strong data-start=\"354\" data-end=\"378\">bar lock mechanismem<\/strong> \u2013 bezpe\u010dnou a oboustrann\u011b ovladatelnou pojistkou, kter\u00e1 poskytuje maxim\u00e1ln\u00ed kontrolu p\u0159i otev\u00edr\u00e1n\u00ed i zav\u00edr\u00e1n\u00ed. Scout je v\u0161estrann\u00fd, odoln\u00fd a p\u0159ipraven\u00fd na ka\u017edodenn\u00ed \u00fakoly.<\/p>\n<hr data-start=\"553\" data-end=\"556\" \/>\n<h3 data-start=\"558\" data-end=\"584\"><strong data-start=\"562\" data-end=\"584\">Historie a kontext<\/strong><\/h3>\n<p data-start=\"586\" data-end=\"975\">CobraTec p\u0159in\u00e1\u0161\u00ed s modelem <strong data-start=\"613\" data-end=\"626\">EDC Scout<\/strong> odpov\u011b\u010f na popt\u00e1vku po kompaktn\u00edm, praktick\u00e9m no\u017ei s vysokou u\u017eitnou hodnotou. Vyu\u017eit\u00ed bar locku (inspirovan\u00e9ho syst\u00e9mem axis lock) zaji\u0161\u0165uje plynul\u00fd chod \u010depele bez nutnosti dot\u00fdkat se ost\u0159\u00ed \u2013 ide\u00e1ln\u00ed pro ka\u017edodenn\u00ed pou\u017eit\u00ed jednou rukou. Ergonomick\u00e1 rukoje\u0165 a \u010depel z D2 oceli d\u011blaj\u00ed z tohoto no\u017ee spolehliv\u00e9ho par\u0165\u00e1ka do kapsy, d\u00edlny i do ter\u00e9nu.<\/p>\n<hr data-start=\"977\" data-end=\"980\" \/>\n<h3 data-start=\"982\" data-end=\"1011\"><strong data-start=\"986\" data-end=\"1011\">Technick\u00e9 specifikace<\/strong><\/h3>\n<div class=\"_tableContainer_sk2ct_1\">\n<div class=\"_tableWrapper_sk2ct_13 group flex w-fit flex-col-reverse\" tabindex=\"-1\">\n<table class=\"w-fit min-w-(--thread-content-width)\" data-start=\"1013\" data-end=\"2050\">\n<thead data-start=\"1013\" data-end=\"1077\">\n<tr data-start=\"1013\" data-end=\"1077\">\n<th data-start=\"1013\" data-end=\"1038\" data-col-size=\"sm\">Parametr<\/th>\n<th data-start=\"1038\" data-end=\"1077\" data-col-size=\"sm\">Hodnota<\/th>\n<\/tr>\n<\/thead>\n<tbody data-start=\"1143\" data-end=\"2050\">\n<tr data-start=\"1143\" data-end=\"1207\">\n<td data-start=\"1143\" data-end=\"1168\" data-col-size=\"sm\">D\u00e9lka \u010depele<\/td>\n<td data-start=\"1168\" data-end=\"1207\" data-col-size=\"sm\">cca 76 mm (3\u2033)<\/td>\n<\/tr>\n<tr data-start=\"1208\" data-end=\"1272\">\n<td data-start=\"1208\" data-end=\"1233\" data-col-size=\"sm\">Celkov\u00e1 d\u00e9lka<\/td>\n<td data-start=\"1233\" data-end=\"1272\" data-col-size=\"sm\">cca 180 mm (7\u2033)<\/td>\n<\/tr>\n<tr data-start=\"1273\" data-end=\"1337\">\n<td data-start=\"1273\" data-end=\"1298\" data-col-size=\"sm\">D\u00e9lka zav\u0159en\u00e9ho no\u017ee<\/td>\n<td data-start=\"1298\" data-end=\"1337\" data-col-size=\"sm\">cca 104 mm (4,1\u2033)<\/td>\n<\/tr>\n<tr data-start=\"1338\" data-end=\"1401\">\n<td data-start=\"1338\" data-end=\"1363\" data-col-size=\"sm\">Materi\u00e1l \u010depele<\/td>\n<td data-start=\"1363\" data-end=\"1401\" data-col-size=\"sm\">D2 n\u00e1strojov\u00e1 ocel (stonewashed)<\/td>\n<\/tr>\n<tr data-start=\"1402\" data-end=\"1466\">\n<td data-start=\"1402\" data-end=\"1427\" data-col-size=\"sm\">Tvrdost oceli<\/td>\n<td data-start=\"1427\" data-end=\"1466\" data-col-size=\"sm\">59\u201361 HRC<\/td>\n<\/tr>\n<tr data-start=\"1467\" data-end=\"1531\">\n<td data-start=\"1467\" data-end=\"1492\" data-col-size=\"sm\">Typ \u010depele<\/td>\n<td data-start=\"1492\" data-end=\"1531\" data-col-size=\"sm\">Drop point<\/td>\n<\/tr>\n<tr data-start=\"1532\" data-end=\"1596\">\n<td data-start=\"1532\" data-end=\"1557\" data-col-size=\"sm\">Brou\u0161en\u00ed<\/td>\n<td data-start=\"1557\" data-end=\"1596\" data-col-size=\"sm\">Ploch\u00fd v\u00fdbrus<\/td>\n<\/tr>\n<tr data-start=\"1597\" data-end=\"1661\">\n<td data-start=\"1597\" data-end=\"1622\" data-col-size=\"sm\">Materi\u00e1l rukojeti<\/td>\n<td data-start=\"1622\" data-end=\"1661\" data-col-size=\"sm\">G10 ( textura pro \u00fachop)<\/td>\n<\/tr>\n<tr data-start=\"1662\" data-end=\"1726\">\n<td data-start=\"1662\" data-end=\"1687\" data-col-size=\"sm\">Mechanismus otev\u0159en\u00ed<\/td>\n<td data-start=\"1687\" data-end=\"1726\" data-col-size=\"sm\">Obojit\u00fd kol\u00edk + bar lock<\/td>\n<\/tr>\n<tr data-start=\"1727\" data-end=\"1791\">\n<td data-start=\"1727\" data-end=\"1752\" data-col-size=\"sm\">Pojistka<\/td>\n<td data-start=\"1752\" data-end=\"1791\" data-col-size=\"sm\">Bar Lock (oboustrann\u00e1)<\/td>\n<\/tr>\n<tr data-start=\"1792\" data-end=\"1855\">\n<td data-start=\"1792\" data-end=\"1817\" data-col-size=\"sm\">Kapesn\u00ed klip<\/td>\n<td data-start=\"1817\" data-end=\"1855\" data-col-size=\"sm\">Reverzibiln\u00ed (prav\u00e1\/lev\u00e1, tip-up)<\/td>\n<\/tr>\n<tr data-start=\"1856\" data-end=\"1920\">\n<td data-start=\"1856\" data-end=\"1881\" data-col-size=\"sm\">Hmotnost<\/td>\n<td data-start=\"1881\" data-end=\"1920\" data-col-size=\"sm\">cca 96 g (3,4 oz)<\/td>\n<\/tr>\n<tr data-start=\"1921\" data-end=\"1985\">\n<td data-start=\"1921\" data-end=\"1946\" data-col-size=\"sm\">V\u00fdroba<\/td>\n<td data-start=\"1946\" data-end=\"1985\" data-col-size=\"sm\">USA<\/td>\n<\/tr>\n<tr data-start=\"1986\" data-end=\"2050\">\n<td data-start=\"1986\" data-end=\"2011\" data-col-size=\"sm\">Z\u00e1ruka<\/td>\n<td data-start=\"2011\" data-end=\"2050\" data-col-size=\"sm\">Do\u017eivotn\u00ed<\/td>\n<\/tr>\n<\/tbody>\n<\/table>\n<\/div>\n<\/div>\n<hr data-start=\"2052\" data-end=\"2055\" \/>\n<h3 data-start=\"2057\" data-end=\"2079\"><strong data-start=\"2061\" data-end=\"2079\">Kl\u00ed\u010dov\u00e9 v\u00fdhody<\/strong><\/h3>\n<ul data-start=\"2081\" data-end=\"2473\">\n<li data-start=\"2081\" data-end=\"2159\">\n<p data-start=\"2083\" data-end=\"2159\"><strong data-start=\"2083\" data-end=\"2095\">Bar Lock<\/strong> \u2013 bezpe\u010dn\u00fd, hladk\u00fd a oboustrann\u00fd mechanismus zamyk\u00e1n\u00ed \u010depele.<\/p>\n<\/li>\n<li data-start=\"2160\" data-end=\"2222\">\n<p data-start=\"2162\" data-end=\"2222\"><strong data-start=\"2162\" data-end=\"2173\">D2 ocel<\/strong> \u2013 tvrd\u00e1 a odoln\u00e1 \u010depel s dlouhou v\u00fddr\u017e\u00ed ost\u0159\u00ed.<\/p>\n<\/li>\n<li data-start=\"2223\" data-end=\"2287\">\n<p data-start=\"2225\" data-end=\"2287\"><strong data-start=\"2225\" data-end=\"2251\">Kompaktn\u00ed EDC velikost<\/strong> \u2013 ide\u00e1ln\u00ed do kapsy, na ka\u017ed\u00fd den.<\/p>\n<\/li>\n<li data-start=\"2288\" data-end=\"2350\">\n<p data-start=\"2290\" data-end=\"2350\"><strong data-start=\"2290\" data-end=\"2305\">G10 rukoje\u0165<\/strong> \u2013 lehk\u00e1, pevn\u00e1, s protiskluzovou texturou.<\/p>\n<\/li>\n<li data-start=\"2351\" data-end=\"2406\">\n<p data-start=\"2353\" data-end=\"2406\"><strong data-start=\"2353\" data-end=\"2373\">Oboustrann\u00fd klip<\/strong> \u2013 vhodn\u00fd pro prav\u00e1ky i lev\u00e1ky.<\/p>\n<\/li>\n<li data-start=\"2407\" data-end=\"2473\">\n<p data-start=\"2409\" data-end=\"2473\"><strong data-start=\"2409\" data-end=\"2427\">Vyrobeno v USA<\/strong> \u2013 s d\u016frazem na kvalitu a precizn\u00ed zpracov\u00e1n\u00ed.<\/p>\n<\/li>\n<\/ul>\n<hr data-start=\"2475\" data-end=\"2478\" \/>\n<h3 data-start=\"2480\" data-end=\"2501\"><strong data-start=\"2484\" data-end=\"2501\">Mo\u017en\u00e1 omezen\u00ed<\/strong><\/h3>\n<ul data-start=\"2503\" data-end=\"2716\">\n<li data-start=\"2503\" data-end=\"2602\">\n<p data-start=\"2505\" data-end=\"2602\"><strong data-start=\"2505\" data-end=\"2542\">Nen\u00ed tak \u201etaktick\u00fd\u201c jako OTF no\u017ee<\/strong> \u2013 je ur\u010den sp\u00ed\u0161e pro b\u011b\u017en\u00e9 \u00fakoly ne\u017e pro obrann\u00e9 situace.<\/p>\n<\/li>\n<li data-start=\"2603\" data-end=\"2716\">\n<p data-start=\"2605\" data-end=\"2716\"><strong data-start=\"2605\" data-end=\"2625\">Drop point \u010depel<\/strong> \u2013 v\u00fdborn\u00e1 pro univerz\u00e1ln\u00ed pou\u017eit\u00ed, ale m\u00e9n\u011b agresivn\u00ed vzhled pro milovn\u00edky \u201ecombat\u201c stylu.<\/p>\n<\/li>\n<\/ul>\n<hr data-start=\"2718\" data-end=\"2721\" \/>\n<h3 data-start=\"2723\" data-end=\"2748\"><strong data-start=\"2727\" data-end=\"2748\">\u00dadr\u017eba a brou\u0161en\u00ed<\/strong><\/h3>\n<p data-start=\"2750\" data-end=\"2970\">D2 je velmi odoln\u00e1 ocel s dlouhou v\u00fddr\u017e\u00ed ost\u0159\u00ed. Pro dosa\u017een\u00ed nejlep\u0161\u00edch v\u00fdsledk\u016f udr\u017euj \u010depel suchou a ob\u010das ji naolejuj.<br data-start=\"2871\" data-end=\"2874\" \/>Mechanismus bar lock vy\u017eaduje jen minim\u00e1ln\u00ed p\u00e9\u010di \u2013 sta\u010d\u00ed jej ob\u010das profouknout a lehce promazat.<\/p>\n<p data-start=\"2972\" data-end=\"3142\"><strong data-start=\"2972\" data-end=\"3142\">Pro udr\u017een\u00ed ost\u0159\u00ed doporu\u010dujeme Spyderco Tri-Angle Sharpmaker Complete Sharpening System 204MF \u2013 ide\u00e1ln\u00ed i pro hladk\u00e1 ost\u0159\u00ed. \ud83d\uded2 Koup\u00edte na na\u0161ich str\u00e1nk\u00e1ch Moskito.cz.<\/strong><\/p>\n<hr data-start=\"3144\" data-end=\"3147\" \/>\n<h3 data-start=\"3149\" data-end=\"3174\"><strong data-start=\"3153\" data-end=\"3174\">Pro koho je ur\u010den<\/strong><\/h3>\n<ul data-start=\"3176\" data-end=\"3423\">\n<li data-start=\"3176\" data-end=\"3236\">\n<p data-start=\"3178\" data-end=\"3236\">Pro ka\u017edodenn\u00ed no\u0161en\u00ed \u2013 ide\u00e1ln\u00ed do kapsy nebo na opasek.<\/p>\n<\/li>\n<li data-start=\"3237\" data-end=\"3308\">\n<p data-start=\"3239\" data-end=\"3308\">Pro u\u017eivatele hledaj\u00edc\u00ed spolehliv\u00fd a lehk\u00fd n\u016f\u017e se snadnou obsluhou.<\/p>\n<\/li>\n<li data-start=\"3309\" data-end=\"3370\">\n<p data-start=\"3311\" data-end=\"3370\">Pro prav\u00e1ky i lev\u00e1ky d\u00edky oboustrann\u00e9mu klipu a pojistce.<\/p>\n<\/li>\n<li data-start=\"3371\" data-end=\"3423\">\n<p data-start=\"3373\" data-end=\"3423\">Pro fanou\u0161ky kvalitn\u00edch zav\u00edr\u00e1k\u016f vyroben\u00fdch v USA.<\/p>\n<\/li>\n<\/ul>\n<hr data-start=\"3425\" data-end=\"3428\" \/>\n<h3 data-start=\"3430\" data-end=\"3457\"><strong data-start=\"3434\" data-end=\"3457\">Z\u00e1v\u011bre\u010dn\u00e9 hodnocen\u00ed<\/strong><\/h3>\n<p data-start=\"3459\" data-end=\"3738\"><strong data-start=\"3459\" data-end=\"3490\">CobraTec EDC Scout Bar Lock<\/strong> je vyv\u00e1\u017een\u00fd, spolehliv\u00fd a praktick\u00fd n\u016f\u017e, kter\u00fd vynik\u00e1 svou jednoduchost\u00ed a \u00fa\u010delnost\u00ed. Nab\u00edz\u00ed rychlou manipulaci, kvalitn\u00ed materi\u00e1ly a precizn\u00ed americk\u00e9 zpracov\u00e1n\u00ed. Pokud hled\u00e1\u0161 EDC n\u016f\u017e bez kompromis\u016f a s do\u017eivotn\u00ed z\u00e1rukou, Scout je skv\u011blou volbou.<\/p>\n","protected":false},"excerpt":{"rendered":"<p><strong>CobraTec EDC Scout Bar Lock je vyv\u00e1\u017een\u00fd, spolehliv\u00fd a praktick\u00fd n\u016f\u017e, kter\u00fd vynik\u00e1 svou jednoduchost\u00ed a \u00fa\u010delnost\u00ed. Nab\u00edz\u00ed rychlou manipulaci, kvalitn\u00ed materi\u00e1ly a precizn\u00ed americk\u00e9 zpracov\u00e1n\u00ed. <\/strong><\/p>\n<p><strong>Doprava zdarma.<\/strong><\/p>\n","protected":false},"featured_media":421856,"comment_status":"open","ping_status":"closed","template":"","meta":[],"pwb-brand":[3241],"product_brand":[],"product_cat":[17,22],"product_tag":[],"class_list":{"0":"post-421855","1":"product","2":"type-product","3":"status-publish","4":"has-post-thumbnail","6":"pwb-brand-cobratec-2","7":"product_cat-noze","8":"product_cat-zaviraci-noze","10":"first","11":"instock","12":"taxable","13":"shipping-taxable","14":"purchasable","15":"product-type-simple"},"brands":[{"id":3241,"name":"CobraTec","slug":"cobratec-2"}],"_links":{"self":[{"href":"https:\/\/www.moskito.cz\/it\/wp-json\/wp\/v2\/product\/421855","targetHints":{"allow":["GET"]}}],"collection":[{"href":"https:\/\/www.moskito.cz\/it\/wp-json\/wp\/v2\/product"}],"about":[{"href":"https:\/\/www.moskito.cz\/it\/wp-json\/wp\/v2\/types\/product"}],"replies":[{"embeddable":true,"href":"https:\/\/www.moskito.cz\/it\/wp-json\/wp\/v2\/comments?post=421855"}],"wp:featuredmedia":[{"embeddable":true,"href":"https:\/\/www.moskito.cz\/it\/wp-json\/wp\/v2\/media\/421856"}],"wp:attachment":[{"href":"https:\/\/www.moskito.cz\/it\/wp-json\/wp\/v2\/media?parent=421855"}],"wp:term":[{"taxonomy":"pwb-brand","embeddable":true,"href":"https:\/\/www.moskito.cz\/it\/wp-json\/wp\/v2\/pwb-brand?post=421855"},{"taxonomy":"product_brand","embeddable":true,"href":"https:\/\/www.moskito.cz\/it\/wp-json\/wp\/v2\/product_brand?post=421855"},{"taxonomy":"product_cat","embeddable":true,"href":"https:\/\/www.moskito.cz\/it\/wp-json\/wp\/v2\/product_cat?post=421855"},{"taxonomy":"product_tag","embeddable":true,"href":"https:\/\/www.moskito.cz\/it\/wp-json\/wp\/v2\/product_tag?post=421855"}],"curies":[{"name":"wp","href":"https:\/\/api.w.org\/{rel}","templated":true}]}}