{"id":423358,"date":"2025-09-14T13:41:14","date_gmt":"2025-09-14T12:41:14","guid":{"rendered":"https:\/\/www.moskito.cz\/?post_type=product&#038;p=423358"},"modified":"2025-09-14T13:41:15","modified_gmt":"2025-09-14T12:41:15","slug":"multitool-leatherman-signal-mesa-verde-833321","status":"publish","type":"product","link":"https:\/\/www.moskito.cz\/it\/produkt\/multitool-leatherman-signal-mesa-verde-833321\/","title":{"rendered":"Multitool Leatherman Signal Mesa Verde 833321"},"content":{"rendered":"<p data-start=\"160\" data-end=\"631\">Kdy\u017e vezme\u0161 do ruky <strong data-start=\"180\" data-end=\"219\">Leatherman Signal Mesa Verde 833321<\/strong>, hned pozn\u00e1\u0161, \u017ee jde o n\u00e1stroj, kter\u00fd byl stvo\u0159en pro dobrodruhy. Spojuje 19 funkc\u00ed v kompaktn\u00edm t\u011ble a nav\u00edc p\u0159id\u00e1v\u00e1 survival prvky, kter\u00e9 ocen\u00ed\u0161 v p\u0159\u00edrod\u011b \u2013 k\u0159esadlo pro rozd\u011bl\u00e1n\u00ed ohn\u011b, nouzovou p\u00ed\u0161\u0165alku nebo diamantov\u00fd brousek pro udr\u017een\u00ed \u010depele. Varianta Mesa Verde zaujme nejen svou odolnost\u00ed, ale i v\u00fdraznou barevnou \u00fapravou Cerakote, kter\u00e1 multitool chr\u00e1n\u00ed p\u0159ed opot\u0159eben\u00edm a dod\u00e1v\u00e1 mu unik\u00e1tn\u00ed vzhled.<\/p>\n<hr data-start=\"633\" data-end=\"636\" \/>\n<p data-start=\"638\" data-end=\"706\">\ud83d\udd27 <strong data-start=\"641\" data-end=\"704\">Technick\u00e9 specifikace (Leatherman Signal Mesa Verde 833321)<\/strong><\/p>\n<ul data-start=\"708\" data-end=\"1153\">\n<li data-start=\"708\" data-end=\"730\">\n<p data-start=\"710\" data-end=\"730\">Po\u010det n\u00e1stroj\u016f: 19<\/p>\n<\/li>\n<li data-start=\"731\" data-end=\"752\">\n<p data-start=\"733\" data-end=\"752\">Hmotnost: 212,6 g<\/p>\n<\/li>\n<li data-start=\"753\" data-end=\"790\">\n<p data-start=\"755\" data-end=\"790\">D\u00e9lka zav\u0159en\u00e9ho n\u00e1stroje: 11,4 cm<\/p>\n<\/li>\n<li data-start=\"791\" data-end=\"829\">\n<p data-start=\"793\" data-end=\"829\">D\u00e9lka otev\u0159en\u00e9ho n\u00e1stroje: 17,1 cm<\/p>\n<\/li>\n<li data-start=\"830\" data-end=\"847\">\n<p data-start=\"832\" data-end=\"847\">\u0160\u00ed\u0159ka: 3,8 cm<\/p>\n<\/li>\n<li data-start=\"848\" data-end=\"868\">\n<p data-start=\"850\" data-end=\"868\">Tlou\u0161\u0165ka: 1,6 cm<\/p>\n<\/li>\n<li data-start=\"869\" data-end=\"900\">\n<p data-start=\"871\" data-end=\"900\">D\u00e9lka hlavn\u00ed \u010depele: 6,9 cm<\/p>\n<\/li>\n<li data-start=\"901\" data-end=\"941\">\n<p data-start=\"903\" data-end=\"941\">Materi\u00e1l \u010depele: 420HC nerezov\u00e1 ocel<\/p>\n<\/li>\n<li data-start=\"942\" data-end=\"971\">\n<p data-start=\"944\" data-end=\"971\">Tvrdost \u010depele: 55\u201359 HRC<\/p>\n<\/li>\n<li data-start=\"972\" data-end=\"1029\">\n<p data-start=\"974\" data-end=\"1029\">Materi\u00e1l konstrukce: nerezov\u00e1 ocel s Cerakote \u00fapravou<\/p>\n<\/li>\n<li data-start=\"1030\" data-end=\"1056\">\n<p data-start=\"1032\" data-end=\"1056\">Zamyk\u00e1n\u00ed n\u00e1stroj\u016f: ano<\/p>\n<\/li>\n<li data-start=\"1057\" data-end=\"1131\">\n<p data-start=\"1059\" data-end=\"1131\">Speci\u00e1ln\u00ed v\u00fdbava: k\u0159esadlo, nouzov\u00e1 p\u00ed\u0161\u0165alka, diamantov\u00fd brousek, bity<\/p>\n<\/li>\n<li data-start=\"1132\" data-end=\"1153\">\n<p data-start=\"1134\" data-end=\"1153\">Pouzdro: nylonov\u00e9<\/p>\n<\/li>\n<\/ul>\n<hr data-start=\"1155\" data-end=\"1158\" \/>\n<p data-start=\"1160\" data-end=\"1181\">\u2705 <strong data-start=\"1162\" data-end=\"1179\">Hlavn\u00ed v\u00fdhody<\/strong><\/p>\n<ul data-start=\"1183\" data-end=\"1562\">\n<li data-start=\"1183\" data-end=\"1264\">\n<p data-start=\"1185\" data-end=\"1264\">19 praktick\u00fdch n\u00e1stroj\u016f v jednom \u2013 od kle\u0161t\u00ed a pily po otv\u00edr\u00e1ky a \u0161roubov\u00e1ky.<\/p>\n<\/li>\n<li data-start=\"1265\" data-end=\"1347\">\n<p data-start=\"1267\" data-end=\"1347\">Survival prvky \u2013 k\u0159esadlo, nouzov\u00e1 p\u00ed\u0161\u0165alka a brousek p\u0159\u00edmo v t\u011ble multitoolu.<\/p>\n<\/li>\n<li data-start=\"1348\" data-end=\"1408\">\n<p data-start=\"1350\" data-end=\"1408\">Odoln\u00e1 povrchov\u00e1 \u00faprava Cerakote v proveden\u00ed Mesa Verde.<\/p>\n<\/li>\n<li data-start=\"1409\" data-end=\"1478\">\n<p data-start=\"1411\" data-end=\"1478\">Hlavn\u00ed \u010depel z 420HC oceli \u2013 snadno se brous\u00ed a dob\u0159e dr\u017e\u00ed ost\u0159\u00ed.<\/p>\n<\/li>\n<li data-start=\"1479\" data-end=\"1521\">\n<p data-start=\"1481\" data-end=\"1521\">Zamyk\u00e1n\u00ed n\u00e1stroj\u016f pro bezpe\u010dnou pr\u00e1ci.<\/p>\n<\/li>\n<li data-start=\"1522\" data-end=\"1562\">\n<p data-start=\"1524\" data-end=\"1562\">Praktick\u00e9 nylonov\u00e9 pouzdro v balen\u00ed.<\/p>\n<\/li>\n<\/ul>\n<hr data-start=\"1564\" data-end=\"1567\" \/>\n<p data-start=\"1569\" data-end=\"1591\">\u26a0\ufe0f <strong data-start=\"1572\" data-end=\"1589\">Mo\u017en\u00e1 omezen\u00ed<\/strong><\/p>\n<ul data-start=\"1593\" data-end=\"1890\">\n<li data-start=\"1593\" data-end=\"1664\">\n<p data-start=\"1595\" data-end=\"1664\">Vy\u0161\u0161\u00ed hmotnost (p\u0159es 200 g) \u2013 nen\u00ed to minimalistick\u00fd EDC multitool.<\/p>\n<\/li>\n<li data-start=\"1665\" data-end=\"1742\">\n<p data-start=\"1667\" data-end=\"1742\">Kombinovan\u00e1 \u010depel je univerz\u00e1ln\u00ed, ale zubatou \u010d\u00e1st je obt\u00ed\u017en\u011bj\u0161\u00ed brousit.<\/p>\n<\/li>\n<li data-start=\"1743\" data-end=\"1821\">\n<p data-start=\"1745\" data-end=\"1821\">Kladivo a pilka zvl\u00e1dnou men\u0161\u00ed \u00fakoly, ale nenahrad\u00ed plnohodnotn\u00e9 n\u00e1stroje.<\/p>\n<\/li>\n<li data-start=\"1822\" data-end=\"1890\">\n<p data-start=\"1824\" data-end=\"1890\">Robustn\u00ed rozm\u011bry \u2013 p\u0159i ka\u017edodenn\u00edm no\u0161en\u00ed m\u016f\u017ee b\u00fdt v kapse zn\u00e1t.<\/p>\n<\/li>\n<\/ul>\n<hr data-start=\"1892\" data-end=\"1895\" \/>\n<p data-start=\"1897\" data-end=\"1920\">\ud83d\udee0\ufe0f <strong data-start=\"1901\" data-end=\"1918\">\u00dadr\u017eba a p\u00e9\u010de<\/strong><\/p>\n<ul data-start=\"1922\" data-end=\"2283\">\n<li data-start=\"1922\" data-end=\"1995\">\n<p data-start=\"1924\" data-end=\"1995\">Po pou\u017eit\u00ed multitool v\u017edy o\u010disti, vysu\u0161 a ob\u010das proma\u017e klouby olejem.<\/p>\n<\/li>\n<li data-start=\"1996\" data-end=\"2058\">\n<p data-start=\"1998\" data-end=\"2058\">Povrchovou \u00fapravu chra\u0148 p\u0159ed siln\u00fdm od\u011brem a chemik\u00e1liemi.<\/p>\n<\/li>\n<li data-start=\"2059\" data-end=\"2283\">\n<p data-start=\"2061\" data-end=\"2283\">Pro udr\u017een\u00ed ost\u0159\u00ed doporu\u010dujeme <a class=\"decorated-link cursor-pointer\" target=\"_new\" rel=\"noopener\" data-start=\"2092\" data-end=\"2181\">Spyderco Tri-Angle Sharpmaker Complete Sharpening System 204MF<\/a><\/p>\n<\/li>\n<li data-start=\"2059\" data-end=\"2283\">\n<p data-start=\"2290\" data-end=\"2313\">\ud83c\udfaf <strong data-start=\"2293\" data-end=\"2311\">Doporu\u010deno pro<\/strong><\/p>\n<ul data-start=\"2315\" data-end=\"2561\">\n<li data-start=\"2315\" data-end=\"2354\">\n<p data-start=\"2317\" data-end=\"2354\">Outdoorov\u00e9 nad\u0161ence a bushcraftery.<\/p>\n<\/li>\n<li data-start=\"2355\" data-end=\"2406\">\n<p data-start=\"2357\" data-end=\"2406\">Kempov\u00e1n\u00ed, turistiku a v\u00fdpravy mimo civilizaci.<\/p>\n<\/li>\n<li data-start=\"2407\" data-end=\"2479\">\n<p data-start=\"2409\" data-end=\"2479\">Nouzov\u00e9 situace \u2013 kdy\u017e pot\u0159ebuje\u0161 k\u0159esadlo, p\u00ed\u0161\u0165alku i n\u016f\u017e v jednom.<\/p>\n<\/li>\n<li data-start=\"2480\" data-end=\"2561\">\n<p data-start=\"2482\" data-end=\"2561\">Ty, kte\u0159\u00ed cht\u011bj\u00ed multitool s v\u00fdrazn\u00fdm designem a povrchovou \u00fapravou Cerakote.<\/p>\n<\/li>\n<\/ul>\n<hr data-start=\"2563\" data-end=\"2566\" \/>\n<p data-start=\"2568\" data-end=\"2595\">\u2b50 <strong data-start=\"2570\" data-end=\"2593\">Z\u00e1v\u011bre\u010dn\u00e9 hodnocen\u00ed<\/strong><\/p>\n<p data-start=\"2597\" data-end=\"2948\">Leatherman Signal Mesa Verde 833321 je robustn\u00ed survival multitool, kter\u00fd ti nab\u00eddne nejen klasick\u00e9 funkce, ale i prvky, je\u017e mohou zachr\u00e1nit situaci v p\u0159\u00edrod\u011b. D\u00edky povrchov\u00e9 \u00faprav\u011b Cerakote je je\u0161t\u011b odoln\u011bj\u0161\u00ed a z\u00e1rove\u0148 v\u00fdrazn\u00fd na pohled. Pokud hled\u00e1\u0161 n\u00e1stroj, kter\u00fd kombinuje v\u0161estrannost, spolehlivost a outdoorov\u00fd styl, Mesa Verde je jasn\u00e1 volba.<\/p>\n<\/li>\n<\/ul>\n","protected":false},"excerpt":{"rendered":"<p><strong>Leatherman Signal Mesa Verde 833321 je robustn\u00ed survival multitool, kter\u00fd ti nab\u00eddne nejen klasick\u00e9 funkce, ale i prvky, je\u017e mohou zachr\u00e1nit situaci v p\u0159\u00edrod\u011b. <\/strong><\/p>\n<p><strong>Doprava zdarma.<\/strong><\/p>\n","protected":false},"featured_media":423359,"comment_status":"open","ping_status":"closed","template":"","meta":[],"pwb-brand":[404],"product_brand":[],"product_cat":[50],"product_tag":[],"class_list":{"0":"post-423358","1":"product","2":"type-product","3":"status-publish","4":"has-post-thumbnail","6":"pwb-brand-leatherman","7":"product_cat-multi-tool","9":"first","10":"instock","11":"taxable","12":"shipping-taxable","13":"purchasable","14":"product-type-simple"},"brands":[{"id":404,"name":"Leatherman","slug":"leatherman"}],"_links":{"self":[{"href":"https:\/\/www.moskito.cz\/it\/wp-json\/wp\/v2\/product\/423358","targetHints":{"allow":["GET"]}}],"collection":[{"href":"https:\/\/www.moskito.cz\/it\/wp-json\/wp\/v2\/product"}],"about":[{"href":"https:\/\/www.moskito.cz\/it\/wp-json\/wp\/v2\/types\/product"}],"replies":[{"embeddable":true,"href":"https:\/\/www.moskito.cz\/it\/wp-json\/wp\/v2\/comments?post=423358"}],"wp:featuredmedia":[{"embeddable":true,"href":"https:\/\/www.moskito.cz\/it\/wp-json\/wp\/v2\/media\/423359"}],"wp:attachment":[{"href":"https:\/\/www.moskito.cz\/it\/wp-json\/wp\/v2\/media?parent=423358"}],"wp:term":[{"taxonomy":"pwb-brand","embeddable":true,"href":"https:\/\/www.moskito.cz\/it\/wp-json\/wp\/v2\/pwb-brand?post=423358"},{"taxonomy":"product_brand","embeddable":true,"href":"https:\/\/www.moskito.cz\/it\/wp-json\/wp\/v2\/product_brand?post=423358"},{"taxonomy":"product_cat","embeddable":true,"href":"https:\/\/www.moskito.cz\/it\/wp-json\/wp\/v2\/product_cat?post=423358"},{"taxonomy":"product_tag","embeddable":true,"href":"https:\/\/www.moskito.cz\/it\/wp-json\/wp\/v2\/product_tag?post=423358"}],"curies":[{"name":"wp","href":"https:\/\/api.w.org\/{rel}","templated":true}]}}