{"id":423719,"date":"2025-09-15T16:02:08","date_gmt":"2025-09-15T15:02:08","guid":{"rendered":"https:\/\/www.moskito.cz\/?post_type=product&#038;p=423719"},"modified":"2025-09-15T16:02:47","modified_gmt":"2025-09-15T15:02:47","slug":"zaviraci-nuz-medford-genesis-t-mk029stt-01tm-tscs-bn","status":"publish","type":"product","link":"https:\/\/www.moskito.cz\/it\/produkt\/zaviraci-nuz-medford-genesis-t-mk029stt-01tm-tscs-bn\/","title":{"rendered":"Zav\u00edrac\u00ed N\u016f\u017e Medford Genesis T MK029STT-01TM-TSCS-BN"},"content":{"rendered":"<h1 data-start=\"139\" data-end=\"193\">Zav\u00edrac\u00ed n\u016f\u017e Medford Genesis T MK029STT\u201101TM\u2011TSCS\u2011BN<\/h1>\n<p data-start=\"195\" data-end=\"527\">Kdy\u017e vezme\u0161 do ruky <strong data-start=\"215\" data-end=\"236\">Medford Genesis T<\/strong>, hned pozn\u00e1\u0161, \u017ee to nen\u00ed jen b\u011b\u017en\u00fd zav\u00edrac\u00ed n\u016f\u017e. Je to n\u00e1stroj, kter\u00fd kombinuje robustnost, precizn\u00ed \u0159emeslnou pr\u00e1ci a stylov\u00fd design v jednom. Genesis T je ur\u010den pro ty, kdo cht\u011bj\u00ed spolehliv\u00e9ho spole\u010dn\u00edka, schopn\u00e9ho zvl\u00e1dnout n\u00e1ro\u010dn\u00e9 situace, a z\u00e1rove\u0148 hledaj\u00ed n\u016f\u017e s estetickou hodnotou.<\/p>\n<p data-start=\"529\" data-end=\"958\">Titanov\u00e1 rukoje\u0165 s multi\u2011etch \u00fapravou a \u010depel z pr\u00e9miov\u00e9 nerezov\u00e9 oceli S35VN vytv\u00e1\u0159\u00ed kombinaci odolnosti, s\u00edly a luxusn\u00edho vzhledu. Tvar \u010depele Tanto dod\u00e1v\u00e1 jistotu p\u0159i pr\u016frazn\u00fdch \u00fakonech a precizn\u00edch \u0159ezech, zat\u00edmco robustn\u00ed frame\u2011lock zaji\u0161\u0165uje stabilitu a bezpe\u010dnost i p\u0159i intenzivn\u00edm pou\u017e\u00edv\u00e1n\u00ed. Genesis T je tak ide\u00e1ln\u00ed kompromis mezi siln\u00fdm, taktick\u00fdm n\u00e1strojem a praktick\u00fdm zav\u00edrac\u00edm no\u017eem vhodn\u00fdm pro ka\u017edodenn\u00ed no\u0161en\u00ed.<\/p>\n<hr data-start=\"960\" data-end=\"963\" \/>\n<h2 data-start=\"965\" data-end=\"992\">\ud83d\udd27 Technick\u00e9 specifikace<\/h2>\n<ul data-start=\"994\" data-end=\"1554\">\n<li data-start=\"994\" data-end=\"1035\">\n<p data-start=\"996\" data-end=\"1035\"><strong data-start=\"996\" data-end=\"1025\">Celkov\u00e1 d\u00e9lka (otev\u0159en\u00fd):<\/strong> 19,1 cm<\/p>\n<\/li>\n<li data-start=\"1036\" data-end=\"1064\">\n<p data-start=\"1038\" data-end=\"1064\"><strong data-start=\"1038\" data-end=\"1055\">D\u00e9lka \u010depele:<\/strong> 8,4 cm<\/p>\n<\/li>\n<li data-start=\"1065\" data-end=\"1096\">\n<p data-start=\"1067\" data-end=\"1096\"><strong data-start=\"1067\" data-end=\"1087\">Tlou\u0161\u0165ka \u010depele:<\/strong> 4,8 mm<\/p>\n<\/li>\n<li data-start=\"1097\" data-end=\"1132\">\n<p data-start=\"1099\" data-end=\"1132\"><strong data-start=\"1099\" data-end=\"1124\">D\u00e9lka zav\u0159en\u00e9ho no\u017ee:<\/strong> 11 cm<\/p>\n<\/li>\n<li data-start=\"1133\" data-end=\"1156\">\n<p data-start=\"1135\" data-end=\"1156\"><strong data-start=\"1135\" data-end=\"1144\">V\u00e1ha:<\/strong> cca 210 g<\/p>\n<\/li>\n<li data-start=\"1157\" data-end=\"1263\">\n<p data-start=\"1159\" data-end=\"1263\"><strong data-start=\"1159\" data-end=\"1179\">Materi\u00e1l \u010depele:<\/strong> nerezov\u00e1 ocel S35VN \u2013 vysok\u00e1 tvrdost, odolnost proti korozi a dlouh\u00e9 dr\u017een\u00ed ost\u0159\u00ed<\/p>\n<\/li>\n<li data-start=\"1264\" data-end=\"1333\">\n<p data-start=\"1266\" data-end=\"1333\"><strong data-start=\"1266\" data-end=\"1282\">Tvar \u010depele:<\/strong> Tanto \u2013 pevn\u00e1 \u0161pi\u010dka pro pr\u016frazn\u00e9 a p\u0159esn\u00e9 \u00fakony<\/p>\n<\/li>\n<li data-start=\"1334\" data-end=\"1422\">\n<p data-start=\"1336\" data-end=\"1422\"><strong data-start=\"1336\" data-end=\"1358\">Materi\u00e1l rukojeti:<\/strong> titan s multi\u2011etch \u00fapravou \u2013 odoln\u00fd, pevn\u00fd a vizu\u00e1ln\u011b v\u00fdrazn\u00fd<\/p>\n<\/li>\n<li data-start=\"1423\" data-end=\"1484\">\n<p data-start=\"1425\" data-end=\"1484\"><strong data-start=\"1425\" data-end=\"1435\">Z\u00e1mek:<\/strong> frame\u2011lock \u2013 spolehliv\u00fd a bezpe\u010dn\u00fd mechanismus<\/p>\n<\/li>\n<li data-start=\"1485\" data-end=\"1554\">\n<p data-start=\"1487\" data-end=\"1554\"><strong data-start=\"1487\" data-end=\"1503\">Dal\u0161\u00ed prvky:<\/strong> odlamovac\u00ed konec (breaker) \u2013 pro nouzov\u00e9 situace<\/p>\n<\/li>\n<\/ul>\n<hr data-start=\"1556\" data-end=\"1559\" \/>\n<h2 data-start=\"1561\" data-end=\"1579\">\u2705 Hlavn\u00ed v\u00fdhody<\/h2>\n<ul data-start=\"1581\" data-end=\"1936\">\n<li data-start=\"1581\" data-end=\"1634\">\n<p data-start=\"1583\" data-end=\"1634\">Kombinace robustn\u00edho v\u00fdkonu a elegantn\u00edho designu<\/p>\n<\/li>\n<li data-start=\"1635\" data-end=\"1703\">\n<p data-start=\"1637\" data-end=\"1703\">Pr\u00e9miov\u00e1 ocel S35VN \u2013 dlouh\u00e9 dr\u017een\u00ed ost\u0159\u00ed a odolnost v\u016f\u010di korozi<\/p>\n<\/li>\n<li data-start=\"1704\" data-end=\"1754\">\n<p data-start=\"1706\" data-end=\"1754\">Tanto tvar \u010depele \u2013 pro p\u0159esn\u00e9 a pr\u016frazn\u00e9 \u0159ezy<\/p>\n<\/li>\n<li data-start=\"1755\" data-end=\"1807\">\n<p data-start=\"1757\" data-end=\"1807\">Titanov\u00e1 rukoje\u0165 \u2013 pevn\u00e1 a odoln\u00e1, z\u00e1rove\u0148 lehk\u00e1<\/p>\n<\/li>\n<li data-start=\"1808\" data-end=\"1866\">\n<p data-start=\"1810\" data-end=\"1866\">Frame\u2011lock z\u00e1mek \u2013 spolehlivost i p\u0159i n\u00e1ro\u010dn\u00e9m pou\u017eit\u00ed<\/p>\n<\/li>\n<li data-start=\"1867\" data-end=\"1936\">\n<p data-start=\"1869\" data-end=\"1936\">Precizn\u00ed zpracov\u00e1n\u00ed detail\u016f \u2013 \u0161rouby, povrchov\u00e1 \u00faprava a hardware<\/p>\n<\/li>\n<\/ul>\n<hr data-start=\"1938\" data-end=\"1941\" \/>\n<h2 data-start=\"1943\" data-end=\"1962\">\u26a0\ufe0f Mo\u017en\u00e1 omezen\u00ed<\/h2>\n<ul data-start=\"1964\" data-end=\"2178\">\n<li data-start=\"1964\" data-end=\"2035\">\n<p data-start=\"1966\" data-end=\"2035\">Velikost a v\u00e1ha \u2013 m\u016f\u017ee b\u00fdt m\u00e9n\u011b vhodn\u00fd pro nen\u00e1padn\u00e9 no\u0161en\u00ed v kapse<\/p>\n<\/li>\n<li data-start=\"2036\" data-end=\"2091\">\n<p data-start=\"2038\" data-end=\"2091\">Vy\u0161\u0161\u00ed cena \u2013 odpov\u00edd\u00e1 pr\u00e9miov\u00fdm materi\u00e1l\u016fm a zna\u010dce<\/p>\n<\/li>\n<li data-start=\"2092\" data-end=\"2178\">\n<p data-start=\"2094\" data-end=\"2178\">Povrch titanov\u00e9 rukojeti a multi\u2011etch \u00faprava m\u016f\u017ee \u010dasem vykazovat zn\u00e1mky pou\u017e\u00edv\u00e1n\u00ed<\/p>\n<\/li>\n<\/ul>\n<hr data-start=\"2180\" data-end=\"2183\" \/>\n<h2 data-start=\"2185\" data-end=\"2205\">\ud83d\udee0\ufe0f \u00dadr\u017eba a p\u00e9\u010de<\/h2>\n<ul data-start=\"2207\" data-end=\"2595\">\n<li data-start=\"2207\" data-end=\"2279\">\n<p data-start=\"2209\" data-end=\"2279\">Po pou\u017eit\u00ed \u010depel o\u010disti a osu\u0161te, aby se zabr\u00e1nilo vlhkosti a korozi<\/p>\n<\/li>\n<li data-start=\"2280\" data-end=\"2355\">\n<p data-start=\"2282\" data-end=\"2355\">Kloubov\u00e9 \u010d\u00e1sti pravideln\u011b proma\u017e vhodn\u00fdm olejem, aby chod z\u016fstal hladk\u00fd<\/p>\n<\/li>\n<li data-start=\"2356\" data-end=\"2420\">\n<p data-start=\"2358\" data-end=\"2420\">Povrch rukojeti chra\u0148 p\u0159ed ostr\u00fdmi n\u00e1razy a tvrd\u00fdmi p\u0159edm\u011bty<\/p>\n<\/li>\n<li data-start=\"2421\" data-end=\"2595\">\n<p data-start=\"2423\" data-end=\"2595\"><strong data-start=\"2423\" data-end=\"2593\">Pro udr\u017een\u00ed ost\u0159\u00ed doporu\u010dujeme Spyderco Tri-Angle Sharpmaker Complete Sharpening System 204MF \u2013 ide\u00e1ln\u00ed i pro hladk\u00e1 ost\u0159\u00ed. \ud83d\uded2 Koup\u00edte na na\u0161ich str\u00e1nk\u00e1ch Moskito.cz.<\/strong><\/p>\n<\/li>\n<\/ul>\n<hr data-start=\"2597\" data-end=\"2600\" \/>\n<h2 data-start=\"2602\" data-end=\"2622\">\ud83c\udfaf Doporu\u010deno pro<\/h2>\n<ul data-start=\"2624\" data-end=\"2992\">\n<li data-start=\"2624\" data-end=\"2709\">\n<p data-start=\"2626\" data-end=\"2709\">Outdoorov\u00e9 nad\u0161ence a dobrodruhy, kte\u0159\u00ed cht\u011bj\u00ed spolehliv\u00fd n\u016f\u017e pro n\u00e1ro\u010dn\u00e9 situace<\/p>\n<\/li>\n<li data-start=\"2710\" data-end=\"2770\">\n<p data-start=\"2712\" data-end=\"2770\">Fanou\u0161ky takticky orientovan\u00fdch no\u017e\u016f s v\u00fdrazn\u00fdm designem<\/p>\n<\/li>\n<li data-start=\"2771\" data-end=\"2851\">\n<p data-start=\"2773\" data-end=\"2851\">Profesion\u00e1ly a bezpe\u010dnostn\u00ed slo\u017eky, kde je pot\u0159eba odoln\u00fd a stabiln\u00ed n\u00e1stroj<\/p>\n<\/li>\n<li data-start=\"2852\" data-end=\"2913\">\n<p data-start=\"2854\" data-end=\"2913\">Sb\u011bratele, kte\u0159\u00ed ocen\u00ed ru\u010dn\u00ed v\u00fdrobu, materi\u00e1ly a estetiku<\/p>\n<\/li>\n<li data-start=\"2914\" data-end=\"2992\">\n<p data-start=\"2916\" data-end=\"2992\">U\u017eivatele, kte\u0159\u00ed cht\u011bj\u00ed n\u016f\u017e kombinuj\u00edc\u00ed prakti\u010dnost, s\u00edlu a vizu\u00e1ln\u00ed dopad<\/p>\n<\/li>\n<\/ul>\n<hr data-start=\"2994\" data-end=\"2997\" \/>\n<h2 data-start=\"2999\" data-end=\"3023\">\u2b50 Z\u00e1v\u011bre\u010dn\u00e9 hodnocen\u00ed<\/h2>\n<p data-start=\"3025\" data-end=\"3405\"><strong data-start=\"3025\" data-end=\"3068\">Medford Genesis T MK029STT\u201101TM\u2011TSCS\u2011BN<\/strong> je n\u016f\u017e, kter\u00fd nab\u00edz\u00ed robustn\u00ed v\u00fdkon, pr\u00e9miov\u00e9 materi\u00e1ly a v\u00fdrazn\u00fd design v jednom. Pokud hled\u00e1\u0161 spolehliv\u00fd zav\u00edrac\u00ed n\u016f\u017e, kter\u00fd obstoj\u00ed v extr\u00e9mn\u00edch podm\u00ednk\u00e1ch, a z\u00e1rove\u0148 nechce\u0161 jen oby\u010dejn\u00fd EDC, Genesis T ti poskytne jistotu, komfort a presti\u017e. Je to n\u00e1stroj pro ty, kdo cht\u011bj\u00ed n\u016f\u017e, kter\u00fd opravdu n\u011bco vydr\u017e\u00ed a z\u00e1rove\u0148 vypad\u00e1 skv\u011ble.<\/p>\n","protected":false},"excerpt":{"rendered":"<p><strong>Medford Genesis T MK029STT\u201101TM\u2011TSCS\u2011BN je n\u016f\u017e, kter\u00fd nab\u00edz\u00ed robustn\u00ed v\u00fdkon, pr\u00e9miov\u00e9 materi\u00e1ly a v\u00fdrazn\u00fd design v jednom. <\/strong><\/p>\n<p><strong>Doprava zdarma.<\/strong><\/p>\n","protected":false},"featured_media":423720,"comment_status":"open","ping_status":"closed","template":"","meta":[],"pwb-brand":[358],"product_brand":[],"product_cat":[22,17],"product_tag":[],"class_list":{"0":"post-423719","1":"product","2":"type-product","3":"status-publish","4":"has-post-thumbnail","6":"pwb-brand-medford","7":"product_cat-zaviraci-noze","8":"product_cat-noze","10":"first","11":"instock","12":"taxable","13":"shipping-taxable","14":"purchasable","15":"product-type-simple"},"brands":[{"id":358,"name":"Medford","slug":"medford"}],"_links":{"self":[{"href":"https:\/\/www.moskito.cz\/it\/wp-json\/wp\/v2\/product\/423719","targetHints":{"allow":["GET"]}}],"collection":[{"href":"https:\/\/www.moskito.cz\/it\/wp-json\/wp\/v2\/product"}],"about":[{"href":"https:\/\/www.moskito.cz\/it\/wp-json\/wp\/v2\/types\/product"}],"replies":[{"embeddable":true,"href":"https:\/\/www.moskito.cz\/it\/wp-json\/wp\/v2\/comments?post=423719"}],"wp:featuredmedia":[{"embeddable":true,"href":"https:\/\/www.moskito.cz\/it\/wp-json\/wp\/v2\/media\/423720"}],"wp:attachment":[{"href":"https:\/\/www.moskito.cz\/it\/wp-json\/wp\/v2\/media?parent=423719"}],"wp:term":[{"taxonomy":"pwb-brand","embeddable":true,"href":"https:\/\/www.moskito.cz\/it\/wp-json\/wp\/v2\/pwb-brand?post=423719"},{"taxonomy":"product_brand","embeddable":true,"href":"https:\/\/www.moskito.cz\/it\/wp-json\/wp\/v2\/product_brand?post=423719"},{"taxonomy":"product_cat","embeddable":true,"href":"https:\/\/www.moskito.cz\/it\/wp-json\/wp\/v2\/product_cat?post=423719"},{"taxonomy":"product_tag","embeddable":true,"href":"https:\/\/www.moskito.cz\/it\/wp-json\/wp\/v2\/product_tag?post=423719"}],"curies":[{"name":"wp","href":"https:\/\/api.w.org\/{rel}","templated":true}]}}