{"id":424660,"date":"2025-09-26T08:54:01","date_gmt":"2025-09-26T07:54:01","guid":{"rendered":"https:\/\/www.moskito.cz\/produkt\/coltello-pieghevole-benchmade-custom-barrage-cu580-ss-154cm\/"},"modified":"2025-09-26T09:03:08","modified_gmt":"2025-09-26T08:03:08","slug":"coltello-pieghevole-benchmade-custom-barrage-cu580-ss-154cm","status":"publish","type":"product","link":"https:\/\/www.moskito.cz\/it\/produkt\/coltello-pieghevole-benchmade-custom-barrage-cu580-ss-154cm\/","title":{"rendered":"Coltello pieghevole Benchmade Custom Barrage CU580-SS-154CM"},"content":{"rendered":"<h3 data-start=\"0\" data-end=\"45\">Benchmade Custom Barrage CU580-SS-154CM<\/h3>\n<h4 data-start=\"47\" data-end=\"78\">Introduzione storico-poetica<\/h4>\n<p data-start=\"79\" data-end=\"459\">Quando Benchmade present\u00f2 il Barrage, fece la storia come il primo coltello del marchio dotato di apertura assistita. Questa combinazione del sistema di chiusura AXIS\u00ae con meccanismo a molla fu rivoluzionaria: un coltello che si apriva in modo rapido e affidabile, ma al tempo stesso sicuro. Il leggendario designer Mel Pardue diede al Barrage una forma che si adattava perfettamente al palmo della mano, e Benchmade aggiunse la tecnologia che lo rese un pioniere.  <\/p>\n<p data-start=\"461\" data-end=\"900\"><strong data-start=\"467\" data-end=\"492\">L&#8217;edizione Custom CU580-SS-154CM<\/strong> prosegue questa tradizione, ma allo stesso tempo aggiunge personalit\u00e0 e stile. La lama in acciaio <strong data-start=\"571\" data-end=\"580\">154CM<\/strong> , un classico americano dell&#8217;acciaio inossidabile, offre un ottimo compromesso tra affilatura, durata e facilit\u00e0 di manutenzione. La finitura satinata ha un aspetto elegante, ma soprattutto garantisce una sezione trasversale liscia del materiale. L&#8217;impugnatura personalizzata (spesso in G-10 o micarta) conferisce al coltello un aspetto unico e una presa affidabile che non teme l&#8217;umidit\u00e0 o il lavoro prolungato.   <\/p>\n<p data-start=\"902\" data-end=\"1052\">Barrage non \u00e8 solo un compagno tattico: \u00e8 un coltello per chi desidera avere in tasca risposta rapida, ergonomia e qualit\u00e0 comprovate da anni di utilizzo.<\/p>\n<hr data-start=\"1054\" data-end=\"1057\">\n<h4 data-start=\"1059\" data-end=\"1090\">\ud83d\udd27 Specifiche tecniche<\/h4>\n<ul data-start=\"1091\" data-end=\"1542\">\n<li data-start=\"1091\" data-end=\"1133\">\n<p data-start=\"1093\" data-end=\"1133\"><strong data-start=\"1093\" data-end=\"1122\">Lunghezza totale (aperto):<\/strong> ~ 210 mm<\/p>\n<\/li>\n<li data-start=\"1134\" data-end=\"1163\">\n<p data-start=\"1136\" data-end=\"1163\"><strong data-start=\"1136\" data-end=\"1153\">Lunghezza lama:<\/strong> ~ 90 mm<\/p>\n<\/li>\n<li data-start=\"1164\" data-end=\"1197\">\n<p data-start=\"1166\" data-end=\"1197\"><strong data-start=\"1166\" data-end=\"1186\">Spessore della lama:<\/strong> ~ 3,2 mm<\/p>\n<\/li>\n<li data-start=\"1198\" data-end=\"1249\">\n<p data-start=\"1200\" data-end=\"1249\"><strong data-start=\"1200\" data-end=\"1220\">Materiale della lama:<\/strong> 154CM (acciaio inossidabile, USA)<\/p>\n<\/li>\n<li data-start=\"1250\" data-end=\"1288\">\n<p data-start=\"1252\" data-end=\"1288\"><strong data-start=\"1252\" data-end=\"1270\">Superficie della lama:<\/strong> finitura satinata<\/p>\n<\/li>\n<li data-start=\"1289\" data-end=\"1320\">\n<p data-start=\"1291\" data-end=\"1320\"><strong data-start=\"1291\" data-end=\"1307\">Forma della lama:<\/strong> Drop-Point<\/p>\n<\/li>\n<li data-start=\"1321\" data-end=\"1380\">\n<p data-start=\"1323\" data-end=\"1380\"><strong data-start=\"1323\" data-end=\"1345\">Materiale dell&#8217;impugnatura:<\/strong> variante personalizzata &#8211; G-10 \/ Micarta<\/p>\n<\/li>\n<li data-start=\"1381\" data-end=\"1438\">\n<p data-start=\"1383\" data-end=\"1438\"><strong data-start=\"1383\" data-end=\"1400\">Tipo di bloccaggio:<\/strong> AXIS\u00ae Assist (apertura assistita)<\/p>\n<\/li>\n<li data-start=\"1439\" data-end=\"1489\">\n<p data-start=\"1441\" data-end=\"1489\"><strong data-start=\"1441\" data-end=\"1458\">Clip da tasca:<\/strong> acciaio, bifacciale, ribaltabile<\/p>\n<\/li>\n<li data-start=\"1490\" data-end=\"1517\">\n<p data-start=\"1492\" data-end=\"1517\"><strong data-start=\"1492\" data-end=\"1505\">Peso:<\/strong> circa 130 g<\/p>\n<\/li>\n<li data-start=\"1518\" data-end=\"1542\">\n<p data-start=\"1520\" data-end=\"1542\"><strong data-start=\"1520\" data-end=\"1536\">Paese di produzione:<\/strong> USA<\/p>\n<\/li>\n<\/ul>\n<hr data-start=\"1544\" data-end=\"1547\">\n<h4 data-start=\"1549\" data-end=\"1564\">\u2705 Benefici<\/h4>\n<ul data-start=\"1565\" data-end=\"2020\">\n<li data-start=\"1565\" data-end=\"1621\">\n<p data-start=\"1567\" data-end=\"1621\">Apertura rapida assistita: sempre pronto all&#8217;uso.<\/p>\n<\/li>\n<li data-start=\"1622\" data-end=\"1729\">\n<p data-start=\"1624\" data-end=\"1729\">Acciaio 154CM: mantiene bene il filo, \u00e8 resistente alla corrosione ed \u00e8 pi\u00f9 facile da affilare rispetto agli acciai per utensili pi\u00f9 duri.<\/p>\n<\/li>\n<li data-start=\"1730\" data-end=\"1793\">\n<p data-start=\"1732\" data-end=\"1793\">Lama satinata: elegante, funzionale e antiriflesso.<\/p>\n<\/li>\n<li data-start=\"1794\" data-end=\"1875\">\n<p data-start=\"1796\" data-end=\"1875\">Maniglie personalizzate (G-10, Micarta): resistenti, durevoli, stabili in qualsiasi ambiente.<\/p>\n<\/li>\n<li data-start=\"1876\" data-end=\"1959\">\n<p data-start=\"1878\" data-end=\"1959\">AXIS\u00ae Lock: il leggendario meccanismo Benchmade, affidabile e facile da usare.<\/p>\n<\/li>\n<li data-start=\"1960\" data-end=\"2020\">\n<p data-start=\"1962\" data-end=\"2020\">Ergonomia Mel Pardue: presa comoda anche durante lavori prolungati.<\/p>\n<\/li>\n<\/ul>\n<hr data-start=\"2022\" data-end=\"2025\">\n<h4 data-start=\"2027\" data-end=\"2045\">\u26a0\ufe0f Svantaggi<\/h4>\n<ul data-start=\"2046\" data-end=\"2333\">\n<li data-start=\"2046\" data-end=\"2113\">\n<p data-start=\"2048\" data-end=\"2113\">Peso circa 130 g: tenendolo in tasca si capisce che non \u00e8 un EDC ultraleggero.<\/p>\n<\/li>\n<li data-start=\"2114\" data-end=\"2179\">\n<p data-start=\"2116\" data-end=\"2179\">Il meccanismo assistito richiede manutenzione e lubrificazione occasionali.<\/p>\n<\/li>\n<li data-start=\"2180\" data-end=\"2260\">\n<p data-start=\"2182\" data-end=\"2260\">L&#8217;opzione personalizzata comporta delle differenze nelle maniglie: non tutti si adatteranno allo stesso stile.<\/p>\n<\/li>\n<li data-start=\"2261\" data-end=\"2333\">\n<p data-start=\"2263\" data-end=\"2333\">L&#8217;acciaio 154CM, sebbene durevole, non \u00e8 oggi il top di gamma (S30V, 20CV).<\/p>\n<\/li>\n<\/ul>\n<hr data-start=\"2335\" data-end=\"2338\">\n<h4 data-start=\"2340\" data-end=\"2364\">\ud83d\udee0\ufe0f Manutenzione e cura<\/h4>\n<ul data-start=\"2365\" data-end=\"2688\">\n<li data-start=\"2365\" data-end=\"2462\">\n<p data-start=\"2367\" data-end=\"2462\">Dopo ogni utilizzo, pulire la lama con un panno asciutto, soprattutto dopo il contatto con umidit\u00e0 o cibo.<\/p>\n<\/li>\n<li data-start=\"2463\" data-end=\"2545\">\n<p data-start=\"2465\" data-end=\"2545\">Lubrificare occasionalmente il meccanismo AXIS\u00ae Assist con un olio leggero per garantirne il corretto funzionamento.<\/p>\n<\/li>\n<li data-start=\"2546\" data-end=\"2620\">\n<p data-start=\"2548\" data-end=\"2620\">Pulire l&#8217;impugnatura con una spazzola morbida per rimuovere lo sporco dalle scanalature.<\/p>\n<\/li>\n<li data-start=\"2621\" data-end=\"2688\">\n<p data-start=\"2623\" data-end=\"2688\">Affilare la lama con un sistema di qualit\u00e0, idealmente con bacchette in ceramica.<\/p>\n<\/li>\n<\/ul>\n<p data-start=\"2690\" data-end=\"2915\">\ud83d\udc49 Per mantenere il filo, consigliamo <a class=\"decorated-link cursor-pointer\" target=\"_new\" rel=\"noopener\" data-start=\"2724\" data-end=\"2813\">il sistema di affilatura completo Spyderco Tri-Angle Sharpmaker 204MF<\/a><\/p>\n<h4 data-start=\"2922\" data-end=\"2946\">\ud83c\udfaf Consigliato per<\/h4>\n<ul data-start=\"2947\" data-end=\"3213\">\n<li data-start=\"2947\" data-end=\"3006\">\n<p data-start=\"2949\" data-end=\"3006\">Appassionati di EDC che desiderano un dispositivo di avvicinamento veloce e affidabile.<\/p>\n<\/li>\n<li data-start=\"3007\" data-end=\"3068\">\n<p data-start=\"3009\" data-end=\"3068\">Per attivit\u00e0 all&#8217;aperto e trekking: un coltello che resiste anche a un uso pi\u00f9 rude.<\/p>\n<\/li>\n<li data-start=\"3069\" data-end=\"3151\">\n<p data-start=\"3071\" data-end=\"3151\">Professionisti che apprezzano la combinazione di accesso rapido e sicurezza di AXIS\u00ae Lock.<\/p>\n<\/li>\n<li data-start=\"3152\" data-end=\"3213\">\n<p data-start=\"3154\" data-end=\"3213\">Appassionati di Benchmade che desiderano l&#8217;edizione Custom originale.<\/p>\n<\/li>\n<\/ul>\n<hr data-start=\"3215\" data-end=\"3218\">\n<h4 data-start=\"3220\" data-end=\"3248\">\u2b50 Valutazione finale<\/h4>\n<p data-start=\"3249\" data-end=\"3723\"><strong data-start=\"3249\" data-end=\"3292\">Il Benchmade Custom Barrage CU580-SS-154CM<\/strong> \u00e8 un classico moderno con il valore aggiunto di un design Custom. L&#8217;acciaio 154CM offre l&#8217;equilibrio ideale tra durata e manutenzione, l&#8217;apertura assistita aggiunge dinamismo e l&#8217;ergonomia garantisce comfort a ogni presa. Non \u00e8 il coltello pi\u00f9 leggero o pi\u00f9 esotico, ma la sua affidabilit\u00e0 e qualit\u00e0 lo rendono un punto fermo EDC collaudato. Se cercate un coltello che combini tradizione, innovazione e stile Custom di Benchmade, il Barrage CU580 \u00e8 la scelta giusta.   <\/p>\n","protected":false},"excerpt":{"rendered":"<div class=\"elementor-element elementor-element-bbb542b elementor-widget elementor-widget-woocommerce-product-short-description\" data-id=\"bbb542b\" data-element_type=\"widget\" data-widget_type=\"woocommerce-product-short-description.default\">\n<div class=\"elementor-widget-container\">\n<div class=\"woocommerce-product-details__short-description\">\n<div class=\"elementor-element elementor-element-bbb542b elementor-widget elementor-widget-woocommerce-product-short-description\" data-id=\"bbb542b\" data-element_type=\"widget\" data-widget_type=\"woocommerce-product-short-description.default\">\n<div class=\"elementor-widget-container\">\n<div class=\"woocommerce-product-details__short-description\">\n<div class=\"elementor-element elementor-element-bbb542b elementor-widget elementor-widget-woocommerce-product-short-description\" data-id=\"bbb542b\" data-element_type=\"widget\" data-widget_type=\"woocommerce-product-short-description.default\">\n<div class=\"elementor-widget-container\">\n<div class=\"woocommerce-product-details__short-description\">\n<div class=\"elementor-element elementor-element-bbb542b elementor-widget elementor-widget-woocommerce-product-short-description\" data-id=\"bbb542b\" data-element_type=\"widget\" data-widget_type=\"woocommerce-product-short-description.default\">\n<div class=\"elementor-widget-container\">\n<div class=\"woocommerce-product-details__short-description\">\n<p><strong>Il Benchmade Custom Barrage CU580-SS-154CM \u00e8 un classico moderno con il valore aggiunto di un design personalizzato. L&#8217;acciaio 154CM offre l&#8217;equilibrio ideale tra durata e manutenzione, l&#8217;apertura assistita aggiunge dinamismo e l&#8217;ergonomia garantisce comfort a ogni presa. <\/strong><\/p>\n<p><strong>Spedizione gratuita.<\/strong><\/p>\n<\/div>\n<\/div>\n<\/div>\n<\/div>\n<\/div>\n<\/div>\n<\/div>\n<\/div>\n<\/div>\n<\/div>\n<\/div>\n<\/div>\n","protected":false},"featured_media":424640,"comment_status":"open","ping_status":"closed","template":"","meta":[],"pwb-brand":[3976],"product_brand":[],"product_cat":[3749,3745],"product_tag":[],"class_list":{"0":"post-424660","1":"product","2":"type-product","3":"status-publish","4":"has-post-thumbnail","6":"pwb-brand-fatto-in-banco","7":"product_cat-coltelli-di-chiusura","8":"product_cat-coltelli","10":"first","11":"instock","12":"taxable","13":"shipping-taxable","14":"purchasable","15":"product-type-simple"},"brands":[{"id":3976,"name":"Fatto in banco","slug":"fatto-in-banco"}],"_links":{"self":[{"href":"https:\/\/www.moskito.cz\/it\/wp-json\/wp\/v2\/product\/424660","targetHints":{"allow":["GET"]}}],"collection":[{"href":"https:\/\/www.moskito.cz\/it\/wp-json\/wp\/v2\/product"}],"about":[{"href":"https:\/\/www.moskito.cz\/it\/wp-json\/wp\/v2\/types\/product"}],"replies":[{"embeddable":true,"href":"https:\/\/www.moskito.cz\/it\/wp-json\/wp\/v2\/comments?post=424660"}],"wp:featuredmedia":[{"embeddable":true,"href":"https:\/\/www.moskito.cz\/it\/wp-json\/wp\/v2\/media\/424640"}],"wp:attachment":[{"href":"https:\/\/www.moskito.cz\/it\/wp-json\/wp\/v2\/media?parent=424660"}],"wp:term":[{"taxonomy":"pwb-brand","embeddable":true,"href":"https:\/\/www.moskito.cz\/it\/wp-json\/wp\/v2\/pwb-brand?post=424660"},{"taxonomy":"product_brand","embeddable":true,"href":"https:\/\/www.moskito.cz\/it\/wp-json\/wp\/v2\/product_brand?post=424660"},{"taxonomy":"product_cat","embeddable":true,"href":"https:\/\/www.moskito.cz\/it\/wp-json\/wp\/v2\/product_cat?post=424660"},{"taxonomy":"product_tag","embeddable":true,"href":"https:\/\/www.moskito.cz\/it\/wp-json\/wp\/v2\/product_tag?post=424660"}],"curies":[{"name":"wp","href":"https:\/\/api.w.org\/{rel}","templated":true}]}}