{"id":424815,"date":"2025-09-26T10:28:21","date_gmt":"2025-09-26T09:28:21","guid":{"rendered":"https:\/\/www.moskito.cz\/produkt\/coltello-pieghevole-benchmade-custom-mini-barrage-cu585-ss-154cm-2\/"},"modified":"2025-09-26T10:48:35","modified_gmt":"2025-09-26T09:48:35","slug":"coltello-pieghevole-benchmade-custom-mini-barrage-cu585-ss-154cm-2","status":"publish","type":"product","link":"https:\/\/www.moskito.cz\/it\/produkt\/coltello-pieghevole-benchmade-custom-mini-barrage-cu585-ss-154cm-2\/","title":{"rendered":"Coltello pieghevole Benchmade Custom Mini-Barrage CU585-SS-154CM"},"content":{"rendered":"<h3 data-start=\"0\" data-end=\"48\">Benchmade Custom Mini-Barrage CU585-SS-154CM<\/h3>\n<h4 data-start=\"50\" data-end=\"79\">Introduzione storico-poetica<\/h4>\n<p data-start=\"81\" data-end=\"425\">Quando Benchmade lanci\u00f2 per la prima volta il Barrage nel 2009, rivoluzion\u00f2 il design dei coltelli pieghevoli. Combinando il leggendario meccanismo <strong data-start=\"232\" data-end=\"246\">di blocco AXIS\u00ae<\/strong> con un&#8217;apertura assistita, offriva velocit\u00e0, affidabilit\u00e0 e sicurezza in un unico prodotto. Il designer <strong data-start=\"343\" data-end=\"361\">Warren Osborne<\/strong> cre\u00f2 un coltello che \u00e8 diventato sinonimo di strumenti EDC di qualit\u00e0.  <\/p>\n<p data-start=\"427\" data-end=\"817\">Il modello <strong data-start=\"433\" data-end=\"449\">Mini-Barrage<\/strong> ripropone una versione compatta di questo successo. Con una lama lunga 2,91 pollici (circa 74 mm), \u00e8 ideale per il trasporto quotidiano senza appesantire inutilmente il portafoglio. Il modello Custom Edition <strong data-start=\"619\" data-end=\"637\">CU585-SS-154CM<\/strong> eccelle non solo nelle prestazioni, ma anche nell&#8217;estetica: la lama in acciaio inossidabile 154CM con finitura satinata e l&#8217;impugnatura in G-10 o Micarta conferiscono al coltello un aspetto e una sensazione al tatto unici.  <\/p>\n<hr data-start=\"819\" data-end=\"822\">\n<h4 data-start=\"824\" data-end=\"853\">\ud83d\udd27 Specifiche tecniche<\/h4>\n<ul data-start=\"855\" data-end=\"1283\">\n<li data-start=\"855\" data-end=\"895\">\n<p data-start=\"857\" data-end=\"895\"><strong data-start=\"857\" data-end=\"886\">Lunghezza totale (aperto):<\/strong> ~ 175 mm<\/p>\n<\/li>\n<li data-start=\"896\" data-end=\"923\">\n<p data-start=\"898\" data-end=\"923\"><strong data-start=\"898\" data-end=\"915\">Lunghezza lama:<\/strong> ~ 74 mm<\/p>\n<\/li>\n<li data-start=\"924\" data-end=\"955\">\n<p data-start=\"926\" data-end=\"955\"><strong data-start=\"926\" data-end=\"946\">Spessore della lama:<\/strong> ~ 2,5 mm<\/p>\n<\/li>\n<li data-start=\"956\" data-end=\"1005\">\n<p data-start=\"958\" data-end=\"1005\"><strong data-start=\"958\" data-end=\"978\">Materiale della lama:<\/strong> 154CM (acciaio inossidabile, USA)<\/p>\n<\/li>\n<li data-start=\"1006\" data-end=\"1042\">\n<p data-start=\"1008\" data-end=\"1042\"><strong data-start=\"1008\" data-end=\"1026\">Superficie della lama:<\/strong> finitura satinata<\/p>\n<\/li>\n<li data-start=\"1043\" data-end=\"1072\">\n<p data-start=\"1045\" data-end=\"1072\"><strong data-start=\"1045\" data-end=\"1061\">Forma della lama:<\/strong> Drop-Point<\/p>\n<\/li>\n<li data-start=\"1073\" data-end=\"1130\">\n<p data-start=\"1075\" data-end=\"1130\"><strong data-start=\"1075\" data-end=\"1097\">Materiale dell&#8217;impugnatura:<\/strong> variante personalizzata &#8211; G-10 \/ Micarta<\/p>\n<\/li>\n<li data-start=\"1131\" data-end=\"1186\">\n<p data-start=\"1133\" data-end=\"1186\"><strong data-start=\"1133\" data-end=\"1150\">Tipo di bloccaggio:<\/strong> AXIS\u00ae Assist (apertura assistita)<\/p>\n<\/li>\n<li data-start=\"1187\" data-end=\"1235\">\n<p data-start=\"1189\" data-end=\"1235\"><strong data-start=\"1189\" data-end=\"1206\">Clip da tasca:<\/strong> acciaio, bifacciale, con punta rivolta verso l&#8217;alto<\/p>\n<\/li>\n<li data-start=\"1236\" data-end=\"1260\">\n<p data-start=\"1238\" data-end=\"1260\"><strong data-start=\"1238\" data-end=\"1251\">Peso:<\/strong> circa 85 g<\/p>\n<\/li>\n<li data-start=\"1261\" data-end=\"1283\">\n<p data-start=\"1263\" data-end=\"1283\"><strong data-start=\"1263\" data-end=\"1279\">Paese di produzione:<\/strong> USA<\/p>\n<\/li>\n<\/ul>\n<hr data-start=\"1285\" data-end=\"1288\">\n<h4 data-start=\"1290\" data-end=\"1303\">\u2705 Benefici<\/h4>\n<ul data-start=\"1305\" data-end=\"1744\">\n<li data-start=\"1305\" data-end=\"1384\">\n<p data-start=\"1307\" data-end=\"1384\"><strong data-start=\"1307\" data-end=\"1329\">Dimensioni compatte:<\/strong> ideali per l&#8217;uso quotidiano senza inutili ingombri.<\/p>\n<\/li>\n<li data-start=\"1385\" data-end=\"1469\">\n<p data-start=\"1387\" data-end=\"1469\"><strong data-start=\"1387\" data-end=\"1402\">Acciaio 154CM:<\/strong> buona resistenza alla corrosione, facile manutenzione ed eccellente tenuta del tagliente.<\/p>\n<\/li>\n<li data-start=\"1470\" data-end=\"1531\">\n<p data-start=\"1472\" data-end=\"1531\"><strong data-start=\"1472\" data-end=\"1491\">Lama satinata:<\/strong> aspetto elegante con riflessi minimi.<\/p>\n<\/li>\n<li data-start=\"1532\" data-end=\"1611\">\n<p data-start=\"1534\" data-end=\"1611\"><strong data-start=\"1534\" data-end=\"1553\">Manico personalizzato:<\/strong> possibilit\u00e0 di scelta tra G-10 e Micarta in base alle preferenze personali.<\/p>\n<\/li>\n<li data-start=\"1612\" data-end=\"1688\">\n<p data-start=\"1614\" data-end=\"1688\"><strong data-start=\"1614\" data-end=\"1629\">Serratura AXIS\u00ae:<\/strong> meccanismo affidabile e veloce per l&#8217;apertura su entrambi i lati.<\/p>\n<\/li>\n<li data-start=\"1689\" data-end=\"1744\">\n<p data-start=\"1691\" data-end=\"1744\"><strong data-start=\"1691\" data-end=\"1705\">Ergonomia:<\/strong> presa comoda anche durante l&#8217;uso prolungato.<\/p>\n<\/li>\n<\/ul>\n<hr data-start=\"1746\" data-end=\"1749\">\n<h4 data-start=\"1751\" data-end=\"1767\">\u26a0\ufe0f Svantaggi<\/h4>\n<ul data-start=\"1769\" data-end=\"2062\">\n<li data-start=\"1769\" data-end=\"1884\">\n<p data-start=\"1771\" data-end=\"1884\"><strong data-start=\"1771\" data-end=\"1784\">Peso:<\/strong> sebbene pi\u00f9 leggero del Barrage standard, potrebbe comunque essere considerato pi\u00f9 pesante per alcuni utenti.<\/p>\n<\/li>\n<li data-start=\"1885\" data-end=\"1992\">\n<p data-start=\"1887\" data-end=\"1992\"><strong data-start=\"1887\" data-end=\"1909\">Manutenzione del meccanismo:<\/strong> l&#8217;apertura assistita richiede una manutenzione e una lubrificazione regolari per un funzionamento ottimale.<\/p>\n<\/li>\n<li data-start=\"1993\" data-end=\"2062\">\n<p data-start=\"1995\" data-end=\"2062\"><strong data-start=\"1995\" data-end=\"2004\">Prezzo:<\/strong> le edizioni personalizzate potrebbero avere un prezzo pi\u00f9 alto rispetto ai modelli standard.<\/p>\n<\/li>\n<\/ul>\n<hr data-start=\"2064\" data-end=\"2067\">\n<h4 data-start=\"2069\" data-end=\"2091\">\ud83d\udee0\ufe0f Manutenzione e cura<\/h4>\n<ul data-start=\"2093\" data-end=\"2432\">\n<li data-start=\"2093\" data-end=\"2201\">\n<p data-start=\"2095\" data-end=\"2201\"><strong data-start=\"2095\" data-end=\"2107\">Pulizia:<\/strong> pulire la lama con un panno asciutto dopo ogni utilizzo, soprattutto dopo il contatto con umidit\u00e0 o cibo.<\/p>\n<\/li>\n<li data-start=\"2202\" data-end=\"2274\">\n<p data-start=\"2204\" data-end=\"2274\"><strong data-start=\"2204\" data-end=\"2220\">Meccanismo:<\/strong> lubrificare occasionalmente con un olio leggero per mantenerlo fluido.<\/p>\n<\/li>\n<li data-start=\"2275\" data-end=\"2352\">\n<p data-start=\"2277\" data-end=\"2352\"><strong data-start=\"2277\" data-end=\"2289\">Manico:<\/strong> pulire con una spazzola morbida per rimuovere lo sporco dalle scanalature.<\/p>\n<\/li>\n<li data-start=\"2353\" data-end=\"2432\">\n<p data-start=\"2355\" data-end=\"2432\"><strong data-start=\"2355\" data-end=\"2368\">Affilatura:<\/strong> affilare la lama con un sistema di qualit\u00e0, idealmente con barre in ceramica.<\/p>\n<\/li>\n<\/ul>\n<p data-start=\"2434\" data-end=\"2530\">\ud83d\udc49 Per mantenere il filo, consigliamo il sistema di affilatura completo Spyderco Tri-Angle Sharpmaker 204MF<\/p>\n<hr data-start=\"2532\" data-end=\"2535\">\n<h4 data-start=\"2537\" data-end=\"2559\">\ud83c\udfaf Consigliato per<\/h4>\n<ul data-start=\"2561\" data-end=\"2900\">\n<li data-start=\"2561\" data-end=\"2645\">\n<p data-start=\"2563\" data-end=\"2645\"><strong data-start=\"2563\" data-end=\"2580\">Appassionati di EDC:<\/strong> che cercano un coltello compatto ma potente per l&#8217;uso quotidiano.<\/p>\n<\/li>\n<li data-start=\"2646\" data-end=\"2731\">\n<p data-start=\"2648\" data-end=\"2731\"><strong data-start=\"2648\" data-end=\"2672\">Attivit\u00e0 all&#8217;aperto ed escursionismo:<\/strong> un coltello che resiste a un uso intenso e non occupa molto spazio.<\/p>\n<\/li>\n<li data-start=\"2732\" data-end=\"2816\">\n<p data-start=\"2734\" data-end=\"2816\"><strong data-start=\"2734\" data-end=\"2751\">Professionisti:<\/strong> che apprezzano la combinazione di accesso rapido e sicurezza di AXIS\u00ae Lock.<\/p>\n<\/li>\n<li data-start=\"2817\" data-end=\"2900\">\n<p data-start=\"2819\" data-end=\"2900\"><strong data-start=\"2819\" data-end=\"2842\">Fan di Benchmade:<\/strong> che desiderano un&#8217;edizione Custom originale con un look distintivo.<\/p>\n<\/li>\n<\/ul>\n<hr data-start=\"2902\" data-end=\"2905\">\n<h4 data-start=\"2907\" data-end=\"2933\">\u2b50 Valutazione finale<\/h4>\n<p data-start=\"2935\" data-end=\"3256\"><strong data-start=\"2935\" data-end=\"2983\">Il Benchmade Custom Mini-Barrage CU585-SS-154CM<\/strong> \u00e8 la scelta perfetta per chi cerca un coltello di qualit\u00e0 dalle dimensioni compatte e dalle prestazioni elevate. Combina la tradizione del marchio Benchmade, la tecnologia innovativa e l&#8217;estetica di un design personalizzato. Se cercate un coltello che non vi deluda in nessuna situazione, il Mini-Barrage \u00e8 la scelta giusta.  <\/p>\n","protected":false},"excerpt":{"rendered":"<div class=\"elementor-element elementor-element-bbb542b elementor-widget elementor-widget-woocommerce-product-short-description\" data-id=\"bbb542b\" data-element_type=\"widget\" data-widget_type=\"woocommerce-product-short-description.default\">\n<div class=\"elementor-widget-container\">\n<div class=\"woocommerce-product-details__short-description\">\n<p><strong>Il Benchmade Custom Mini-Barrage CU585-SS-154CM \u00e8 la scelta perfetta per chi cerca un coltello di qualit\u00e0 dalle dimensioni compatte e dalle prestazioni elevate. Combina la tradizione del marchio Benchmade, la tecnologia innovativa e l&#8217;estetica di un design personalizzato. Se cercate un coltello che non vi deluda in nessuna situazione, il Mini-Barrage \u00e8 la scelta giusta.  <\/strong><\/p>\n<p><strong>Spedizione gratuita.<\/strong><\/p>\n<\/div>\n<\/div>\n<\/div>\n","protected":false},"featured_media":424773,"comment_status":"open","ping_status":"closed","template":"","meta":[],"pwb-brand":[3976],"product_brand":[],"product_cat":[3749,3745],"product_tag":[],"class_list":{"0":"post-424815","1":"product","2":"type-product","3":"status-publish","4":"has-post-thumbnail","6":"pwb-brand-fatto-in-banco","7":"product_cat-coltelli-di-chiusura","8":"product_cat-coltelli","10":"first","11":"instock","12":"taxable","13":"shipping-taxable","14":"purchasable","15":"product-type-simple"},"brands":[{"id":3976,"name":"Fatto in banco","slug":"fatto-in-banco"}],"_links":{"self":[{"href":"https:\/\/www.moskito.cz\/it\/wp-json\/wp\/v2\/product\/424815","targetHints":{"allow":["GET"]}}],"collection":[{"href":"https:\/\/www.moskito.cz\/it\/wp-json\/wp\/v2\/product"}],"about":[{"href":"https:\/\/www.moskito.cz\/it\/wp-json\/wp\/v2\/types\/product"}],"replies":[{"embeddable":true,"href":"https:\/\/www.moskito.cz\/it\/wp-json\/wp\/v2\/comments?post=424815"}],"wp:featuredmedia":[{"embeddable":true,"href":"https:\/\/www.moskito.cz\/it\/wp-json\/wp\/v2\/media\/424773"}],"wp:attachment":[{"href":"https:\/\/www.moskito.cz\/it\/wp-json\/wp\/v2\/media?parent=424815"}],"wp:term":[{"taxonomy":"pwb-brand","embeddable":true,"href":"https:\/\/www.moskito.cz\/it\/wp-json\/wp\/v2\/pwb-brand?post=424815"},{"taxonomy":"product_brand","embeddable":true,"href":"https:\/\/www.moskito.cz\/it\/wp-json\/wp\/v2\/product_brand?post=424815"},{"taxonomy":"product_cat","embeddable":true,"href":"https:\/\/www.moskito.cz\/it\/wp-json\/wp\/v2\/product_cat?post=424815"},{"taxonomy":"product_tag","embeddable":true,"href":"https:\/\/www.moskito.cz\/it\/wp-json\/wp\/v2\/product_tag?post=424815"}],"curies":[{"name":"wp","href":"https:\/\/api.w.org\/{rel}","templated":true}]}}