{"id":425057,"date":"2024-09-26T12:57:27","date_gmt":"2024-09-26T11:57:27","guid":{"rendered":"https:\/\/www.moskito.cz\/produkt\/papillon-boker-plus-balisong-tactical-small-06ex004\/"},"modified":"2025-09-29T10:18:19","modified_gmt":"2025-09-29T09:18:19","slug":"papillon-boker-plus-balisong-tactical-small-06ex004","status":"publish","type":"product","link":"https:\/\/www.moskito.cz\/it\/produkt\/papillon-boker-plus-balisong-tactical-small-06ex004\/","title":{"rendered":"Papillon B\u00f6ker Plus Balisong Tactical Small 06EX004"},"content":{"rendered":"<p>Papillon <strong>B\u00f6ker Plus<\/strong> Balisong Tactical Small 06EX004.<\/p>\n<p>Il compatto Boker Plus Balisong Tactical Small \u00e8 dotato di un&#8217;impugnatura in G10 testurizzato. La lama \u00e8 realizzata in 440C e presenta una sofisticata affilatura composita. Quando \u00e8 chiuso, \u00e8 completamente racchiuso da entrambe le parti dell&#8217;impugnatura. Per aprirlo, basta un semplice movimento del polso.   <\/p>\n<p>Lunghezza totale: 19,60 cm<br \/>\n Lunghezza lama: 8,80 cm<br \/>\n Spessore lama: 2,50 mm<br \/>\n Peso: 87,00 g<br \/>\n Materiale della lama: 440C<br \/>\n Materiale dell&#8217;impugnatura: G10<br \/>\n Apertura: Manuale<br \/>\n Tipo di serratura: Balisong<br \/>\n Colore: Nero<br \/>\n Numero articolo: 06EX004<\/p>\n<p>&nbsp;<\/p>\n","protected":false},"excerpt":{"rendered":"<p><strong>Papillon classico.<\/strong><\/p>\n","protected":false},"featured_media":364530,"comment_status":"closed","ping_status":"closed","template":"","meta":[],"pwb-brand":[3798],"product_brand":[],"product_cat":[3745,4025],"product_tag":[],"class_list":{"0":"post-425057","1":"product","2":"type-product","3":"status-publish","4":"has-post-thumbnail","6":"pwb-brand-boker-it","7":"product_cat-coltelli","8":"product_cat-papillon","10":"first","11":"outofstock","12":"taxable","13":"shipping-taxable","14":"purchasable","15":"product-type-simple"},"brands":[{"id":3798,"name":"Boker","slug":"boker-it"}],"_links":{"self":[{"href":"https:\/\/www.moskito.cz\/it\/wp-json\/wp\/v2\/product\/425057","targetHints":{"allow":["GET"]}}],"collection":[{"href":"https:\/\/www.moskito.cz\/it\/wp-json\/wp\/v2\/product"}],"about":[{"href":"https:\/\/www.moskito.cz\/it\/wp-json\/wp\/v2\/types\/product"}],"replies":[{"embeddable":true,"href":"https:\/\/www.moskito.cz\/it\/wp-json\/wp\/v2\/comments?post=425057"}],"wp:featuredmedia":[{"embeddable":true,"href":"https:\/\/www.moskito.cz\/it\/wp-json\/wp\/v2\/media\/364530"}],"wp:attachment":[{"href":"https:\/\/www.moskito.cz\/it\/wp-json\/wp\/v2\/media?parent=425057"}],"wp:term":[{"taxonomy":"pwb-brand","embeddable":true,"href":"https:\/\/www.moskito.cz\/it\/wp-json\/wp\/v2\/pwb-brand?post=425057"},{"taxonomy":"product_brand","embeddable":true,"href":"https:\/\/www.moskito.cz\/it\/wp-json\/wp\/v2\/product_brand?post=425057"},{"taxonomy":"product_cat","embeddable":true,"href":"https:\/\/www.moskito.cz\/it\/wp-json\/wp\/v2\/product_cat?post=425057"},{"taxonomy":"product_tag","embeddable":true,"href":"https:\/\/www.moskito.cz\/it\/wp-json\/wp\/v2\/product_tag?post=425057"}],"curies":[{"name":"wp","href":"https:\/\/api.w.org\/{rel}","templated":true}]}}