{"id":425106,"date":"2025-09-29T14:47:48","date_gmt":"2025-09-29T13:47:48","guid":{"rendered":"https:\/\/www.moskito.cz\/produkt\/coltello-pieghevole-medford-prae-slim-flipper-s35vn\/"},"modified":"2025-09-30T08:19:48","modified_gmt":"2025-09-30T07:19:48","slug":"coltello-pieghevole-medford-prae-slim-flipper-s35vn","status":"publish","type":"product","link":"https:\/\/www.moskito.cz\/it\/produkt\/coltello-pieghevole-medford-prae-slim-flipper-s35vn\/","title":{"rendered":"Coltello pieghevole Medford Prae Slim Flipper S35VN"},"content":{"rendered":"<p>Quando si prende in mano per la prima volta il Medford Prae Slim Flipper, si capisce subito di avere tra le mani un coltello sinonimo di precisione americana ed elegante robustezza. Il modello in acciaio S35VN con impugnatura in titanio rivestita\/FIM, meccanismo a molla in bronzo e minuteria in bronzo \u00e8 la combinazione perfetta di funzionalit\u00e0, estetica e lusso in un design compatto. Questo Slim Flipper dimostra che Medford sa coniugare leggerezza e velocit\u00e0 con resistenza e durata.  <\/p>\n<p>Il Prae Slim Flipper \u00e8 progettato per essere veloce, preciso e affidabile: ideale per l&#8217;uso quotidiano e per le situazioni in cui \u00e8 necessario fare affidamento su uno strumento di precisione. Ogni dettaglio \u00e8 curato con cura: dal design del meccanismo del flipper alla finitura dell&#8217;impugnatura, fino agli elementi in bronzo che conferiscono al coltello il suo carattere unico. <\/p>\n<p>Questo coltello non \u00e8 solo uno strumento: \u00e8 espressione di gusto, forza e determinazione, il che lo rende un&#8217;ottima aggiunta a qualsiasi collezione e un compagno affidabile nelle sfide quotidiane.<\/p>\n<p>\ud83d\udd27 Specifiche tecniche<\/p>\n<p>Valore del parametro<br \/>\n Lunghezza totale (aperto) circa 20,3 cm (8&#8243;)<br \/>\n Lunghezza lama circa 8,9 cm (3,5&#8243;)<br \/>\n Spessore della lama circa 0,16\u2033 (~4,1 mm)<br \/>\n Materiale della lama CPM-S35VN: acciaio inossidabile di alta qualit\u00e0, durevole e affilatura duratura<br \/>\n Tipo di lama Punta cadente: versatile e precisa<br \/>\n Superficie della lama con finitura satinata\/burattata: aspetto durevole e attraente<br \/>\n Maniglia in titanio rivestita\/FIM: leggera, resistente, con finitura elegante<br \/>\n Meccanismo a molla in bronzo: movimento della pinna affidabile e fluido<br \/>\n Elementi hardware in bronzo: accessori estetici e durevoli<br \/>\n Lucchetto Framelock in titanio: robusto e affidabile<br \/>\n Peso circa 6,8 oz (\u2248 193 g)<\/p>\n<p data-start=\"1810\" data-end=\"1829\">\u2705 <strong data-start=\"1812\" data-end=\"1829\">Principali vantaggi<\/strong><\/p>\n<ul data-start=\"1831\" data-end=\"2224\">\n<li data-start=\"1831\" data-end=\"1913\">\n<p data-start=\"1833\" data-end=\"1913\">Acciaio S35VN di alta qualit\u00e0: bordo durevole, resistente alla corrosione e all&#8217;usura.<\/p>\n<\/li>\n<li data-start=\"1914\" data-end=\"1989\">\n<p data-start=\"1916\" data-end=\"1989\">Manico in titanio: leggero, altamente resistente e con finitura FIM precisa.<\/p>\n<\/li>\n<li data-start=\"1990\" data-end=\"2060\">\n<p data-start=\"1992\" data-end=\"2060\">Elegante meccanismo a flipper: apertura rapida e funzionamento fluido.<\/p>\n<\/li>\n<li data-start=\"2061\" data-end=\"2138\">\n<p data-start=\"2063\" data-end=\"2138\">Elementi in bronzo: esteticamente accattivanti e resistenti, mettono in risalto il carattere del coltello.<\/p>\n<\/li>\n<li data-start=\"2139\" data-end=\"2224\">\n<p data-start=\"2141\" data-end=\"2224\">Compatto e veloce: ideale per l&#8217;EDC, pur mantenendo la robusta qualit\u00e0 americana.<\/p>\n<\/li>\n<\/ul>\n<p data-start=\"2226\" data-end=\"2246\">\u26a0\ufe0f <strong data-start=\"2229\" data-end=\"2246\">Possibili restrizioni<\/strong><\/p>\n<ul data-start=\"2248\" data-end=\"2504\">\n<li data-start=\"2248\" data-end=\"2329\">\n<p data-start=\"2250\" data-end=\"2329\">Prezzo pi\u00f9 elevato: materiali di prima qualit\u00e0 e lavorazione di precisione si riflettono nel prezzo di acquisto.<\/p>\n<\/li>\n<li data-start=\"2330\" data-end=\"2419\">\n<p data-start=\"2332\" data-end=\"2419\">Non adatto a un uso intensivo: Slim Flipper \u00e8 leggero e veloce, non \u00e8 ingombrante come Praetorian.<\/p>\n<\/li>\n<li data-start=\"2420\" data-end=\"2504\">\n<p data-start=\"2422\" data-end=\"2504\">Richiede una cura pi\u00f9 delicata: gli elementi in bronzo devono essere protetti da un&#8217;abrasione eccessiva.<\/p>\n<\/li>\n<\/ul>\n<hr data-start=\"2506\" data-end=\"2509\">\n<p data-start=\"2511\" data-end=\"2532\">\ud83d\udee0\ufe0f <strong data-start=\"2515\" data-end=\"2532\">Manutenzione e cura<\/strong><\/p>\n<ul data-start=\"2534\" data-end=\"2924\">\n<li data-start=\"2534\" data-end=\"2600\">\n<p data-start=\"2536\" data-end=\"2600\">Per mantenerla pulita e lucida, pulire la lama con un panno asciutto.<\/p>\n<\/li>\n<li data-start=\"2601\" data-end=\"2668\">\n<p data-start=\"2603\" data-end=\"2668\">Lubrificare regolarmente il meccanismo del flipper e bloccarlo con olio di qualit\u00e0.<\/p>\n<\/li>\n<li data-start=\"2669\" data-end=\"2749\">\n<p data-start=\"2671\" data-end=\"2749\">Basta pulire l&#8217;impugnatura in titanio: il trattamento FIM la protegge da piccoli danni.<\/p>\n<\/li>\n<li data-start=\"2750\" data-end=\"2924\">\n<p data-start=\"2752\" data-end=\"2924\">Per la manutenzione della lama, consigliamo <strong data-start=\"2782\" data-end=\"2848\">il sistema di affilatura completo Spyderco Tri-Angle Sharpmaker 204MF<\/strong> , affidabile anche per gli acciai moderni pi\u00f9 duri. \ud83d\uded2 Puoi acquistarlo comodamente su Moskito.cz. <\/p>\n<\/li>\n<\/ul>\n<hr data-start=\"2926\" data-end=\"2929\">\n<p data-start=\"2931\" data-end=\"2952\">\ud83c\udfaf <strong data-start=\"2934\" data-end=\"2952\">Consigliato per<\/strong><\/p>\n<ul data-start=\"2954\" data-end=\"3236\">\n<li data-start=\"2954\" data-end=\"3010\">\n<p data-start=\"2956\" data-end=\"3010\">Appassionati di coltelli EDC leggeri, veloci ma robusti.<\/p>\n<\/li>\n<li data-start=\"3011\" data-end=\"3087\">\n<p data-start=\"3013\" data-end=\"3087\">Collezionisti di coltelli americani dall&#8217;estetica elegante e dalla lavorazione precisa.<\/p>\n<\/li>\n<li data-start=\"3088\" data-end=\"3163\">\n<p data-start=\"3090\" data-end=\"3163\">Utenti che cercano una combinazione di flipper veloce e materiali di prima qualit\u00e0.<\/p>\n<\/li>\n<li data-start=\"3164\" data-end=\"3236\">\n<p data-start=\"3166\" data-end=\"3236\">Amanti del design tecnico e moderno, con dettagli raffinati e lussuosi.<\/p>\n<\/li>\n<\/ul>\n<hr data-start=\"3238\" data-end=\"3241\">\n<p data-start=\"3243\" data-end=\"3268\">\u2b50 <strong data-start=\"3245\" data-end=\"3268\">Valutazione finale<\/strong><\/p>\n<p data-start=\"3270\" data-end=\"3550\">Il Medford Prae Slim Flipper S35VN \u00e8 il perfetto connubio tra velocit\u00e0, precisione e robustezza americana in un formato compatto. Se cercate un coltello leggero, veloce ma resistente, con dettagli di lusso, questo Slim Flipper non vi deluder\u00e0 e diventer\u00e0 uno dei vostri pezzi preferiti della collezione. <\/p>\n","protected":false},"excerpt":{"rendered":"<p><strong>Il Medford Prae Slim Flipper S35VN \u00e8 il perfetto connubio tra velocit\u00e0, precisione e robustezza americana in un formato compatto. Se cercate un coltello leggero, veloce ma resistente, con dettagli di lusso, questo Slim Flipper non vi deluder\u00e0 e diventer\u00e0 uno dei vostri pezzi preferiti della collezione. <\/strong><\/p>\n<p><strong>Spedizione gratuita.<\/strong><\/p>\n","protected":false},"featured_media":425087,"comment_status":"open","ping_status":"closed","template":"","meta":[],"pwb-brand":[4017],"product_brand":[],"product_cat":[3749,3745],"product_tag":[],"class_list":{"0":"post-425106","1":"product","2":"type-product","3":"status-publish","4":"has-post-thumbnail","6":"pwb-brand-medford-it","7":"product_cat-coltelli-di-chiusura","8":"product_cat-coltelli","10":"first","11":"instock","12":"taxable","13":"shipping-taxable","14":"purchasable","15":"product-type-simple"},"brands":[{"id":4017,"name":"Medford","slug":"medford-it"}],"_links":{"self":[{"href":"https:\/\/www.moskito.cz\/it\/wp-json\/wp\/v2\/product\/425106","targetHints":{"allow":["GET"]}}],"collection":[{"href":"https:\/\/www.moskito.cz\/it\/wp-json\/wp\/v2\/product"}],"about":[{"href":"https:\/\/www.moskito.cz\/it\/wp-json\/wp\/v2\/types\/product"}],"replies":[{"embeddable":true,"href":"https:\/\/www.moskito.cz\/it\/wp-json\/wp\/v2\/comments?post=425106"}],"wp:featuredmedia":[{"embeddable":true,"href":"https:\/\/www.moskito.cz\/it\/wp-json\/wp\/v2\/media\/425087"}],"wp:attachment":[{"href":"https:\/\/www.moskito.cz\/it\/wp-json\/wp\/v2\/media?parent=425106"}],"wp:term":[{"taxonomy":"pwb-brand","embeddable":true,"href":"https:\/\/www.moskito.cz\/it\/wp-json\/wp\/v2\/pwb-brand?post=425106"},{"taxonomy":"product_brand","embeddable":true,"href":"https:\/\/www.moskito.cz\/it\/wp-json\/wp\/v2\/product_brand?post=425106"},{"taxonomy":"product_cat","embeddable":true,"href":"https:\/\/www.moskito.cz\/it\/wp-json\/wp\/v2\/product_cat?post=425106"},{"taxonomy":"product_tag","embeddable":true,"href":"https:\/\/www.moskito.cz\/it\/wp-json\/wp\/v2\/product_tag?post=425106"}],"curies":[{"name":"wp","href":"https:\/\/api.w.org\/{rel}","templated":true}]}}