{"id":425110,"date":"2025-09-29T14:17:42","date_gmt":"2025-09-29T13:17:42","guid":{"rendered":"https:\/\/www.moskito.cz\/produkt\/coltello-pieghevole-medford-swift-mk206spt-42ab-tpcp-q4\/"},"modified":"2025-09-29T15:01:56","modified_gmt":"2025-09-29T14:01:56","slug":"coltello-pieghevole-medford-swift-mk206spt-42ab-tpcp-q4","status":"publish","type":"product","link":"https:\/\/www.moskito.cz\/it\/produkt\/coltello-pieghevole-medford-swift-mk206spt-42ab-tpcp-q4\/","title":{"rendered":"Coltello pieghevole Medford Swift MK206SPT-42AB-TPCP-Q4"},"content":{"rendered":"<p data-start=\"127\" data-end=\"518\">Quando si prende in mano il Medford Swift, si ha subito la sensazione di avere tra le mani qualcosa di pi\u00f9 di un semplice coltellino tascabile. Lo Swift MK206SPT-42AB-TPCP-Q4 \u00e8 la definizione di artigianato americano: impugnatura in titanio, lama in S35VN di alta qualit\u00e0 e un design che unisce eleganza aggressiva e massima resistenza. Questo modello nero con lama tanto \u00e8 come un piccolo ma letale gioiello per l&#8217;uso quotidiano e impegnativo.  <\/p>\n<p data-start=\"520\" data-end=\"787\">Il Medford Swift \u00e8 stato progettato per offrire velocit\u00e0, precisione e affidabilit\u00e0. Ogni dettaglio, dalla lama con finitura grezza al robusto telaio in titanio, \u00e8 attentamente studiato. Trasmette un senso di sicurezza e stile, rendendolo non solo uno strumento, ma anche un&#8217;aggiunta distintiva alla vostra collezione.  <\/p>\n<p data-start=\"789\" data-end=\"929\">Questo coltello non \u00e8 per tutti. Richiede rispetto e mano ferma, ma ricompensa con un&#8217;affidabilit\u00e0 e una funzionalit\u00e0 uniche, difficili da trovare altrove. <\/p>\n<hr data-start=\"931\" data-end=\"934\">\n<p data-start=\"936\" data-end=\"964\">\ud83d\udd27 <strong data-start=\"939\" data-end=\"964\">Specifiche tecniche<\/strong><\/p>\n<div class=\"_tableContainer_1rjym_1\">\n<div class=\"group _tableWrapper_1rjym_13 flex w-fit flex-col-reverse\" tabindex=\"-1\">\n<table class=\"w-fit min-w-(--thread-content-width)\" data-start=\"966\" data-end=\"1513\">\n<thead data-start=\"966\" data-end=\"988\">\n<tr data-start=\"966\" data-end=\"988\">\n<th data-start=\"966\" data-end=\"977\" data-col-size=\"sm\">Parametro<\/th>\n<th data-start=\"977\" data-end=\"988\" data-col-size=\"md\">Valore<\/th>\n<\/tr>\n<\/thead>\n<tbody data-start=\"1012\" data-end=\"1513\">\n<tr data-start=\"1012\" data-end=\"1061\">\n<td data-start=\"1012\" data-end=\"1039\" data-col-size=\"sm\">Lunghezza totale (aperta)<\/td>\n<td data-start=\"1039\" data-end=\"1061\" data-col-size=\"md\">circa 21 cm (8,5&#8243;)<\/td>\n<\/tr>\n<tr data-start=\"1062\" data-end=\"1099\">\n<td data-start=\"1062\" data-end=\"1077\" data-col-size=\"sm\">Lunghezza della lama<\/td>\n<td data-start=\"1077\" data-end=\"1099\" data-col-size=\"md\">circa 9 cm (3,85&#8243;)<\/td>\n<\/tr>\n<tr data-start=\"1100\" data-end=\"1141\">\n<td data-start=\"1100\" data-end=\"1118\" data-col-size=\"sm\">Spessore della lama<\/td>\n<td data-start=\"1118\" data-end=\"1141\" data-col-size=\"md\">circa 0,18\u2033 (~4,6 mm)<\/td>\n<\/tr>\n<tr data-start=\"1142\" data-end=\"1239\">\n<td data-start=\"1142\" data-end=\"1160\" data-col-size=\"sm\">Materiale della lama<\/td>\n<td data-start=\"1160\" data-end=\"1239\" data-col-size=\"md\">CPM-S35VN \u2013 acciaio inossidabile di alta qualit\u00e0, eccellente durata e bordo durevole<\/td>\n<\/tr>\n<tr data-start=\"1240\" data-end=\"1290\">\n<td data-start=\"1240\" data-end=\"1253\" data-col-size=\"sm\">Tipo di lama<\/td>\n<td data-start=\"1253\" data-end=\"1290\" data-col-size=\"md\">Tanto \u2013 punta aggressiva e resistente<\/td>\n<\/tr>\n<tr data-start=\"1291\" data-end=\"1356\">\n<td data-start=\"1291\" data-end=\"1307\" data-col-size=\"sm\">Superficie della lama<\/td>\n<td data-start=\"1307\" data-end=\"1356\" data-col-size=\"md\">Finitura burattata: robusta ed esteticamente distintiva<\/td>\n<\/tr>\n<tr data-start=\"1357\" data-end=\"1422\">\n<td data-start=\"1357\" data-end=\"1367\" data-col-size=\"sm\">Maniglia<\/td>\n<td data-start=\"1367\" data-end=\"1422\" data-col-size=\"md\">Telaio in titanio (frame lock) \u2013 resistenza, peso ridotto<\/td>\n<\/tr>\n<tr data-start=\"1423\" data-end=\"1477\">\n<td data-start=\"1423\" data-end=\"1431\" data-col-size=\"sm\">Serratura<\/td>\n<td data-start=\"1431\" data-end=\"1477\" data-col-size=\"md\">Titanium Framelock: affidabile e robusto<\/td>\n<\/tr>\n<tr data-start=\"1478\" data-end=\"1513\">\n<td data-start=\"1478\" data-end=\"1489\" data-col-size=\"sm\">Peso<\/td>\n<td data-start=\"1489\" data-end=\"1513\" data-col-size=\"md\">circa 8,5 once (\u2248 241 g)<\/td>\n<\/tr>\n<\/tbody>\n<\/table>\n<\/div>\n<\/div>\n<div class=\"group _tableWrapper_1rjym_13 flex w-fit flex-col-reverse\" tabindex=\"-1\"><\/div>\n<div tabindex=\"-1\">\n<p data-start=\"1520\" data-end=\"1539\">\u2705 <strong data-start=\"1522\" data-end=\"1539\">Principali vantaggi<\/strong><\/p>\n<ul data-start=\"1541\" data-end=\"1960\">\n<li data-start=\"1541\" data-end=\"1629\">\n<p data-start=\"1543\" data-end=\"1629\">Acciaio S35VN di alta qualit\u00e0: resistente all&#8217;usura, affilatura duratura e facile manutenzione.<\/p>\n<\/li>\n<li data-start=\"1630\" data-end=\"1715\">\n<p data-start=\"1632\" data-end=\"1715\">Struttura in titanio: leggera ma estremamente resistente, per una sensazione di qualit\u00e0 a ogni presa.<\/p>\n<\/li>\n<li data-start=\"1716\" data-end=\"1793\">\n<p data-start=\"1718\" data-end=\"1793\">Lama Tanto: ideale per perforazioni e tagli pesanti, resistente alla deformazione.<\/p>\n<\/li>\n<li data-start=\"1794\" data-end=\"1889\">\n<p data-start=\"1796\" data-end=\"1889\">Precisione manifatturiera americana: ogni pezzo \u00e8 rifinito a mano in Arizona, un design con anima e carattere.<\/p>\n<\/li>\n<li data-start=\"1890\" data-end=\"1960\">\n<p data-start=\"1892\" data-end=\"1960\">Superficie burattata: esteticamente gradevole e allo stesso tempo resistente all&#8217;abrasione.<\/p>\n<\/li>\n<\/ul>\n<p data-start=\"1962\" data-end=\"1982\">\u26a0\ufe0f <strong data-start=\"1965\" data-end=\"1982\">Possibili restrizioni<\/strong><\/p>\n<ul data-start=\"1984\" data-end=\"2202\">\n<li data-start=\"1984\" data-end=\"2073\">\n<p data-start=\"1986\" data-end=\"2073\">Peso: si percepisce un peso superiore a 240 g, pi\u00f9 adatto per impieghi gravosi o EDC in termini di peso.<\/p>\n<\/li>\n<li data-start=\"2074\" data-end=\"2131\">\n<p data-start=\"2076\" data-end=\"2131\">Prezzo: il prezzo si riflette sulla qualit\u00e0 dei materiali e della lavorazione.<\/p>\n<\/li>\n<li data-start=\"2132\" data-end=\"2202\">\n<p data-start=\"2134\" data-end=\"2202\">Design: aggressivo e tecnico, pi\u00f9 uno strumento che un regalo elegante.<\/p>\n<\/li>\n<\/ul>\n<hr data-start=\"2204\" data-end=\"2207\">\n<p data-start=\"2209\" data-end=\"2230\">\ud83d\udee0\ufe0f <strong data-start=\"2213\" data-end=\"2230\">Manutenzione e cura<\/strong><\/p>\n<ul data-start=\"2232\" data-end=\"2616\">\n<li data-start=\"2232\" data-end=\"2305\">\n<p data-start=\"2234\" data-end=\"2305\">Pulire regolarmente la lama con un panno asciutto per preservarne la superficie e il filo.<\/p>\n<\/li>\n<li data-start=\"2306\" data-end=\"2375\">\n<p data-start=\"2308\" data-end=\"2375\">Lubrificare le parti mobili della chiave (serratura, perno) con olio di qualit\u00e0.<\/p>\n<\/li>\n<li data-start=\"2376\" data-end=\"2444\">\n<p data-start=\"2378\" data-end=\"2444\">L&#8217;impugnatura in titanio \u00e8 resistente, ma protegge la superficie dagli attriti pi\u00f9 forti.<\/p>\n<\/li>\n<li data-start=\"2445\" data-end=\"2616\">\n<p data-start=\"2447\" data-end=\"2616\">Per la manutenzione della lama, consigliamo <strong data-start=\"2477\" data-end=\"2543\">il sistema di affilatura completo Spyderco Tri-Angle Sharpmaker 204MF<\/strong> , ideale anche per gli acciai moderni pi\u00f9 duri. \ud83d\uded2 Acquistalo comodamente su Moskito.cz. <\/p>\n<\/li>\n<\/ul>\n<hr data-start=\"2618\" data-end=\"2621\">\n<p data-start=\"2623\" data-end=\"2644\">\ud83c\udfaf <strong data-start=\"2626\" data-end=\"2644\">Consigliato per<\/strong><\/p>\n<ul data-start=\"2646\" data-end=\"2902\">\n<li data-start=\"2646\" data-end=\"2697\">\n<p data-start=\"2648\" data-end=\"2697\">Appassionati di coltelli EDC robusti e realizzati in America.<\/p>\n<\/li>\n<li data-start=\"2698\" data-end=\"2765\">\n<p data-start=\"2700\" data-end=\"2765\">Utenti che cercano un coltello veloce, preciso e durevole con lama tanto.<\/p>\n<\/li>\n<li data-start=\"2766\" data-end=\"2842\">\n<p data-start=\"2768\" data-end=\"2842\">Collezionisti che desiderano un pezzo distintivo ma funzionale per la loro collezione.<\/p>\n<\/li>\n<li data-start=\"2843\" data-end=\"2902\">\n<p data-start=\"2845\" data-end=\"2902\">Amanti dei design tecnici dal carattere aggressivo.<\/p>\n<\/li>\n<\/ul>\n<hr data-start=\"2904\" data-end=\"2907\">\n<p data-start=\"2909\" data-end=\"2934\">\u2b50 <strong data-start=\"2911\" data-end=\"2934\">Valutazione finale<\/strong><\/p>\n<p data-start=\"2936\" data-end=\"3187\">Il Medford Swift MK206SPT-42AB-TPCP-Q4 \u00e8 un&#8217;elegante e letale combinazione di design e prestazioni. Questo coltello \u00e8 perfetto per le attivit\u00e0 quotidiane, le situazioni difficili e i momenti critici. Se cercate precisione americana, resistenza e forza visiva, tutto in uno, lo Swift \u00e8 la scelta ideale.  <\/p>\n<hr data-start=\"3189\" data-end=\"3192\">\n<\/div>\n","protected":false},"excerpt":{"rendered":"<p><strong>Il Medford Swift MK206SPT-42AB-TPCP-Q4 \u00e8 un&#8217;elegante e letale combinazione di design e prestazioni. Questo coltello \u00e8 perfetto per le attivit\u00e0 quotidiane, le situazioni difficili e i momenti critici. Se cercate precisione americana, resistenza e forza visiva, tutto in uno, lo Swift \u00e8 la scelta ideale.  <\/strong><\/p>\n<p><strong>Spedizione gratuita.<\/strong><\/p>\n","protected":false},"featured_media":425070,"comment_status":"open","ping_status":"closed","template":"","meta":[],"pwb-brand":[4017],"product_brand":[],"product_cat":[3749,3745],"product_tag":[],"class_list":{"0":"post-425110","1":"product","2":"type-product","3":"status-publish","4":"has-post-thumbnail","6":"pwb-brand-medford-it","7":"product_cat-coltelli-di-chiusura","8":"product_cat-coltelli","10":"first","11":"outofstock","12":"taxable","13":"shipping-taxable","14":"purchasable","15":"product-type-simple"},"brands":[{"id":4017,"name":"Medford","slug":"medford-it"}],"_links":{"self":[{"href":"https:\/\/www.moskito.cz\/it\/wp-json\/wp\/v2\/product\/425110","targetHints":{"allow":["GET"]}}],"collection":[{"href":"https:\/\/www.moskito.cz\/it\/wp-json\/wp\/v2\/product"}],"about":[{"href":"https:\/\/www.moskito.cz\/it\/wp-json\/wp\/v2\/types\/product"}],"replies":[{"embeddable":true,"href":"https:\/\/www.moskito.cz\/it\/wp-json\/wp\/v2\/comments?post=425110"}],"wp:featuredmedia":[{"embeddable":true,"href":"https:\/\/www.moskito.cz\/it\/wp-json\/wp\/v2\/media\/425070"}],"wp:attachment":[{"href":"https:\/\/www.moskito.cz\/it\/wp-json\/wp\/v2\/media?parent=425110"}],"wp:term":[{"taxonomy":"pwb-brand","embeddable":true,"href":"https:\/\/www.moskito.cz\/it\/wp-json\/wp\/v2\/pwb-brand?post=425110"},{"taxonomy":"product_brand","embeddable":true,"href":"https:\/\/www.moskito.cz\/it\/wp-json\/wp\/v2\/product_brand?post=425110"},{"taxonomy":"product_cat","embeddable":true,"href":"https:\/\/www.moskito.cz\/it\/wp-json\/wp\/v2\/product_cat?post=425110"},{"taxonomy":"product_tag","embeddable":true,"href":"https:\/\/www.moskito.cz\/it\/wp-json\/wp\/v2\/product_tag?post=425110"}],"curies":[{"name":"wp","href":"https:\/\/api.w.org\/{rel}","templated":true}]}}