{"id":425186,"date":"2025-09-29T15:45:03","date_gmt":"2025-09-29T14:45:03","guid":{"rendered":"https:\/\/www.moskito.cz\/produkt\/coltello-pieghevole-medford-slim-midi-mkd201std-38a3-tfcf-q4\/"},"modified":"2025-09-30T08:19:26","modified_gmt":"2025-09-30T07:19:26","slug":"coltello-pieghevole-medford-slim-midi-mkd201std-38a3-tfcf-q4","status":"publish","type":"product","link":"https:\/\/www.moskito.cz\/it\/produkt\/coltello-pieghevole-medford-slim-midi-mkd201std-38a3-tfcf-q4\/","title":{"rendered":"Coltello pieghevole Medford Slim Midi MKD201STD-38A3-TFCF-Q4"},"content":{"rendered":"<p>Quando prendi in mano per la prima volta il Medford Slim Midi MKD201STD-38A3-TFCF-Q4, capisci subito di avere tra le mani un coltello che unisce leggerezza, velocit\u00e0 e precisione costruttiva americana. Questo modello presenta una lama in acciaio S35VN di alta qualit\u00e0, un&#8217;impugnatura in titanio Violet TFCF e pratici accessori FLM che garantiscono prestazioni affidabili e un aspetto elegante. Lo Slim Midi \u00e8 il perfetto equilibrio tra compattezza e robustezza, ideale per l&#8217;uso quotidiano e nelle situazioni pi\u00f9 impegnative.  <\/p>\n<p>Ogni dettaglio del coltello, dalla forma della lama alla finitura dell&#8217;impugnatura fino alla ferramenta, \u00e8 meticolosamente realizzato, rendendo lo Slim Midi MKD201STD non solo uno strumento, ma anche un&#8217;aggiunta visivamente sorprendente alla collezione per collezionisti e utenti attivi. <\/p>\n<p>Questo coltello \u00e8 progettato per chi cerca uno strumento EDC veloce, preciso e affidabile: leggero, elegante e tuttavia resistente.<\/p>\n<p>\ud83d\udd27 Specifiche tecniche<\/p>\n<p>Valore del parametro<br \/>\n Lunghezza totale (aperto) circa 20,5 cm (8,1&#8243;)<br \/>\n Lunghezza lama circa 8,8 cm (3,45\u2033)<br \/>\n Spessore della lama circa 0,16\u2033 (~4,1 mm)<br \/>\n Materiale della lama CPM-S35VN: acciaio inossidabile di alta qualit\u00e0, durevole e affilatura duratura<br \/>\n Tipo di lama Punta cadente: versatile e precisa<br \/>\n Superficie della lama con finitura satinata\/burattata: aspetto durevole e attraente<br \/>\n Manico Titan TFCF Violet: leggero, resistente, visivamente sorprendente<br \/>\n Hardware FLM: un accessorio durevole e pratico<br \/>\n Lucchetto Framelock in titanio: robusto e affidabile<br \/>\n Peso circa 6,7 \u200b\u200boz (\u2248 190 g)<\/p>\n<p data-start=\"1591\" data-end=\"1610\">\u2705 <strong data-start=\"1593\" data-end=\"1610\">Principali vantaggi<\/strong><\/p>\n<ul data-start=\"1612\" data-end=\"2007\">\n<li data-start=\"1612\" data-end=\"1684\">\n<p data-start=\"1614\" data-end=\"1684\">Acciaio S35VN di alta qualit\u00e0: resistente all&#8217;usura, affilatura duratura.<\/p>\n<\/li>\n<li data-start=\"1685\" data-end=\"1779\">\n<p data-start=\"1687\" data-end=\"1779\">Manico in titanio viola TFCF: leggero, altamente resistente e con una superficie esteticamente gradevole.<\/p>\n<\/li>\n<li data-start=\"1780\" data-end=\"1859\">\n<p data-start=\"1782\" data-end=\"1859\">Lama a punta cadente: versatile e precisa per i lavori quotidiani e pi\u00f9 impegnativi.<\/p>\n<\/li>\n<li data-start=\"1860\" data-end=\"1935\">\n<p data-start=\"1862\" data-end=\"1935\">Hardware FLM: un accessorio pratico e durevole che migliora la funzionalit\u00e0 del coltello.<\/p>\n<\/li>\n<li data-start=\"1936\" data-end=\"2007\">\n<p data-start=\"1938\" data-end=\"2007\">Design compatto e leggero: ideale per tagli EDC rapidi e di precisione.<\/p>\n<\/li>\n<\/ul>\n<p data-start=\"2009\" data-end=\"2029\">\u26a0\ufe0f <strong data-start=\"2012\" data-end=\"2029\">Possibili restrizioni<\/strong><\/p>\n<ul data-start=\"2031\" data-end=\"2283\">\n<li data-start=\"2031\" data-end=\"2110\">\n<p data-start=\"2033\" data-end=\"2110\">Prezzo elevato: riflette l&#8217;utilizzo di materiali di alta qualit\u00e0 e la precisa lavorazione artigianale.<\/p>\n<\/li>\n<li data-start=\"2111\" data-end=\"2194\">\n<p data-start=\"2113\" data-end=\"2194\">Non adatto a lavori meccanici pesanti: Slim Midi \u00e8 progettato per un utilizzo rapido e preciso.<\/p>\n<\/li>\n<li data-start=\"2195\" data-end=\"2283\">\n<p data-start=\"2197\" data-end=\"2283\">La superficie dell&#8217;impugnatura richiede cura: proteggere gli elementi in titanio e l&#8217;hardware da un&#8217;abrasione eccessiva.<\/p>\n<\/li>\n<\/ul>\n<hr data-start=\"2285\" data-end=\"2288\">\n<p data-start=\"2290\" data-end=\"2311\">\ud83d\udee0\ufe0f <strong data-start=\"2294\" data-end=\"2311\">Manutenzione e cura<\/strong><\/p>\n<ul data-start=\"2313\" data-end=\"2734\">\n<li data-start=\"2313\" data-end=\"2386\">\n<p data-start=\"2315\" data-end=\"2386\">Pulire regolarmente la lama con un panno asciutto per mantenerla lucida e pulita.<\/p>\n<\/li>\n<li data-start=\"2387\" data-end=\"2469\">\n<p data-start=\"2389\" data-end=\"2469\">Lubrificare gli elementi hardware e la serratura con olio di qualit\u00e0 per un&#8217;affidabilit\u00e0 a lungo termine.<\/p>\n<\/li>\n<li data-start=\"2470\" data-end=\"2564\">\n<p data-start=\"2472\" data-end=\"2564\">Il manico in titanio deve essere pulito solo delicatamente: la superficie \u00e8 resistente, ma \u00e8 importante proteggerla dagli sfregamenti violenti.<\/p>\n<\/li>\n<li data-start=\"2565\" data-end=\"2734\">\n<p data-start=\"2567\" data-end=\"2734\">Per la manutenzione della lama, consigliamo <strong data-start=\"2597\" data-end=\"2663\">il sistema di affilatura completo Spyderco Tri-Angle Sharpmaker 204MF<\/strong> , ideale per gli acciai moderni pi\u00f9 duri. \ud83d\uded2 Acquistalo comodamente su Moskito.cz. <\/p>\n<\/li>\n<\/ul>\n<hr data-start=\"2736\" data-end=\"2739\">\n<p data-start=\"2741\" data-end=\"2762\">\ud83c\udfaf <strong data-start=\"2744\" data-end=\"2762\">Consigliato per<\/strong><\/p>\n<ul data-start=\"2764\" data-end=\"3063\">\n<li data-start=\"2764\" data-end=\"2838\">\n<p data-start=\"2766\" data-end=\"2838\">Appassionati di coltelli EDC leggeri, veloci e precisi dal design americano.<\/p>\n<\/li>\n<li data-start=\"2839\" data-end=\"2915\">\n<p data-start=\"2841\" data-end=\"2915\">Collezionisti che desiderano un coltello elegante ma robusto, con un&#8217;impugnatura distintiva.<\/p>\n<\/li>\n<li data-start=\"2916\" data-end=\"2996\">\n<p data-start=\"2918\" data-end=\"2996\">Utenti che cercano una combinazione di leggerezza, affidabilit\u00e0 e costruzione precisa.<\/p>\n<\/li>\n<li data-start=\"2997\" data-end=\"3063\">\n<p data-start=\"2999\" data-end=\"3063\">Amanti del design moderno e tecnico con un&#8217;identit\u00e0 visiva.<\/p>\n<\/li>\n<\/ul>\n<hr data-start=\"3065\" data-end=\"3068\">\n<p data-start=\"3070\" data-end=\"3095\">\u2b50 <strong data-start=\"3072\" data-end=\"3095\">Valutazione finale<\/strong><\/p>\n<p data-start=\"3097\" data-end=\"3401\">Il Medford Slim Midi MKD201STD-38A3-TFCF-Q4 \u00e8 la combinazione ideale di velocit\u00e0, precisione e qualit\u00e0 americana. Questo coltello offrir\u00e0 affidabilit\u00e0, robustezza visiva e un carattere che i collezionisti e gli utenti pi\u00f9 attivi apprezzeranno. Se cercate uno strumento EDC leggero, veloce e resistente con un&#8217;impugnatura elegante, lo Slim Midi \u00e8 la scelta ideale.  <\/p>\n","protected":false},"excerpt":{"rendered":"<p><strong>Il Medford Slim Midi MKD201STD-38A3-TFCF-Q4 \u00e8 la combinazione ideale di velocit\u00e0, precisione e qualit\u00e0 americana. Questo coltello offrir\u00e0 affidabilit\u00e0, robustezza visiva e un carattere che i collezionisti e gli utenti pi\u00f9 attivi apprezzeranno. Se cercate uno strumento EDC leggero, veloce e resistente con un&#8217;impugnatura elegante, lo Slim Midi \u00e8 la scelta ideale.  <\/strong><\/p>\n<p><strong>Spedizione gratuita.<\/strong><\/p>\n","protected":false},"featured_media":425157,"comment_status":"open","ping_status":"closed","template":"","meta":[],"pwb-brand":[4017],"product_brand":[],"product_cat":[3749,3745],"product_tag":[],"class_list":{"0":"post-425186","1":"product","2":"type-product","3":"status-publish","4":"has-post-thumbnail","6":"pwb-brand-medford-it","7":"product_cat-coltelli-di-chiusura","8":"product_cat-coltelli","10":"first","11":"instock","12":"taxable","13":"shipping-taxable","14":"purchasable","15":"product-type-simple"},"brands":[{"id":4017,"name":"Medford","slug":"medford-it"}],"_links":{"self":[{"href":"https:\/\/www.moskito.cz\/it\/wp-json\/wp\/v2\/product\/425186","targetHints":{"allow":["GET"]}}],"collection":[{"href":"https:\/\/www.moskito.cz\/it\/wp-json\/wp\/v2\/product"}],"about":[{"href":"https:\/\/www.moskito.cz\/it\/wp-json\/wp\/v2\/types\/product"}],"replies":[{"embeddable":true,"href":"https:\/\/www.moskito.cz\/it\/wp-json\/wp\/v2\/comments?post=425186"}],"wp:featuredmedia":[{"embeddable":true,"href":"https:\/\/www.moskito.cz\/it\/wp-json\/wp\/v2\/media\/425157"}],"wp:attachment":[{"href":"https:\/\/www.moskito.cz\/it\/wp-json\/wp\/v2\/media?parent=425186"}],"wp:term":[{"taxonomy":"pwb-brand","embeddable":true,"href":"https:\/\/www.moskito.cz\/it\/wp-json\/wp\/v2\/pwb-brand?post=425186"},{"taxonomy":"product_brand","embeddable":true,"href":"https:\/\/www.moskito.cz\/it\/wp-json\/wp\/v2\/product_brand?post=425186"},{"taxonomy":"product_cat","embeddable":true,"href":"https:\/\/www.moskito.cz\/it\/wp-json\/wp\/v2\/product_cat?post=425186"},{"taxonomy":"product_tag","embeddable":true,"href":"https:\/\/www.moskito.cz\/it\/wp-json\/wp\/v2\/product_tag?post=425186"}],"curies":[{"name":"wp","href":"https:\/\/api.w.org\/{rel}","templated":true}]}}