{"id":425193,"date":"2025-09-29T15:18:33","date_gmt":"2025-09-29T14:18:33","guid":{"rendered":"https:\/\/www.moskito.cz\/produkt\/coltello-pieghevole-medford-prae-slim-mkf208std-38a3-tfcf-q4\/"},"modified":"2025-09-30T08:19:33","modified_gmt":"2025-09-30T07:19:33","slug":"coltello-pieghevole-medford-prae-slim-mkf208std-38a3-tfcf-q4","status":"publish","type":"product","link":"https:\/\/www.moskito.cz\/it\/produkt\/coltello-pieghevole-medford-prae-slim-mkf208std-38a3-tfcf-q4\/","title":{"rendered":"Coltello pieghevole Medford Prae Slim MKF208STD-38A3-TFCF-Q4"},"content":{"rendered":"<p>Quando si prende in mano il Medford Prae Slim MKF208STD-38A3-TFCF-Q4, si capisce subito di avere tra le mani uno strumento che coniuga eleganza, velocit\u00e0 e resistenza in una perfetta proporzione. Questo modello \u00e8 dotato di una lama in acciaio S35VN di alta qualit\u00e0, di un&#8217;impugnatura in titanio nel colore Violet Show Lights e di una pratica clip FLM che conferisce al coltello un look moderno e la massima funzionalit\u00e0. Prae Slim \u00e8 magistralmente bilanciato: leggero, veloce ma resistente, ideale per l&#8217;uso quotidiano e per chi necessita di uno strumento di precisione in ogni situazione.  <\/p>\n<p>Ogni dettaglio di questo coltello \u00e8 attentamente studiato: dal sofisticato meccanismo a flipper alla finitura dell&#8217;impugnatura, fino al robusto telaio in titanio. Il Prae Slim MKF208STD non \u00e8 solo uno strumento, ma anche un elemento di design che piacer\u00e0 sia ai collezionisti che agli utenti esperti. <\/p>\n<p>Questo coltello \u00e8 pensato per chi desidera uno strumento veloce e affidabile senza compromessi: leggero ma resistente, elegante ma pronto per l&#8217;uso quotidiano.<\/p>\n<p>\ud83d\udd27 Specifiche tecniche<\/p>\n<p>Valore del parametro<br \/>\n Lunghezza totale (aperto) circa 20,3 cm (8&#8243;)<br \/>\n Lunghezza lama circa 8,9 cm (3,5&#8243;)<br \/>\n Spessore della lama circa 0,16\u2033 (~4,1 mm)<br \/>\n Materiale della lama CPM-S35VN: acciaio inossidabile di alta qualit\u00e0, elevata durata e affilatura duratura<br \/>\n Tipo di lama Punta cadente: versatile e precisa<br \/>\n Superficie della lama con finitura satinata\/burattata: aspetto durevole e attraente<br \/>\n Maniglia Titan TFCF, Violet Show Lights: leggera, resistente e visivamente sorprendente<br \/>\n Meccanismo a flipper S\u00ec \u2013 apertura rapida e fluida<br \/>\n Lucchetto Framelock in titanio: affidabile e robusto<br \/>\n Clip FLM: pratica e robusta da portare in tasca<br \/>\n Peso circa 6,8 oz (\u2248 193 g)<\/p>\n<p data-start=\"1761\" data-end=\"1780\">\u2705 <strong data-start=\"1763\" data-end=\"1780\">Principali vantaggi<\/strong><\/p>\n<ul data-start=\"1782\" data-end=\"2184\">\n<li data-start=\"1782\" data-end=\"1854\">\n<p data-start=\"1784\" data-end=\"1854\">Acciaio S35VN di alta qualit\u00e0: resistente all&#8217;usura, affilatura duratura.<\/p>\n<\/li>\n<li data-start=\"1855\" data-end=\"1942\">\n<p data-start=\"1857\" data-end=\"1942\">Manico in titanio TFCF: leggero, altamente resistente e con una superficie esteticamente gradevole.<\/p>\n<\/li>\n<li data-start=\"1943\" data-end=\"2017\">\n<p data-start=\"1945\" data-end=\"2017\">Elegante meccanismo a flipper: apertura rapida, affidabile e fluida.<\/p>\n<\/li>\n<li data-start=\"2018\" data-end=\"2107\">\n<p data-start=\"2020\" data-end=\"2107\">Violet Show Lights: un effetto cromatico unico sul manico che mette in risalto il carattere del coltello.<\/p>\n<\/li>\n<li data-start=\"2108\" data-end=\"2184\">\n<p data-start=\"2110\" data-end=\"2184\">Compatto e pratico: ideale per l&#8217;EDC, unisce velocit\u00e0 e durata.<\/p>\n<\/li>\n<\/ul>\n<p data-start=\"2186\" data-end=\"2206\">\u26a0\ufe0f <strong data-start=\"2189\" data-end=\"2206\">Possibili restrizioni<\/strong><\/p>\n<ul data-start=\"2208\" data-end=\"2470\">\n<li data-start=\"2208\" data-end=\"2280\">\n<p data-start=\"2210\" data-end=\"2280\">Prezzo: i materiali di prima qualit\u00e0 e la lavorazione artigianale si riflettono nel prezzo di acquisto.<\/p>\n<\/li>\n<li data-start=\"2281\" data-end=\"2387\">\n<p data-start=\"2283\" data-end=\"2387\">Non adatto a lavori pesanti: Slim Flipper \u00e8 progettato per un utilizzo rapido e preciso, piuttosto che per lavori pesanti.<\/p>\n<\/li>\n<li data-start=\"2388\" data-end=\"2470\">\n<p data-start=\"2390\" data-end=\"2470\">Richiede cura: la superficie dell&#8217;impugnatura e della clip devono essere protette da abrasioni eccessive.<\/p>\n<\/li>\n<\/ul>\n<hr data-start=\"2472\" data-end=\"2475\">\n<p data-start=\"2477\" data-end=\"2498\">\ud83d\udee0\ufe0f <strong data-start=\"2481\" data-end=\"2498\">Manutenzione e cura<\/strong><\/p>\n<ul data-start=\"2500\" data-end=\"2944\">\n<li data-start=\"2500\" data-end=\"2573\">\n<p data-start=\"2502\" data-end=\"2573\">Pulire regolarmente la lama con un panno asciutto per mantenerla pulita e lucida.<\/p>\n<\/li>\n<li data-start=\"2574\" data-end=\"2664\">\n<p data-start=\"2576\" data-end=\"2664\">Lubrificare il meccanismo del flipper, il blocco e il perno con olio di qualit\u00e0 per un&#8217;affidabilit\u00e0 a lungo termine.<\/p>\n<\/li>\n<li data-start=\"2665\" data-end=\"2769\">\n<p data-start=\"2667\" data-end=\"2769\">Basta pulire l&#8217;impugnatura in titanio e gli elementi colorati: la superficie \u00e8 resistente, ma bisogna proteggerla dagli sfregamenti violenti.<\/p>\n<\/li>\n<li data-start=\"2770\" data-end=\"2944\">\n<p data-start=\"2772\" data-end=\"2944\">Per la manutenzione della lama, consigliamo <strong data-start=\"2802\" data-end=\"2868\">il sistema di affilatura completo Spyderco Tri-Angle Sharpmaker 204MF<\/strong> , affidabile anche per gli acciai moderni pi\u00f9 duri. \ud83d\uded2 Puoi acquistarlo comodamente su Moskito.cz. <\/p>\n<\/li>\n<\/ul>\n<hr data-start=\"2946\" data-end=\"2949\">\n<p data-start=\"2951\" data-end=\"2972\">\ud83c\udfaf <strong data-start=\"2954\" data-end=\"2972\">Consigliato per<\/strong><\/p>\n<ul data-start=\"2974\" data-end=\"3249\">\n<li data-start=\"2974\" data-end=\"3031\">\n<p data-start=\"2976\" data-end=\"3031\">Appassionati di coltelli EDC veloci, eleganti e precisi.<\/p>\n<\/li>\n<li data-start=\"3032\" data-end=\"3111\">\n<p data-start=\"3034\" data-end=\"3111\">Collezionisti di coltelli americani dal design unico e dall&#8217;effetto manico colorato.<\/p>\n<\/li>\n<li data-start=\"3112\" data-end=\"3184\">\n<p data-start=\"3114\" data-end=\"3184\">Utenti che cercano uno strumento leggero ma resistente da portare con s\u00e9 ogni giorno.<\/p>\n<\/li>\n<li data-start=\"3185\" data-end=\"3249\">\n<p data-start=\"3187\" data-end=\"3249\">Amanti dei design tecnici con un&#8217;identit\u00e0 visiva distintiva.<\/p>\n<\/li>\n<\/ul>\n<hr data-start=\"3251\" data-end=\"3254\">\n<p data-start=\"3256\" data-end=\"3281\">\u2b50 <strong data-start=\"3258\" data-end=\"3281\">Valutazione finale<\/strong><\/p>\n<p data-start=\"3283\" data-end=\"3548\">Combinando velocit\u00e0, eleganza e precisione della produzione americana, il Medford Prae Slim MKF208STD-38A3-TFCF-Q4 offre affidabilit\u00e0 quotidiana, fascino visivo e carattere che lo rendono la scelta ideale sia per i collezionisti che per gli utenti pi\u00f9 esperti. <\/p>\n<hr data-start=\"3550\" data-end=\"3553\">\n<div class=\"_tableContainer_1rjym_1\">\n<div class=\"group _tableWrapper_1rjym_13 flex w-fit flex-col-reverse\" tabindex=\"-1\"><\/div>\n<\/div>\n","protected":false},"excerpt":{"rendered":"<p><strong>Combinando velocit\u00e0, eleganza e precisione della produzione americana, il Medford Prae Slim MKF208STD-38A3-TFCF-Q4 offre affidabilit\u00e0 quotidiana, fascino visivo e carattere che lo rendono la scelta ideale sia per i collezionisti che per gli utenti pi\u00f9 esperti. <\/strong><\/p>\n<p><strong>Spedizione gratuita.<\/strong><\/p>\n","protected":false},"featured_media":425122,"comment_status":"open","ping_status":"closed","template":"","meta":[],"pwb-brand":[4017],"product_brand":[],"product_cat":[3749,3745],"product_tag":[],"class_list":{"0":"post-425193","1":"product","2":"type-product","3":"status-publish","4":"has-post-thumbnail","6":"pwb-brand-medford-it","7":"product_cat-coltelli-di-chiusura","8":"product_cat-coltelli","10":"first","11":"instock","12":"taxable","13":"shipping-taxable","14":"purchasable","15":"product-type-simple"},"brands":[{"id":4017,"name":"Medford","slug":"medford-it"}],"_links":{"self":[{"href":"https:\/\/www.moskito.cz\/it\/wp-json\/wp\/v2\/product\/425193","targetHints":{"allow":["GET"]}}],"collection":[{"href":"https:\/\/www.moskito.cz\/it\/wp-json\/wp\/v2\/product"}],"about":[{"href":"https:\/\/www.moskito.cz\/it\/wp-json\/wp\/v2\/types\/product"}],"replies":[{"embeddable":true,"href":"https:\/\/www.moskito.cz\/it\/wp-json\/wp\/v2\/comments?post=425193"}],"wp:featuredmedia":[{"embeddable":true,"href":"https:\/\/www.moskito.cz\/it\/wp-json\/wp\/v2\/media\/425122"}],"wp:attachment":[{"href":"https:\/\/www.moskito.cz\/it\/wp-json\/wp\/v2\/media?parent=425193"}],"wp:term":[{"taxonomy":"pwb-brand","embeddable":true,"href":"https:\/\/www.moskito.cz\/it\/wp-json\/wp\/v2\/pwb-brand?post=425193"},{"taxonomy":"product_brand","embeddable":true,"href":"https:\/\/www.moskito.cz\/it\/wp-json\/wp\/v2\/product_brand?post=425193"},{"taxonomy":"product_cat","embeddable":true,"href":"https:\/\/www.moskito.cz\/it\/wp-json\/wp\/v2\/product_cat?post=425193"},{"taxonomy":"product_tag","embeddable":true,"href":"https:\/\/www.moskito.cz\/it\/wp-json\/wp\/v2\/product_tag?post=425193"}],"curies":[{"name":"wp","href":"https:\/\/api.w.org\/{rel}","templated":true}]}}