{"id":425230,"date":"2025-09-30T10:03:01","date_gmt":"2025-09-30T09:03:01","guid":{"rendered":"https:\/\/www.moskito.cz\/produkt\/coltello-pieghevole-medford-swift-fl-mkf206std-41tm-tfcf-q4\/"},"modified":"2025-09-30T10:12:44","modified_gmt":"2025-09-30T09:12:44","slug":"coltello-pieghevole-medford-swift-fl-mkf206std-41tm-tfcf-q4","status":"publish","type":"product","link":"https:\/\/www.moskito.cz\/it\/produkt\/coltello-pieghevole-medford-swift-fl-mkf206std-41tm-tfcf-q4\/","title":{"rendered":"Coltello pieghevole Medford Swift FL MKF206STD-41TM-TFCF-Q4"},"content":{"rendered":"<p>Medford Swift FL MKF206STD-41TM-TFCF-Q4: velocit\u00e0, potenza e stile in uno<\/p>\n<p>Quando prendi in mano il Medford Swift FL MKF206STD-41TM-TFCF-Q4, capisci subito che non si tratta di un normale coltellino tascabile. \u00c8 un coltello che combina una struttura robusta, una durevolezza quotidiana e un&#8217;estetica accattivante che lo rendono un pezzo unico. Il nome Swift non \u00e8 una coincidenza: questo modello \u00e8 stato progettato per essere veloce, preciso e affidabile, sia che lo si utilizzi al lavoro, sul campo o come strumento EDC per la citt\u00e0.  <\/p>\n<p>La base \u00e8 una lama realizzata in acciaio americano di alta qualit\u00e0 CPM-S35VN, diventato sinonimo di durevolezza e affilatura a lunga durata. A questo si aggiunge un blocco telaio in titanio che trattiene la lama con assoluta sicurezza e un&#8217;impugnatura TFCF rossa che trasforma il coltello in un&#8217;audace dichiarazione visiva. Lo Swift FL non \u00e8 solo un coltello funzionale: \u00e8 l&#8217;espressione del carattere del suo proprietario.  <\/p>\n<p>Medford Knife &amp; Tool si \u00e8 costruita negli anni una reputazione per la produzione di coltelli estremamente robusti, capaci di resistere laddove altri falliscono. Lo Swift FL traduce questa filosofia in un modello pieghevole, offrendo le prestazioni di un coltello solido in un pratico formato EDC. \u00c8 progettato per chi desidera un coltello pronto a tutto, pur mantenendo un design moderno, purezza tecnica e materiali di prima qualit\u00e0.  <\/p>\n<p>Ogni dettaglio, dalle curve della lama alla finitura dell&#8217;impugnatura fino all&#8217;hardware FLM, \u00e8 progettato pensando alla funzionalit\u00e0 e alla durata, rendendo Swift FL uno strumento utile non solo per le attivit\u00e0 quotidiane, ma anche per le situazioni pi\u00f9 impegnative in cui \u00e8 richiesto un taglio preciso e affidabile. <\/p>\n<p>\ud83d\udd27 Specifiche tecniche<\/p>\n<p>Valore del parametro<br \/>\n Lunghezza totale (aperto) circa 21,5 cm (8,5&#8243;)<br \/>\n Lunghezza lama circa 9,0 cm (3,55&#8243;)<br \/>\n Spessore della lama circa 0,16\u2033 (~4,1 mm)<br \/>\n Materiale della lama CPM-S35VN: acciaio inossidabile di alta qualit\u00e0 con elevata durata<br \/>\n Tipo di lama Punta cadente \u2013 forma universale per un ampio utilizzo<br \/>\n Superficie della lama con finitura satinata\/burattata: finitura attraente e durevole<br \/>\n Manico rosso Titan TFCF: resistente, leggero, colorato<br \/>\n Hardware FLM: elementi robusti e pratici<br \/>\n Lucchetto Framelock in titanio: massima sicurezza<br \/>\n Peso circa 6,9 oz (\u2248 195 g)<\/p>\n<p data-start=\"2318\" data-end=\"2337\">\u2705 <strong data-start=\"2320\" data-end=\"2337\">Principali vantaggi<\/strong><\/p>\n<ul data-start=\"2339\" data-end=\"2699\">\n<li data-start=\"2339\" data-end=\"2424\">\n<p data-start=\"2341\" data-end=\"2424\"><strong data-start=\"2341\" data-end=\"2368\">Acciaio CPM-S35VN di alta qualit\u00e0<\/strong> : affilatura duratura e resistenza all&#8217;usura.<\/p>\n<\/li>\n<li data-start=\"2425\" data-end=\"2491\">\n<p data-start=\"2427\" data-end=\"2491\"><strong data-start=\"2427\" data-end=\"2449\">Telaio in titanio<\/strong> : sicurezza e resistenza in ogni utilizzo.<\/p>\n<\/li>\n<li data-start=\"2492\" data-end=\"2555\">\n<p data-start=\"2494\" data-end=\"2555\"><strong data-start=\"2494\" data-end=\"2518\">Manico TFCF rosso<\/strong> : accattivante, leggero e resistente.<\/p>\n<\/li>\n<li data-start=\"2556\" data-end=\"2621\">\n<p data-start=\"2558\" data-end=\"2621\"><strong data-start=\"2558\" data-end=\"2574\">Ferramenta FLM<\/strong> : pratica, durevole e di facile manutenzione.<\/p>\n<\/li>\n<li data-start=\"2622\" data-end=\"2699\">\n<p data-start=\"2624\" data-end=\"2699\"><strong data-start=\"2624\" data-end=\"2644\">Lama a punta cadente<\/strong> : forma universale adatta sia per il lavoro che per l&#8217;uso quotidiano.<\/p>\n<\/li>\n<\/ul>\n<hr data-start=\"2701\" data-end=\"2704\">\n<p data-start=\"2706\" data-end=\"2726\">\u26a0\ufe0f <strong data-start=\"2709\" data-end=\"2726\">Possibili restrizioni<\/strong><\/p>\n<ul data-start=\"2728\" data-end=\"2993\">\n<li data-start=\"2728\" data-end=\"2808\">\n<p data-start=\"2730\" data-end=\"2808\"><strong data-start=\"2730\" data-end=\"2744\">Prezzo pi\u00f9 elevato<\/strong> : dovuto all&#8217;impiego di materiali di alta qualit\u00e0 e alla produzione artigianale negli USA.<\/p>\n<\/li>\n<li data-start=\"2809\" data-end=\"2910\">\n<p data-start=\"2811\" data-end=\"2910\"><strong data-start=\"2811\" data-end=\"2855\">Non adatto a lavori pesanti o con una leva estrema<\/strong> : lo Swift \u00e8 veloce e preciso e non sostituisce un machete.<\/p>\n<\/li>\n<li data-start=\"2911\" data-end=\"2993\">\n<p data-start=\"2913\" data-end=\"2993\"><strong data-start=\"2913\" data-end=\"2933\">Manico in titanio<\/strong> : durevole, ma la sua superficie deve essere protetta dall&#8217;abrasione.<\/p>\n<\/li>\n<\/ul>\n<hr data-start=\"2995\" data-end=\"2998\">\n<ul data-start=\"3023\" data-end=\"3503\">\n<li data-start=\"3283\" data-end=\"3503\">\n<p data-start=\"3510\" data-end=\"3531\">\ud83c\udfaf <strong data-start=\"3513\" data-end=\"3531\">Consigliato per<\/strong><\/p>\n<ul data-start=\"3533\" data-end=\"3843\">\n<li data-start=\"3533\" data-end=\"3604\">\n<p data-start=\"3535\" data-end=\"3604\">Appassionati di persiane americane moderne che cercano sia stile che prestazioni.<\/p>\n<\/li>\n<li data-start=\"3605\" data-end=\"3698\">\n<p data-start=\"3607\" data-end=\"3698\">Collezionisti che desiderano un modello distintivo e di alta qualit\u00e0 con un&#8217;impugnatura colorata per la loro collezione.<\/p>\n<\/li>\n<li data-start=\"3699\" data-end=\"3776\">\n<p data-start=\"3701\" data-end=\"3776\">Utilizzatori EDC che apprezzano l&#8217;affidabilit\u00e0 e la rapidit\u00e0 di accesso a uno strumento affilato.<\/p>\n<\/li>\n<li data-start=\"3777\" data-end=\"3843\">\n<p data-start=\"3779\" data-end=\"3843\">Chi desidera una combinazione di potenza, eleganza e precisione tecnica.<\/p>\n<\/li>\n<\/ul>\n<hr data-start=\"3845\" data-end=\"3848\">\n<p data-start=\"3850\" data-end=\"3875\">\u2b50 <strong data-start=\"3852\" data-end=\"3875\">Valutazione finale<\/strong><\/p>\n<p data-start=\"3877\" data-end=\"4270\"><strong data-start=\"3877\" data-end=\"3920\">Il Medford Swift FL MKF206STD-41TM-TFCF-Q4<\/strong> \u00e8 un coltello pieghevole che unisce robustezza, velocit\u00e0 e un&#8217;estetica accattivante. L&#8217;acciaio S35VN di alta qualit\u00e0, il blocco telaio in titanio e l&#8217;impugnatura rossa creano una combinazione che non deluder\u00e0 in condizioni difficili o come oggetto da collezione. Lo Swift FL \u00e8 la scelta ideale per chi cerca qualit\u00e0 americana, design distintivo e prestazioni affidabili in un unico coltello EDC.  <\/p>\n<hr data-start=\"4272\" data-end=\"4275\">\n<\/li>\n<\/ul>\n","protected":false},"excerpt":{"rendered":"<p><strong>Lo Swift FL \u00e8 la scelta ideale per chiunque cerchi qualit\u00e0 americana, design distintivo e prestazioni affidabili in un unico coltello EDC.<\/strong><\/p>\n<p> <strong>Spedizione gratuita.<\/strong><\/p>\n","protected":false},"featured_media":425212,"comment_status":"open","ping_status":"closed","template":"","meta":[],"pwb-brand":[4017],"product_brand":[],"product_cat":[3749,3745],"product_tag":[],"class_list":{"0":"post-425230","1":"product","2":"type-product","3":"status-publish","4":"has-post-thumbnail","6":"pwb-brand-medford-it","7":"product_cat-coltelli-di-chiusura","8":"product_cat-coltelli","10":"first","11":"instock","12":"taxable","13":"shipping-taxable","14":"purchasable","15":"product-type-simple"},"brands":[{"id":4017,"name":"Medford","slug":"medford-it"}],"_links":{"self":[{"href":"https:\/\/www.moskito.cz\/it\/wp-json\/wp\/v2\/product\/425230","targetHints":{"allow":["GET"]}}],"collection":[{"href":"https:\/\/www.moskito.cz\/it\/wp-json\/wp\/v2\/product"}],"about":[{"href":"https:\/\/www.moskito.cz\/it\/wp-json\/wp\/v2\/types\/product"}],"replies":[{"embeddable":true,"href":"https:\/\/www.moskito.cz\/it\/wp-json\/wp\/v2\/comments?post=425230"}],"wp:featuredmedia":[{"embeddable":true,"href":"https:\/\/www.moskito.cz\/it\/wp-json\/wp\/v2\/media\/425212"}],"wp:attachment":[{"href":"https:\/\/www.moskito.cz\/it\/wp-json\/wp\/v2\/media?parent=425230"}],"wp:term":[{"taxonomy":"pwb-brand","embeddable":true,"href":"https:\/\/www.moskito.cz\/it\/wp-json\/wp\/v2\/pwb-brand?post=425230"},{"taxonomy":"product_brand","embeddable":true,"href":"https:\/\/www.moskito.cz\/it\/wp-json\/wp\/v2\/product_brand?post=425230"},{"taxonomy":"product_cat","embeddable":true,"href":"https:\/\/www.moskito.cz\/it\/wp-json\/wp\/v2\/product_cat?post=425230"},{"taxonomy":"product_tag","embeddable":true,"href":"https:\/\/www.moskito.cz\/it\/wp-json\/wp\/v2\/product_tag?post=425230"}],"curies":[{"name":"wp","href":"https:\/\/api.w.org\/{rel}","templated":true}]}}